{"id":9883,"date":"2020-11-10T15:00:40","date_gmt":"2020-11-10T15:00:40","guid":{"rendered":"https:\/\/editorapangeia.com.br\/?post_type=product&#038;p=9883"},"modified":"2025-01-17T13:00:45","modified_gmt":"2025-01-17T13:00:45","slug":"contares-epub-e-livro","status":"publish","type":"product","link":"https:\/\/editorapangeia.com.br\/pt_br\/product\/contares-epub-e-livro\/","title":{"rendered":"Contares, Regine Limaverde"},"content":{"rendered":"<p><strong><em>Contares<\/em><\/strong><em>: est\u00f3rias amorosas e maliciosas nos tempos de pandemia<\/em><\/p>\n<p>\u00c9 um livro marcante que traz contos e microcontos que falam de fam\u00edlia, amor, solid\u00e3o, amizade, mal\u00edcia, morte, sociedade, sa\u00fade e esperan\u00e7a de forma original, l\u00edrica, po\u00e9tica e m\u00edtica. \u00c9 poss\u00edvel, a partir do mergulho em hist\u00f3rias tr\u00e1gicas, c\u00f4micas ou dram\u00e1ticas, sentir que pulsam, nas p\u00e1ginas do livro, vidas reais. \u00c9 poss\u00edvel \u201cconviver\u201d com as personagens nas situa\u00e7\u00f5es por elas vivenciadas.<\/p>\n<p>&#8220;A terra estava silenciosa. As pessoas tristes e isoladas. Uma, em especial, sublimou este momento. E escreveu\u00a0<em><strong>Contares:\u00a0<\/strong><\/em><em>est\u00f3rias amorosas e maliciosas em tempos de pandemia<\/em>, com emo\u00e7\u00f5es que emergiram em dias e dias de medo.&#8221;<\/p>\n<p style=\"text-align: right;\"><em>Bia Juc\u00e1<br \/>\n<\/em><em>Escritora<\/em><\/p>\n<p>&#8220;Se por a\u00ed, no espa\u00e7o p\u00fablico, n\u00e3o h\u00e1 claridade, se impera a escurid\u00e3o, se faltam ci\u00eancia e consci\u00eancia, a arte, a poesia e a literatura de REGINE LIMAVERDE se apresenta como luz, pois chora a morte, conta humanos dias, canta o sol, exalta sabedoria, gozo, amor e vida.&#8221;<\/p>\n<p style=\"text-align: right;\"><em>Rauer Ribeiro Rodrigues<br \/>\n<\/em><em>No Pref\u00e1cio deste livro<\/em><\/p>\n","protected":false},"excerpt":{"rendered":"<p>&#8220;De forma leve \u2013 delicada mas forte, apaixonada e esperan\u00e7osa \u2013, este novo livro de Regine Limaverde nos leva a refletir sobre o \u201cnovo normal\u201d, sobre os acontecimentos atuais, como as <em>fake news<\/em>; sobre a perene condi\u00e7\u00e3o da humanidade, entre a fragilidade latente e a for\u00e7a perene das pessoas; sobre o cotidiano e a vida, que (re)existe (e resiste) nos tempos de pandemia. Os <strong><em>Contares<\/em><\/strong>, como Bia Juc\u00e1 nos aponta na quarta-capa, \u00e9 um livro restaurador.&#8221;<\/p>\n<p style=\"text-align: right;\"><em>Bruna Campos<\/em><br \/>\n<em>Pedagoga, artista gr\u00e1fica<\/em><\/p>\n","protected":false},"featured_media":6769,"comment_status":"open","ping_status":"closed","template":"","meta":[],"product_brand":[],"product_cat":[4076],"product_tag":[896,1170,209,135,1652,900,122,303,176,149,902,156,157,903,210,899,206,1642,897,111,112,476,728,898,901,1651],"class_list":{"0":"post-9883","1":"product","2":"type-product","3":"status-publish","4":"has-post-thumbnail","6":"product_cat-contos","7":"product_tag-amor","8":"product_tag-cidadao-sociedade","9":"product_tag-contares","10":"product_tag-contos","11":"product_tag-corona","12":"product_tag-drama","13":"product_tag-ebook","14":"product_tag-edicoes-dionysius","15":"product_tag-erotismo","16":"product_tag-gplv","17":"product_tag-humanismo","18":"product_tag-literatura","19":"product_tag-literatura-brasileira","20":"product_tag-marcelo-santabaia","21":"product_tag-microcontos","22":"product_tag-namoro","23":"product_tag-nos-tempos-do-corona","24":"product_tag-ntdc","25":"product_tag-pandemia","26":"product_tag-poesia","27":"product_tag-rauer","28":"product_tag-rauer-ribeiro-rodrigues","29":"product_tag-regine-limaverde","30":"product_tag-sexualidade","31":"product_tag-tragedia","32":"product_tag-virus","34":"first","35":"instock","36":"sale","37":"product-type-grouped"},"_links":{"self":[{"href":"https:\/\/editorapangeia.com.br\/pt_br\/wp-json\/wp\/v2\/product\/9883","targetHints":{"allow":["GET"]}}],"collection":[{"href":"https:\/\/editorapangeia.com.br\/pt_br\/wp-json\/wp\/v2\/product"}],"about":[{"href":"https:\/\/editorapangeia.com.br\/pt_br\/wp-json\/wp\/v2\/types\/product"}],"replies":[{"embeddable":true,"href":"https:\/\/editorapangeia.com.br\/pt_br\/wp-json\/wp\/v2\/comments?post=9883"}],"wp:featuredmedia":[{"embeddable":true,"href":"https:\/\/editorapangeia.com.br\/pt_br\/wp-json\/wp\/v2\/media\/6769"}],"wp:attachment":[{"href":"https:\/\/editorapangeia.com.br\/pt_br\/wp-json\/wp\/v2\/media?parent=9883"}],"wp:term":[{"taxonomy":"product_brand","embeddable":true,"href":"https:\/\/editorapangeia.com.br\/pt_br\/wp-json\/wp\/v2\/product_brand?post=9883"},{"taxonomy":"product_cat","embeddable":true,"href":"https:\/\/editorapangeia.com.br\/pt_br\/wp-json\/wp\/v2\/product_cat?post=9883"},{"taxonomy":"product_tag","embeddable":true,"href":"https:\/\/editorapangeia.com.br\/pt_br\/wp-json\/wp\/v2\/product_tag?post=9883"}],"curies":[{"name":"wp","href":"https:\/\/api.w.org\/{rel}","templated":true}]}}