{"id":9880,"date":"2022-05-21T23:58:44","date_gmt":"2022-05-21T23:58:44","guid":{"rendered":"https:\/\/editorapangeia.com.br\/?post_type=product&#038;p=9880"},"modified":"2025-01-15T13:10:05","modified_gmt":"2025-01-15T13:10:05","slug":"o-conto-na-modernidade-da-filosofia-a-composicao-epub-e-pdf","status":"publish","type":"product","link":"https:\/\/editorapangeia.com.br\/pt_br\/product\/o-conto-na-modernidade-da-filosofia-a-composicao-epub-e-pdf\/","title":{"rendered":"O conto na modernidade: da filosofia \u00e0 composi\u00e7\u00e3o, Rauer (Org.)"},"content":{"rendered":"<blockquote><p><strong>Eis o sum\u00e1rio do livro:<\/strong><\/p><\/blockquote>\n<div class=\"page\" title=\"Page 8\">\n<div class=\"layoutArea\">\n<div class=\"column\">\n<p style=\"text-align: center;\">O CONTO NA MODERNIDADE: DA FILOSOFIA A\u0300 COMPOSIC\u0327A\u0303O<br \/>\nRauer Ribeiro Rodrigues <strong>9<\/strong><\/p>\n<p style=\"text-align: center;\">A TEORIA DO RELACIONAMENTO ENTRE A NATUREZA E A ARTE, DE ALEXANDER POPE, NO CONTO \u201cELEONORA\u201d, DE EDGAR ALLAN POE:\u00a0RELEITURAS E RESSIGNIFICAC\u0327O\u0303ES<br \/>\nMaisa Cristina Santos <strong>24 <\/strong><\/p>\n<p style=\"text-align: center;\">POLI\u0301BIO ALVES: UMA PROPOSTA INCIPIENTE PARA A FILOSOFIA DA<br \/>\nCOMPOSIC\u0327A\u0303O DO CONTO CONTEMPORA\u0302NEO<br \/>\nRoque Nunes Cunha <strong>34<\/strong><\/p>\n<p style=\"text-align: center;\">\u201cA FILOSOFIA DA COMPOSIC\u0327A\u0303O\u201d ATRAVE\u0301S DO CONTO \u201cO POC\u0327O E O<br \/>\nPE\u0302NDULO\u201d, DE EDGAR ALLAN POE<br \/>\nZenilda Durci <strong>55<\/strong><\/p>\n<p style=\"text-align: center;\">\u201cA FILOSOFIA DA COMPOSIC\u0327A\u0303O\u201d E AS UNIDADES DE EFEITO NO CONTO<br \/>\n\u201cBERENICE\u201d (1835), DE EDGAR ALLAN POE<br \/>\nPaulo Cezar Pardim de Sousa <strong>69<\/strong><\/p>\n<p style=\"text-align: center;\">A HIPO\u0301TESE DA LOUCURA EM \u201cO CORAC\u0327A\u0303O DELATOR\u201d,<br \/>\nDE EDGAR ALLAN POE<br \/>\nPaloma Bispo de Angelis <strong>83<\/strong><\/p>\n<\/div>\n<\/div>\n<div class=\"layoutArea\" style=\"text-align: center;\">\n<div class=\"column\">\n<p>\u201cA FILOSOFIA DA COMPOSIC\u0327A\u0303O\u201d E O LIMIAR ENTRE O ESTRANHO E O FANTA\u0301STICO EM \u201cA QUEDA DA CASA DE USHER\u201d, DE EDGAR ALLAN POE<br \/>\nGiselli Liliani Martins; Rauer Ribeiro Rodrigues <strong>101<\/strong><\/p>\n<\/div>\n<\/div>\n<\/div>\n<div class=\"page\" style=\"text-align: center;\" title=\"Page 9\">\n<div class=\"layoutArea\">\n<div class=\"column\">\n<p>O ESPAC\u0327O COMO ELEMENTO DE CONSTRUC\u0327A\u0303O DO EFEITO DE SENTIDO NOS CONTOS \u201cSOMBRA: UMA PARA\u0301BOLA\u201d (1835), DE EDGAR ALLAN POE, E \u201cA PENSA\u0303O TELLIER\u201d (1881), DE GUY DE MAUPASSANT<br \/>\nGeorge de Santana Mori <strong>123<\/strong><\/p>\n<\/div>\n<\/div>\n<div class=\"layoutArea\">\n<div class=\"column\">\n<p>ANTON TCHEKHOV E LUIZ VILELA: PARA UMA CRI\u0301TICA DA CRUELDADE<br \/>\nCatia Mendes Pereira <strong>144<\/strong><\/p>\n<\/div>\n<\/div>\n<div class=\"layoutArea\">\n<div class=\"column\">\n<p>MEMO\u0301RIA E SILE\u0302NCIO NO CONTO \u201cEVELINE\u201d, DE JAMES JOYCE<br \/>\nEdilva Bandeira <strong>164 <\/strong><\/p>\n<p>AS TRI\u0301ADES FEMININAS E A CRISE DO MASCULINO NO CONTO \u201cOS MORTOS\u201d,<br \/>\nDE JAMES JOYCE<br \/>\nPaulo Se\u0301rgio Martins <strong>184<\/strong><\/p>\n<p>DO DIA\u0301RIO: SENTINDO O CASAMENTO NA MORTE EM \u201cO LEGADO\u201d, DE<br \/>\nVIRGINIA WOOLF<br \/>\nMalane Apolonio da Silva <strong>204<\/strong><\/p>\n<\/div>\n<\/div>\n<div class=\"layoutArea\">\n<div class=\"column\">\n<p>O INSO\u0301LITO COMO META\u0301FORA EM CANIBAL, DE MOACYR SCLIAR<br \/>\nMarcos Anto\u0302nio Fernandes dos Santos<strong> 220<\/strong><\/p>\n<\/div>\n<\/div>\n<div class=\"layoutArea\">\n<div class=\"column\">\n<p>O ESPAC\u0327O DE SEGREGAC\u0327A\u0303O E DOMINAC\u0327A\u0303O MASCULINA NO CONTO \u201cARAMIDES FLORENC\u0327A\u201d,<br \/>\nDE CONCEIC\u0327A\u0303O EVARISTO<br \/>\nJorlai\u0301ne Monteiro Gira\u0303o de Almeida <strong>236<\/strong><\/p>\n<p>A RESPEITO DO HOMOEROTISMO NA NARRATIVA CURTA DE MA\u0301RCIO EL-JAICK<br \/>\nEste\u0301fano Roge\u0301rio Santana Oliveira <strong>254<\/strong><\/p>\n<p>CONTO \u201cBEATA VAVA\u0301\u201d, DE BERNARDO KUCINSKI: CENA\u0301RIO DE MEDO E DENU\u0301NCIA<br \/>\nFernanda Ame\u0301lia Leal Borges Duarte <strong>271<\/strong><\/p>\n<\/div>\n<\/div>\n<\/div>\n<div class=\"page\" title=\"Page 10\">\n<div class=\"layoutArea\" style=\"text-align: center;\">\n<div class=\"column\">\n<p>PARATEXTO E MORTE EM NAS FRONTEIRAS DE MATO GROSSO: TERRA ABANDONADA<br \/>\nAlan Silus <strong>282 <\/strong><\/p>\n<p>UMA LEITURA DE \u201cPENSAR AXILAS\u201d, DE ALCIENE RIBEIRO<br \/>\nLEITE, SOB\u00a0A LUZ DAS\u00a0TEORIAS DO CONTO<br \/>\nAmanda Eliane Lamo\u0302nica Arau\u0301jo <strong>301<\/strong><\/p>\n<p>O CONCEITO DE \u201cDE(S)MORTE(S)\u201d, DE NIMA SPIGOLON, EM \u201cA MORTE RUBRA\u201d, DE<br \/>\nEDGAR ALLAN POE, E O CONTEXTO PANDE\u0302MICO DA COVID-19<br \/>\nEduardo Vasconcelos da Silva <strong>320 <\/strong><\/p>\n<p>AS TEORIAS DO CONTO MANIPULADAS POR RAUER NO<br \/>\nCONTO \u201cQUARENTENA\u201d, DO LIVRO <strong><em>BRAZIL 2020<br \/>\n<\/em><\/strong>Bruna Bianca da Silva Campos <strong>340<\/strong><\/p>\n<p>\u201cARCA DE NOE\u0301\u201d, DE ALCIENE RIBEIRO LEITE: REVISITAC\u0327A\u0303O<br \/>\nE INOVAC\u0327A\u0303O DA\u00a0TEORIA DO CONTO<br \/>\nKarina Torres Machado <strong>356<\/strong><\/p>\n<p>O ESPELHO COMO PERSONAGEM NO CONTO<br \/>\n\u201cIMAGEM\u00a0QUASE MORTA\u201d, DE RAUER<br \/>\nWillia Katia Oliveira Silva e Costa <strong>378<\/strong><\/p>\n<p>&nbsp;<\/p>\n<div class=\"page\" title=\"Page 10\">\n<div class=\"layoutArea\">\n<div class=\"column\">\n<p>AFINIDADES LITERA\u0301RIAS ENTRE MACHADO DE ASSIS E EDGAR ALLAN POE<br \/>\nLuiz Gonzaga Marchezan <strong>399 <\/strong><\/p>\n<p>MINIBIOGRAFIAS <strong>415<\/strong><\/p>\n<p>Para mais informa\u00e7\u00f5es sobre o livro,<br \/>\nClique <a href=\"https:\/\/editorapangeia.com.br\/conto-teorias-praticas-analiticas\/\"><strong><span style=\"color: #ff0000;\">AQUI<\/span><\/strong><\/a> !!!<\/p>\n<\/div>\n<\/div>\n<\/div>\n<\/div>\n<\/div>\n<\/div>\n","protected":false},"excerpt":{"rendered":"<p>O conto moderno nasce com Edgar Allan Poe na primeira metade do s\u00e9culo XIX e se desenvolve ao longo do s\u00e9culo XX, com realiza\u00e7\u00f5es paradigm\u00e1ticas e a contribui\u00e7\u00e3o de te\u00f3rica de dezenas de autores. Esse livro estuda as teorias que constitu\u00edram o g\u00eanero nos \u00faltimos 200 anos e alguns contos modelares desse per\u00edodo. Veja o sum\u00e1rio do livro na sequ\u00eancia.<\/p>\n<p style=\"text-align: center;\"><img loading=\"lazy\" decoding=\"async\" class=\"alignnone wp-image-9923\" src=\"http:\/\/editorapangeia.com.br\/wp-content\/uploads\/2022\/06\/Imagem-25-06-2022-as-17.34-1-300x291.jpg\" alt=\"\" width=\"473\" height=\"459\" srcset=\"https:\/\/editorapangeia.com.br\/wp-content\/uploads\/2022\/06\/Imagem-25-06-2022-as-17.34-1-300x291.jpg 300w, https:\/\/editorapangeia.com.br\/wp-content\/uploads\/2022\/06\/Imagem-25-06-2022-as-17.34-1-1024x995.jpg 1024w, https:\/\/editorapangeia.com.br\/wp-content\/uploads\/2022\/06\/Imagem-25-06-2022-as-17.34-1-768x746.jpg 768w, https:\/\/editorapangeia.com.br\/wp-content\/uploads\/2022\/06\/Imagem-25-06-2022-as-17.34-1-700x680.jpg 700w, https:\/\/editorapangeia.com.br\/wp-content\/uploads\/2022\/06\/Imagem-25-06-2022-as-17.34-1-400x389.jpg 400w, https:\/\/editorapangeia.com.br\/wp-content\/uploads\/2022\/06\/Imagem-25-06-2022-as-17.34-1-1300x1263.jpg 1300w, https:\/\/editorapangeia.com.br\/wp-content\/uploads\/2022\/06\/Imagem-25-06-2022-as-17.34-1-50x50.jpg 50w, https:\/\/editorapangeia.com.br\/wp-content\/uploads\/2022\/06\/Imagem-25-06-2022-as-17.34-1.jpg 1409w\" sizes=\"auto, (max-width: 473px) 100vw, 473px\" \/><\/p>\n","protected":false},"featured_media":9882,"comment_status":"open","ping_status":"closed","template":"","meta":[],"product_brand":[],"product_cat":[4081],"product_tag":[1005,134,612,1006,1027,1033,1007,3171,2151,955,1031,754,1034,1024,957,1008,1009,147,264,1010,1011,1012,149,800,1026,1028,1013,960,1014,151,1035,1016,1015,1032,1017,1030,528,1018,1019,1020,1025,112,476,1021,1004,1003,1036,1029,1022,1023],"class_list":{"0":"post-9880","1":"product","2":"type-product","3":"status-publish","4":"has-post-thumbnail","6":"product_cat-estudosliterarios","7":"product_tag-alan-silus","8":"product_tag-alciene-ribeiro","9":"product_tag-alciene-ribeiro-leite","10":"product_tag-amanda-eliane-lamonica-araujo","11":"product_tag-anton-tchekhov","12":"product_tag-bernardo-kucinski","13":"product_tag-bruna-campos","14":"product_tag-cadernos-de-docencia","15":"product_tag-capes","16":"product_tag-catia-mendes-pereira","17":"product_tag-conceicao-evaristo","18":"product_tag-conto","19":"product_tag-desmortes","20":"product_tag-edgar-allan-poe","21":"product_tag-edilva-bandeira","22":"product_tag-eduardo-vasconcelos-da-silva","23":"product_tag-estefano-rogerio-santana-oliveira","24":"product_tag-estudos-linguisticos","25":"product_tag-estudos-literarios","26":"product_tag-fernanda-amelia-leal-borges-duarte","27":"product_tag-george-de-santana-mori","28":"product_tag-giselli-liliani-martins","29":"product_tag-gplv","30":"product_tag-grupo-de-pesquisa-literatura-e-vida","31":"product_tag-guy-de-maupassant","32":"product_tag-james-joyce","33":"product_tag-jorlaine-monteiro-girao-de-almeida","34":"product_tag-karina-torres-machado","35":"product_tag-luiz-gonzaga-marchezan","36":"product_tag-luiz-vilela","37":"product_tag-machado-de-assis","38":"product_tag-maisa-cristina-santos","39":"product_tag-malane-apolonio-da-silva","40":"product_tag-marcio-el-jack","41":"product_tag-marcos-antonio-fernandes-dos-santos","42":"product_tag-moacir-scliar","43":"product_tag-nima-spigolon","44":"product_tag-paloma-bispo-de-angelis","45":"product_tag-paulo-cesar-pardim-de-sousa","46":"product_tag-paulo-sergio-martins","47":"product_tag-polibio-alves","48":"product_tag-rauer","49":"product_tag-rauer-ribeiro-rodrigues","50":"product_tag-roque-nunes-cunha","51":"product_tag-teorias-da-literatura","52":"product_tag-teorias-do-conto","53":"product_tag-umberto-puiggari","54":"product_tag-virginia-woolf","55":"product_tag-willia-katia-oliveira-silva-e-costa","56":"product_tag-zenilda-durci","58":"first","59":"instock","60":"taxable","61":"shipping-taxable","62":"product-type-grouped"},"_links":{"self":[{"href":"https:\/\/editorapangeia.com.br\/pt_br\/wp-json\/wp\/v2\/product\/9880","targetHints":{"allow":["GET"]}}],"collection":[{"href":"https:\/\/editorapangeia.com.br\/pt_br\/wp-json\/wp\/v2\/product"}],"about":[{"href":"https:\/\/editorapangeia.com.br\/pt_br\/wp-json\/wp\/v2\/types\/product"}],"replies":[{"embeddable":true,"href":"https:\/\/editorapangeia.com.br\/pt_br\/wp-json\/wp\/v2\/comments?post=9880"}],"wp:featuredmedia":[{"embeddable":true,"href":"https:\/\/editorapangeia.com.br\/pt_br\/wp-json\/wp\/v2\/media\/9882"}],"wp:attachment":[{"href":"https:\/\/editorapangeia.com.br\/pt_br\/wp-json\/wp\/v2\/media?parent=9880"}],"wp:term":[{"taxonomy":"product_brand","embeddable":true,"href":"https:\/\/editorapangeia.com.br\/pt_br\/wp-json\/wp\/v2\/product_brand?post=9880"},{"taxonomy":"product_cat","embeddable":true,"href":"https:\/\/editorapangeia.com.br\/pt_br\/wp-json\/wp\/v2\/product_cat?post=9880"},{"taxonomy":"product_tag","embeddable":true,"href":"https:\/\/editorapangeia.com.br\/pt_br\/wp-json\/wp\/v2\/product_tag?post=9880"}],"curies":[{"name":"wp","href":"https:\/\/api.w.org\/{rel}","templated":true}]}}