{"id":9615,"date":"2020-11-10T15:00:00","date_gmt":"2020-11-10T15:00:00","guid":{"rendered":"https:\/\/editorapangeia.com.br\/?post_type=product&#038;p=9615"},"modified":"2025-01-17T13:02:52","modified_gmt":"2025-01-17T13:02:52","slug":"contares-livro","status":"publish","type":"product","link":"https:\/\/editorapangeia.com.br\/pt_br\/product\/contares-livro\/","title":{"rendered":"Contares &#8211; Livro"},"content":{"rendered":"<p><strong><em>Contares<\/em><\/strong><em>: est\u00f3rias amorosas e maliciosas nos tempos de pandemia<\/em><\/p>\n<p>\u00c9 um livro marcante que traz contos e microcontos que falam de fam\u00edlia, amor, solid\u00e3o, amizade, mal\u00edcia, morte, sociedade, sa\u00fade e esperan\u00e7a de forma original, l\u00edrica, po\u00e9tica e m\u00edtica. \u00c9 poss\u00edvel, a partir do mergulho em hist\u00f3rias tr\u00e1gicas, c\u00f4micas ou dram\u00e1ticas, sentir que pulsam, nas p\u00e1ginas do livro, vidas reais. \u00c9 poss\u00edvel \u201cconviver\u201d com as personagens nas situa\u00e7\u00f5es por elas vivenciadas.<\/p>\n","protected":false},"excerpt":{"rendered":"<p>&#8220;De forma leve \u2013 delicada mas forte, apaixonada e esperan\u00e7osa \u2013, este novo livro de Regine Limaverde nos leva a refletir sobre o \u201cnovo normal\u201d, sobre os acontecimentos atuais, como as <em>fake news<\/em>; sobre a perene condi\u00e7\u00e3o da humanidade, entre a fragilidade latente e a for\u00e7a perene das pessoas; sobre o cotidiano e a vida, que (re)existe (e resiste) nos tempos de pandemia. Os <strong><em>Contares<\/em><\/strong>, como Bia Juc\u00e1 nos aponta na quarta-capa, \u00e9 um livro restaurador.&#8221;<\/p>\n<p style=\"text-align: right;\"><em>Bruna Campos<\/em><br \/>\n<em>Pedagoga, artista gr\u00e1fica<\/em><\/p>\n","protected":false},"featured_media":6769,"comment_status":"open","ping_status":"closed","template":"","meta":[],"product_brand":[],"product_cat":[4076],"product_tag":[896,209,135,1652,900,122,149,902,156,157,903,210,899,1642,897,111,476,728,898,901,1651],"class_list":{"0":"post-9615","1":"product","2":"type-product","3":"status-publish","4":"has-post-thumbnail","6":"product_cat-contos","7":"product_tag-amor","8":"product_tag-contares","9":"product_tag-contos","10":"product_tag-corona","11":"product_tag-drama","12":"product_tag-ebook","13":"product_tag-gplv","14":"product_tag-humanismo","15":"product_tag-literatura","16":"product_tag-literatura-brasileira","17":"product_tag-marcelo-santabaia","18":"product_tag-microcontos","19":"product_tag-namoro","20":"product_tag-ntdc","21":"product_tag-pandemia","22":"product_tag-poesia","23":"product_tag-rauer-ribeiro-rodrigues","24":"product_tag-regine-limaverde","25":"product_tag-sexualidade","26":"product_tag-tragedia","27":"product_tag-virus","29":"first","30":"outofstock","31":"sale","32":"purchasable","33":"product-type-simple"},"_links":{"self":[{"href":"https:\/\/editorapangeia.com.br\/pt_br\/wp-json\/wp\/v2\/product\/9615","targetHints":{"allow":["GET"]}}],"collection":[{"href":"https:\/\/editorapangeia.com.br\/pt_br\/wp-json\/wp\/v2\/product"}],"about":[{"href":"https:\/\/editorapangeia.com.br\/pt_br\/wp-json\/wp\/v2\/types\/product"}],"replies":[{"embeddable":true,"href":"https:\/\/editorapangeia.com.br\/pt_br\/wp-json\/wp\/v2\/comments?post=9615"}],"wp:featuredmedia":[{"embeddable":true,"href":"https:\/\/editorapangeia.com.br\/pt_br\/wp-json\/wp\/v2\/media\/6769"}],"wp:attachment":[{"href":"https:\/\/editorapangeia.com.br\/pt_br\/wp-json\/wp\/v2\/media?parent=9615"}],"wp:term":[{"taxonomy":"product_brand","embeddable":true,"href":"https:\/\/editorapangeia.com.br\/pt_br\/wp-json\/wp\/v2\/product_brand?post=9615"},{"taxonomy":"product_cat","embeddable":true,"href":"https:\/\/editorapangeia.com.br\/pt_br\/wp-json\/wp\/v2\/product_cat?post=9615"},{"taxonomy":"product_tag","embeddable":true,"href":"https:\/\/editorapangeia.com.br\/pt_br\/wp-json\/wp\/v2\/product_tag?post=9615"}],"curies":[{"name":"wp","href":"https:\/\/api.w.org\/{rel}","templated":true}]}}