{"id":9609,"date":"2022-05-27T13:01:46","date_gmt":"2022-05-27T13:01:46","guid":{"rendered":"https:\/\/editorapangeia.com.br\/?post_type=product&#038;p=9609"},"modified":"2025-07-17T17:35:28","modified_gmt":"2025-07-17T17:35:28","slug":"senryu-oficina-literaria","status":"publish","type":"product","link":"https:\/\/editorapangeia.com.br\/pt_br\/product\/senryu-oficina-literaria\/","title":{"rendered":"SENRYU &#8211; Oficina Liter\u00e1ria, Rauer (Org.), Willia Katia Oliveira (Org.)"},"content":{"rendered":"<p><b><i>Senryu<\/i><\/b> \u00e9 uma publica\u00e7\u00e3o\u00a0da Pangeia Editorial, no seu selo de literatura, Edi\u00e7\u00f5es Dionysius, e re\u00fane poemas produzidos na <strong>Oficina Liter\u00e1ria\u00a0<\/strong>oferecida \u2013 sob responsabilidade do Professor Rauer Ribeiro Rodrigues \u2013 no PPG-Letras Mestrado e Doutorado, do C\u00e2mpus de Tr\u00eas Lagoas da UFMS, no primeiro semestre de 2022. A plaquete tem capa de Willia Katia Oliveira, que tamb\u00e9m elaborou o planejamento gr\u00e1fico da Cole\u00e7\u00e3o Plaquete e \u00e9 respons\u00e1vel por diagramar cada volume.<\/p>\n<p style=\"text-align: center;\"><a href=\"https:\/\/editorapangeia.com.br\/plaquete-ebooks-para-voar\/\"><img loading=\"lazy\" decoding=\"async\" class=\" wp-image-9592 aligncenter\" src=\"http:\/\/editorapangeia.com.br\/wp-content\/uploads\/2022\/05\/PostPlaquete2-300x300.png\" alt=\"\" width=\"402\" height=\"402\" srcset=\"https:\/\/editorapangeia.com.br\/wp-content\/uploads\/2022\/05\/PostPlaquete2-300x300.png 300w, https:\/\/editorapangeia.com.br\/wp-content\/uploads\/2022\/05\/PostPlaquete2-1024x1024.png 1024w, https:\/\/editorapangeia.com.br\/wp-content\/uploads\/2022\/05\/PostPlaquete2-150x150.png 150w, https:\/\/editorapangeia.com.br\/wp-content\/uploads\/2022\/05\/PostPlaquete2-768x768.png 768w, https:\/\/editorapangeia.com.br\/wp-content\/uploads\/2022\/05\/PostPlaquete2-400x400.png 400w, https:\/\/editorapangeia.com.br\/wp-content\/uploads\/2022\/05\/PostPlaquete2-700x700.png 700w, https:\/\/editorapangeia.com.br\/wp-content\/uploads\/2022\/05\/PostPlaquete2-100x100.png 100w, https:\/\/editorapangeia.com.br\/wp-content\/uploads\/2022\/05\/PostPlaquete2-50x50.png 50w, https:\/\/editorapangeia.com.br\/wp-content\/uploads\/2022\/05\/PostPlaquete2.png 1099w\" sizes=\"auto, (max-width: 402px) 100vw, 402px\" \/><\/a>Para mais informa\u00e7\u00f5es sobre a<br \/>\nCOLE\u00c7\u00c3O PLAQUETE<br \/>\n<a href=\"https:\/\/editorapangeia.com.br\/plaquete-ebooks-para-voar\/\"><strong>Clique AQUI !<\/strong><\/a><\/p>\n<p style=\"text-align: center;\">Para ter mais informa\u00e7\u00f5es sobre o SENRYU,<br \/>\n<strong><a href=\"https:\/\/editorapangeia.com.br\/?s=HAIKAI\">Clique <span style=\"color: #ff0000;\">AQUI <\/span>!<\/a><\/strong><\/p>\n<blockquote>\n<p style=\"text-align: center;\"><img loading=\"lazy\" decoding=\"async\" class=\"alignnone size-medium wp-image-9593\" src=\"http:\/\/editorapangeia.com.br\/wp-content\/uploads\/2022\/05\/PostPlaquete3-300x300.png\" alt=\"\" width=\"300\" height=\"300\" srcset=\"https:\/\/editorapangeia.com.br\/wp-content\/uploads\/2022\/05\/PostPlaquete3-300x300.png 300w, https:\/\/editorapangeia.com.br\/wp-content\/uploads\/2022\/05\/PostPlaquete3-1024x1024.png 1024w, https:\/\/editorapangeia.com.br\/wp-content\/uploads\/2022\/05\/PostPlaquete3-150x150.png 150w, https:\/\/editorapangeia.com.br\/wp-content\/uploads\/2022\/05\/PostPlaquete3-768x768.png 768w, https:\/\/editorapangeia.com.br\/wp-content\/uploads\/2022\/05\/PostPlaquete3-400x400.png 400w, https:\/\/editorapangeia.com.br\/wp-content\/uploads\/2022\/05\/PostPlaquete3-700x700.png 700w, https:\/\/editorapangeia.com.br\/wp-content\/uploads\/2022\/05\/PostPlaquete3-100x100.png 100w, https:\/\/editorapangeia.com.br\/wp-content\/uploads\/2022\/05\/PostPlaquete3-50x50.png 50w, https:\/\/editorapangeia.com.br\/wp-content\/uploads\/2022\/05\/PostPlaquete3.png 1099w\" sizes=\"auto, (max-width: 300px) 100vw, 300px\" \/><br \/>\nPara mais informa\u00e7\u00f5es sobre a<br \/>\nCOLE\u00c7\u00c3O PLAQUETE<br \/>\n<a href=\"https:\/\/editorapangeia.com.br\/plaquete-ebooks-para-voar\/\"><strong>Clique AQUI !<\/strong><\/a><\/p>\n<p style=\"text-align: center;\">CONFIRA OS LIVROS EM PR\u00c9-VENDA COM FINANCIAMENTO COLETIVO NA PLATAFORMA GONDWANA:<br \/>\n<a href=\"https:\/\/editorapangeia.com.br\/gondwana-2\/\"><span style=\"color: #ff0000;\"><strong>AQUI !!!<\/strong><\/span><\/a><\/p>\n<\/blockquote>\n<div style=\"text-align: center;\">As Edi\u00e7\u00f5es Dionysius tem curadoria<br \/>\nda poeta Willia Katia Oliveira.<\/div>\n<div><\/div>\n<div style=\"text-align: center;\">A Cole\u00e7\u00e3o Plaquete tem curadoria<br \/>\ndo Prof. Rauer Ribeiro Rodrigues.<\/div>\n","protected":false},"excerpt":{"rendered":"<p>O Senryu \u00e9 a forma mundana do Haikai. Tende ao humor e \u00e0 s\u00e1tira ao evocar temas cotidianos, hist\u00f3ricos, pol\u00edticos, do baixo ventre e de outros aspectos da vida trivial de pessoas simples. Por sua liberdade formal e liberalidade quanto aos assuntos que aborda, tem amplo campo para aclimata\u00e7\u00e3o nos tr\u00f3picos brasileiros. Ali\u00e1s, muito poema que se apresenta por a\u00ed como haikai seria, muito mais apropriadamente, nomeado como senryu.<\/p>\n<p>Neste livro, cada um dos onze autores comparece com quatro poemas, e todos os poemas seguem os preceitos formais b\u00e1sicos do haikai e do tanka, mas o esp\u00edrito sard\u00f4nico e dessacralizador os torna, todos, leg\u00edtimos senryu. Confira.<\/p>\n","protected":false},"featured_media":9595,"comment_status":"open","ping_status":"closed","template":"","meta":[],"product_brand":[],"product_cat":[4091,4077],"product_tag":[887,2151,955,889,882,956,957,453,351,881,880,264,958,149,800,225,959,960,413,893,964,156,187,888,891,961,360,884,879,885,962,892,890,894,112,895,883,886,878,226,963,164,564],"class_list":{"0":"post-9609","1":"product","2":"type-product","3":"status-publish","4":"has-post-thumbnail","6":"product_cat-haikai","7":"product_cat-poesia","8":"product_tag-baixo-ventre","9":"product_tag-capes","10":"product_tag-catia-mendes-pereira","11":"product_tag-cptl-ufms","12":"product_tag-criatividade","13":"product_tag-deusemar-cardoso","14":"product_tag-edilva-bandeira","15":"product_tag-educacao","16":"product_tag-ensino","17":"product_tag-escrever","18":"product_tag-escrita-criativa","19":"product_tag-estudos-literarios","20":"product_tag-francisca-lusia","21":"product_tag-gplv","22":"product_tag-grupo-de-pesquisa-literatura-e-vida","23":"product_tag-haikai","24":"product_tag-ilka-meireles","25":"product_tag-karina-torres-machado","26":"product_tag-leitura","27":"product_tag-lingua-portuguesa","28":"product_tag-linguagem-dessacralizadora","29":"product_tag-literatura","30":"product_tag-literatura-brasileira-contemporanea","31":"product_tag-literatura-dessacralizadora","32":"product_tag-literatura-zen","33":"product_tag-malane-apolonio","34":"product_tag-microconto","35":"product_tag-microficcao","36":"product_tag-oficina-literaria","37":"product_tag-poema-zen","38":"product_tag-pollyana-lima","39":"product_tag-pos-graduacao-em-letras","40":"product_tag-ppg-letras","41":"product_tag-producao-textual","42":"product_tag-rauer","43":"product_tag-redacao-escolar","44":"product_tag-renga","45":"product_tag-satira","46":"product_tag-senryu","47":"product_tag-tanka","48":"product_tag-thony-marques","49":"product_tag-ufms","50":"product_tag-willia-katia-oliveira","52":"first","53":"instock","54":"featured","55":"taxable","56":"shipping-taxable","57":"product-type-external"},"_links":{"self":[{"href":"https:\/\/editorapangeia.com.br\/pt_br\/wp-json\/wp\/v2\/product\/9609","targetHints":{"allow":["GET"]}}],"collection":[{"href":"https:\/\/editorapangeia.com.br\/pt_br\/wp-json\/wp\/v2\/product"}],"about":[{"href":"https:\/\/editorapangeia.com.br\/pt_br\/wp-json\/wp\/v2\/types\/product"}],"replies":[{"embeddable":true,"href":"https:\/\/editorapangeia.com.br\/pt_br\/wp-json\/wp\/v2\/comments?post=9609"}],"wp:featuredmedia":[{"embeddable":true,"href":"https:\/\/editorapangeia.com.br\/pt_br\/wp-json\/wp\/v2\/media\/9595"}],"wp:attachment":[{"href":"https:\/\/editorapangeia.com.br\/pt_br\/wp-json\/wp\/v2\/media?parent=9609"}],"wp:term":[{"taxonomy":"product_brand","embeddable":true,"href":"https:\/\/editorapangeia.com.br\/pt_br\/wp-json\/wp\/v2\/product_brand?post=9609"},{"taxonomy":"product_cat","embeddable":true,"href":"https:\/\/editorapangeia.com.br\/pt_br\/wp-json\/wp\/v2\/product_cat?post=9609"},{"taxonomy":"product_tag","embeddable":true,"href":"https:\/\/editorapangeia.com.br\/pt_br\/wp-json\/wp\/v2\/product_tag?post=9609"}],"curies":[{"name":"wp","href":"https:\/\/api.w.org\/{rel}","templated":true}]}}