{"id":9607,"date":"2022-05-27T12:58:55","date_gmt":"2022-05-27T12:58:55","guid":{"rendered":"https:\/\/editorapangeia.com.br\/?post_type=product&#038;p=9607"},"modified":"2025-11-21T11:04:52","modified_gmt":"2025-11-21T11:04:52","slug":"subserviencia","status":"publish","type":"product","link":"https:\/\/editorapangeia.com.br\/pt_br\/product\/subserviencia\/","title":{"rendered":"CONTO &#8211; Subservi\u00eancia, Alciene Ribeiro Leite"},"content":{"rendered":"<p>O conto &#8220;SUBSERVI\u00caNCIA&#8221;, de Alciene Ribeiro Leite, foi extra\u00eddo do livro\u00a0<em><strong>Mulher Plural<\/strong><\/em>, que a Pangeia Editorial, no seu selo de literatura, Edi\u00e7\u00f5es Dionysius, lan\u00e7a no segundo semestre de 2022. A plaquete tem ilustra\u00e7\u00f5es de Claudia Amoroso Bortolato e a capa \u00e9 de Willia Katia Oliveira, que tamb\u00e9m elaborou o planejamento gr\u00e1fico da Cole\u00e7\u00e3o Plaquete e \u00e9 respons\u00e1vel por diagramar cada volume.<\/p>\n<p style=\"text-align: center;\"><a href=\"https:\/\/editorapangeia.com.br\/plaquete-ebooks-para-voar\/\"><img loading=\"lazy\" decoding=\"async\" class=\" wp-image-9592 aligncenter\" src=\"http:\/\/editorapangeia.com.br\/wp-content\/uploads\/2022\/05\/PostPlaquete2-300x300.png\" alt=\"\" width=\"402\" height=\"402\" srcset=\"https:\/\/editorapangeia.com.br\/wp-content\/uploads\/2022\/05\/PostPlaquete2-300x300.png 300w, https:\/\/editorapangeia.com.br\/wp-content\/uploads\/2022\/05\/PostPlaquete2-1024x1024.png 1024w, https:\/\/editorapangeia.com.br\/wp-content\/uploads\/2022\/05\/PostPlaquete2-150x150.png 150w, https:\/\/editorapangeia.com.br\/wp-content\/uploads\/2022\/05\/PostPlaquete2-768x768.png 768w, https:\/\/editorapangeia.com.br\/wp-content\/uploads\/2022\/05\/PostPlaquete2-400x400.png 400w, https:\/\/editorapangeia.com.br\/wp-content\/uploads\/2022\/05\/PostPlaquete2-700x700.png 700w, https:\/\/editorapangeia.com.br\/wp-content\/uploads\/2022\/05\/PostPlaquete2-100x100.png 100w, https:\/\/editorapangeia.com.br\/wp-content\/uploads\/2022\/05\/PostPlaquete2-50x50.png 50w, https:\/\/editorapangeia.com.br\/wp-content\/uploads\/2022\/05\/PostPlaquete2.png 1099w\" sizes=\"auto, (max-width: 402px) 100vw, 402px\" \/><\/a>Para mais informa\u00e7\u00f5es sobre a<br \/>\nCOLE\u00c7\u00c3O PLAQUETE<br \/>\n<a href=\"https:\/\/editorapangeia.com.br\/plaquete-ebooks-para-voar\/\"><strong>Clique AQUI !<\/strong><\/a><\/p>\n<p>A escritora Alciene Ribeiro Leite \u00e9 uma das autoras mais premiadas e reconhecidas de sua gera\u00e7\u00e3o, tendo atuado ainda nas fun\u00e7\u00f5es de jornalista, ghost-writer e editora. Nascida em Ituiutaba, no Tri\u00e2ngulo Mineiro, radicou-se em Belo Horizonte. No momento, revisa sua obra e produz novos romances, contos e textos infantojuvenis. Seu livro\u00a0<em><strong>Mulher expl\u00edcita<\/strong><\/em>, com o selo da Editora Pangeia, saiu em 2019, e re\u00fane contos escritos dos anos 1970 ao final da segunda d\u00e9cada do 3\u00ba mil\u00eanio. \u00c9 obra seminal, com diversos contos ic\u00f4nicos da luta feminina por emancipa\u00e7\u00e3o, por &#8220;emparelhamento&#8221;, como prefere Alciene. Conhe\u00e7a este livro clicando\u00a0<a href=\"https:\/\/editorapangeia.com.br\/product\/mulher-explicita\/\"><span style=\"color: #ff0000;\"><strong>AQUI<\/strong><\/span><\/a>.<\/p>\n<blockquote>\n<p style=\"text-align: center;\">Para mais informa\u00e7\u00f5es sobre a escritora<br \/>\nALCIENE RIBEIRO LEITE<br \/>\nClique <a href=\"https:\/\/editorapangeia.com.br\/?s=alciene\"><strong>AQUI<\/strong><\/a>\u00a0e\u00a0<a href=\"http:\/\/gpalcieneribeiro.blogspot.com\"><strong>AQUI<\/strong><\/a>.<\/p>\n<p style=\"text-align: center;\">CONFIRA OS LIVROS EM PR\u00c9-VENDA COM FINANCIAMENTO COLETIVO NA PLATAFORMA GONDWANA:<br \/>\n<a href=\"https:\/\/editorapangeia.com.br\/gondwana-2\/\"><span style=\"color: #ff0000;\"><strong>AQUI !!!<\/strong><\/span><\/a><\/p>\n<\/blockquote>\n<div style=\"text-align: center;\">As Edi\u00e7\u00f5es Dionysius tem curadoria<br \/>\nda poeta Willia Katia Oliveira.<\/div>\n<div><\/div>\n<div style=\"text-align: center;\">A Cole\u00e7\u00e3o Plaquete tem curadoria<br \/>\ndo Prof. Rauer Ribeiro Rodrigues.<\/div>\n","protected":false},"excerpt":{"rendered":"<p>As agruras da vida de uma trabalhadora dom\u00e9stica de tempo integral, que reside no local de trabalho, e seus sentimentos amb\u00edguos de maternidade para com o filho ainda crian\u00e7a da madame que a &#8220;emprega&#8221;. Na vida cotidiana, h\u00e1 muitos modos de verificar \u2013 e estudar \u2013 a servid\u00e3o volunt\u00e1ria, com rela\u00e7\u00f5es an\u00e1logas \u00e0s da escraviza\u00e7\u00e3o. Um conto forte, que denuncia a situa\u00e7\u00e3o ao coloc\u00e1-la em cena sem moralismos, ju\u00edzos de valor ou pieguice. Porque, j\u00e1 ensinou Alciene nas observa\u00e7\u00f5es iniciais de um de seus livros, cabe ao escritor apontar os problemas, e cabe \u00e0 sociedade os resolver.<\/p>\n","protected":false},"featured_media":9594,"comment_status":"open","ping_status":"closed","template":"","meta":[],"product_brand":[],"product_cat":[4076],"product_tag":[949,134,612,954,1170,950,453,351,881,880,264,5080,413,893,953,156,187,952,951,564],"class_list":{"0":"post-9607","1":"product","2":"type-product","3":"status-publish","4":"has-post-thumbnail","6":"product_cat-contos","7":"product_tag-alciene","8":"product_tag-alciene-ribeiro","9":"product_tag-alciene-ribeiro-leite","10":"product_tag-analogo-a-escravidao","11":"product_tag-cidadao-sociedade","12":"product_tag-cotidiano","13":"product_tag-educacao","14":"product_tag-ensino","15":"product_tag-escrever","16":"product_tag-escrita-criativa","17":"product_tag-estudos-literarios","18":"product_tag-formacao-antirracista","19":"product_tag-leitura","20":"product_tag-lingua-portuguesa","21":"product_tag-linguagem-coloquial","22":"product_tag-literatura","23":"product_tag-literatura-brasileira-contemporanea","24":"product_tag-trabalho-domestico","25":"product_tag-universo-feminino","26":"product_tag-willia-katia-oliveira","28":"first","29":"instock","30":"featured","31":"downloadable","32":"virtual","33":"taxable","34":"purchasable","35":"product-type-simple"},"_links":{"self":[{"href":"https:\/\/editorapangeia.com.br\/pt_br\/wp-json\/wp\/v2\/product\/9607","targetHints":{"allow":["GET"]}}],"collection":[{"href":"https:\/\/editorapangeia.com.br\/pt_br\/wp-json\/wp\/v2\/product"}],"about":[{"href":"https:\/\/editorapangeia.com.br\/pt_br\/wp-json\/wp\/v2\/types\/product"}],"replies":[{"embeddable":true,"href":"https:\/\/editorapangeia.com.br\/pt_br\/wp-json\/wp\/v2\/comments?post=9607"}],"wp:featuredmedia":[{"embeddable":true,"href":"https:\/\/editorapangeia.com.br\/pt_br\/wp-json\/wp\/v2\/media\/9594"}],"wp:attachment":[{"href":"https:\/\/editorapangeia.com.br\/pt_br\/wp-json\/wp\/v2\/media?parent=9607"}],"wp:term":[{"taxonomy":"product_brand","embeddable":true,"href":"https:\/\/editorapangeia.com.br\/pt_br\/wp-json\/wp\/v2\/product_brand?post=9607"},{"taxonomy":"product_cat","embeddable":true,"href":"https:\/\/editorapangeia.com.br\/pt_br\/wp-json\/wp\/v2\/product_cat?post=9607"},{"taxonomy":"product_tag","embeddable":true,"href":"https:\/\/editorapangeia.com.br\/pt_br\/wp-json\/wp\/v2\/product_tag?post=9607"}],"curies":[{"name":"wp","href":"https:\/\/api.w.org\/{rel}","templated":true}]}}