{"id":9452,"date":"2018-05-16T04:00:01","date_gmt":"2018-05-16T04:00:01","guid":{"rendered":"https:\/\/editorapangeia.com.br\/?post_type=product&#038;p=9452"},"modified":"2025-11-20T17:32:34","modified_gmt":"2025-11-20T17:32:34","slug":"anais-12o-seminario-gplv","status":"publish","type":"product","link":"https:\/\/editorapangeia.com.br\/pt_br\/product\/anais-12o-seminario-gplv\/","title":{"rendered":"Anais do 12\u00ba Semin\u00e1rio do GPLV"},"content":{"rendered":"<p>Semin\u00e1rio do GPLV:<\/p>\n<p style=\"font-weight: 400; text-align: center;\"><strong>SUM\u00c1RIO<\/strong><\/p>\n<p style=\"text-align: center;\"><strong>Apresenta\u00e7\u00e3o<\/strong><\/p>\n<p style=\"text-align: center;\"><strong>Programa\u00e7\u00e3o Geral<\/strong><\/p>\n<p style=\"text-align: center;\"><strong>Resumos das comunica\u00e7\u00f5es<\/strong><\/p>\n<p style=\"font-weight: 400; text-align: left;\">Turbilh\u00e3o: um aspecto do modo de narrar de Alciene Ribeiro no conto \u201cPensar axilas\u201d<br \/>\nAmanda Eliane Lam\u00f4nica Ara\u00fajo<\/p>\n<p>Racismos e o lugar do brincar: \u201cNegrinha\u201d,\u00a0de Monteiro Lobato, 1920<br \/>\nAnailta Bastos de Oliveira,\u00a0Ang\u00e9lica Caetano da Silva,\u00a0Christian Milena Mwewa.<\/p>\n<p>A tradic\u0327a\u0303o da menipeia em <em>El Rey <\/em><em>Gallo<\/em>, de Francisco Santos<br \/>\nEdelberto Pauli Ju\u0301nior<\/p>\n<p>Uma leitura da novela: <em>O<\/em><em>s caminhantes de\u00a0<\/em><em>Santa Luzia<\/em>, de Ricardo Ramos<br \/>\nElcione Ferreira Silva<\/p>\n<p>A aprendizagem da finitude em dois\u00a0poemas de Manuel Bandeira<br \/>\nElzio Quaresma Ferreira Filho,\u00a0Ant\u00f4nio M\u00e1ximo Von Sohsten Gomes Ferraz<\/p>\n<p>O sonho das sociedades totalit\u00e1rias: os elos discursivos na literatura dist\u00f3pica<br \/>\nErico Monteiro da Silva<\/p>\n<p>Da leitura de mundo \u00e0 leitura da palavra:\u00a0mem\u00f3ria, inf\u00e2ncia e diversidades<br \/>\nErika Carla Nogueira da Silva<\/p>\n<p>O espa\u00e7o urbano disf\u00f3rico em Luiz Vilela<br \/>\nEunice Prudenciano de Souza<\/p>\n<p>Literatura e hist\u00f3ria como instrumentos de den\u00fancia \u00e0 cultura de viol\u00eancia na pol\u00edtica brasileira no conto \u201cSobre a natureza do homem\u201d, de Bernardo Kucinski<br \/>\nFernanda Am\u00e9lia Leal Borges Duarte<\/p>\n<p><em>I<\/em><em>n nomine Dei<\/em>, de Jos\u00e9 Saramago e <em>A <\/em><em>teoria da encruzilhada<\/em>, de Anne Ubersfeld- uma provoca\u00e7\u00e3o para ler o teatro saramaguiano<br \/>\nLuciana de Cassia Camargo Pirani<\/p>\n<p>Viol\u00eancia contra a mulher em \u201c<em>C<\/em><em>uruz\u00fa la\u00a0<\/em><em>novia<\/em>\u201d, de Josefina Pl\u00e1, e \u201cA parasita\u00a0azul\u201d de Machado de Assis<br \/>\nLuiz Roberto Lins Almeida<\/p>\n<p>A forma\u00e7\u00e3o do professor de literatura e o uso de metodologias ativas: ensinando a ensinar<br \/>\nMaisa Cristina Santos,\u00a0Paulo S\u00e9rgio Martins<\/p>\n<p>Conex\u00f5es cr\u00edticas e compositivas em <em>Contos impopulares<\/em>, de Agustina Bessa-Lu\u00eds<br \/>\nMarcos Rog\u00e9rio Heck Dorneles<\/p>\n<p>Um cosmos de doen\u00e7a e reflexividade: \u201cLinda, uma hist\u00f3ria horr\u00edvel\u201d, de\u00a0Caio Fernando Abreu<br \/>\nMari\u00e2ngela Alonso<\/p>\n<p>A poesia feminina no amazonas pelo vi\u00e9s da modernidade de Violeta Branca<br \/>\nMilena Bruno<\/p>\n<p>Compreens\u00e3o do modernismo e do\u00a0CDC em propagandas<br \/>\nPatr\u00edcia Socorro da Costa Cunha<\/p>\n<p>O ensino de literatura nas produ\u00e7\u00f5es\u00a0curriculares paulistas ap\u00f3s a BNCC<br \/>\nRenata Cristina Alves Polizeli<\/p>\n<p style=\"text-align: center;\"><strong>Artigos completos<\/strong><\/p>\n<p>Turbilh\u00e3o: um aspecto do modo de narrar de Alciene Ribeiro no conto \u201cPensar axilas\u201d<br \/>\nAmanda Eliane Lam\u00f4nica Ara\u00fajo<\/p>\n<p>Racismos e o lugar do brincar: \u201cNegrinha\u201d,\u00a0de Monteiro Lobato, 1920<br \/>\nAnailta Bastos de Oliveira,\u00a0Ang\u00e9lica Caetano da Silva,\u00a0Christian Milena Mwewa.<\/p>\n<p>A tradic\u0327a\u0303o da menipeia em <em>El Rey <\/em><em>Gallo<\/em>, de Francisco Santos<br \/>\nEdelberto Pauli Ju\u0301nior<\/p>\n<p>Uma leitura da novela: <em>O<\/em><em>s caminhantes de\u00a0<\/em><em>Santa Luzia<\/em>, de Ricardo Ramos<br \/>\nElcione Ferreira Silva<\/p>\n<p>Literatura e hist\u00f3ria como instrumentos de den\u00fancia \u00e0 cultura de viol\u00eancia na pol\u00edtica brasileira no conto \u201cSobre a natureza do homem\u201d, de Bernardo Kucinski<br \/>\nFernanda Am\u00e9lia Leal Borges Duarte<\/p>\n<p>Um cosmos de doen\u00e7a e reflexividade: \u201cLinda, uma hist\u00f3ria horr\u00edvel\u201d, de\u00a0Caio Fernando Abreu<br \/>\nMari\u00e2ngela Alonso<\/p>\n<p style=\"text-align: center;\"><strong>Autores e Organizadores<\/strong><\/p>\n<p>Anais do 12\u00ba Semin\u00e1rio do GPLV<br \/>\n\u00a9 2022 dos respectivos autores<\/p>\n<p>PRODU\u00c7\u00c3O EDITORIAL<\/p>\n<p>Coordena\u00e7\u00e3o Editorial<br \/>\nProf. Dr. Rauer Ribeiro Rodrigues<br \/>\nProf. Dr. Marcos Rog\u00e9rio Heck Dorneles<br \/>\nDoutoranda Nat\u00e1lia Tano Portela<\/p>\n<p>Periodicidade: Anual \u2014 Divulga\u00e7\u00e3o: Eletr\u00f4nica<\/p>\n<p>COMISS\u00c3O ORGANIZADORA<br \/>\nProf. Dr. Rauer Ribeiro Rodrigues (UFMS\/CPTL)<br \/>\nProf. Dr. Marcos Rog\u00e9rio Heck Dorneles (UFMS\/CPAQ)<br \/>\nProf. Dr. Edelberto Pauli Junior (UFMS\/CPAQ)<br \/>\nDoutoranda Nat\u00e1lia Tano Portela (UFMS\/CPTL)<\/p>\n<p>COMISS\u00c3O CIENT\u00cdFICA<br \/>\nProf. Dr. Rauer Ribeiro Rodrigues (UFMS\/CPTL)<br \/>\nProf.\u00aa Dr.\u00aa Kelcilene Gr\u00e1cia-Rodrigues (UFMS\/CPTL)<br \/>\nProf.\u00aa Dr.\u00aa Carina Marques Duarte (UFMS\/CPAN)<br \/>\nProf. Dr. Marcos Rog\u00e9rio Dorneles (UFMS\/CAQ\/CPTL)<br \/>\nProf. Dr. Edelberto Pauli Junior (UFMS\/CPAQ)<br \/>\nDoutoranda Nat\u00e1lia Tano Portela (UFMS\/CPTL)<br \/>\nProf.\u00aa Dr.\u00aa Waleska Rodrigues de Matos Oliveira Martins (UFRB\/CECULT)<br \/>\nProf.\u00aa Dr.\u00aa Eunice Prudenciano de Souza (IFSP)<br \/>\nProf.\u00aa Dr.\u00aa Maisa Barbosa da Silva Cordeiro (UNIGRAN)<br \/>\nProf. Dr. Ronaldo Vinagre Franjotti (SED\/MS)<br \/>\nProf. Dr. Rodrigo Andrade Pereira (SED\/MS)<\/p>\n<p style=\"text-align: center;\">E-mail:<br \/>\npangeiaeditorial@gmail.com<\/p>\n<p style=\"text-align: center;\">Site: <a href=\"https:\/\/www.even3.com.br\/gplv2021\/\">https:\/\/www.even3.com.br\/gplv2021\/<\/a><\/p>\n<p style=\"text-align: center;\">Plataforma do evento:<br \/>\n<a href=\"https:\/\/www.youtube.com\/channel\/UCCaza3ng962aYMtqM143zQQ\/videos\">https:\/\/www.youtube.com\/channel\/UCCaza3ng962aYMtqM143zQQ\/videos<\/a><\/p>\n<p style=\"text-align: center;\">Plataforma do GPLV:<br \/>\n<a href=\"https:\/\/www.youtube.com\/channel\/UC1to_qvGNVTgK0Cjo1Sd2UA\">https:\/\/www.youtube.com\/channel\/UC1to_qvGNVTgK0Cjo1Sd2UA<\/a><\/p>\n<p>RODRIGUES, Rauer Ribeiro; DORNELES, Marcos Rog\u00e9rio Heck; PORTELA, Nat\u00e1lia Tano. (org.). <em>Anais do 12\u00ba Semin\u00e1rio do GPLV<\/em>, 14 a 16 de novembro de 2021 [recurso eletr\u00f4nico]. Universidade Federal de Mato Grosso do Sul, Aquidauana-MS, Tr\u00eas Lagoas-MS, Corumb\u00e1-MS, 2022, 228 p.<\/p>\n<p style=\"text-align: center;\"><a href=\"http:\/\/editorapangeira.com.br\/shop\">editorapangeira.com.br\/shop<\/a><\/p>\n","protected":false},"excerpt":{"rendered":"<div>\n<p>O\u00a0<b>12\u00ba Semin\u00e1rio do Grupo de Pesquisa Literatura e Vida &#8211; Literatura &amp; Educa\u00e7\u00e3o: Perspectivas<\/b>\u00a0articulou-se como uma iniciativa proveniente da intera\u00e7\u00e3o entre diversas inst\u00e2ncias acad\u00eamicas da UFMS (<i>campi<\/i> universit\u00e1rios, programas de p\u00f3s-gradua\u00e7\u00e3o, cursos de gradua\u00e7\u00e3o e grupos de pesquisa) e se constituiu numa combina\u00e7\u00e3o de diferentes val\u00eancias e perspectivas com o des\u00edgnio de buscar conflu\u00eancias te\u00f3ricas, did\u00e1ticas, art\u00edsticas e sociais.<\/p>\n<\/div>\n<div>\n<p>A realiza\u00e7\u00e3o do evento proporcionou a d\u00e9cima segunda edi\u00e7\u00e3o do Semin\u00e1rio e propiciou um horizonte que agregou diferentes institui\u00e7\u00f5es, localidades e <i>campi<\/i>. Tal como j\u00e1 ocorrera nos seus encontros anteriores, nas edi\u00e7\u00f5es junto \u00e0 Universidade Federal de Mato Grosso do Sul (nos campi de Tr\u00eas Lagoas, Aquidauana e Corumb\u00e1), \u00e0 Universidade Estadual de Minas Gerais (em Ituiutaba) e \u00e0 Universidade Federal Fluminense (em Niter\u00f3i).<\/p>\n<p>Parte da programa\u00e7\u00e3o realizada est\u00e1 recolhida nestes <em><strong>Anais<\/strong><\/em>, assim como replicamos a programa\u00e7\u00e3o realizada, dando conhecimento da amplitude das pesquisas realizadas no \u00e2mbito do GPLV e com o di\u00e1logo que o Grupo de Pesquisa Literatura e Vida enceta com pesquisadores de outros grupos de pesquisa e de outras institui\u00e7\u00f5es.<\/p>\n<\/div>\n","protected":false},"featured_media":9464,"comment_status":"open","ping_status":"closed","template":"","meta":[],"product_brand":[],"product_cat":[4081,4828],"product_tag":[134,801,2152,802,2151,803,453,351,243,264,149,4117,799,800,156,806,150,151,805,808,807,812,804,811,477,414,484,112,810,798,809],"class_list":{"0":"post-9452","1":"product","2":"type-product","3":"status-publish","4":"has-post-thumbnail","6":"product_cat-estudosliterarios","7":"product_cat-livrosgratis","8":"product_tag-alciene-ribeiro","9":"product_tag-anais","10":"product_tag-antirracismo","11":"product_tag-bncc","12":"product_tag-capes","13":"product_tag-curriculo","14":"product_tag-educacao","15":"product_tag-ensino","16":"product_tag-escrita-feminina","17":"product_tag-estudos-literarios","18":"product_tag-gplv","19":"product_tag-gratis","20":"product_tag-grupo-de-pesquisa","21":"product_tag-grupo-de-pesquisa-literatura-e-vida","22":"product_tag-literatura","23":"product_tag-literatura-e-historia","24":"product_tag-literatura-e-vida","25":"product_tag-luiz-vilela","26":"product_tag-manuel-bandeira","27":"product_tag-menipeia","28":"product_tag-metodologias-ativas","29":"product_tag-modernismo","30":"product_tag-monteiro-lobato","31":"product_tag-poesia-feminina","32":"product_tag-ppg-letras-cptl-ufms","33":"product_tag-profletras","34":"product_tag-racismo","35":"product_tag-rauer","36":"product_tag-ricardo-ramos","37":"product_tag-seminario","38":"product_tag-violencia-contra-a-mulher","40":"first","41":"instock","42":"sale","43":"downloadable","44":"virtual","45":"taxable","46":"purchasable","47":"product-type-simple"},"_links":{"self":[{"href":"https:\/\/editorapangeia.com.br\/pt_br\/wp-json\/wp\/v2\/product\/9452","targetHints":{"allow":["GET"]}}],"collection":[{"href":"https:\/\/editorapangeia.com.br\/pt_br\/wp-json\/wp\/v2\/product"}],"about":[{"href":"https:\/\/editorapangeia.com.br\/pt_br\/wp-json\/wp\/v2\/types\/product"}],"replies":[{"embeddable":true,"href":"https:\/\/editorapangeia.com.br\/pt_br\/wp-json\/wp\/v2\/comments?post=9452"}],"wp:featuredmedia":[{"embeddable":true,"href":"https:\/\/editorapangeia.com.br\/pt_br\/wp-json\/wp\/v2\/media\/9464"}],"wp:attachment":[{"href":"https:\/\/editorapangeia.com.br\/pt_br\/wp-json\/wp\/v2\/media?parent=9452"}],"wp:term":[{"taxonomy":"product_brand","embeddable":true,"href":"https:\/\/editorapangeia.com.br\/pt_br\/wp-json\/wp\/v2\/product_brand?post=9452"},{"taxonomy":"product_cat","embeddable":true,"href":"https:\/\/editorapangeia.com.br\/pt_br\/wp-json\/wp\/v2\/product_cat?post=9452"},{"taxonomy":"product_tag","embeddable":true,"href":"https:\/\/editorapangeia.com.br\/pt_br\/wp-json\/wp\/v2\/product_tag?post=9452"}],"curies":[{"name":"wp","href":"https:\/\/api.w.org\/{rel}","templated":true}]}}