{"id":9433,"date":"2022-12-11T12:16:50","date_gmt":"2022-12-11T12:16:50","guid":{"rendered":"https:\/\/editorapangeia.com.br\/?post_type=product&#038;p=9433"},"modified":"2025-05-21T16:23:57","modified_gmt":"2025-05-21T16:23:57","slug":"rumo-rosa-rota-zito","status":"publish","type":"product","link":"https:\/\/editorapangeia.com.br\/pt_br\/product\/rumo-rosa-rota-zito\/","title":{"rendered":"O rumo do Rosa na rota de Zito, Tanael Cesar Cotrim"},"content":{"rendered":"<p>Ainda crian\u00e7a, nos tempos de brincadeiras de rua na periferia da cidade de Campinas, Tanael C\u00e9sar Cotrim descobriu <strong><i>os livros<\/i><\/strong> na biblioteca da escola, o que despertou no menino o poder da leitura e a possibilidade de conhecer outros mundos, outros lugares, outras gentes, gentes, muitas gentes&#8230; E l\u00e1 se foi o menino, ningu\u00e9m mais segura!<\/p>\n<p style=\"text-align: center;\">Na juventude, cursou Jornalismo e dedicou-se \u00e0 literatura, filosofia,<br \/>\nantropologia. Amou Guimar\u00e3es Rosa, \u00e0 primeira visada,<br \/>\nembriagando-se de suas palavras e exist\u00eancias.<br \/>\n<img loading=\"lazy\" decoding=\"async\" class=\" wp-image-9434 aligncenter\" src=\"http:\/\/editorapangeia.com.br\/wp-content\/uploads\/2022\/05\/GB-em-mula-300x241.png\" alt=\"\" width=\"359\" height=\"288\" srcset=\"https:\/\/editorapangeia.com.br\/wp-content\/uploads\/2022\/05\/GB-em-mula-300x241.png 300w, https:\/\/editorapangeia.com.br\/wp-content\/uploads\/2022\/05\/GB-em-mula-768x618.png 768w, https:\/\/editorapangeia.com.br\/wp-content\/uploads\/2022\/05\/GB-em-mula-700x563.png 700w, https:\/\/editorapangeia.com.br\/wp-content\/uploads\/2022\/05\/GB-em-mula-400x322.png 400w, https:\/\/editorapangeia.com.br\/wp-content\/uploads\/2022\/05\/GB-em-mula.png 981w\" sizes=\"auto, (max-width: 359px) 100vw, 359px\" \/><em>Jo\u00e3o Guimar\u00e3es Rosa, pelo sert\u00e3o&#8230;<\/em><\/p>\n<blockquote>\n<p style=\"text-align: center;\">Adquira o seu exemplar de<br \/>\n<em><strong>O RUMO DO ROSA NA ROTA DE ZITO<br \/>\n<\/strong><\/em><a href=\"https:\/\/editorapangeia.com.br\/product\/rumo-rosa-rota-zito-pre-venda\/\"><strong><span style=\"color: #ff0000;\">AQUI!!!<\/span><\/strong><\/a><\/p>\n<\/blockquote>\n","protected":false},"excerpt":{"rendered":"<p><img loading=\"lazy\" decoding=\"async\" class=\"alignnone size-medium wp-image-9419\" src=\"http:\/\/editorapangeia.com.br\/wp-content\/uploads\/2022\/05\/tanael-2-295x300.jpeg\" alt=\"\" width=\"295\" height=\"300\" srcset=\"https:\/\/editorapangeia.com.br\/wp-content\/uploads\/2022\/05\/tanael-2-295x300.jpeg 295w, https:\/\/editorapangeia.com.br\/wp-content\/uploads\/2022\/05\/tanael-2-393x400.jpeg 393w, https:\/\/editorapangeia.com.br\/wp-content\/uploads\/2022\/05\/tanael-2-50x50.jpeg 50w, https:\/\/editorapangeia.com.br\/wp-content\/uploads\/2022\/05\/tanael-2.jpeg 581w\" sizes=\"auto, (max-width: 295px) 100vw, 295px\" \/><\/p>\n<p>Lan\u00e7amento no dia 30 de novembro, das 16h \u00e0s 20h, na Casa do Lago, na Unicamp, Campinas, SP. Venha buscar seu livro com dedicat\u00f3ria do Tanael.<\/p>\n","protected":false},"featured_media":10843,"comment_status":"open","ping_status":"closed","template":"","meta":[],"product_brand":[],"product_cat":[4575,4087],"product_tag":[793,452,794,790,789,157,795,748,749,796,797,791,792],"class_list":{"0":"post-9433","1":"product","2":"type-product","3":"status-publish","4":"has-post-thumbnail","6":"product_cat-biografia","7":"product_cat-reportagem","8":"product_tag-comitiva","9":"product_tag-gondwana","10":"product_tag-grande-sertao-veredas","11":"product_tag-guimaraes-rosa","12":"product_tag-joao-guimaraes-rosa","13":"product_tag-literatura-brasileira","14":"product_tag-na-rota-de-zito","15":"product_tag-plataforma-gondwana","16":"product_tag-pre-venda","17":"product_tag-reportagem","18":"product_tag-reportagem-literaria","19":"product_tag-tanael","20":"product_tag-zito","21":"product_shipping_class-normal","23":"first","24":"instock","25":"shipping-taxable","26":"purchasable","27":"product-type-simple"},"_links":{"self":[{"href":"https:\/\/editorapangeia.com.br\/pt_br\/wp-json\/wp\/v2\/product\/9433","targetHints":{"allow":["GET"]}}],"collection":[{"href":"https:\/\/editorapangeia.com.br\/pt_br\/wp-json\/wp\/v2\/product"}],"about":[{"href":"https:\/\/editorapangeia.com.br\/pt_br\/wp-json\/wp\/v2\/types\/product"}],"replies":[{"embeddable":true,"href":"https:\/\/editorapangeia.com.br\/pt_br\/wp-json\/wp\/v2\/comments?post=9433"}],"wp:featuredmedia":[{"embeddable":true,"href":"https:\/\/editorapangeia.com.br\/pt_br\/wp-json\/wp\/v2\/media\/10843"}],"wp:attachment":[{"href":"https:\/\/editorapangeia.com.br\/pt_br\/wp-json\/wp\/v2\/media?parent=9433"}],"wp:term":[{"taxonomy":"product_brand","embeddable":true,"href":"https:\/\/editorapangeia.com.br\/pt_br\/wp-json\/wp\/v2\/product_brand?post=9433"},{"taxonomy":"product_cat","embeddable":true,"href":"https:\/\/editorapangeia.com.br\/pt_br\/wp-json\/wp\/v2\/product_cat?post=9433"},{"taxonomy":"product_tag","embeddable":true,"href":"https:\/\/editorapangeia.com.br\/pt_br\/wp-json\/wp\/v2\/product_tag?post=9433"}],"curies":[{"name":"wp","href":"https:\/\/api.w.org\/{rel}","templated":true}]}}