{"id":9298,"date":"2022-04-17T22:16:24","date_gmt":"2022-04-17T22:16:24","guid":{"rendered":"https:\/\/editorapangeia.com.br\/?post_type=product&#038;p=9298"},"modified":"2025-01-16T13:10:29","modified_gmt":"2025-01-16T13:10:29","slug":"a-princesa-gulosa","status":"publish","type":"product","link":"https:\/\/editorapangeia.com.br\/pt_br\/product\/a-princesa-gulosa\/","title":{"rendered":"A Princesa Gulosa, Ivna Previdelli"},"content":{"rendered":"<p><em><strong>A Princesa Gulosa<\/strong><\/em>, de Ivna Previdelli, com ilustra\u00e7\u00f5es de Regine Limaverde, foi impresso em julho de 2021.<\/p>\n<p>Dispon\u00edvel artigo e resenha sobre o livro, <span style=\"color: #ff0000;\"><a style=\"color: #ff0000;\" href=\"https:\/\/editorapangeia.com.br\/pt_br\/?s=ivna\"><strong>AQUI<\/strong><\/a><\/span>.<\/p>\n<p>Conhe\u00e7a <a href=\"https:\/\/editorapangeia.com.br\/pt_br\/?s=Limaverde\"><strong>AQUI<\/strong><\/a> informa\u00e7\u00f5es sobre a artista pl\u00e1stica ilustradora do livro, <strong>Regine Limaverde<\/strong>, que integra o Conselho Editorial da Pangeia e \u00e9 poeta e contista, tendo sido professora da UFC &#8211; Universidade Federal do Cear\u00e1.<\/p>\n<p>Livro destinado ao primeiro ciclo. Devido a variedade de formas narrativas, obt\u00e9m bom rendimento de aprendizagem tamb\u00e9m no segundo ciclo.<\/p>\n","protected":false},"excerpt":{"rendered":"<p>Na apresenta\u00e7\u00e3o ao livro, anota Virna Teixeira:<\/p>\n<blockquote><p>&#8220;Belas est\u00f3rias do primeiro livro de uma autora l\u00facida e humanista, que tamb\u00e9m \u00e9 poeta, e tem muito a ensinar para os pequenos leitores.&#8221;<\/p><\/blockquote>\n<p>Por seu lado, Regine Limaverde, que integra o <a href=\"https:\/\/editorapangeia.com.br\/pt_br\/conselho-editorial\/\">Conselho Editorial da Pangeia<\/a>, anotou:<\/p>\n<blockquote><p>&#8220;Est\u00f3rias lindas e criativas [de] linguajar simples e po\u00e9tico.&#8221;<\/p><\/blockquote>\n<p>Conhe\u00e7a as hist\u00f3rias fantasiosas, de epis\u00f3dios inusitados, em que as personagens humanas est\u00e3o imersas no universo da f\u00e1bula, dialogando com animais e com elementos da natureza; quando, no \u00faltimo conto, o universo \u00e9 social, entre humanos, o comportamento instrutivo da dif\u00edcil rela\u00e7\u00e3o das pessoas entre si. Sempre h\u00e1 v\u00e1rias li\u00e7\u00f5es a extrair de cada um dos cinco contos que comp\u00f5em o livro.<\/p>\n","protected":false},"featured_media":7410,"comment_status":"open","ping_status":"closed","template":"","meta":[],"product_brand":[],"product_cat":[4080],"product_tag":[729,366,200,719,727,316,367,730,728,726],"class_list":{"0":"post-9298","1":"product","2":"type-product","3":"status-publish","4":"has-post-thumbnail","6":"product_cat-infantojuvenil","7":"product_tag-amanda-lamonica","8":"product_tag-edicoes-sarue","9":"product_tag-editora-pangeia","10":"product_tag-familia-sassaruezim","11":"product_tag-ivna-previdelli","12":"product_tag-literatura-infantil","13":"product_tag-literatura-infantojuvenil","14":"product_tag-lourdinha-leite-barbosa","15":"product_tag-regine-limaverde","16":"product_tag-virna-teixeira","18":"first","19":"instock","20":"taxable","21":"shipping-taxable","22":"purchasable","23":"product-type-simple"},"_links":{"self":[{"href":"https:\/\/editorapangeia.com.br\/pt_br\/wp-json\/wp\/v2\/product\/9298","targetHints":{"allow":["GET"]}}],"collection":[{"href":"https:\/\/editorapangeia.com.br\/pt_br\/wp-json\/wp\/v2\/product"}],"about":[{"href":"https:\/\/editorapangeia.com.br\/pt_br\/wp-json\/wp\/v2\/types\/product"}],"replies":[{"embeddable":true,"href":"https:\/\/editorapangeia.com.br\/pt_br\/wp-json\/wp\/v2\/comments?post=9298"}],"wp:featuredmedia":[{"embeddable":true,"href":"https:\/\/editorapangeia.com.br\/pt_br\/wp-json\/wp\/v2\/media\/7410"}],"wp:attachment":[{"href":"https:\/\/editorapangeia.com.br\/pt_br\/wp-json\/wp\/v2\/media?parent=9298"}],"wp:term":[{"taxonomy":"product_brand","embeddable":true,"href":"https:\/\/editorapangeia.com.br\/pt_br\/wp-json\/wp\/v2\/product_brand?post=9298"},{"taxonomy":"product_cat","embeddable":true,"href":"https:\/\/editorapangeia.com.br\/pt_br\/wp-json\/wp\/v2\/product_cat?post=9298"},{"taxonomy":"product_tag","embeddable":true,"href":"https:\/\/editorapangeia.com.br\/pt_br\/wp-json\/wp\/v2\/product_tag?post=9298"}],"curies":[{"name":"wp","href":"https:\/\/api.w.org\/{rel}","templated":true}]}}