{"id":9234,"date":"2022-04-07T20:34:25","date_gmt":"2022-04-07T20:34:25","guid":{"rendered":"https:\/\/editorapangeia.com.br\/?post_type=product&#038;p=9234"},"modified":"2025-11-21T11:06:26","modified_gmt":"2025-11-21T11:06:26","slug":"berimbau-celeste-pdf-livro","status":"publish","type":"product","link":"https:\/\/editorapangeia.com.br\/pt_br\/product\/berimbau-celeste-pdf-livro\/","title":{"rendered":"O Berimbau Celeste, Mestre Biro"},"content":{"rendered":"<p><em><strong>O berimbau celeste<\/strong><\/em>,\u00a0de Mestre Biro, com sens\u00edveis ilustra\u00e7\u00f5es de Willia K\u00e1tia Oliveira.<\/p>\n<p>Para informa\u00e7\u00f5es sobre autor e obra, clique <a href=\"https:\/\/editorapangeia.com.br\/?s=berimbau\"><strong>AQUI<\/strong><\/a>.<\/p>\n<p>Indicado para o 2\u00ba Ciclo, Ensino M\u00e9dio e EJA, propicia o desenvolvimento de quest\u00f5es de identidade e cultura brasileiras e do povo afrobrasileiro.<\/p>\n<p><img loading=\"lazy\" decoding=\"async\" class=\"alignnone size-medium wp-image-8136 aligncenter\" src=\"http:\/\/editorapangeia.com.br\/wp-content\/uploads\/2022\/02\/Berimbau-298x300.png\" alt=\"\" width=\"298\" height=\"300\" srcset=\"https:\/\/editorapangeia.com.br\/wp-content\/uploads\/2022\/02\/Berimbau-298x300.png 298w, https:\/\/editorapangeia.com.br\/wp-content\/uploads\/2022\/02\/Berimbau-150x150.png 150w, https:\/\/editorapangeia.com.br\/wp-content\/uploads\/2022\/02\/Berimbau-100x100.png 100w, https:\/\/editorapangeia.com.br\/wp-content\/uploads\/2022\/02\/Berimbau-397x400.png 397w, https:\/\/editorapangeia.com.br\/wp-content\/uploads\/2022\/02\/Berimbau-50x50.png 50w, https:\/\/editorapangeia.com.br\/wp-content\/uploads\/2022\/02\/Berimbau.png 427w\" sizes=\"auto, (max-width: 298px) 100vw, 298px\" \/><\/p>\n<p style=\"text-align: center;\">Confira lan\u00e7amentos com financiamento<br \/>\ncoletivo em pr\u00e9-venda na Plataforma<br \/>\n<strong>Gondwana<\/strong><br \/>\nda Pangeia Editorial:<\/p>\n<p style=\"text-align: center;\">Clique <a href=\"https:\/\/editorapangeia.com.br\/gondwana-2\/\"><strong>AQUI<\/strong><\/a>.<\/p>\n","protected":false},"excerpt":{"rendered":"<p><em>de Marcos Henrique (Mestre Biro)<\/em>, 16 p., a cores<\/p>\n<p>O livro traz, em linguagem leve e l\u00facida, um conto sobre a origem do berimbau, instrumento percussivo afrobrasileiro, cuja musicalidade expressa a ginga e o sentimentos da capoeira. O berimbau \u00e9 parte da identidade e da cultura do povo afrobrasileiro e mostra a import\u00e2ncia dos saberes populares na forma\u00e7\u00e3o \u00e9tnica e social do Brasil.<\/p>\n<p>O livro apresenta arte finaliza\u00e7\u00e3o de Willia K\u00e1tia Oliveira.<\/p>\n<p><img loading=\"lazy\" decoding=\"async\" class=\"size-medium wp-image-8169 aligncenter\" src=\"http:\/\/editorapangeia.com.br\/wp-content\/uploads\/2022\/02\/mestre-biro-e-willia-300x300.jpeg\" alt=\"\" width=\"300\" height=\"300\" srcset=\"https:\/\/editorapangeia.com.br\/wp-content\/uploads\/2022\/02\/mestre-biro-e-willia-300x300.jpeg 300w, https:\/\/editorapangeia.com.br\/wp-content\/uploads\/2022\/02\/mestre-biro-e-willia-150x150.jpeg 150w, https:\/\/editorapangeia.com.br\/wp-content\/uploads\/2022\/02\/mestre-biro-e-willia.jpeg 400w, https:\/\/editorapangeia.com.br\/wp-content\/uploads\/2022\/02\/mestre-biro-e-willia-100x100.jpeg 100w, https:\/\/editorapangeia.com.br\/wp-content\/uploads\/2022\/02\/mestre-biro-e-willia-50x50.jpeg 50w\" sizes=\"auto, (max-width: 300px) 100vw, 300px\" \/><\/p>\n","protected":false},"featured_media":8136,"comment_status":"open","ping_status":"closed","template":"","meta":[],"product_brand":[],"product_cat":[4080,4077],"product_tag":[365,2152,683,364,1170,684,5080,156,682,561,111,685,310,564],"class_list":{"0":"post-9234","1":"product","2":"type-product","3":"status-publish","4":"has-post-thumbnail","6":"product_cat-infantojuvenil","7":"product_cat-poesia","8":"product_tag-afrobrasilidades","9":"product_tag-antirracismo","10":"product_tag-berimbau","11":"product_tag-capoeira","12":"product_tag-cidadao-sociedade","13":"product_tag-etnia-afrodescendente","14":"product_tag-formacao-antirracista","15":"product_tag-literatura","16":"product_tag-mestre-biro","17":"product_tag-musica","18":"product_tag-poesia","19":"product_tag-poesia-afrobrasileira","20":"product_tag-sarue","21":"product_tag-willia-katia-oliveira","22":"product_shipping_class-normal","24":"first","25":"instock","26":"sale","27":"taxable","28":"shipping-taxable","29":"product-type-grouped"},"_links":{"self":[{"href":"https:\/\/editorapangeia.com.br\/pt_br\/wp-json\/wp\/v2\/product\/9234","targetHints":{"allow":["GET"]}}],"collection":[{"href":"https:\/\/editorapangeia.com.br\/pt_br\/wp-json\/wp\/v2\/product"}],"about":[{"href":"https:\/\/editorapangeia.com.br\/pt_br\/wp-json\/wp\/v2\/types\/product"}],"replies":[{"embeddable":true,"href":"https:\/\/editorapangeia.com.br\/pt_br\/wp-json\/wp\/v2\/comments?post=9234"}],"wp:featuredmedia":[{"embeddable":true,"href":"https:\/\/editorapangeia.com.br\/pt_br\/wp-json\/wp\/v2\/media\/8136"}],"wp:attachment":[{"href":"https:\/\/editorapangeia.com.br\/pt_br\/wp-json\/wp\/v2\/media?parent=9234"}],"wp:term":[{"taxonomy":"product_brand","embeddable":true,"href":"https:\/\/editorapangeia.com.br\/pt_br\/wp-json\/wp\/v2\/product_brand?post=9234"},{"taxonomy":"product_cat","embeddable":true,"href":"https:\/\/editorapangeia.com.br\/pt_br\/wp-json\/wp\/v2\/product_cat?post=9234"},{"taxonomy":"product_tag","embeddable":true,"href":"https:\/\/editorapangeia.com.br\/pt_br\/wp-json\/wp\/v2\/product_tag?post=9234"}],"curies":[{"name":"wp","href":"https:\/\/api.w.org\/{rel}","templated":true}]}}