{"id":9074,"date":"2022-03-29T00:20:53","date_gmt":"2022-03-29T00:20:53","guid":{"rendered":"https:\/\/editorapangeia.com.br\/?post_type=product&#038;p=9074"},"modified":"2025-05-24T13:35:23","modified_gmt":"2025-05-24T13:35:23","slug":"tecela-de-sonhos-outras-tramas-pdf-livro","status":"publish","type":"product","link":"https:\/\/editorapangeia.com.br\/pt_br\/product\/tecela-de-sonhos-outras-tramas-pdf-livro\/","title":{"rendered":"Tecel\u00e3 de sonhos &#038; outras tramas, Alciene Ribeiro Leite"},"content":{"rendered":"<blockquote>\n<p style=\"text-align: center;\"><em><strong>Tecel\u00e3 de sonhos &amp; outras tramas<\/strong><\/em>, de Alciene Ribeiro Leite, tem uma carta ao leitor no Blog da Pangeia, <a href=\"https:\/\/editorapangeia.com.br\/tecela-de-alciene-carta-ao-leitor\/\"><span style=\"color: #ff0000;\"><strong>AQUI<\/strong><\/span><\/a>.<\/p>\n<p style=\"text-align: center;\"><strong>Indicado para EJA.<\/strong><\/p>\n<p style=\"text-align: center;\"><a href=\"https:\/\/editorapangeia.com.br\/?s=alciene\"><img loading=\"lazy\" decoding=\"async\" class=\"alignnone size-medium wp-image-8131\" src=\"http:\/\/editorapangeia.com.br\/wp-content\/uploads\/2022\/02\/Tecela-300x300.png\" alt=\"\" width=\"300\" height=\"300\" srcset=\"https:\/\/editorapangeia.com.br\/wp-content\/uploads\/2022\/02\/Tecela-300x300.png 300w, https:\/\/editorapangeia.com.br\/wp-content\/uploads\/2022\/02\/Tecela-150x150.png 150w, https:\/\/editorapangeia.com.br\/wp-content\/uploads\/2022\/02\/Tecela-400x400.png 400w, https:\/\/editorapangeia.com.br\/wp-content\/uploads\/2022\/02\/Tecela-100x100.png 100w, https:\/\/editorapangeia.com.br\/wp-content\/uploads\/2022\/02\/Tecela-50x50.png 50w, https:\/\/editorapangeia.com.br\/wp-content\/uploads\/2022\/02\/Tecela.png 457w\" sizes=\"auto, (max-width: 300px) 100vw, 300px\" \/><\/a><\/p>\n<p style=\"text-align: center;\"><a href=\"https:\/\/editorapangeia.com.br\/?s=alciene\">Clique <span style=\"color: #ff0000;\"><strong>AQUI<\/strong><\/span> e conhe\u00e7a mais de<\/a><br \/>\n<a href=\"https:\/\/editorapangeia.com.br\/?s=alciene\">Alciene nos tr\u00eas selos da<\/a><br \/>\n<a href=\"https:\/\/editorapangeia.com.br\/?s=alciene\">Pangeia Editorial<\/a>.<\/p>\n<p>Confira lan\u00e7amentos em pr\u00e9-venda na Plataforma Gondwana da Pangeia Editorial:<\/p>\n<p>Clique <a href=\"https:\/\/editorapangeia.com.br\/gondwana-2\/\"><strong>AQUI<\/strong><\/a>.<\/p><\/blockquote>\n","protected":false},"excerpt":{"rendered":"<p><strong><em>Tecel\u00e3 de sonhos &amp; outras tramas<\/em><\/strong>,<br \/>\n<em>de Alciene Ribeiro Leite<\/em><\/p>\n<p>Com cinco hist\u00f3rias sens\u00edveis, narradas de diferentes modos, o livro traz linguagem po\u00e9tica, acess\u00edvel, em tramas singelas e surpreendentes. Essas cinco hist\u00f3rias foram escolhidas entre os mais de vinte livros infantojuvenis da premiada escritora, que teve em quarenta e cinco anos de carreira liter\u00e1ria muitos de seus livros selecionados em programas governamentais para leitura escolar e indicados para leitura de crian\u00e7as e jovens por institui\u00e7\u00f5es da \u00e1rea.<\/p>\n<p style=\"text-align: center;\"><img loading=\"lazy\" decoding=\"async\" class=\"alignnone size-medium wp-image-8178\" src=\"http:\/\/editorapangeia.com.br\/wp-content\/uploads\/2022\/02\/Alciene-e-Jun-300x300.jpeg\" alt=\"\" width=\"300\" height=\"300\" srcset=\"https:\/\/editorapangeia.com.br\/wp-content\/uploads\/2022\/02\/Alciene-e-Jun-300x300.jpeg 300w, https:\/\/editorapangeia.com.br\/wp-content\/uploads\/2022\/02\/Alciene-e-Jun-150x150.jpeg 150w, https:\/\/editorapangeia.com.br\/wp-content\/uploads\/2022\/02\/Alciene-e-Jun.jpeg 400w, https:\/\/editorapangeia.com.br\/wp-content\/uploads\/2022\/02\/Alciene-e-Jun-100x100.jpeg 100w, https:\/\/editorapangeia.com.br\/wp-content\/uploads\/2022\/02\/Alciene-e-Jun-50x50.jpeg 50w\" sizes=\"auto, (max-width: 300px) 100vw, 300px\" \/><\/p>\n","protected":false},"featured_media":8131,"comment_status":"open","ping_status":"closed","template":"","meta":[],"product_brand":[],"product_cat":[4080,4077],"product_tag":[568,134,612,1170,135,611,368,243,313,156,314,613,614],"class_list":{"0":"post-9074","1":"product","2":"type-product","3":"status-publish","4":"has-post-thumbnail","6":"product_cat-infantojuvenil","7":"product_cat-poesia","8":"product_tag-adolescencia","9":"product_tag-alciene-ribeiro","10":"product_tag-alciene-ribeiro-leite","11":"product_tag-cidadao-sociedade","12":"product_tag-contos","13":"product_tag-educacao-de-jovens-e-adultos","14":"product_tag-eja","15":"product_tag-escrita-feminina","16":"product_tag-infancia","17":"product_tag-literatura","18":"product_tag-memoria","19":"product_tag-narrativas-em-verso","20":"product_tag-velhice","21":"product_shipping_class-normal","23":"first","24":"instock","25":"taxable","26":"shipping-taxable","27":"product-type-grouped"},"_links":{"self":[{"href":"https:\/\/editorapangeia.com.br\/pt_br\/wp-json\/wp\/v2\/product\/9074","targetHints":{"allow":["GET"]}}],"collection":[{"href":"https:\/\/editorapangeia.com.br\/pt_br\/wp-json\/wp\/v2\/product"}],"about":[{"href":"https:\/\/editorapangeia.com.br\/pt_br\/wp-json\/wp\/v2\/types\/product"}],"replies":[{"embeddable":true,"href":"https:\/\/editorapangeia.com.br\/pt_br\/wp-json\/wp\/v2\/comments?post=9074"}],"wp:featuredmedia":[{"embeddable":true,"href":"https:\/\/editorapangeia.com.br\/pt_br\/wp-json\/wp\/v2\/media\/8131"}],"wp:attachment":[{"href":"https:\/\/editorapangeia.com.br\/pt_br\/wp-json\/wp\/v2\/media?parent=9074"}],"wp:term":[{"taxonomy":"product_brand","embeddable":true,"href":"https:\/\/editorapangeia.com.br\/pt_br\/wp-json\/wp\/v2\/product_brand?post=9074"},{"taxonomy":"product_cat","embeddable":true,"href":"https:\/\/editorapangeia.com.br\/pt_br\/wp-json\/wp\/v2\/product_cat?post=9074"},{"taxonomy":"product_tag","embeddable":true,"href":"https:\/\/editorapangeia.com.br\/pt_br\/wp-json\/wp\/v2\/product_tag?post=9074"}],"curies":[{"name":"wp","href":"https:\/\/api.w.org\/{rel}","templated":true}]}}