{"id":8915,"date":"2022-09-10T08:00:06","date_gmt":"2022-09-10T08:00:06","guid":{"rendered":"https:\/\/editorapangeia.com.br\/?post_type=product&#038;p=8915"},"modified":"2025-04-25T17:26:54","modified_gmt":"2025-04-25T17:26:54","slug":"o-mundo-colorido-da-meme","status":"publish","type":"product","link":"https:\/\/editorapangeia.com.br\/pt_br\/product\/o-mundo-colorido-da-meme\/","title":{"rendered":"O Mundo Colorido da Mem\u00ea, Amelie Segantini"},"content":{"rendered":"<p>&nbsp;<\/p>\n<blockquote>\n<p style=\"text-align: center;\">O MUNDO COLORIDO DA MEM\u00ca<\/p>\n<\/blockquote>\n<p>Meme fala da experi\u00eancia de escrever seu primeiro livro no <a href=\"https:\/\/youtu.be\/RfiucoO1Yvk\"><strong><span style=\"color: fuchsia;\">YouTube da Pangeia Editorial<\/span><\/strong><\/a>.<\/p>\n<p>Mem\u00ea \u00e9 uma blogueira com mais de 4000 seguidores em <a href=\"https:\/\/www.instagram.com\/amelie_segantini\/\"><span style=\"color: fuchsia;\">@amelie_segantini<\/span><\/a>.<\/p>\n<p>Amelie Segantini, a Mem\u00ea, uma jovem de 11 anos com muita hist\u00f3ria para contar, nos convida a ler <em><strong>O Mundo Colorido da Mem\u00ea<\/strong>, <\/em>de escrita criativa e envolvente, entre as cuidadosas fotos do \u00e1lbum de fam\u00edlia.<\/p>\n<p>O livro \u00e9 composto de escolhas da Mem\u00ea, texto, fotos, o projeto inicial inteiro, sua professora Aline nos contou que apenas criou condi\u00e7\u00f5es na sala de recursos da escola e a acompanhou, mas que tudo \u00e9 produ\u00e7\u00e3o dessa incans\u00e1vel contadora de hist\u00f3rias.<\/p>\n<p>Mem\u00ea escreveu sobre seu mundo, do nascimento aos dias de hoje, passando por suas aventuras e conquistas.<\/p>\n<p>Ao aderir a este projeto, voc\u00ea tamb\u00e9m colabora com a <span style=\"color: #ff00ff;\"><strong><a style=\"color: #ff00ff;\" href=\"https:\/\/nossacasa.org.br\/\">Nossa Casa<\/a><\/strong><\/span><strong>, <\/strong>a ONG que traz \u00e0 luz o conhecimento cient\u00edfico sobre a Paralisia Cerebral e AVC Infantil.<\/p>\n<p>&nbsp;<\/p>\n<p>SPOILER!, SPOILER!, SPOILER!!!&#8230;<\/p>\n<p>Eu j\u00e1 fiz v\u00e1rias viagens bem legais com meus pais.<br \/>\nMas a mais importante foi minha viagem para a&#8230;<br \/>\n(<strong>Mem\u00ea<\/strong>, Cap\u00edtulo 11, p. 71).<\/p>\n<p>Eu comecei a ter aula de dan\u00e7a com a minha &#8220;fisio&#8221; e professora, a Gl\u00f3ria. Foi muito importante para mim, pois me mostrou e mostrou para o mundo que, mesmo sendo cadeirante, eu posso fazer e ser o que eu quiser.<br \/>\n(<strong>Mem\u00ea<\/strong>, Cap\u00edtulo 4, p. 37).<\/p>\n<p>Eu acho que pirei.<br \/>\nBom, tudo come\u00e7ou assim.<br \/>\nEu postei nos meus <em>stories<\/em> que tinha conseguido&#8230;<br \/>\n(<strong>Mem\u00ea<\/strong>, Cap\u00edtulo 20, p. 105).<\/p>\n<p style=\"text-align: center;\"><strong>Para conhecer mais a Mem\u00ea,<\/strong><br \/>\n<a href=\"https:\/\/editorapangeia.com.br\/?s=Mem\u00ea\"><strong>Clique AQUI!<\/strong><\/a><\/p>\n<p style=\"text-align: center;\"><strong>Para conhecer o livro da Mem\u00ea,<\/strong><br \/>\n<a href=\"https:\/\/editorapangeia.com.br\/product\/o-mundo-colorido-da-meme\/\"><span style=\"color: #ff0000;\"><strong>Clique AQUI!!!<\/strong><\/span><\/a><\/p>\n","protected":false},"excerpt":{"rendered":"<p><img loading=\"lazy\" decoding=\"async\" class=\"size-medium wp-image-8896 alignleft\" src=\"http:\/\/editorapangeia.com.br\/wp-content\/uploads\/2022\/03\/Amelie-225x300.png\" alt=\"\" width=\"225\" height=\"300\" srcset=\"https:\/\/editorapangeia.com.br\/wp-content\/uploads\/2022\/03\/Amelie-225x300.png 225w, https:\/\/editorapangeia.com.br\/wp-content\/uploads\/2022\/03\/Amelie-300x400.png 300w, https:\/\/editorapangeia.com.br\/wp-content\/uploads\/2022\/03\/Amelie.png 442w\" sizes=\"auto, (max-width: 225px) 100vw, 225px\" \/><\/p>\n<p style=\"text-align: left;\" align=\"center\"><strong><em>O mundo colorido da Mem\u00ea<\/em><\/strong> \u00e9\u00a0um livro apaixonante.<\/p>\n<p style=\"text-align: left;\" align=\"center\">Recheado de imagens e de fotos, Mem\u00ea narra sua vida, do nascimento \u00e0 escrita do livro.<\/p>\n","protected":false},"featured_media":10616,"comment_status":"open","ping_status":"closed","template":"","meta":[],"product_brand":[],"product_cat":[4080],"product_tag":[1335,543,545,547,544,303,450,313,1336,542,1333,1334,1337,1332,546,569],"class_list":{"0":"post-8915","1":"product","2":"type-product","3":"status-publish","4":"has-post-thumbnail","6":"product_cat-infantojuvenil","7":"product_tag-aline-begossi","8":"product_tag-amelie-segantini","9":"product_tag-autobiografia","10":"product_tag-avc-infantil","11":"product_tag-biografia","12":"product_tag-edicoes-dionysius","13":"product_tag-inclusao","14":"product_tag-infancia","15":"product_tag-keila-segantini","16":"product_tag-meme","17":"product_tag-memorias","18":"product_tag-mobilidade","19":"product_tag-mundo-colorido-da-meme","20":"product_tag-nossa-casa","21":"product_tag-paralisia-cerebral","22":"product_tag-superacao","24":"first","25":"instock","26":"taxable","27":"shipping-taxable","28":"product-type-external"},"_links":{"self":[{"href":"https:\/\/editorapangeia.com.br\/pt_br\/wp-json\/wp\/v2\/product\/8915","targetHints":{"allow":["GET"]}}],"collection":[{"href":"https:\/\/editorapangeia.com.br\/pt_br\/wp-json\/wp\/v2\/product"}],"about":[{"href":"https:\/\/editorapangeia.com.br\/pt_br\/wp-json\/wp\/v2\/types\/product"}],"replies":[{"embeddable":true,"href":"https:\/\/editorapangeia.com.br\/pt_br\/wp-json\/wp\/v2\/comments?post=8915"}],"wp:featuredmedia":[{"embeddable":true,"href":"https:\/\/editorapangeia.com.br\/pt_br\/wp-json\/wp\/v2\/media\/10616"}],"wp:attachment":[{"href":"https:\/\/editorapangeia.com.br\/pt_br\/wp-json\/wp\/v2\/media?parent=8915"}],"wp:term":[{"taxonomy":"product_brand","embeddable":true,"href":"https:\/\/editorapangeia.com.br\/pt_br\/wp-json\/wp\/v2\/product_brand?post=8915"},{"taxonomy":"product_cat","embeddable":true,"href":"https:\/\/editorapangeia.com.br\/pt_br\/wp-json\/wp\/v2\/product_cat?post=8915"},{"taxonomy":"product_tag","embeddable":true,"href":"https:\/\/editorapangeia.com.br\/pt_br\/wp-json\/wp\/v2\/product_tag?post=8915"}],"curies":[{"name":"wp","href":"https:\/\/api.w.org\/{rel}","templated":true}]}}