{"id":8777,"date":"2022-03-25T14:52:12","date_gmt":"2022-03-25T14:52:12","guid":{"rendered":"https:\/\/editorapangeia.com.br\/?post_type=product&#038;p=8777"},"modified":"2025-01-16T13:53:49","modified_gmt":"2025-01-16T13:53:49","slug":"sol-de-pirlimpim-2","status":"publish","type":"product","link":"https:\/\/editorapangeia.com.br\/pt_br\/product\/sol-de-pirlimpim-2\/","title":{"rendered":"Sol de Pirlimpim, Adriana Aneli"},"content":{"rendered":"<p><em><strong>SOL DE PIRLIMPIM<\/strong>, de Adriana Aneli<\/em>, + Caderno Pedag\u00f3gico bil\u00edngue (portugu\u00eas e espanhol), por Adriana Elisa Bozeto, + Varal com desenhos para colorir<\/p>\n<p>&nbsp;<\/p>\n<p style=\"text-align: center;\"><img loading=\"lazy\" decoding=\"async\" class=\"alignnone size-medium wp-image-8778\" src=\"http:\/\/editorapangeia.com.br\/wp-content\/uploads\/2022\/03\/Adriana-Aneli-300x300.jpeg\" alt=\"\" width=\"300\" height=\"300\" srcset=\"https:\/\/editorapangeia.com.br\/wp-content\/uploads\/2022\/03\/Adriana-Aneli.jpeg 300w, https:\/\/editorapangeia.com.br\/wp-content\/uploads\/2022\/03\/Adriana-Aneli-150x150.jpeg 150w, https:\/\/editorapangeia.com.br\/wp-content\/uploads\/2022\/03\/Adriana-Aneli-100x100.jpeg 100w, https:\/\/editorapangeia.com.br\/wp-content\/uploads\/2022\/03\/Adriana-Aneli-50x50.jpeg 50w\" sizes=\"auto, (max-width: 300px) 100vw, 300px\" \/><\/p>\n<p>Baixe um cartaz do Pirlimpim para colorir &#8211; CLIQUE <a href=\"https:\/\/editorapangeia.com.br\/pirlimpim-para-colorir\/\"><span style=\"color: #ff0000;\"><strong>AQUI<\/strong><\/span><\/a>!<\/p>\n<p><i><em>de Adriana Aneli<\/em><\/i>,\u00a024 p., a cores, com Varal do Pirlimpim, elaborado por Adriana Elisa Bozzetto; o Varal tem tradu\u00e7\u00e3o para o espanhol por Fernanda Llanos; s\u00e3o 8 p. para colorir com canetinha ou l\u00e1pis de cor.<\/p>\n<p style=\"text-align: center;\">Conhe\u00e7a a Cole\u00e7\u00e3o LBC: clique <a href=\"https:\/\/editorapangeia.com.br\/?s=ler+brincar+criar\"><strong>AQUI<\/strong><\/a>.<\/p>\n<p style=\"text-align: center;\"><strong>Conhe\u00e7a a Gondwana, a plataforma de pr\u00e9-venda<\/strong><br \/>\n<strong>com financiamento coletivo da<\/strong><br \/>\n<strong>Pangeia Editorial:<\/strong><\/p>\n<p style=\"text-align: center;\"><strong><a href=\"https:\/\/editorapangeia.com.br\/gondwana-2\/\">AQUI<\/a>.<\/strong><\/p>\n<p style=\"text-align: center;\"><strong>OUTRAS INFORMA\u00c7\u00d5ES SOBRE ADRIANA ANELI:<br \/>\n<\/strong><img loading=\"lazy\" decoding=\"async\" class=\"alignnone size-medium wp-image-9062\" src=\"http:\/\/editorapangeia.com.br\/wp-content\/uploads\/2022\/03\/2989D8E3-BA76-4781-9D80-32849D2132FF-298x300.jpeg\" alt=\"\" width=\"298\" height=\"300\" srcset=\"https:\/\/editorapangeia.com.br\/wp-content\/uploads\/2022\/03\/2989D8E3-BA76-4781-9D80-32849D2132FF-298x300.jpeg 298w, https:\/\/editorapangeia.com.br\/wp-content\/uploads\/2022\/03\/2989D8E3-BA76-4781-9D80-32849D2132FF-150x150.jpeg 150w, https:\/\/editorapangeia.com.br\/wp-content\/uploads\/2022\/03\/2989D8E3-BA76-4781-9D80-32849D2132FF-100x100.jpeg 100w, https:\/\/editorapangeia.com.br\/wp-content\/uploads\/2022\/03\/2989D8E3-BA76-4781-9D80-32849D2132FF-397x400.jpeg 397w, https:\/\/editorapangeia.com.br\/wp-content\/uploads\/2022\/03\/2989D8E3-BA76-4781-9D80-32849D2132FF-50x50.jpeg 50w, https:\/\/editorapangeia.com.br\/wp-content\/uploads\/2022\/03\/2989D8E3-BA76-4781-9D80-32849D2132FF.jpeg 501w\" sizes=\"auto, (max-width: 298px) 100vw, 298px\" \/><br \/>\n<a href=\"https:\/\/editorapangeia.com.br\/?s=Adriana+aneli\"><strong>A autora de <em>Sol<\/em><\/strong><\/a><br \/>\n<a href=\"https:\/\/editorapangeia.com.br\/?s=Adriana+aneli\"><em><strong>de Pirlimpim<\/strong><\/em><\/a><\/p>\n","protected":false},"excerpt":{"rendered":"<p><strong>Sol de Pirlimpim<\/strong><em>,<br \/>\nde Adriana Aneli<\/em>,<br \/>\ncom Caderno Pedag\u00f3gico, por Adriana Elisa Bozeto, que traz varal com desenhos para colorir.<\/p>\n<p>Pirlimpim \u00e9 filho de um cometa e vive no espa\u00e7o. Encarregado de distribuir brilho entre os astros, um dia ele conhece uma pequena estrela que est\u00e1 se apagando e se apaixona por seu canto.<\/p>\n<p>Poder\u00e1 Pirlimpim salvar o Sol?<\/p>\n<p>Ele arriscar\u00e1 tudo em nome desse amor?<\/p>\n<p>O que far\u00e1 o Sol quando se tornar a estrela mais brilhante do Universo?<\/p>\n<p>Uma lenda de amor, gratid\u00e3o e transforma\u00e7\u00e3o, contada em desenhos coloridos e atividades interativas. A autora vai al\u00e9m do texto e assina, tamb\u00e9m, o projeto visual e as ilustra\u00e7\u00f5es, que foram retrabalhadas por Willia Katia Oliveira.<\/p>\n<p>O livro \u00e9 bil\u00edngue, com a vers\u00e3o para o espanhol e a revis\u00e3o dos textos realizadas por Paulo Bentancur. A vers\u00e3o em castelhano do Varal \u00e9 de Fernanda Llanos.<\/p>\n<p style=\"text-align: center;\"><img loading=\"lazy\" decoding=\"async\" class=\"alignnone size-medium wp-image-8127\" src=\"http:\/\/editorapangeia.com.br\/wp-content\/uploads\/2022\/02\/Pirlimpim-300x300.png\" alt=\"\" width=\"300\" height=\"300\" srcset=\"https:\/\/editorapangeia.com.br\/wp-content\/uploads\/2022\/02\/Pirlimpim-300x300.png 300w, https:\/\/editorapangeia.com.br\/wp-content\/uploads\/2022\/02\/Pirlimpim-150x150.png 150w, https:\/\/editorapangeia.com.br\/wp-content\/uploads\/2022\/02\/Pirlimpim-400x400.png 400w, https:\/\/editorapangeia.com.br\/wp-content\/uploads\/2022\/02\/Pirlimpim-100x100.png 100w, https:\/\/editorapangeia.com.br\/wp-content\/uploads\/2022\/02\/Pirlimpim-50x50.png 50w, https:\/\/editorapangeia.com.br\/wp-content\/uploads\/2022\/02\/Pirlimpim.png 425w\" sizes=\"auto, (max-width: 300px) 100vw, 300px\" \/><\/p>\n","protected":false},"featured_media":8127,"comment_status":"open","ping_status":"closed","template":"","meta":[],"product_brand":[],"product_cat":[4080],"product_tag":[512,511,366,453,351,367,347,565,111,566,564],"class_list":{"0":"post-8777","1":"product","2":"type-product","3":"status-publish","4":"has-post-thumbnail","6":"product_cat-infantojuvenil","7":"product_tag-adriana-aneli","8":"product_tag-bilingue","9":"product_tag-edicoes-sarue","10":"product_tag-educacao","11":"product_tag-ensino","12":"product_tag-literatura-infantojuvenil","13":"product_tag-pedagogia","14":"product_tag-pirlimpim","15":"product_tag-poesia","16":"product_tag-varal-de-atividades","17":"product_tag-willia-katia-oliveira","18":"product_shipping_class-normal","20":"first","21":"instock","22":"sale","23":"taxable","24":"shipping-taxable","25":"product-type-grouped"},"_links":{"self":[{"href":"https:\/\/editorapangeia.com.br\/pt_br\/wp-json\/wp\/v2\/product\/8777","targetHints":{"allow":["GET"]}}],"collection":[{"href":"https:\/\/editorapangeia.com.br\/pt_br\/wp-json\/wp\/v2\/product"}],"about":[{"href":"https:\/\/editorapangeia.com.br\/pt_br\/wp-json\/wp\/v2\/types\/product"}],"replies":[{"embeddable":true,"href":"https:\/\/editorapangeia.com.br\/pt_br\/wp-json\/wp\/v2\/comments?post=8777"}],"wp:featuredmedia":[{"embeddable":true,"href":"https:\/\/editorapangeia.com.br\/pt_br\/wp-json\/wp\/v2\/media\/8127"}],"wp:attachment":[{"href":"https:\/\/editorapangeia.com.br\/pt_br\/wp-json\/wp\/v2\/media?parent=8777"}],"wp:term":[{"taxonomy":"product_brand","embeddable":true,"href":"https:\/\/editorapangeia.com.br\/pt_br\/wp-json\/wp\/v2\/product_brand?post=8777"},{"taxonomy":"product_cat","embeddable":true,"href":"https:\/\/editorapangeia.com.br\/pt_br\/wp-json\/wp\/v2\/product_cat?post=8777"},{"taxonomy":"product_tag","embeddable":true,"href":"https:\/\/editorapangeia.com.br\/pt_br\/wp-json\/wp\/v2\/product_tag?post=8777"}],"curies":[{"name":"wp","href":"https:\/\/api.w.org\/{rel}","templated":true}]}}