{"id":8773,"date":"2022-12-10T15:13:42","date_gmt":"2022-12-10T15:13:42","guid":{"rendered":"https:\/\/editorapangeia.com.br\/?post_type=product&#038;p=8773"},"modified":"2025-05-24T13:38:22","modified_gmt":"2025-05-24T13:38:22","slug":"ontem-agora-nunca-pdf-e-livro","status":"publish","type":"product","link":"https:\/\/editorapangeia.com.br\/pt_br\/product\/ontem-agora-nunca-pdf-e-livro\/","title":{"rendered":"Ontem Agora Nunca, Carlos Rodrigues Brand\u00e3o"},"content":{"rendered":"<p><em><strong>Ontem, Agora, Nunca: poemas e perguntas sobre tudo e nada<\/strong><\/em>, de Carlos Rodrigues Brand\u00e3o, com <strong><a href=\"http:\/\/Link permanente: https:\/\/editorapangeia.com.br\/ontem-agora-nunca-caderno-pedagogico\/ \u200e\">Caderno Pedag\u00f3gico<\/a><\/strong> no Blog da Pangeia.<\/p>\n<p style=\"text-align: center;\"><img loading=\"lazy\" decoding=\"async\" class=\"alignnone size-medium wp-image-8774 aligncenter\" src=\"http:\/\/editorapangeia.com.br\/wp-content\/uploads\/2022\/03\/brandao-300x300.jpeg\" alt=\"\" width=\"300\" height=\"300\" srcset=\"https:\/\/editorapangeia.com.br\/wp-content\/uploads\/2022\/03\/brandao.jpeg 300w, https:\/\/editorapangeia.com.br\/wp-content\/uploads\/2022\/03\/brandao-150x150.jpeg 150w, https:\/\/editorapangeia.com.br\/wp-content\/uploads\/2022\/03\/brandao-100x100.jpeg 100w, https:\/\/editorapangeia.com.br\/wp-content\/uploads\/2022\/03\/brandao-50x50.jpeg 50w\" sizes=\"auto, (max-width: 300px) 100vw, 300px\" \/><br \/>\n<strong>Veja mais informa\u00e7\u00f5es sobre o livro:<br \/>\n<a href=\"https:\/\/editorapangeia.com.br\/ontem-agora-nunca-caderno-pedagogico\/\"><span style=\"color: #ff0000;\">AQUI<\/span><\/a>!<\/strong><\/p>\n<blockquote>\n<p style=\"text-align: center;\">Para EJA,<br \/>\npara Ensino M\u00e9dio,<br \/>\npara\u00a0alunos avan\u00e7ados em leitura,<br \/>\npara grandes desafios.<\/p>\n<p><img loading=\"lazy\" decoding=\"async\" class=\"size-medium wp-image-9128 aligncenter\" src=\"http:\/\/editorapangeia.com.br\/wp-content\/uploads\/2022\/04\/Imagem-04-04-2022-as-10.57-300x297.jpg\" alt=\"\" width=\"300\" height=\"297\" srcset=\"https:\/\/editorapangeia.com.br\/wp-content\/uploads\/2022\/04\/Imagem-04-04-2022-as-10.57-300x297.jpg 300w, https:\/\/editorapangeia.com.br\/wp-content\/uploads\/2022\/04\/Imagem-04-04-2022-as-10.57-150x150.jpg 150w, https:\/\/editorapangeia.com.br\/wp-content\/uploads\/2022\/04\/Imagem-04-04-2022-as-10.57-768x760.jpg 768w, https:\/\/editorapangeia.com.br\/wp-content\/uploads\/2022\/04\/Imagem-04-04-2022-as-10.57-700x693.jpg 700w, https:\/\/editorapangeia.com.br\/wp-content\/uploads\/2022\/04\/Imagem-04-04-2022-as-10.57-100x100.jpg 100w, https:\/\/editorapangeia.com.br\/wp-content\/uploads\/2022\/04\/Imagem-04-04-2022-as-10.57-400x396.jpg 400w, https:\/\/editorapangeia.com.br\/wp-content\/uploads\/2022\/04\/Imagem-04-04-2022-as-10.57-50x50.jpg 50w, https:\/\/editorapangeia.com.br\/wp-content\/uploads\/2022\/04\/Imagem-04-04-2022-as-10.57.jpg 1010w\" sizes=\"auto, (max-width: 300px) 100vw, 300px\" \/><\/p><\/blockquote>\n<p>Confira lan\u00e7amentos em pr\u00e9-venda na Plataforma Gondwana da Pangeia Editorial:<\/p>\n<p>Clique <a href=\"https:\/\/editorapangeia.com.br\/gondwana-2\/\"><strong>AQUI<\/strong><\/a>.<\/p>\n","protected":false},"excerpt":{"rendered":"<p><strong><em>Ontem, Agora, Nunca<\/em><\/strong>,<br \/>\n<em>de Carlos Rodrigues Brand\u00e3o<\/em>,<br \/>\n32 p., a cores, com Caderno Pedag\u00f3gico no Blog da Pangeia<\/p>\n<p>O autor escreve em parceria com as fotografias de seu filho Andr\u00e9 Brand\u00e3o.<\/p>\n<p>\u00c9 um livro de perguntas sobre tudo e nada, \u00e9 um livro em que o t\u00edtulo j\u00e1 diz tudo.<\/p>\n<p>S\u00e3o poemas carregados de perguntas sobre o \u201ctudo\u201d, sobre o \u201cnada\u201d, sobre o \u201ctempo\u201d, sobre a \u201cvida\u201d e tudo o mais.<\/p>\n<p>Parte do suposto que, por mais que os adultos adorem \u201cinfantilizar\u201d as crian\u00e7as, dentro de cada uma (mais do que dentro dos jovens) mora uma artista, uma poeta e uma fil\u00f3sofa.<\/p>\n<p>N\u00e3o s\u00e3o poemas para \u201cgostar e achar gra\u00e7a\u201d. S\u00e3o poemas para pensar e resolver se vale a pena gostar. As crian\u00e7as pensam.<\/p>\n<p><img loading=\"lazy\" decoding=\"async\" class=\"alignnone size-medium wp-image-8123 aligncenter\" src=\"http:\/\/editorapangeia.com.br\/wp-content\/uploads\/2022\/02\/Ontem-Agora-Nunca-300x300.png\" alt=\"\" width=\"300\" height=\"300\" srcset=\"https:\/\/editorapangeia.com.br\/wp-content\/uploads\/2022\/02\/Ontem-Agora-Nunca-300x300.png 300w, https:\/\/editorapangeia.com.br\/wp-content\/uploads\/2022\/02\/Ontem-Agora-Nunca-150x150.png 150w, https:\/\/editorapangeia.com.br\/wp-content\/uploads\/2022\/02\/Ontem-Agora-Nunca-400x398.png 400w, https:\/\/editorapangeia.com.br\/wp-content\/uploads\/2022\/02\/Ontem-Agora-Nunca-100x100.png 100w, https:\/\/editorapangeia.com.br\/wp-content\/uploads\/2022\/02\/Ontem-Agora-Nunca-50x50.png 50w, https:\/\/editorapangeia.com.br\/wp-content\/uploads\/2022\/02\/Ontem-Agora-Nunca.png 411w\" sizes=\"auto, (max-width: 300px) 100vw, 300px\" \/><\/p>\n","protected":false},"featured_media":8123,"comment_status":"open","ping_status":"closed","template":"","meta":[],"product_brand":[],"product_cat":[4080,4077],"product_tag":[230,509,1170,366,231,510,380,508,111,571,570],"class_list":{"0":"post-8773","1":"product","2":"type-product","3":"status-publish","4":"has-post-thumbnail","6":"product_cat-infantojuvenil","7":"product_cat-poesia","8":"product_tag-antropologia","9":"product_tag-brandao","10":"product_tag-cidadao-sociedade","11":"product_tag-edicoes-sarue","12":"product_tag-filosofia","13":"product_tag-fotografias","14":"product_tag-historia","15":"product_tag-poemas-infantojuvenis","16":"product_tag-poesia","17":"product_tag-reflexao","18":"product_tag-sociologia","20":"first","21":"instock","22":"sale","23":"taxable","24":"shipping-taxable","25":"product-type-grouped"},"_links":{"self":[{"href":"https:\/\/editorapangeia.com.br\/pt_br\/wp-json\/wp\/v2\/product\/8773","targetHints":{"allow":["GET"]}}],"collection":[{"href":"https:\/\/editorapangeia.com.br\/pt_br\/wp-json\/wp\/v2\/product"}],"about":[{"href":"https:\/\/editorapangeia.com.br\/pt_br\/wp-json\/wp\/v2\/types\/product"}],"replies":[{"embeddable":true,"href":"https:\/\/editorapangeia.com.br\/pt_br\/wp-json\/wp\/v2\/comments?post=8773"}],"wp:featuredmedia":[{"embeddable":true,"href":"https:\/\/editorapangeia.com.br\/pt_br\/wp-json\/wp\/v2\/media\/8123"}],"wp:attachment":[{"href":"https:\/\/editorapangeia.com.br\/pt_br\/wp-json\/wp\/v2\/media?parent=8773"}],"wp:term":[{"taxonomy":"product_brand","embeddable":true,"href":"https:\/\/editorapangeia.com.br\/pt_br\/wp-json\/wp\/v2\/product_brand?post=8773"},{"taxonomy":"product_cat","embeddable":true,"href":"https:\/\/editorapangeia.com.br\/pt_br\/wp-json\/wp\/v2\/product_cat?post=8773"},{"taxonomy":"product_tag","embeddable":true,"href":"https:\/\/editorapangeia.com.br\/pt_br\/wp-json\/wp\/v2\/product_tag?post=8773"}],"curies":[{"name":"wp","href":"https:\/\/api.w.org\/{rel}","templated":true}]}}