{"id":873,"date":"2019-05-16T13:40:04","date_gmt":"2019-05-16T13:40:04","guid":{"rendered":"https:\/\/editorapangeia.com.br\/?post_type=product&#038;p=873"},"modified":"2025-01-20T13:59:48","modified_gmt":"2025-01-20T13:59:48","slug":"mulher-explicita","status":"publish","type":"product","link":"https:\/\/editorapangeia.com.br\/pt_br\/product\/mulher-explicita\/","title":{"rendered":"Mulher Expl\u00edcita, 1\u00aa edi\u00e7\u00e3o, Alciene Ribeiro"},"content":{"rendered":"<p><strong>Frases destacadas do <em>Mulher Expl\u00edcita<\/em><\/strong>:<\/p>\n<p>&#8220;Dessas Marias que, sendo mulheres, submetem-se \u00e0s leis dos senhores seus companheiros.&#8221;<\/p>\n<p>&#8220;Vomito tudo que ruminei esse tempo com o ardido da vergonha, o sal do desprezo, o amargo da dor.&#8221;<\/p>\n<p>&#8220;Minha saudade dispensa bengala.&#8221;<\/p>\n<p>&#8220;Nada mais conta, sen\u00e3o o pacto com a consci\u00eancia.&#8221;<\/p>\n<p>Integram o\u00a0<em><strong>Mulher Expl\u00edcita<\/strong><\/em> diversos contos emblem\u00e1ticos, entre os quais est\u00e3o &#8220;Ave Maria das Gra\u00e7as Santos&#8221;, &#8220;Bon\u00e9 vermelho&#8221; (simplesmente a melhor recria\u00e7\u00e3o do &#8220;Chapeuzinho Vermelho&#8221; na literatura brasileira em todos os tempos), &#8220;Vinte anos de Am\u00e9lia&#8221;, o premiado &#8220;Mulher em recesso&#8221;e o j\u00e1 cl\u00e1ssico &#8220;Independ\u00eancia e morte&#8221;, para citarmos somente cinco contos.<\/p>\n<p style=\"text-align: center;\">Livro com posf\u00e1cio assinado por Rauer Ribeiro Rodrigues,<br \/>\ncom informa\u00e7\u00f5es biogr\u00e1ficas da autora, lista de<br \/>\nlivros publicados, pr\u00eamios que Alciene<br \/>\nRibeiro Leite recebeu e ainda<br \/>\nhist\u00f3rico dos contos.<\/p>\n<p style=\"text-align: center;\"><img loading=\"lazy\" decoding=\"async\" class=\"alignnone size-full wp-image-7121\" src=\"http:\/\/editorapangeia.com.br\/wp-content\/uploads\/2021\/09\/alciene.jpg\" alt=\"\" width=\"301\" height=\"223\" \/><br \/>\n<em>Alciene no lan\u00e7amento do<br \/>\n<strong>Mulher Expl\u00edcita<\/strong><\/em><\/p>\n<blockquote>\n<p style=\"text-align: center;\">Para mais informa\u00e7\u00f5es sobre a escritora Alciene Ribeiro Leite<\/p>\n<p style=\"text-align: center;\"><span style=\"color: #ff0000;\"><a style=\"color: #ff0000;\" href=\"https:\/\/editorapangeia.com.br\/pt_br\/?s=alciene\">Clique<\/a><a style=\"color: #ff0000;\" href=\"https:\/\/editorapangeia.com.br\/minimus-da-alciene\/\"><strong>AQUI<\/strong><\/a><\/span>.<\/p>\n<\/blockquote>\n","protected":false},"excerpt":{"rendered":"<p>\u201cAo espelho, o lil\u00e1s olhar esquadrinhou beleza ainda poss\u00edvel. Tinta loira no grisalho incipiente deu o alvar\u00e1 da transgress\u00e3o: marido violento e infiel, mulher quebra a gaiola. E a por\u00e7\u00e3o-madalena bradou a licen\u00e7a de tudo poder.\u201d (Do <strong><em>Mulher Expl\u00edcita<\/em><\/strong>, de Alciene Ribeiro Leite).<\/p>\n<p>Este livro \u00e9 o primeiro de trilogia que prev\u00ea para breve os livros\u00a0<em><strong>Mulher Plural<\/strong><\/em><em>\u00a0<\/em>e\u00a0<em><strong>Mulher &amp; Cia<\/strong><\/em>. Nesses livros, Alciene retoma todos os contos de seus livros anteriores e os redistribui, acrescentando contos publicados em antologias, jornais e blogs, e ainda contos in\u00e9ditos. Os microcontos \u2013 g\u00eanero de narrativa ultracurta em que a escritora vem se destacando nos \u00faltimos anos \u2013 comp\u00f5em dois outros livros,\u00a0<em><strong>minimus<\/strong>,<\/em> cuja 2\u00aa edi\u00e7\u00e3o sair\u00e1 no primeiro semestre de 2022, e\u00a0<em><strong>Mulher em dr\u00e1geas<\/strong><\/em>, ainda sem data prevista de lan\u00e7amento.<\/p>\n<p>Livro fundamental, com todos os contos revisados e contos in\u00e9ditos, narrativas que desvelam contexto e reflex\u00f5es da mulher brasileira no s\u00e9culo XX e no s\u00e9culo XXI. Muitos dos contos integravam o livro de estreia de Alciene Ribeiro Leite, de 1978, obra com a qual recebeu pr\u00eamio da Uni\u00e3o Brasileira de Escritores de S\u00e3o Paulo de melhor livro de contos do ano.<\/p>\n<p>Lan\u00e7ado no primeiro semestre de 2019,\u00a0<em><strong>Mulher Expl\u00edcita\u00a0<\/strong><\/em>de imediato passou a ser lido na universidade, e acumula estudos que geram TCC, disserta\u00e7\u00f5es e teses. Um livro simplesmente obrigat\u00f3rio, por sua for\u00e7a na defesa do feminino, por seu alto teor po\u00e9tico, por sua linguagem absolutamente pessoal e original.<\/p>\n","protected":false},"featured_media":874,"comment_status":"open","ping_status":"closed","template":"","meta":[],"product_brand":[],"product_cat":[4076],"product_tag":[134,612,760,1170,754,755,756,759,176,243,186,175,149,174,758,757,162,112,476],"class_list":{"0":"post-873","1":"product","2":"type-product","3":"status-publish","4":"has-post-thumbnail","6":"product_cat-contos","7":"product_tag-alciene-ribeiro","8":"product_tag-alciene-ribeiro-leite","9":"product_tag-autora-premiada","10":"product_tag-cidadao-sociedade","11":"product_tag-conto","12":"product_tag-dados-biograficos","13":"product_tag-edson-angelo-muniz","14":"product_tag-emancipacao","15":"product_tag-erotismo","16":"product_tag-escrita-feminina","17":"product_tag-feminismo","18":"product_tag-genero","19":"product_tag-gplv","20":"product_tag-mulher","21":"product_tag-mulher-explicita","22":"product_tag-mulheres","23":"product_tag-natalia-tano-portela","24":"product_tag-rauer","25":"product_tag-rauer-ribeiro-rodrigues","26":"product_shipping_class-normal","27":"pa_autor-alciene-ribeiro","29":"first","30":"instock","31":"shipping-taxable","32":"purchasable","33":"product-type-simple"},"_links":{"self":[{"href":"https:\/\/editorapangeia.com.br\/pt_br\/wp-json\/wp\/v2\/product\/873","targetHints":{"allow":["GET"]}}],"collection":[{"href":"https:\/\/editorapangeia.com.br\/pt_br\/wp-json\/wp\/v2\/product"}],"about":[{"href":"https:\/\/editorapangeia.com.br\/pt_br\/wp-json\/wp\/v2\/types\/product"}],"replies":[{"embeddable":true,"href":"https:\/\/editorapangeia.com.br\/pt_br\/wp-json\/wp\/v2\/comments?post=873"}],"wp:featuredmedia":[{"embeddable":true,"href":"https:\/\/editorapangeia.com.br\/pt_br\/wp-json\/wp\/v2\/media\/874"}],"wp:attachment":[{"href":"https:\/\/editorapangeia.com.br\/pt_br\/wp-json\/wp\/v2\/media?parent=873"}],"wp:term":[{"taxonomy":"product_brand","embeddable":true,"href":"https:\/\/editorapangeia.com.br\/pt_br\/wp-json\/wp\/v2\/product_brand?post=873"},{"taxonomy":"product_cat","embeddable":true,"href":"https:\/\/editorapangeia.com.br\/pt_br\/wp-json\/wp\/v2\/product_cat?post=873"},{"taxonomy":"product_tag","embeddable":true,"href":"https:\/\/editorapangeia.com.br\/pt_br\/wp-json\/wp\/v2\/product_tag?post=873"}],"curies":[{"name":"wp","href":"https:\/\/api.w.org\/{rel}","templated":true}]}}