{"id":8538,"date":"2019-12-24T06:00:32","date_gmt":"2019-12-24T06:00:32","guid":{"rendered":"https:\/\/editorapangeia.com.br\/?post_type=product&#038;p=8538"},"modified":"2025-09-15T13:37:00","modified_gmt":"2025-09-15T13:37:00","slug":"literatura-em-movimento-pesquisa-e-investigacao-6-epub-pdf","status":"publish","type":"product","link":"https:\/\/editorapangeia.com.br\/pt_br\/product\/literatura-em-movimento-pesquisa-e-investigacao-6-epub-pdf\/","title":{"rendered":"PPG-UFF \/ CAPES &#8211; Literatura em Movimento: Pesquisa e Investiga\u00e7\u00e3o 6"},"content":{"rendered":"<p>Este \u00e9 o volume 6 da Cole\u00e7\u00e3o LITERATURA EM MOVIMENTO &#8211; Pesquisa e Investiga\u00e7\u00e3o, do Programa de P\u00f3s-Gradua\u00e7\u00e3o em Estudos Liter\u00e1rios da Universidade Federal Fluminense, UFF; acolhendo, agora, as reflex\u00f5es da XI Edi\u00e7\u00e3o do Semin\u00e1rio dos Alunos do Programa de P\u00f3s-Gradua\u00e7\u00e3o em Estudos de Literatura da UFF.<\/p>\n","protected":false},"excerpt":{"rendered":"<p>Organizado por Andr\u00e9 Dias, este 6\u00ba volume da S\u00e9rie Literatura em Movimento: Pesquisa e Investiga\u00e7\u00e3o, \u00e9 assim apresentado:<\/p>\n<div class=\"page\" title=\"Page 7\">\n<div class=\"layoutArea\">\n<div class=\"column\">\n<div class=\"page\" title=\"Page 6\">\n<div class=\"layoutArea\">\n<div class=\"column\">\n<div class=\"page\" title=\"Page 9\">\n<div class=\"layoutArea\">\n<div class=\"column\">\n<p style=\"padding-left: 40px;\">ao leitor inquieto e\u0301 dado desfrutar da experie\u0302ncia da mutabilidade a partir do contato com a literatura, ao pesquisador do campo litera\u0301rio compete o primado da impermane\u0302ncia. Dito de outro modo, o mesmo espi\u0301rito sedicioso que habita os escritos litera\u0301rios deve presidir o trabalho acade\u0302mico a fim de que se chegue a um resultado consistente da pesquisa. Sem, no entanto, esquecer que a consiste\u0302ncia de hoje e\u0301 candidata a volatilidade de amanha\u0303, ao ser submetida permanentemente ao exame e reexame. Assim, e\u0301 balizado o imperativo do movimento, princi\u0301pio decisivo e indispensa\u0301vel para o desenvolvimento de uma pesquisa acade\u0302mica relevante no campo dos estudos litera\u0301rios.<\/p>\n<p style=\"padding-left: 40px;\">Os textos reunidos neste Volume 6 da colec\u0327a\u0303o Literatura e movimento: pesquisa e investigac\u0327a\u0303o nascem marcados pelo dia\u0301logo de muitas vozes: dos orientadores das dissertac\u0327o\u0303es e teses em andamento, dos colegas de gerac\u0327a\u0303o de Po\u0301s-Graduac\u0327a\u0303o, dos professores convidados como debatedores no Semina\u0301rio dos Alunos de Po\u0301s-Graduac\u0327a\u0303o do Instituto de Letras da UFF, pelos docentes do PPG em Estudos de Literatura da UFF, entre outras. Todas essas vozes formam um coro que convida a\u0300 leitura das pesquisas apresentadas e convoca o leitor a avaliar se aqui habita o indispensa\u0301vel imperativo do movimento. Assim, a existe\u0302ncia pede passagem.<\/p>\n<\/div>\n<\/div>\n<\/div>\n<\/div>\n<\/div>\n<\/div>\n<p>A Cole\u00e7\u00e3o \u00e9 composta, no momento, por seis volumes; os tr\u00eas primeiros, somente em ePub; os tr\u00eas mais recentes, em ePub e em PDF. Trata-se de um reposit\u00f3rio inestim\u00e1vel, agora com centenas de estudos liter\u00e1rios, com diversificado referencial te\u00f3rico, multiplicidade de\u00a0<em>corpus<strong>\u00a0<\/strong><\/em>e variados enfoques metodol\u00f3gicos. Confira.<\/p>\n<\/div>\n<\/div>\n<\/div>\n","protected":false},"featured_media":13796,"comment_status":"open","ping_status":"closed","template":"","meta":[],"product_brand":[],"product_cat":[4081,4828],"product_tag":[2151,192,496,264,495,182,183,494,434,493],"class_list":{"0":"post-8538","1":"product","2":"type-product","3":"status-publish","4":"has-post-thumbnail","6":"product_cat-estudosliterarios","7":"product_cat-livrosgratis","8":"product_tag-capes","9":"product_tag-critica-literaria","10":"product_tag-critica-teatral","11":"product_tag-estudos-literarios","12":"product_tag-historia-da-literatura","13":"product_tag-literatura-em-movimento","14":"product_tag-pesquisa-e-investigacao","15":"product_tag-sappil","16":"product_tag-teoria-da-literatura","17":"product_tag-uff-universidade-federal-fluminense","19":"first","20":"instock","21":"taxable","22":"shipping-taxable","23":"product-type-grouped"},"_links":{"self":[{"href":"https:\/\/editorapangeia.com.br\/pt_br\/wp-json\/wp\/v2\/product\/8538","targetHints":{"allow":["GET"]}}],"collection":[{"href":"https:\/\/editorapangeia.com.br\/pt_br\/wp-json\/wp\/v2\/product"}],"about":[{"href":"https:\/\/editorapangeia.com.br\/pt_br\/wp-json\/wp\/v2\/types\/product"}],"replies":[{"embeddable":true,"href":"https:\/\/editorapangeia.com.br\/pt_br\/wp-json\/wp\/v2\/comments?post=8538"}],"wp:featuredmedia":[{"embeddable":true,"href":"https:\/\/editorapangeia.com.br\/pt_br\/wp-json\/wp\/v2\/media\/13796"}],"wp:attachment":[{"href":"https:\/\/editorapangeia.com.br\/pt_br\/wp-json\/wp\/v2\/media?parent=8538"}],"wp:term":[{"taxonomy":"product_brand","embeddable":true,"href":"https:\/\/editorapangeia.com.br\/pt_br\/wp-json\/wp\/v2\/product_brand?post=8538"},{"taxonomy":"product_cat","embeddable":true,"href":"https:\/\/editorapangeia.com.br\/pt_br\/wp-json\/wp\/v2\/product_cat?post=8538"},{"taxonomy":"product_tag","embeddable":true,"href":"https:\/\/editorapangeia.com.br\/pt_br\/wp-json\/wp\/v2\/product_tag?post=8538"}],"curies":[{"name":"wp","href":"https:\/\/api.w.org\/{rel}","templated":true}]}}