{"id":8532,"date":"2019-12-24T05:00:08","date_gmt":"2019-12-24T05:00:08","guid":{"rendered":"https:\/\/editorapangeia.com.br\/?post_type=product&#038;p=8532"},"modified":"2025-09-15T13:36:34","modified_gmt":"2025-09-15T13:36:34","slug":"literatura-em-movimento-pesquisa-e-investigacao-5-epub-pdf","status":"publish","type":"product","link":"https:\/\/editorapangeia.com.br\/pt_br\/product\/literatura-em-movimento-pesquisa-e-investigacao-5-epub-pdf\/","title":{"rendered":"PPG-UFF \/ CAPES &#8211; Literatura em Movimento: Pesquisa e Investiga\u00e7\u00e3o 5"},"content":{"rendered":"<p>Este \u00e9 o volume 5 da Cole\u00e7\u00e3o LITERATURA EM MOVIMENTO &#8211; Pesquisa e Investiga\u00e7\u00e3o, do Programa de P\u00f3s-Gradua\u00e7\u00e3o em Estudos Liter\u00e1rios da Universidade Federal Fluminense, UFF; acolhendo, agora, as reflex\u00f5es da XI Edi\u00e7\u00e3o do Semin\u00e1rio dos Alunos do Programa de P\u00f3s-Gradua\u00e7\u00e3o em Estudos de Literatura da UFF.<\/p>\n","protected":false},"excerpt":{"rendered":"<p>Organizado por Vitor Alevato do Amaral, este 5\u00ba volume da S\u00e9rie Literatura em Movimento: Pesquisa e Investiga\u00e7\u00e3o, \u00e9 assim apresentado:<\/p>\n<p style=\"padding-left: 40px;\">Uma pessoa que se chame pesquisadora e\u0301 algue\u0301m que, movido pela curiosidade intelectual, busca. Essa busca na\u0303o e\u0301 tanto por respostas quanto pelas descobertas decorrentes do aprofundamento nas questo\u0303es humanas das quais a curiosidade nos aproxima e nas quais a busca nos faz aprofundar. Seu horizonte na\u0303o e\u0301 o amanha\u0303, mas sempre o depois de amanha\u0303.<\/p>\n<div class=\"page\" title=\"Page 7\">\n<div class=\"layoutArea\">\n<div class=\"column\">\n<div class=\"page\" title=\"Page 6\">\n<div class=\"layoutArea\">\n<div class=\"column\">\n<p style=\"padding-left: 40px;\">Na academia, onde acontece a maior parte da pesquisa das humanidades, ela segue rituais e se ajusta a padro\u0303es que va\u0303o desde o nu\u0301mero de pa\u0301ginas ate\u0301 o registro adequado. Aparentemente, isso da\u0301 conta de como ela deve ser apresentada e na\u0303o do que ela trata. Mas, se na arte fundo e forma se confundem, na pesquisa eles tambe\u0301m se aproximam. Tanto que notamos algumas rebeldias: a primeira pessoa do singular vem ganhando espac\u0327o, o tal \u201cargumento de autoridade\u201d vem sendo substitui\u0301do pela problematizac\u0327a\u0303o desse mesmo argumento, a \u201caplicac\u0327a\u0303o\u201d de teoria vem sendo repensada como limitadora da visa\u0303o sobre o objeto da pesquisa, a originalidade na\u0303o esta\u0301 apenas (e pode de todo na\u0303o estar) no que se diz mas em como se diz, hierarquias e barreiras disciplinares vem sendo enfrentadas etc.<\/p>\n<p style=\"padding-left: 40px;\">(A principal libertac\u0327a\u0303o da pesquisa pode ter sido a abolic\u0327a\u0303o da ca\u0301tedra. A diferenc\u0327a entre o pesquisador menos experiente e o mais experiente passa a ser questa\u0303o de qualidade e na\u0303o de autoridade.)<\/p>\n<\/div>\n<\/div>\n<\/div>\n<p>A Cole\u00e7\u00e3o \u00e9 composta, no momento, por seis volumes; os tr\u00eas primeiros, somente em ePub; os tr\u00eas mais recentes, em ePub e em PDF. Trata-se de um reposit\u00f3rio inestim\u00e1vel, agora com centenas de estudos liter\u00e1rios, com diversificado referencial te\u00f3rico, multiplicidade de\u00a0<em>corpus<strong>\u00a0<\/strong><\/em>e variados enfoques metodol\u00f3gicos. Confira.<\/p>\n<\/div>\n<\/div>\n<\/div>\n","protected":false},"featured_media":13795,"comment_status":"open","ping_status":"closed","template":"","meta":[],"product_brand":[],"product_cat":[4081,4828],"product_tag":[2151,192,496,264,495,182,183,494,434,493],"class_list":{"0":"post-8532","1":"product","2":"type-product","3":"status-publish","4":"has-post-thumbnail","6":"product_cat-estudosliterarios","7":"product_cat-livrosgratis","8":"product_tag-capes","9":"product_tag-critica-literaria","10":"product_tag-critica-teatral","11":"product_tag-estudos-literarios","12":"product_tag-historia-da-literatura","13":"product_tag-literatura-em-movimento","14":"product_tag-pesquisa-e-investigacao","15":"product_tag-sappil","16":"product_tag-teoria-da-literatura","17":"product_tag-uff-universidade-federal-fluminense","19":"first","20":"instock","21":"taxable","22":"shipping-taxable","23":"product-type-grouped"},"_links":{"self":[{"href":"https:\/\/editorapangeia.com.br\/pt_br\/wp-json\/wp\/v2\/product\/8532","targetHints":{"allow":["GET"]}}],"collection":[{"href":"https:\/\/editorapangeia.com.br\/pt_br\/wp-json\/wp\/v2\/product"}],"about":[{"href":"https:\/\/editorapangeia.com.br\/pt_br\/wp-json\/wp\/v2\/types\/product"}],"replies":[{"embeddable":true,"href":"https:\/\/editorapangeia.com.br\/pt_br\/wp-json\/wp\/v2\/comments?post=8532"}],"wp:featuredmedia":[{"embeddable":true,"href":"https:\/\/editorapangeia.com.br\/pt_br\/wp-json\/wp\/v2\/media\/13795"}],"wp:attachment":[{"href":"https:\/\/editorapangeia.com.br\/pt_br\/wp-json\/wp\/v2\/media?parent=8532"}],"wp:term":[{"taxonomy":"product_brand","embeddable":true,"href":"https:\/\/editorapangeia.com.br\/pt_br\/wp-json\/wp\/v2\/product_brand?post=8532"},{"taxonomy":"product_cat","embeddable":true,"href":"https:\/\/editorapangeia.com.br\/pt_br\/wp-json\/wp\/v2\/product_cat?post=8532"},{"taxonomy":"product_tag","embeddable":true,"href":"https:\/\/editorapangeia.com.br\/pt_br\/wp-json\/wp\/v2\/product_tag?post=8532"}],"curies":[{"name":"wp","href":"https:\/\/api.w.org\/{rel}","templated":true}]}}