{"id":8527,"date":"2019-12-24T04:00:36","date_gmt":"2019-12-24T04:00:36","guid":{"rendered":"https:\/\/editorapangeia.com.br\/?post_type=product&#038;p=8527"},"modified":"2025-09-15T13:36:07","modified_gmt":"2025-09-15T13:36:07","slug":"lliteratura-em-movimento-pesquisa-e-investigacao-4-epub-pdf","status":"publish","type":"product","link":"https:\/\/editorapangeia.com.br\/pt_br\/product\/lliteratura-em-movimento-pesquisa-e-investigacao-4-epub-pdf\/","title":{"rendered":"PPG-UFF \/ CAPES &#8211; Literatura em Movimento: Pesquisa e Investiga\u00e7\u00e3o 4"},"content":{"rendered":"<p>Este \u00e9 o volume 4 da Cole\u00e7\u00e3o LITERATURA EM MOVIMENTO &#8211; Pesquisa e Investiga\u00e7\u00e3o, do Programa de P\u00f3s-Gradua\u00e7\u00e3o em Estudos Liter\u00e1rios da Universidade Federal Fluminense, UFF; acolhendo, agora, as reflex\u00f5es da XI Edi\u00e7\u00e3o do Semin\u00e1rio dos Alunos do Programa de P\u00f3s-Gradua\u00e7\u00e3o em Estudos de Literatura da UFF.<\/p>\n","protected":false},"excerpt":{"rendered":"<p>Organizado por L\u00edvia Reis, este 4\u00ba clube da S\u00e9rie Literatura em Movimento: Pesquisa e Investiga\u00e7\u00e3o, \u00e9 assim apresentado:<\/p>\n<div class=\"page\" title=\"Page 7\">\n<div class=\"layoutArea\">\n<div class=\"column\">\n<p style=\"padding-left: 40px;\">O volume e\u0301 composto por 34 textos de alunos e alunas do mestrado e do doutorado, na sua maioria por alunas, mulheres, o que na\u0303o chega a ser uma novidade na a\u0301rea de Letras. Outra caracteri\u0301stica e\u0301 que a maior parte dos textos litera\u0301rios analisados e\u0301 de autoria feminina ou sobre personagens mulheres.<\/p>\n<p style=\"padding-left: 40px;\">Outra caracteri\u0301stica que chama atenc\u0327a\u0303o e\u0301 que as personagens mulheres, em sua maioria sa\u0303o negras. Ha\u0301 uma clara maioria de literatura contempora\u0302nea, embora haja tambe\u0301m estudos dos cla\u0301ssicos da literatura brasileira e portuguesa, principalmente.<\/p>\n<p style=\"padding-left: 40px;\">A presenc\u0327a da literatura africana em li\u0301ngua portuguesa e\u0301 muito forte, mas tambe\u0301m existem estudos de literaturas hispa\u0302nicas, norte-americana e caribenha. As literaturas estrangeiras colaboram com a diversidade do livro e reflete a pluralidade do Programa.<\/p>\n<p style=\"padding-left: 40px;\">Quanto a\u0300s tema\u0301ticas abordadas, o Volume 4, (os tre\u0302s primeiros volumes da colec\u0327a\u0303o foram publicados em 2020, com os textos resultantes do SAPPIL 2019) da colec\u0327a\u0303o Literatura e movimento: pesquisa e investigac\u0327a\u0303o, 2020, e\u0301 muito diverso, plural e nos faz pensar no engajamento de nossa comunidade acade\u0302mica, conhecedora das mais recentes correntes da cri\u0301tica litera\u0301ria e cultural.<\/p>\n<p>A Cole\u00e7\u00e3o \u00e9 composta, no momento, por seis volumes; os tr\u00eas primeiros, somente em ePub; os tr\u00eas mais recentes, em ePub e em PDF. Trata-se de um reposit\u00f3rio inestim\u00e1vel, agora com centenas de estudos liter\u00e1rios, com diversificado referencial te\u00f3rico, multiplicidade de\u00a0<em>corpus<strong>\u00a0<\/strong><\/em>e variados enfoques metodol\u00f3gicos. Confira.<\/p>\n<\/div>\n<\/div>\n<\/div>\n","protected":false},"featured_media":13794,"comment_status":"open","ping_status":"closed","template":"","meta":[],"product_brand":[],"product_cat":[4081,4828],"product_tag":[2151,192,496,264,495,182,183,494,434,493],"class_list":{"0":"post-8527","1":"product","2":"type-product","3":"status-publish","4":"has-post-thumbnail","6":"product_cat-estudosliterarios","7":"product_cat-livrosgratis","8":"product_tag-capes","9":"product_tag-critica-literaria","10":"product_tag-critica-teatral","11":"product_tag-estudos-literarios","12":"product_tag-historia-da-literatura","13":"product_tag-literatura-em-movimento","14":"product_tag-pesquisa-e-investigacao","15":"product_tag-sappil","16":"product_tag-teoria-da-literatura","17":"product_tag-uff-universidade-federal-fluminense","19":"first","20":"instock","21":"taxable","22":"shipping-taxable","23":"product-type-grouped"},"_links":{"self":[{"href":"https:\/\/editorapangeia.com.br\/pt_br\/wp-json\/wp\/v2\/product\/8527","targetHints":{"allow":["GET"]}}],"collection":[{"href":"https:\/\/editorapangeia.com.br\/pt_br\/wp-json\/wp\/v2\/product"}],"about":[{"href":"https:\/\/editorapangeia.com.br\/pt_br\/wp-json\/wp\/v2\/types\/product"}],"replies":[{"embeddable":true,"href":"https:\/\/editorapangeia.com.br\/pt_br\/wp-json\/wp\/v2\/comments?post=8527"}],"wp:featuredmedia":[{"embeddable":true,"href":"https:\/\/editorapangeia.com.br\/pt_br\/wp-json\/wp\/v2\/media\/13794"}],"wp:attachment":[{"href":"https:\/\/editorapangeia.com.br\/pt_br\/wp-json\/wp\/v2\/media?parent=8527"}],"wp:term":[{"taxonomy":"product_brand","embeddable":true,"href":"https:\/\/editorapangeia.com.br\/pt_br\/wp-json\/wp\/v2\/product_brand?post=8527"},{"taxonomy":"product_cat","embeddable":true,"href":"https:\/\/editorapangeia.com.br\/pt_br\/wp-json\/wp\/v2\/product_cat?post=8527"},{"taxonomy":"product_tag","embeddable":true,"href":"https:\/\/editorapangeia.com.br\/pt_br\/wp-json\/wp\/v2\/product_tag?post=8527"}],"curies":[{"name":"wp","href":"https:\/\/api.w.org\/{rel}","templated":true}]}}