{"id":8509,"date":"2023-01-01T00:45:59","date_gmt":"2023-01-01T00:45:59","guid":{"rendered":"https:\/\/editorapangeia.com.br\/?post_type=product&#038;p=8509"},"modified":"2025-01-10T13:19:28","modified_gmt":"2025-01-10T13:19:28","slug":"a-vozinha-da-avo-zinha","status":"publish","type":"product","link":"https:\/\/editorapangeia.com.br\/pt_br\/product\/a-vozinha-da-avo-zinha\/","title":{"rendered":"A Vozinha da Av\u00f3 Zinha, Mauro Martins"},"content":{"rendered":"<p>Com muito cuidado textual ,o premiado autor Mauro Martins lida com as palavras, e com a sonoridade da nossa l\u00edngua, em <strong><em>A Vozinha da Av\u00f3 Zinha<\/em><\/strong>, em uma brincadeira muito divertida e inteligente, de uma senhora que resolve ser chamada por seu nome completo.<\/p>\n<p><img loading=\"lazy\" decoding=\"async\" class=\"wp-image-8512 aligncenter\" src=\"http:\/\/editorapangeia.com.br\/wp-content\/uploads\/2022\/02\/Vo-Zinha-1.jpg\" alt=\"\" width=\"536\" height=\"516\" \/><\/p>\n<p style=\"text-align: center;\"><strong>O livro conta com ilustra\u00e7\u00f5es da bordadeira<br \/>\n(de m\u00e3o cheia)<\/strong>\u00a0<strong>Giovana Fassina<\/strong><\/p>\n<p style=\"text-align: center;\">Gondwana: nossa plataforma<br \/>\n<a href=\"https:\/\/editorapangeia.com.br\/gondwana-2\/\"><span style=\"color: #0000ff;\">de\u00a0<strong>pr\u00e9-venda<\/strong>!!!<\/span><\/a><\/p>\n<p style=\"text-align: center;\"><img loading=\"lazy\" decoding=\"async\" class=\"alignnone wp-image-8828\" src=\"http:\/\/editorapangeia.com.br\/wp-content\/uploads\/2022\/03\/Foto-Mauro-Martins-2022-JPEG-247x300.jpg\" alt=\"\" width=\"508\" height=\"615\" srcset=\"https:\/\/editorapangeia.com.br\/wp-content\/uploads\/2022\/03\/Foto-Mauro-Martins-2022-JPEG-247x300.jpg 247w, https:\/\/editorapangeia.com.br\/wp-content\/uploads\/2022\/03\/Foto-Mauro-Martins-2022-JPEG-330x400.jpg 330w, https:\/\/editorapangeia.com.br\/wp-content\/uploads\/2022\/03\/Foto-Mauro-Martins-2022-JPEG.jpg 535w\" sizes=\"auto, (max-width: 508px) 100vw, 508px\" \/><br \/>\n<span style=\"color: #993300;\"><strong><a href=\"https:\/\/editorapangeia.com.br\/mauro-martins\/\">Mauro Martins<\/a>, renomado escritor mineiro de Belo Horizonte,<\/strong><\/span><br \/>\n<span style=\"color: #993300;\"><strong>que atua na literatura infantil h\u00e1 40 anos,<\/strong><\/span><br \/>\n<span style=\"color: #993300;\"><strong>chega \u00e0 Pangeia Editorial, no selo infantojuvenil &#8211; Edi\u00e7\u00f5esSaru\u00ea,<\/strong><\/span><br \/>\n<span style=\"color: #993300;\"><strong><a href=\"https:\/\/editorapangeia.com.br\/product\/a-vozinha-da-avo-zinha\/\">com a hil\u00e1ria Dona Zinha &#8211; AQUI!!!<\/a>.<\/strong><\/span><\/p>\n<p style=\"text-align: center;\"><strong>Mais informa\u00e7\u00f5es sobre o livro,<\/strong><br \/>\n<a href=\"https:\/\/editorapangeia.com.br\/event\/pre-venda-a-vozinha-da-avo-zinha-mauro-martins\/\"><span style=\"color: #ff0000;\"><strong>AQUI!!!<\/strong><\/span><\/a><\/p>\n","protected":false},"excerpt":{"rendered":"<p>Um livro engra\u00e7ado nos epis\u00f3dios e divertido na linguagem \u2013 ou divertido nos epis\u00f3dios e engra\u00e7ado na linguagem. \u00c9 vice e \u00e9 versa, sendo versa e sendo vice. Ou seja, \u00e9 uma barafunda sem fundo, uma confus\u00e3o na a\u00e7\u00e3o, uma tergiversa\u00e7\u00e3o sem digress\u00e3o, sem ran\u00e7o mas no tranco. Enfim, um edif\u00edcio que n\u00e3o \u00e9 dif\u00edcil, uma fam\u00edlia muito hil\u00e1ria, uma viagem na maionese, opa, uma viagem na escrita leve e bem-humorada de Mauro Martins, um mestre a arte da escrita, no seu melhor livro desde sempre.<\/p>\n","protected":false},"featured_media":12107,"comment_status":"open","ping_status":"closed","template":"","meta":[],"product_brand":[],"product_cat":[4080],"product_tag":[1947,1948,552,366,200,453,351,350,551,719,1949,1950,594,1255,367,553,1951,491,528,1291,347,1952,1953],"class_list":{"0":"post-8509","1":"product","2":"type-product","3":"status-publish","4":"has-post-thumbnail","6":"product_cat-infantojuvenil","7":"product_tag-a-vo-zinha","8":"product_tag-a-vozinha-da-avo-zinha","9":"product_tag-bordado","10":"product_tag-edicoes-sarue","11":"product_tag-editora-pangeia","12":"product_tag-educacao","13":"product_tag-ensino","14":"product_tag-escola","15":"product_tag-familia","16":"product_tag-familia-sassaruezim","17":"product_tag-humor","18":"product_tag-leitura-na-escola","19":"product_tag-ler-brincar-criar","20":"product_tag-linguagem","21":"product_tag-literatura-infantojuvenil","22":"product_tag-livro-ilustrado","23":"product_tag-ludico","24":"product_tag-mauro-martins","25":"product_tag-nima-spigolon","26":"product_tag-pangeia-editorial","27":"product_tag-pedagogia","28":"product_tag-solucoes-criativas","29":"product_tag-tatiana-santos-diagramadora","30":"product_shipping_class-normal","32":"first","33":"instock","34":"taxable","35":"shipping-taxable","36":"purchasable","37":"product-type-simple"},"_links":{"self":[{"href":"https:\/\/editorapangeia.com.br\/pt_br\/wp-json\/wp\/v2\/product\/8509","targetHints":{"allow":["GET"]}}],"collection":[{"href":"https:\/\/editorapangeia.com.br\/pt_br\/wp-json\/wp\/v2\/product"}],"about":[{"href":"https:\/\/editorapangeia.com.br\/pt_br\/wp-json\/wp\/v2\/types\/product"}],"replies":[{"embeddable":true,"href":"https:\/\/editorapangeia.com.br\/pt_br\/wp-json\/wp\/v2\/comments?post=8509"}],"wp:featuredmedia":[{"embeddable":true,"href":"https:\/\/editorapangeia.com.br\/pt_br\/wp-json\/wp\/v2\/media\/12107"}],"wp:attachment":[{"href":"https:\/\/editorapangeia.com.br\/pt_br\/wp-json\/wp\/v2\/media?parent=8509"}],"wp:term":[{"taxonomy":"product_brand","embeddable":true,"href":"https:\/\/editorapangeia.com.br\/pt_br\/wp-json\/wp\/v2\/product_brand?post=8509"},{"taxonomy":"product_cat","embeddable":true,"href":"https:\/\/editorapangeia.com.br\/pt_br\/wp-json\/wp\/v2\/product_cat?post=8509"},{"taxonomy":"product_tag","embeddable":true,"href":"https:\/\/editorapangeia.com.br\/pt_br\/wp-json\/wp\/v2\/product_tag?post=8509"}],"curies":[{"name":"wp","href":"https:\/\/api.w.org\/{rel}","templated":true}]}}