{"id":8477,"date":"2022-05-01T10:53:56","date_gmt":"2022-05-01T10:53:56","guid":{"rendered":"https:\/\/editorapangeia.com.br\/?post_type=product&#038;p=8477"},"modified":"2025-11-20T17:29:22","modified_gmt":"2025-11-20T17:29:22","slug":"a-face-publica-de-narciso-entrevistas-e-ars-poetica-de-luiz-vilela","status":"publish","type":"product","link":"https:\/\/editorapangeia.com.br\/pt_br\/product\/a-face-publica-de-narciso-entrevistas-e-ars-poetica-de-luiz-vilela\/","title":{"rendered":"A face p\u00fablica de Narciso, Rodrigo Andrade Pereira"},"content":{"rendered":"<p><em><strong>A face p\u00fablica de Narciso: entrevistas e\u00a0<\/strong><\/em><strong>ars poetica\u00a0<em>de Luiz Vilela<\/em><\/strong> foi originalmente tese de doutorado de Rodrigo Andrade Pereira, defendida em 2009 no PPG-Letras \/ Estudos Liter\u00e1rios da UFMS, no C\u00e2mpus de Tr\u00eas Lagoas, sob orienta\u00e7\u00e3o do maior especialista brasileiro em Luiz Vilela, o Prof. Dr. Rauer Ribeiro Rodrigues, l\u00edder do GPLV, Grupo de Pesquisa Literatura e Vida.<\/p>\n<p>Por seu lado, Rodrigo tamb\u00e9m \u00e9 um dos maiores conhecedores da obra e da fortuna cr\u00edtica de Luiz Vilela, tendo estudado os contos do escritor mineiro, em proposta inovadora, no mestrado, e elaborado no doutorado, sob v\u00e1rios aspectos, estudo in\u00e9dito, arrojado e de rara felicidade. Para o livro que agora lan\u00e7a, fez ampla revis\u00e3o lingu\u00edstica e complementou algumas informa\u00e7\u00f5es, al\u00e9m de refinar e acrescentar, aqui e ali, racioc\u00ednios, argumentos e ju\u00edzos de valor.<\/p>\n<p>O livro conta com capa e ilustra\u00e7\u00f5es de Lana Maciel. As ilustra\u00e7\u00f5es foram feitas a partir de fotos de momentos p\u00fablicos de Luiz Vilela, em eventos ou entrevistas. O estudo das entrevistas concedidas por Luiz Vilela \u00e9 um dos pilares deste livro de Rodrigo Andrade Pereira; o outro pilar \u00e9 a busca da po\u00e9tica do escritor, nas invariantes autoficcionais. Ao comparar os dois pilares, o estudioso desvela nas duas vertentes algumas m\u00e1scaras sob as quais tanto se ocultam o escritor quanto sua fic\u00e7\u00e3o.<\/p>\n<p>Eis um dos pontos altos dessa exegese:<\/p>\n<div class=\"page\" title=\"Page 257\">\n<div class=\"section\">\n<div class=\"layoutArea\">\n<div class=\"column\">\n<p style=\"padding-left: 80px;\">E\u0301 na espera do outro, na influe\u0302ncia do outro no seu pro\u0301prio discurso, que vemos nos contos, nas novelas e nos romances a face pu\u0301blica se revelar, seja na forc\u0327a do seu autor-impli\u0301cito, seja na edic\u0327a\u0303o dos temas, seja no arcabouc\u0327o narrativo do arqui-narrador e das personagens-narradoras. Mestre do conto, beletrista nos outros ge\u0302neros, por vezes ti\u0301mido, por vezes falastra\u0303o, narci\u0301sico e nosta\u0301lgico em suas entrevistas, sempre elogioso de si mesmo, quase sempre cabotino, cri\u0301tico ferrenho do academicismo, mas ciente da importa\u0302ncia de ser validado pelos estudos acade\u0302micos, e\u0301 nos temas que seleciona como priorita\u0301rios para desenvolver e nos modos de narrar, por aparentes delegac\u0327o\u0303es sucessivas, na obra e nas entrevistas, que a face pu\u0301blica do autor Luiz Vilela se encontra, em um percurso dialo\u0301gico e heterodiscursivo, com a <em>ars poetica<\/em> do escritor Luiz Vilela: um narciso de si mesmo, em espelho torto e distorcido, com ma\u0301scaras sucessivas a ocultar a face podre do triste homem brasileiro que nasce com Brasi\u0301lia e deixa de legado um Brasil medi\u0301ocre e violento, esse homem cifrado na obra de Luiz Vilela, esse narciso esquivo sob as ma\u0301scaras das entrevistas do escritor Luiz Vilela.<\/p>\n<\/div>\n<\/div>\n<\/div>\n<\/div>\n<p style=\"text-align: center;\">Para conhecer mais sobre o livro, clique <a href=\"https:\/\/editorapangeia.com.br\/rodrigo-narciso-luiz-vilela\/\"><strong><span style=\"color: #ff0000;\">AQUI<\/span><\/strong><\/a>.<br \/>\nPara conhecer mais sobre Luiz Vilela, clique <a href=\"http:\/\/gpluizvilela.blogspot.com\"><strong>AQUI<\/strong><\/a>.<\/p>\n","protected":false},"excerpt":{"rendered":"<p>O mito de Narciso nos fala de um homem inteiramente apaixonado por si mesmo, ao se ver refletido nas \u00e1guas. Vai ele beber \u00e1gua? \u00c9 um lago ou \u00e1gua ligeiramente corrente? As \u00e1guas est\u00e3o transl\u00facidas ou est\u00e3o um tanto turvas? O mergulho em si no reflexo, que \u00e9 um eu ao contr\u00e1rio, leva ao suic\u00eddio ou leva a um profundo conhecimento das pr\u00f3prias entranhas?<\/p>\n<p>Rodrigo Andrade Pereira mergulha nas palavras, nas linhas, nos par\u00e1grafos, em textos ficcionais de Luiz Vilela, em textos sobre a obra e sobre o escritor, em entrevistas, depoimentos, cr\u00f4nicas, algumas poucas cartas j\u00e1 publicadas e outros textos de Luiz Vilela que n\u00e3o os ficcionais. Rodrigo leu tudo que h\u00e1 de e sobre Luiz Vilela. Selecionou alguns contos, duas novelas e dois romances como exemplares do teor biogr\u00e1fico que domina toda a obra do escritor. Selecionou as entrevistas mais reveladoras (e aqui n\u00e3o s\u00e3o aquelas que &#8220;parecem&#8221; mais reveladoras, mas aquelas em que sob a placidez textual est\u00e1 um homem que constr\u00f3i minuciosamente a face de si que quer dar a conhecer de p\u00fablico).<\/p>\n<p>Nesse movimento, Narciso se revela. E no movimento de constru\u00e7\u00e3o ficcional, a mundivid\u00eancia ou cosmovis\u00e3o desse autor tamb\u00e9m se desvela.<\/p>\n<p>Este livro \u00e9, pois, um am\u00e1lgama feliz do enfrentamento de diversas frentes: do que estudar, do como estudar e da teoria que ilumina todo esse movimento. Um enfrentamento modelar, em si mesmo, de ousadia intelectual; e um resultado amplamente feliz, iluminando os narcisos sob m\u00e1scaras.<\/p>\n<p>Com pref\u00e1cio da Profa. Dra. Ana Paula Aparecida Caixeta (UnB), l\u00edder do Grupo de Pesquisa Fenomenologia do Romance, com orienta\u00e7\u00f5es sobre a obra de Luiz Vilela no curr\u00edculo, e \u00a0posf\u00e1cio de Eunice Prudenciano de Souza (IFSP), co-l\u00edder do Grupo de Pesquisa Literatura e Vida, cujo p\u00f3s-doutorado foi um estudo de metacr\u00edtica da recep\u00e7\u00e3o \u00e0 obra de Luiz Vilela, este livro se apresenta como fundamental para estudiosos de literatura, da literatura brasileira e de teoria da literatura.<\/p>\n<p>Volume em PDF.<\/p>\n","protected":false},"featured_media":8438,"comment_status":"open","ping_status":"closed","template":"","meta":[],"product_brand":[],"product_cat":[4081],"product_tag":[478,2152,472,474,2151,473,147,264,482,479,480,475,149,800,481,151,477,476,471,483],"class_list":{"0":"post-8477","1":"product","2":"type-product","3":"status-publish","4":"has-post-thumbnail","6":"product_cat-estudosliterarios","7":"product_tag-acervo","8":"product_tag-antirracismo","9":"product_tag-autoficcao","10":"product_tag-bakhtin","11":"product_tag-capes","12":"product_tag-estudos-biograficos","13":"product_tag-estudos-linguisticos","14":"product_tag-estudos-literarios","15":"product_tag-ezra-pound","16":"product_tag-fortuna-critica","17":"product_tag-ginzburg","18":"product_tag-goffman","19":"product_tag-gplv","20":"product_tag-grupo-de-pesquisa-literatura-e-vida","21":"product_tag-kundera","22":"product_tag-luiz-vilela","23":"product_tag-ppg-letras-cptl-ufms","24":"product_tag-rauer-ribeiro-rodrigues","25":"product_tag-rodrigo-andrade-pereira","26":"product_tag-sheila-maciel","27":"product_shipping_class-normal","29":"first","30":"instock","31":"sale","32":"downloadable","33":"virtual","34":"taxable","35":"purchasable","36":"product-type-simple"},"_links":{"self":[{"href":"https:\/\/editorapangeia.com.br\/pt_br\/wp-json\/wp\/v2\/product\/8477","targetHints":{"allow":["GET"]}}],"collection":[{"href":"https:\/\/editorapangeia.com.br\/pt_br\/wp-json\/wp\/v2\/product"}],"about":[{"href":"https:\/\/editorapangeia.com.br\/pt_br\/wp-json\/wp\/v2\/types\/product"}],"replies":[{"embeddable":true,"href":"https:\/\/editorapangeia.com.br\/pt_br\/wp-json\/wp\/v2\/comments?post=8477"}],"wp:featuredmedia":[{"embeddable":true,"href":"https:\/\/editorapangeia.com.br\/pt_br\/wp-json\/wp\/v2\/media\/8438"}],"wp:attachment":[{"href":"https:\/\/editorapangeia.com.br\/pt_br\/wp-json\/wp\/v2\/media?parent=8477"}],"wp:term":[{"taxonomy":"product_brand","embeddable":true,"href":"https:\/\/editorapangeia.com.br\/pt_br\/wp-json\/wp\/v2\/product_brand?post=8477"},{"taxonomy":"product_cat","embeddable":true,"href":"https:\/\/editorapangeia.com.br\/pt_br\/wp-json\/wp\/v2\/product_cat?post=8477"},{"taxonomy":"product_tag","embeddable":true,"href":"https:\/\/editorapangeia.com.br\/pt_br\/wp-json\/wp\/v2\/product_tag?post=8477"}],"curies":[{"name":"wp","href":"https:\/\/api.w.org\/{rel}","templated":true}]}}