{"id":8421,"date":"2022-12-11T23:55:27","date_gmt":"2022-12-11T23:55:27","guid":{"rendered":"https:\/\/editorapangeia.com.br\/?post_type=product&#038;p=8421"},"modified":"2025-04-25T17:29:05","modified_gmt":"2025-04-25T17:29:05","slug":"pre-venda-jade-uma-boneca-muito-especial","status":"publish","type":"product","link":"https:\/\/editorapangeia.com.br\/pt_br\/product\/pre-venda-jade-uma-boneca-muito-especial\/","title":{"rendered":"Jade: uma boneca muito especial"},"content":{"rendered":"<blockquote>\n<p style=\"text-align: center;\"><strong>Jade &#8211; uma boneca muito especial<\/strong><\/p>\n<\/blockquote>\n<p><span style=\"font-weight: 400;\">Baseado em uma hist\u00f3ria real, vivida com sua sobrinha, Maria Clara.<\/span><\/p>\n<p><span style=\"font-weight: 400;\">O projeto \u00e9 dedicado aos seus sobrinhos Maria Clara e Matheus.<\/span><\/p>\n<p><span style=\"font-weight: 400;\">As ilustra\u00e7\u00f5es ser\u00e3o de Gabriela Andrade, artista parceira de Mirian, que d\u00e1 forma aos personagens com talento e maestria.<\/span><\/p>\n<p><span style=\"font-weight: 400;\">O livro ser\u00e1 publicado pelas Edi\u00e7\u00f5es Saru\u00ea \u2013 o selo de literatura infantojuvenil da Pangeia Editorial.<\/span><\/p>\n<p><img loading=\"lazy\" decoding=\"async\" class=\"alignnone size-medium wp-image-7222 alignright\" src=\"http:\/\/editorapangeia.com.br\/wp-content\/uploads\/2021\/09\/Jun_Logo_Sarue-212x300.png\" alt=\"\" width=\"212\" height=\"300\" srcset=\"https:\/\/editorapangeia.com.br\/wp-content\/uploads\/2021\/09\/Jun_Logo_Sarue-212x300.png 212w, https:\/\/editorapangeia.com.br\/wp-content\/uploads\/2021\/09\/Jun_Logo_Sarue-283x400.png 283w, https:\/\/editorapangeia.com.br\/wp-content\/uploads\/2021\/09\/Jun_Logo_Sarue.png 406w\" sizes=\"auto, (max-width: 212px) 100vw, 212px\" \/><\/p>\n<p>&nbsp;<\/p>\n<p><img loading=\"lazy\" decoding=\"async\" class=\"alignnone wp-image-8413\" src=\"http:\/\/editorapangeia.com.br\/wp-content\/uploads\/2022\/02\/IMG_4508.jpg\" alt=\"\" width=\"587\" height=\"352\" \/><\/p>\n<p>JADE \u2013 UMA BONECA MUITO ESPECIAL<\/p>\n<p>Mirian Cris<\/p>\n<p>Livro infantil com capa e ilustra\u00e7\u00f5es de Gabi Andrade<\/p>\n<p>Formato 20&#215;20<\/p>\n<p>Doze ilustra\u00e7\u00f5es super-especiais + Caderno de Atividades e a Boneca Jade para brincar<\/p>\n<p>&nbsp;<\/p>\n<p>Gabi Andrade envolveu-se com desenho desde sempre. Licenciada em Artes Visuais, especializou-se em criar\u00a0 e recriar imagens. Como ilustradora de livros infantis, Gabi Andrade\u00a0 tem cativado\u00a0 crian\u00e7as de todas as idades\u00a0com suas cores\u00a0 e seu modo peculiar de ver o mundo. Apaixonada por literatura, trocou palavras por tintas para contar\u00a0 suas e outras hist\u00f3rias e deixou o colorido de\u00a0 seus pensamentos se harmonizarem no papel criando suas ilustra\u00e7\u00f5es.<\/p>\n<p>&nbsp;<\/p>\n<p style=\"text-align: center;\"><img loading=\"lazy\" decoding=\"async\" class=\"alignnone wp-image-8753\" src=\"http:\/\/editorapangeia.com.br\/wp-content\/uploads\/2022\/02\/FLIM-Gabo-e-Mirian-26-300x200.jpg\" alt=\"\" width=\"524\" height=\"349\" srcset=\"https:\/\/editorapangeia.com.br\/wp-content\/uploads\/2022\/02\/FLIM-Gabo-e-Mirian-26-300x200.jpg 300w, https:\/\/editorapangeia.com.br\/wp-content\/uploads\/2022\/02\/FLIM-Gabo-e-Mirian-26-1024x681.jpg 1024w, https:\/\/editorapangeia.com.br\/wp-content\/uploads\/2022\/02\/FLIM-Gabo-e-Mirian-26-768x511.jpg 768w, https:\/\/editorapangeia.com.br\/wp-content\/uploads\/2022\/02\/FLIM-Gabo-e-Mirian-26-700x466.jpg 700w, https:\/\/editorapangeia.com.br\/wp-content\/uploads\/2022\/02\/FLIM-Gabo-e-Mirian-26-400x266.jpg 400w, https:\/\/editorapangeia.com.br\/wp-content\/uploads\/2022\/02\/FLIM-Gabo-e-Mirian-26.jpg 1200w\" sizes=\"auto, (max-width: 524px) 100vw, 524px\" \/><\/p>\n<p style=\"text-align: center;\"><em>Gabi e Mirian Cris, na FLIM, com mais uma de suas parcerias<\/em><\/p>\n","protected":false},"excerpt":{"rendered":"<p style=\"text-align: center;\"><strong><img loading=\"lazy\" decoding=\"async\" class=\"alignnone size-medium wp-image-8409\" src=\"http:\/\/editorapangeia.com.br\/wp-content\/uploads\/2022\/02\/mirian-cris-225x300.jpg\" alt=\"\" width=\"225\" height=\"300\" srcset=\"https:\/\/editorapangeia.com.br\/wp-content\/uploads\/2022\/02\/mirian-cris-225x300.jpg 225w, https:\/\/editorapangeia.com.br\/wp-content\/uploads\/2022\/02\/mirian-cris-300x400.jpg 300w, https:\/\/editorapangeia.com.br\/wp-content\/uploads\/2022\/02\/mirian-cris.jpg 480w\" sizes=\"auto, (max-width: 225px) 100vw, 225px\" \/><\/strong><\/p>\n<p style=\"text-align: center;\"><strong>Mirian Cris<\/strong><\/p>\n<p><span style=\"font-weight: 400;\">Mirian Cristina de Souza Cunha, mais conhecida como Mirian Cris ou <strong>Mirian Violera<\/strong>, \u00e9 escritora, especialista em cultura popular, poeta, luthier, violeira, tamborzeira e coordenadora do projeto \u201cJardim de Todos\u201d n\u00facleo de Arte e Educa\u00e7\u00e3o Solid\u00e1ria, na regi\u00e3o Leste de S\u00e3o Jos\u00e9 dos Campos. Atualmente cursa Humanidades, pela PUC RS.<\/span><\/p>\n<p><span style=\"font-weight: 400;\">Publicou cinco livros, sendo tr\u00eas de contos e poemas e dois infantis. Trabalha na Funda\u00e7\u00e3o Cultural Cassiano Ricardo, onde \u00e9 coordenadora do Cine Teatro Benedito Alves.<\/span><\/p>\n<p><span style=\"font-weight: 400;\"><em><strong>Jade, uma boneca muito especial<\/strong><\/em> \u2013 \u00e9 uma hist\u00f3ria de amor e educa\u00e7\u00e3o inclusiva. Seu apoio neste lan\u00e7amento coletivo solid\u00e1rio \u00e9 valioso pois viabiliza o lan\u00e7amento do livro e nos possibilita fazer um livro ainda melhor.<\/span><\/p>\n","protected":false},"featured_media":12004,"comment_status":"open","ping_status":"closed","template":"","meta":[],"product_brand":[],"product_cat":[4080],"product_tag":[366,453,452,450,455,367,454,456,1171],"class_list":{"0":"post-8421","1":"product","2":"type-product","3":"status-publish","4":"has-post-thumbnail","6":"product_cat-infantojuvenil","7":"product_tag-edicoes-sarue","8":"product_tag-educacao","9":"product_tag-gondwana","10":"product_tag-inclusao","11":"product_tag-jade-mirian-cris","12":"product_tag-literatura-infantojuvenil","13":"product_tag-livro-ludico","14":"product_tag-mirian-violeira","15":"product_tag-mirian-violera-cidadao-sociedade","16":"product_shipping_class-normal","17":"pa_autor-mirian-cris","19":"first","20":"instock","21":"product-type-external"},"_links":{"self":[{"href":"https:\/\/editorapangeia.com.br\/pt_br\/wp-json\/wp\/v2\/product\/8421","targetHints":{"allow":["GET"]}}],"collection":[{"href":"https:\/\/editorapangeia.com.br\/pt_br\/wp-json\/wp\/v2\/product"}],"about":[{"href":"https:\/\/editorapangeia.com.br\/pt_br\/wp-json\/wp\/v2\/types\/product"}],"replies":[{"embeddable":true,"href":"https:\/\/editorapangeia.com.br\/pt_br\/wp-json\/wp\/v2\/comments?post=8421"}],"wp:featuredmedia":[{"embeddable":true,"href":"https:\/\/editorapangeia.com.br\/pt_br\/wp-json\/wp\/v2\/media\/12004"}],"wp:attachment":[{"href":"https:\/\/editorapangeia.com.br\/pt_br\/wp-json\/wp\/v2\/media?parent=8421"}],"wp:term":[{"taxonomy":"product_brand","embeddable":true,"href":"https:\/\/editorapangeia.com.br\/pt_br\/wp-json\/wp\/v2\/product_brand?post=8421"},{"taxonomy":"product_cat","embeddable":true,"href":"https:\/\/editorapangeia.com.br\/pt_br\/wp-json\/wp\/v2\/product_cat?post=8421"},{"taxonomy":"product_tag","embeddable":true,"href":"https:\/\/editorapangeia.com.br\/pt_br\/wp-json\/wp\/v2\/product_tag?post=8421"}],"curies":[{"name":"wp","href":"https:\/\/api.w.org\/{rel}","templated":true}]}}