{"id":8395,"date":"2019-12-23T20:00:26","date_gmt":"2019-12-23T20:00:26","guid":{"rendered":"https:\/\/editorapangeia.com.br\/?post_type=product&#038;p=8395"},"modified":"2025-09-15T13:35:47","modified_gmt":"2025-09-15T13:35:47","slug":"dialogos-transmidia-epub-pdf","status":"publish","type":"product","link":"https:\/\/editorapangeia.com.br\/pt_br\/product\/dialogos-transmidia-epub-pdf\/","title":{"rendered":"Di\u00e1logos Transm\u00eddia, Silvia Maria de Sousa (Org.), Sandro Torres de Azevedo (Org.)"},"content":{"rendered":"<p>Do in\u00edcio das reflex\u00f5es dos dois autores de DI\u00c1LOGOS TRANSM\u00cdDIA sobre o livro aqui gratuitamente \u00e0 disposi\u00e7\u00e3o de pesquisadores, professores, estudiosos, estudantes, profissionais do mercado e demais interessados no tema:<\/p>\n<blockquote><p>&#8220;<span class=\"TextRun SCXW156473506 BCX4\" lang=\"PT-BR\" xml:lang=\"PT-BR\" data-contrast=\"auto\"><span class=\"NormalTextRun SCXW156473506 BCX4\" data-ccp-parastyle=\"Normal1\" data-ccp-parastyle-defn=\"{&quot;ObjectId&quot;:&quot;8f9e8180-5cb4-4b70-89cd-b5a6bf3bd87d|20&quot;,&quot;ClassId&quot;:1073872969,&quot;Properties&quot;:[469775450,&quot;Normal1&quot;,201340122,&quot;2&quot;,134233614,&quot;true&quot;,469778129,&quot;Normal1&quot;,335559740,&quot;276&quot;,201341983,&quot;0&quot;,469778325,&quot;[&quot;heading 1&quot;,&quot;heading 2&quot;,&quot;heading 3&quot;,&quot;heading 4&quot;,&quot;heading 5&quot;,&quot;heading 6&quot;,&quot;Title&quot;,&quot;Subtitle&quot;]&quot;]}\">O desejo <\/span><span class=\"NormalTextRun SCXW156473506 BCX4\" data-ccp-parastyle=\"Normal1\">de<\/span><span class=\"NormalTextRun SCXW156473506 BCX4\" data-ccp-parastyle=\"Normal1\"> estabelecer di\u00e1logos interinstitucionais e interdisciplinares justificou e deu base ao projeto <\/span><\/span><span class=\"TextRun SCXW156473506 BCX4\" lang=\"PT-BR\" xml:lang=\"PT-BR\" data-contrast=\"auto\"><span class=\"NormalTextRun SCXW156473506 BCX4\" data-ccp-parastyle=\"Normal1\">Di\u00e1logos <\/span><span class=\"SpellingError SCXW156473506 BCX4\" data-ccp-parastyle=\"Normal1\">Transm\u00eddia<\/span><\/span><span class=\"TextRun SCXW156473506 BCX4\" lang=\"PT-BR\" xml:lang=\"PT-BR\" data-contrast=\"auto\"><span class=\"NormalTextRun SCXW156473506 BCX4\" data-ccp-parastyle=\"Normal1\">. Nele, foi realizada uma sequ\u00eancia de eventos com o intuito de promover trocas conceituais entre as pesquisas em<\/span> <span class=\"NormalTextRun SCXW156473506 BCX4\" data-ccp-parastyle=\"Normal1\">Semi\u00f3tica e Comunica\u00e7\u00e3o, com vistas \u00e0 explora\u00e7\u00e3o da produ\u00e7\u00e3o e da recep\u00e7\u00e3o de conte\u00fados que atravessam diversos meios para entreter, informar, convencer ou seduzir os mais variados p\u00fablicos. Os resultados desses eventos, somados a contribui\u00e7\u00f5es de demais pesquisadores em Semi\u00f3tica e Comunica\u00e7\u00e3o, d\u00e3o forma aos textos aqui reunidos.\u00a0 Acreditamos que estabelecer um produtivo di\u00e1logo entre a Semi\u00f3tica e a Comunica\u00e7\u00e3o \u00e9 poss\u00edvel, visto que os textos midi\u00e1ticos s\u00e3o produtos de linguagem, ou melhor dizendo, de \u201clinguagens\u201d. Discutir, a\u0300 luz das teorias do texto e do discurso e teorias da comunica\u00e7\u00e3o conceitos como <\/span><span class=\"SpellingError SCXW156473506 BCX4\" data-ccp-parastyle=\"Normal1\">trasmidialidade<\/span><span class=\"NormalTextRun SCXW156473506 BCX4\" data-ccp-parastyle=\"Normal1\"> constitui uma tarefa <\/span><span class=\"NormalTextRun SCXW156473506 BCX4\" data-ccp-parastyle=\"Normal1\">necessa\u0301ria<\/span><span class=\"NormalTextRun SCXW156473506 BCX4\" data-ccp-parastyle=\"Normal1\">, uma agenda pertinente dentro dos quadros atuais das teorias e dos campos do conhecimento com os quais o projeto e este material buscam contribuir.&#8221;<\/span><\/span><\/p><\/blockquote>\n<p>Para mais informa\u00e7\u00f5es sobre a pesquisa e sobre os autores dos cap\u00edtulos do livro, confira em nosso Blog, clicando <strong>AQUI<\/strong>.<\/p>\n","protected":false},"excerpt":{"rendered":"<p>Livro com artigos de foco interdisciplinar, fruto de eventos na interface da m\u00eddia com a comunica\u00e7\u00e3o, a linguagem, o jornalismo, a publicidade, a semi\u00f3tica e outras disciplinas e outras ferramentas conceituais para compreender o mundo intern\u00e9tico, interligado, globalmente interconectado dos nossos dias. Resulta, ainda, de pesquisa sistem\u00e1tica, consistente, com apoio de organismos financiadores locais e nacionais, sob a lideran\u00e7a de professores estudiosos do tema ligados a institui\u00e7\u00f5es sediadas na cidade do Rio de Janeiro.<\/p>\n<p>A Profa. Silvia Maria de Sousa integra os quadros da Universidade Federal Fluminense, de Niter\u00f3i, RJ, sendo l\u00edder do Grupo de Pesquisa em Semi\u00f3tica e Discurso (SEDI\/UFF); \u00e9 vice-diretora do Instituto de Letras da UFF (2019-2023), integrou a diretoria da Associa\u00e7\u00e3o Brasileira de Estudos Semi\u00f3ticos (ABES) entre 2012-2017 e foi vice-ccordenadora do GT de Semi\u00f3tica da ANPOLL (2012-2014) e vice-coordenadora do GT de Semi\u00f3tica da ANPOLL (2018-2020).<\/p>\n<p>O Prof. <span class=\"NormalTextRun SCXW88506681 BCX4\" data-ccp-parastyle=\"Normal1\" data-ccp-parastyle-defn=\"{&quot;ObjectId&quot;:&quot;8f9e8180-5cb4-4b70-89cd-b5a6bf3bd87d|20&quot;,&quot;ClassId&quot;:1073872969,&quot;Properties&quot;:[469775450,&quot;Normal1&quot;,201340122,&quot;2&quot;,134233614,&quot;true&quot;,469778129,&quot;Normal1&quot;,335559740,&quot;276&quot;,201341983,&quot;0&quot;,469778325,&quot;[&quot;heading 1&quot;,&quot;heading 2&quot;,&quot;heading 3&quot;,&quot;heading 4&quot;,&quot;heading 5&quot;,&quot;heading 6&quot;,&quot;Title&quot;,&quot;Subtitle&quot;]&quot;]}\">Sandro <\/span><span class=\"SpellingError SCXW88506681 BCX4\" data-ccp-parastyle=\"Normal1\">T\u00f4rres<\/span><span class=\"NormalTextRun SCXW88506681 BCX4\" data-ccp-parastyle=\"Normal1\"> de Azevedo atua na Escola de Comunica\u00e7\u00e3o da\u00a0<\/span><span class=\"NormalTextRun SCXW88506681 BCX4\" data-ccp-parastyle=\"Normal1\">UFRJ &#8211; Universidade Federal do Rio de Janeiro, sendo reconhecido como dos maiores estudiosos brasileiros da Cibercultura. \u00c9\u00a0<\/span>doutor em Estudos de Linguagem pela UFF e mestre em Comunica\u00e7\u00e3o e Cultura pela UFRJ. Atua no ReC &#8211; Grupo de Pesquisa em Ret\u00f3rica do Consumo &#8211; UFF\/CNPq, \u00e9 membro do SeDi &#8211; Grupo de Pesquisa em Semi\u00f3tica e Discurso &#8211; UFF\/CNPq e trabalha academicamente com objetos da Comunica\u00e7\u00e3o Social, especialmente da Publicidade e Propaganda, tendo proposto o conceito de ciberpublicidade.<\/p>\n","protected":false},"featured_media":8234,"comment_status":"open","ping_status":"closed","template":"","meta":[],"product_brand":[],"product_cat":[4082,4828],"product_tag":[2151,385,386,381,384,391,559,387,389,390,383,382,388],"class_list":{"0":"post-8395","1":"product","2":"type-product","3":"status-publish","4":"has-post-thumbnail","6":"product_cat-estudoslinguisticos","7":"product_cat-livrosgratis","8":"product_tag-capes","9":"product_tag-cibercultura","10":"product_tag-ciberpublicidade","11":"product_tag-comunicacao","12":"product_tag-consumo","13":"product_tag-cultura-transmidiatica","14":"product_tag-dialogo","15":"product_tag-discurso","16":"product_tag-letras","17":"product_tag-linguistica","18":"product_tag-publicidade","19":"product_tag-semiotica","20":"product_tag-transmidia","22":"first","23":"instock","24":"taxable","25":"shipping-taxable","26":"product-type-grouped"},"_links":{"self":[{"href":"https:\/\/editorapangeia.com.br\/pt_br\/wp-json\/wp\/v2\/product\/8395","targetHints":{"allow":["GET"]}}],"collection":[{"href":"https:\/\/editorapangeia.com.br\/pt_br\/wp-json\/wp\/v2\/product"}],"about":[{"href":"https:\/\/editorapangeia.com.br\/pt_br\/wp-json\/wp\/v2\/types\/product"}],"replies":[{"embeddable":true,"href":"https:\/\/editorapangeia.com.br\/pt_br\/wp-json\/wp\/v2\/comments?post=8395"}],"wp:featuredmedia":[{"embeddable":true,"href":"https:\/\/editorapangeia.com.br\/pt_br\/wp-json\/wp\/v2\/media\/8234"}],"wp:attachment":[{"href":"https:\/\/editorapangeia.com.br\/pt_br\/wp-json\/wp\/v2\/media?parent=8395"}],"wp:term":[{"taxonomy":"product_brand","embeddable":true,"href":"https:\/\/editorapangeia.com.br\/pt_br\/wp-json\/wp\/v2\/product_brand?post=8395"},{"taxonomy":"product_cat","embeddable":true,"href":"https:\/\/editorapangeia.com.br\/pt_br\/wp-json\/wp\/v2\/product_cat?post=8395"},{"taxonomy":"product_tag","embeddable":true,"href":"https:\/\/editorapangeia.com.br\/pt_br\/wp-json\/wp\/v2\/product_tag?post=8395"}],"curies":[{"name":"wp","href":"https:\/\/api.w.org\/{rel}","templated":true}]}}