{"id":8380,"date":"2022-02-21T15:41:57","date_gmt":"2022-02-21T15:41:57","guid":{"rendered":"https:\/\/editorapangeia.com.br\/?post_type=product&#038;p=8380"},"modified":"2025-01-14T16:56:22","modified_gmt":"2025-01-14T16:56:22","slug":"artesania-descritiva-romances-adriana-lisboa","status":"publish","type":"product","link":"https:\/\/editorapangeia.com.br\/pt_br\/product\/artesania-descritiva-romances-adriana-lisboa\/","title":{"rendered":"Artesania Descritiva nos romances de Adriana Lisboa &#8211; PDF"},"content":{"rendered":"<p><img loading=\"lazy\" decoding=\"async\" class=\"size-medium wp-image-8377 alignleft\" src=\"http:\/\/editorapangeia.com.br\/wp-content\/uploads\/2022\/02\/Imagem-21-02-2022-as-11.36-262x300.jpg\" alt=\"\" width=\"262\" height=\"300\" srcset=\"https:\/\/editorapangeia.com.br\/wp-content\/uploads\/2022\/02\/Imagem-21-02-2022-as-11.36-262x300.jpg 262w, https:\/\/editorapangeia.com.br\/wp-content\/uploads\/2022\/02\/Imagem-21-02-2022-as-11.36.jpg 264w\" sizes=\"auto, (max-width: 262px) 100vw, 262px\" \/>Osmar Casagrande J\u00fanior \u00e9 Doutor em Estudos Liter\u00e1rios pelo PPG-Letras \/ CPTL \/ UFMS. Seu Mestrado foi realizado em Estudos de Linguagens, tamb\u00e9m na UFMS. No mestrado, conclu\u00eddo em 2012 sob orienta\u00e7\u00e3o da Profa. Dra. Maria Ad\u00e9lia Menegazzo, estudou &#8220;O palavr\u00e3o e o er\u00f3tico em poemas brasileiros contempor\u00e2neos&#8221;. J\u00e1 no doutorado, sob orienta\u00e7\u00e3o do Prof. Dr. Rauer Ribeiro Rodrigues, estudou o espa\u00e7o romanesco na obra da escritora brasileira contempor\u00e2nea Adriana Lisboa. Sua tese, agora transformada em livro, foi defendida em 2020.<\/p>\n<p>Veja mais informa\u00e7\u00f5es sobre o autor e o livro no Blog da Pangeia, clicando <a href=\"https:\/\/editorapangeia.com.br\/osmar-casagrande-artesania-espaco-ficcional\/\"><strong>AQUI<\/strong><\/a> no no link &lt;<a href=\"https:\/\/editorapangeia.com.br\/osmar-casagrande-artesania-espaco-ficcional\/\">https:\/\/editorapangeia.com.br\/osmar-casagrande-artesania-espaco-ficcional\/<\/a>&gt;.<\/p>\n","protected":false},"excerpt":{"rendered":"<p>Qual a fun\u00e7\u00e3o do espa\u00e7o em um romance?<\/p>\n<p>Quais as nuances entre as v\u00e1rias formas de descrever o espa\u00e7o?<\/p>\n<p>Quais as diferentes teorias do espa\u00e7o que os estudiosos decuparam dos romances e de outras pe\u00e7as ficcionais, po\u00e9ticas e \u00e9picas na historiografia e na teoria da literatura?<\/p>\n<p>Qual a especificidade do espa\u00e7o que a ficcionista Adriana Lisboa constr\u00f3i em seus romances neste 3\u00ba mil\u00eanio?<\/p>\n<p>Este livro \u00e9 um mergulho na teoria e na pr\u00e1tica da constru\u00e7\u00e3o do espa\u00e7o ficcional e dos diferentes efeitos de sentido que cada espa\u00e7o gera para a constru\u00e7\u00e3o do efeito geral a cada novo texto ficcional. \u00c9 um livro de teoria da literatura e de teoria do espa\u00e7o com a leitura de centenas de obras liter\u00e1rias. Fundamental para os amantes da literatura e para alunos e professores da \u00e1rea de Letras.<\/p>\n","protected":false},"featured_media":8375,"comment_status":"open","ping_status":"closed","template":"","meta":[],"product_brand":[],"product_cat":[4081],"product_tag":[435,440,2151,438,439,443,436,437,149,800,25,434,444],"class_list":{"0":"post-8380","1":"product","2":"type-product","3":"status-publish","4":"has-post-thumbnail","6":"product_cat-estudosliterarios","7":"product_tag-adriana-lisboa","8":"product_tag-artesania-descritiva","9":"product_tag-capes","10":"product_tag-cenario","11":"product_tag-descricao","12":"product_tag-espaco","13":"product_tag-espaco-ficcional","14":"product_tag-espaco-na-literatura","15":"product_tag-gplv","16":"product_tag-grupo-de-pesquisa-literatura-e-vida","17":"product_tag-romance","18":"product_tag-teoria-da-literatura","19":"product_tag-teoria-do-espaco-literario","21":"first","22":"instock","23":"downloadable","24":"virtual","25":"taxable","26":"purchasable","27":"product-type-simple"},"_links":{"self":[{"href":"https:\/\/editorapangeia.com.br\/pt_br\/wp-json\/wp\/v2\/product\/8380","targetHints":{"allow":["GET"]}}],"collection":[{"href":"https:\/\/editorapangeia.com.br\/pt_br\/wp-json\/wp\/v2\/product"}],"about":[{"href":"https:\/\/editorapangeia.com.br\/pt_br\/wp-json\/wp\/v2\/types\/product"}],"replies":[{"embeddable":true,"href":"https:\/\/editorapangeia.com.br\/pt_br\/wp-json\/wp\/v2\/comments?post=8380"}],"wp:featuredmedia":[{"embeddable":true,"href":"https:\/\/editorapangeia.com.br\/pt_br\/wp-json\/wp\/v2\/media\/8375"}],"wp:attachment":[{"href":"https:\/\/editorapangeia.com.br\/pt_br\/wp-json\/wp\/v2\/media?parent=8380"}],"wp:term":[{"taxonomy":"product_brand","embeddable":true,"href":"https:\/\/editorapangeia.com.br\/pt_br\/wp-json\/wp\/v2\/product_brand?post=8380"},{"taxonomy":"product_cat","embeddable":true,"href":"https:\/\/editorapangeia.com.br\/pt_br\/wp-json\/wp\/v2\/product_cat?post=8380"},{"taxonomy":"product_tag","embeddable":true,"href":"https:\/\/editorapangeia.com.br\/pt_br\/wp-json\/wp\/v2\/product_tag?post=8380"}],"curies":[{"name":"wp","href":"https:\/\/api.w.org\/{rel}","templated":true}]}}