{"id":8345,"date":"2022-11-01T02:17:12","date_gmt":"2022-11-01T02:17:12","guid":{"rendered":"https:\/\/editorapangeia.com.br\/?post_type=product&#038;p=8345"},"modified":"2025-04-24T18:03:05","modified_gmt":"2025-04-24T18:03:05","slug":"do-sapo-ao-principe-a-formacao-do-leitor-literario","status":"publish","type":"product","link":"https:\/\/editorapangeia.com.br\/pt_br\/product\/do-sapo-ao-principe-a-formacao-do-leitor-literario\/","title":{"rendered":"Do Sapo ao Pr\u00edncipe: a Forma\u00e7\u00e3o do Leitor Liter\u00e1rio, Fabiane Lemos"},"content":{"rendered":"<p><strong>Fabiane Lemos<\/strong>\u00a0de Freitas Garcia \u00e9 professora da rede estadual de Mato Grosso do Sul e da rede municipal de Tr\u00eas Lagoas, MS. Mestre pelo PROFLETRAS, est\u00e1 em fase de conclus\u00e3o de seu doutorado, no qual estuda o conto de Alciene Ribeiro Leite, considerando-o de inven\u00e7\u00e3o diante das modalidades do conto criados por Edgar Allan Poe e Anton\u00a0Tchekhov. O livro que aqui se apresenta, com pref\u00e1cio do Prof. Edmir Perrotti, \u00e9 o amadurecimento do seu mestrado, com a met\u00e1fora de que o sapo do estudante que n\u00e3o l\u00ea se transforma no pr\u00edncipe do aprendizado ao praticar a leitura liter\u00e1ria de modo constante, criativo e aprofundado nas salas escolares.<\/p>\n<p>Al\u00e9m do pref\u00e1cio do Prof. Edmir Perrotti, o livro cont\u00e9m dois posf\u00e1cios: o primeiro, da Profa.\u00a0Annete Sej\u00f3poles Modesto, da Secretaria Municipal de Educa\u00e7\u00e3o de Tr\u00eas Lagoas, MS, anota:<\/p>\n<p style=\"padding-left: 40px;\">&#8220;A escolha de Fabiane por uma dessas produ\u00e7\u00f5es emancipadoras e\u00a0pouco conhecida pelo p\u00fablico adulto e infantil, j\u00e1 anuncia atitudes humanas que v\u00eam se sucedendo na vida e na literatura, desde os princ\u00edpios\u00a0dos tempos at\u00e9 hoje&#8221;.<\/p>\n<p>J\u00e1 a Profa. Amaya Prado (UFMS), no posf\u00e1cio que fecha o livro, comenta:<\/p>\n<p style=\"padding-left: 40px;\">&#8220;[Fabiane Lemos]\u00a0perscrutou caminhos que romperam com as cren\u00e7as do senso comum para promover um rompimento que indica\u00a0novos e poss\u00edveis rumos. Prop\u00f5e, sempre de forma te\u00f3rica e metodologicamente fundamentada, outros modos de atua\u00e7\u00e3o que exigem\u00a0a participa\u00e7\u00e3o ativa dos leitores, vistos agora como protagonistas no\u00a0di\u00e1logo com textos liter\u00e1rios. A partir dessa intera\u00e7\u00e3o conseguimos\u00a0vislumbrar o feito mais importante da autora, que nos enche de esperan\u00e7a: a experi\u00eancia que Fabiane generosamente divide conosco confirma a possibilidade do envolvimento dos alunos em pr\u00e1ticas\u00a0leitoras efetivas e a cria\u00e7\u00e3o de uma potencial comunidade leitora.&#8221;<\/p>\n<p style=\"text-align: center;\"><img loading=\"lazy\" decoding=\"async\" class=\"alignnone wp-image-8341\" src=\"http:\/\/editorapangeia.com.br\/wp-content\/uploads\/2022\/02\/Livrodosapoaoprincipe-300x300.png\" alt=\"\" width=\"517\" height=\"517\" srcset=\"https:\/\/editorapangeia.com.br\/wp-content\/uploads\/2022\/02\/Livrodosapoaoprincipe-300x300.png 300w, https:\/\/editorapangeia.com.br\/wp-content\/uploads\/2022\/02\/Livrodosapoaoprincipe-1024x1024.png 1024w, https:\/\/editorapangeia.com.br\/wp-content\/uploads\/2022\/02\/Livrodosapoaoprincipe-150x150.png 150w, https:\/\/editorapangeia.com.br\/wp-content\/uploads\/2022\/02\/Livrodosapoaoprincipe-768x768.png 768w, https:\/\/editorapangeia.com.br\/wp-content\/uploads\/2022\/02\/Livrodosapoaoprincipe-400x400.png 400w, https:\/\/editorapangeia.com.br\/wp-content\/uploads\/2022\/02\/Livrodosapoaoprincipe-700x700.png 700w, https:\/\/editorapangeia.com.br\/wp-content\/uploads\/2022\/02\/Livrodosapoaoprincipe-100x100.png 100w, https:\/\/editorapangeia.com.br\/wp-content\/uploads\/2022\/02\/Livrodosapoaoprincipe-50x50.png 50w, https:\/\/editorapangeia.com.br\/wp-content\/uploads\/2022\/02\/Livrodosapoaoprincipe.png 1099w\" sizes=\"auto, (max-width: 517px) 100vw, 517px\" \/><\/p>\n<p><img loading=\"lazy\" decoding=\"async\" class=\" wp-image-10819 aligncenter\" src=\"http:\/\/editorapangeia.com.br\/wp-content\/uploads\/2022\/05\/Imagem-10-11-2022-as-10.17-252x300.jpg\" alt=\"\" width=\"468\" height=\"557\" srcset=\"https:\/\/editorapangeia.com.br\/wp-content\/uploads\/2022\/05\/Imagem-10-11-2022-as-10.17-252x300.jpg 252w, https:\/\/editorapangeia.com.br\/wp-content\/uploads\/2022\/05\/Imagem-10-11-2022-as-10.17-862x1024.jpg 862w, https:\/\/editorapangeia.com.br\/wp-content\/uploads\/2022\/05\/Imagem-10-11-2022-as-10.17-768x913.jpg 768w, https:\/\/editorapangeia.com.br\/wp-content\/uploads\/2022\/05\/Imagem-10-11-2022-as-10.17-700x832.jpg 700w, https:\/\/editorapangeia.com.br\/wp-content\/uploads\/2022\/05\/Imagem-10-11-2022-as-10.17-337x400.jpg 337w, https:\/\/editorapangeia.com.br\/wp-content\/uploads\/2022\/05\/Imagem-10-11-2022-as-10.17-589x700.jpg 589w, https:\/\/editorapangeia.com.br\/wp-content\/uploads\/2022\/05\/Imagem-10-11-2022-as-10.17.jpg 882w\" sizes=\"auto, (max-width: 468px) 100vw, 468px\" \/><\/p>\n<p style=\"text-align: center;\">Confira lan\u00e7amentos em pr\u00e9-venda na Plataforma Gondwana da Pangeia Editorial:<\/p>\n<p style=\"text-align: center;\">Clique <a href=\"https:\/\/editorapangeia.com.br\/gondwana-2\/\"><strong>AQUI<\/strong><\/a>.<\/p>\n","protected":false},"excerpt":{"rendered":"<p>Trabalhar com leitura, e especialmente com leitura liter\u00e1ria, tem sido um desafio constante para nossas escolas e para muitos professores. Os curr\u00edculos, com as cobran\u00e7as para que sejam integramente cumpridos em uma mir\u00edade infind\u00e1vel de t\u00f3picos e subt\u00f3picos, n\u00e3o permitem tempo para a leitura liter\u00e1ria no cotidiano escolar. A disciplina Literatura n\u00e3o mais existe na maior parte das grades de ensino das escolas. Trabalhar com projetos exige demanda de trabalho do professor e disponibilidade dos estudantes quase nunca exequ\u00edveis. No entanto, \u00e9 preciso que a leitura liter\u00e1ria na escola se realize, pois \u00e9 a ferramenta mais poderosa para modificar o ritmo catastr\u00f3fico do n\u00e3o-aprendizado em todos os conte\u00fados escolares, o que se verifica h\u00e1 d\u00e9cadas, talvez j\u00e1 a uma cent\u00faria, e o quadro cada vez \u00e9 pior.<\/p>\n<p>Eis, sobre Fabiane Lemos e sobre este livro, o que nos adianta o Prof. Edmir Perrotti (USP) na Apresenta\u00e7\u00e3o da obra:<\/p>\n<p style=\"padding-left: 40px;\">&#8220;Apesar das condi\u00e7\u00f5es insatisfat\u00f3rias impostas aos profissionais da educa\u00e7\u00e3o por pol\u00edticas de exclus\u00e3o e banimento\u00a0que continuam vivas no pa\u00eds, o s\u00e9rio compromisso educativo de Fabiane Lemos levou-a a desafiar dificuldades que,\u00a0frequentemente, produzem perdas irrepar\u00e1veis. Sua lucidez, aliada \u00e0 sua for\u00e7a e convic\u00e7\u00e3o, acabaram produzindo\u00a0um movimento de crescimento que desembocou em ato\u00a0educativo inovador, dirigido especialmente \u00e0 sensibilidade e\u00a0intelig\u00eancia dos alunos, tomados nas din\u00e2micas pedag\u00f3gicas\u00a0como protagonistas de suas escolhas e experi\u00eancias e n\u00e3o\u00a0meros recept\u00e1culos de c\u00e2nones a serem passivamente assimilados e cultuados.&#8221;<\/p>\n<p>Este livro de Fabiane Lemos nos mostra, pois, que \u00e9 poss\u00edvel reverter o quadro calamitoso das nossas escolas a partir da leitura liter\u00e1ria efetiva e constante em sala de aula. Veja de que modo ela enfrentou a situa\u00e7\u00e3o e de que modo ela, com sucesso, transformou sapos em pr\u00edncipes.<\/p>\n","protected":false},"featured_media":18969,"comment_status":"open","ping_status":"closed","template":"","meta":[],"product_brand":[],"product_cat":[4081],"product_tag":[3171,2151,416,351,350,264,2692,348,149,800,413,367,415,414],"class_list":{"0":"post-8345","1":"product","2":"type-product","3":"status-publish","4":"has-post-thumbnail","6":"product_cat-estudosliterarios","7":"product_tag-cadernos-de-docencia","8":"product_tag-capes","9":"product_tag-conto-de-fadas","10":"product_tag-ensino","11":"product_tag-escola","12":"product_tag-estudos-literarios","13":"product_tag-formacao-de-leitor","14":"product_tag-formacao-docente","15":"product_tag-gplv","16":"product_tag-grupo-de-pesquisa-literatura-e-vida","17":"product_tag-leitura","18":"product_tag-literatura-infantojuvenil","19":"product_tag-literatura-na-escola","20":"product_tag-profletras","21":"pa_autor-fabiane-lemos","23":"first","24":"instock","25":"taxable","26":"shipping-taxable","27":"product-type-grouped"},"_links":{"self":[{"href":"https:\/\/editorapangeia.com.br\/pt_br\/wp-json\/wp\/v2\/product\/8345","targetHints":{"allow":["GET"]}}],"collection":[{"href":"https:\/\/editorapangeia.com.br\/pt_br\/wp-json\/wp\/v2\/product"}],"about":[{"href":"https:\/\/editorapangeia.com.br\/pt_br\/wp-json\/wp\/v2\/types\/product"}],"replies":[{"embeddable":true,"href":"https:\/\/editorapangeia.com.br\/pt_br\/wp-json\/wp\/v2\/comments?post=8345"}],"wp:featuredmedia":[{"embeddable":true,"href":"https:\/\/editorapangeia.com.br\/pt_br\/wp-json\/wp\/v2\/media\/18969"}],"wp:attachment":[{"href":"https:\/\/editorapangeia.com.br\/pt_br\/wp-json\/wp\/v2\/media?parent=8345"}],"wp:term":[{"taxonomy":"product_brand","embeddable":true,"href":"https:\/\/editorapangeia.com.br\/pt_br\/wp-json\/wp\/v2\/product_brand?post=8345"},{"taxonomy":"product_cat","embeddable":true,"href":"https:\/\/editorapangeia.com.br\/pt_br\/wp-json\/wp\/v2\/product_cat?post=8345"},{"taxonomy":"product_tag","embeddable":true,"href":"https:\/\/editorapangeia.com.br\/pt_br\/wp-json\/wp\/v2\/product_tag?post=8345"}],"curies":[{"name":"wp","href":"https:\/\/api.w.org\/{rel}","templated":true}]}}