{"id":8185,"date":"2022-03-27T20:39:24","date_gmt":"2022-03-27T20:39:24","guid":{"rendered":"https:\/\/editorapangeia.com.br\/?post_type=product&#038;p=8185"},"modified":"2025-11-21T11:06:48","modified_gmt":"2025-11-21T11:06:48","slug":"em-cantos-e-matas-pdf-e-livro","status":"publish","type":"product","link":"https:\/\/editorapangeia.com.br\/pt_br\/product\/em-cantos-e-matas-pdf-e-livro\/","title":{"rendered":"Em cantos e matas, Daniel Calipo"},"content":{"rendered":"<p style=\"text-align: center;\"><em><strong>Em Cantos e Matas<\/strong><\/em>, de Daniel Calipo, com complementos l\u00fadicos (intera\u00e7\u00e3o pela internet):<\/p>\n<blockquote><p>https:\/\/editorapangeia.com.br\/em-cantos-e-matas-desenhos\/<\/p><\/blockquote>\n<p style=\"text-align: center;\"><strong>Clique no link acima e baixe p\u00e1ginas para colorir.<\/strong><\/p>\n<p>Indicado para o 1\u00ba e 2\u00ba Ciclos, Ensino M\u00e9dio e EJA.<\/p>\n<p><img loading=\"lazy\" decoding=\"async\" class=\"alignnone size-medium wp-image-8138 aligncenter\" src=\"http:\/\/editorapangeia.com.br\/wp-content\/uploads\/2022\/02\/em-cantos-e-matas-300x300.png\" alt=\"\" width=\"300\" height=\"300\" srcset=\"https:\/\/editorapangeia.com.br\/wp-content\/uploads\/2022\/02\/em-cantos-e-matas-300x300.png 300w, https:\/\/editorapangeia.com.br\/wp-content\/uploads\/2022\/02\/em-cantos-e-matas-150x150.png 150w, https:\/\/editorapangeia.com.br\/wp-content\/uploads\/2022\/02\/em-cantos-e-matas-100x100.png 100w, https:\/\/editorapangeia.com.br\/wp-content\/uploads\/2022\/02\/em-cantos-e-matas-50x50.png 50w, https:\/\/editorapangeia.com.br\/wp-content\/uploads\/2022\/02\/em-cantos-e-matas.png 375w\" sizes=\"auto, (max-width: 300px) 100vw, 300px\" \/><\/p>\n","protected":false},"excerpt":{"rendered":"<p><em>de Daniel Calipo<\/em>,<br \/>\n32 p., a cores, com intera\u00e7\u00e3o pela internet<\/p>\n<p>Um livro interativo, no qual os leitores ter\u00e3o acesso a tr\u00eas linguagens diferentes para uma experi\u00eancia sonora-musical, visual e liter\u00e1ria do canto de tr\u00eas p\u00e1ssaros da fauna brasileira, bem como aproxima\u00e7\u00f5es \u00e0 flora dos biomas correlatos a estes p\u00e1ssaros. Cada p\u00e1ssaro ser\u00e1 representado por uma can\u00e7\u00e3o popular autoral, expressa com seu \u00e1udio original, letras escritas e ilustra\u00e7\u00f5es. Haver\u00e1 videoclipes sobre dois destes p\u00e1ssaros. Os leitores tamb\u00e9m encontrar\u00e3o o som do canto desses p\u00e1ssaros e algumas de suas caracter\u00edsticas biol\u00f3gicas.<\/p>\n<p>As ilustra\u00e7\u00f5es s\u00e3o assinadas por Fabiano Peretti.<\/p>\n<p><img loading=\"lazy\" decoding=\"async\" class=\"alignnone size-medium wp-image-8186 aligncenter\" src=\"http:\/\/editorapangeia.com.br\/wp-content\/uploads\/2022\/02\/Calipo-e-Peretti-300x300.jpeg\" alt=\"\" width=\"300\" height=\"300\" srcset=\"https:\/\/editorapangeia.com.br\/wp-content\/uploads\/2022\/02\/Calipo-e-Peretti-300x300.jpeg 300w, https:\/\/editorapangeia.com.br\/wp-content\/uploads\/2022\/02\/Calipo-e-Peretti-150x150.jpeg 150w, https:\/\/editorapangeia.com.br\/wp-content\/uploads\/2022\/02\/Calipo-e-Peretti.jpeg 400w, https:\/\/editorapangeia.com.br\/wp-content\/uploads\/2022\/02\/Calipo-e-Peretti-100x100.jpeg 100w, https:\/\/editorapangeia.com.br\/wp-content\/uploads\/2022\/02\/Calipo-e-Peretti-50x50.jpeg 50w\" sizes=\"auto, (max-width: 300px) 100vw, 300px\" \/><\/p>\n","protected":false},"featured_media":8138,"comment_status":"open","ping_status":"closed","template":"","meta":[],"product_brand":[],"product_cat":[4080],"product_tag":[453,372,351,5080,156,560,561,310],"class_list":{"0":"post-8185","1":"product","2":"type-product","3":"status-publish","4":"has-post-thumbnail","6":"product_cat-infantojuvenil","7":"product_tag-educacao","8":"product_tag-educacao-ambiental","9":"product_tag-ensino","10":"product_tag-formacao-antirracista","11":"product_tag-literatura","12":"product_tag-meio-ambiente","13":"product_tag-musica","14":"product_tag-sarue","15":"product_shipping_class-normal","17":"first","18":"instock","19":"sale","20":"taxable","21":"shipping-taxable","22":"product-type-grouped"},"_links":{"self":[{"href":"https:\/\/editorapangeia.com.br\/pt_br\/wp-json\/wp\/v2\/product\/8185","targetHints":{"allow":["GET"]}}],"collection":[{"href":"https:\/\/editorapangeia.com.br\/pt_br\/wp-json\/wp\/v2\/product"}],"about":[{"href":"https:\/\/editorapangeia.com.br\/pt_br\/wp-json\/wp\/v2\/types\/product"}],"replies":[{"embeddable":true,"href":"https:\/\/editorapangeia.com.br\/pt_br\/wp-json\/wp\/v2\/comments?post=8185"}],"wp:featuredmedia":[{"embeddable":true,"href":"https:\/\/editorapangeia.com.br\/pt_br\/wp-json\/wp\/v2\/media\/8138"}],"wp:attachment":[{"href":"https:\/\/editorapangeia.com.br\/pt_br\/wp-json\/wp\/v2\/media?parent=8185"}],"wp:term":[{"taxonomy":"product_brand","embeddable":true,"href":"https:\/\/editorapangeia.com.br\/pt_br\/wp-json\/wp\/v2\/product_brand?post=8185"},{"taxonomy":"product_cat","embeddable":true,"href":"https:\/\/editorapangeia.com.br\/pt_br\/wp-json\/wp\/v2\/product_cat?post=8185"},{"taxonomy":"product_tag","embeddable":true,"href":"https:\/\/editorapangeia.com.br\/pt_br\/wp-json\/wp\/v2\/product_tag?post=8185"}],"curies":[{"name":"wp","href":"https:\/\/api.w.org\/{rel}","templated":true}]}}