{"id":8181,"date":"2022-04-17T16:13:18","date_gmt":"2022-04-17T16:13:18","guid":{"rendered":"https:\/\/editorapangeia.com.br\/?post_type=product&#038;p=8181"},"modified":"2025-11-21T11:06:11","modified_gmt":"2025-11-21T11:06:11","slug":"la-vai-o-piolhinho-2","status":"publish","type":"product","link":"https:\/\/editorapangeia.com.br\/pt_br\/product\/la-vai-o-piolhinho-2\/","title":{"rendered":"L\u00e1 vai o piolhinho, Simone Gamero"},"content":{"rendered":"<p><em><strong>L\u00e1 vai o piolhinho<\/strong><\/em>, <em>de Simone Gamero<\/em>, com poema para crian\u00e7as, descri\u00e7\u00e3o dos processos de elabora\u00e7\u00e3o das gravuras e dos bordados, e informa\u00e7\u00f5es, ilustra\u00e7\u00f5es e contato com a autora no Blog da Pangeia, <span style=\"color: #ff0000;\"><a style=\"color: #ff0000;\" href=\"https:\/\/editorapangeia.com.br\/pt_br\/la-vai-o-piolhinho\/\"><strong>AQUI<\/strong><\/a><\/span>.<\/p>\n<p>Indicado para a Educa\u00e7\u00e3o Infantil, tamb\u00e9m pode ser trabalhado nos dois ciclos do Ensino Fundamental.<\/p>\n<p><img loading=\"lazy\" decoding=\"async\" class=\"alignnone wp-image-8125 aligncenter\" src=\"http:\/\/editorapangeia.com.br\/wp-content\/uploads\/2022\/02\/Piolhinho-300x300.png\" alt=\"\" width=\"454\" height=\"454\" srcset=\"https:\/\/editorapangeia.com.br\/wp-content\/uploads\/2022\/02\/Piolhinho-300x300.png 300w, https:\/\/editorapangeia.com.br\/wp-content\/uploads\/2022\/02\/Piolhinho-150x150.png 150w, https:\/\/editorapangeia.com.br\/wp-content\/uploads\/2022\/02\/Piolhinho-400x400.png 400w, https:\/\/editorapangeia.com.br\/wp-content\/uploads\/2022\/02\/Piolhinho-100x100.png 100w, https:\/\/editorapangeia.com.br\/wp-content\/uploads\/2022\/02\/Piolhinho-50x50.png 50w, https:\/\/editorapangeia.com.br\/wp-content\/uploads\/2022\/02\/Piolhinho.png 475w\" sizes=\"auto, (max-width: 454px) 100vw, 454px\" \/><\/p>\n<p style=\"text-align: center;\">Mais informa\u00e7\u00f5es sobre o livro, os bastidores do processo editorial e<br \/>\no contato para conversar com a autora,<br \/>\nclique <a href=\"https:\/\/editorapangeia.com.br\/pt_br\/la-vai-o-piolhinho\/\"><strong>AQUI<\/strong>.<\/a><\/p>\n","protected":false},"excerpt":{"rendered":"<p><em>de Simone Gamero<\/em>,<br \/>\n32 p., a cores; cont\u00e9m poema para crian\u00e7as, descri\u00e7\u00e3o dos processos de elabora\u00e7\u00e3o das gravuras e dos bordados, e mais informa\u00e7\u00f5es no Blog da Pangeia.<\/p>\n<p>Sem escolher qual crian\u00e7a, l\u00e1 vai o piolhinho, de cabe\u00e7a em cabe\u00e7a, causando confus\u00e3o. O que as crian\u00e7as sentem quando t\u00eam piolho? E as crian\u00e7as que n\u00e3o t\u00eam?\u00a0 E os adultos, como reagem? Com humor, esta hist\u00f3ria fala de sentimentos, preconceitos e dilemas causados quando se tem piolho. O livro \u00e9 ilustrado por desenhos de Marina Mayumi Bartalini a partir de bordados coloridos e l\u00fadicos de Simone Gamero.<\/p>\n<p><img loading=\"lazy\" decoding=\"async\" class=\"alignnone size-medium wp-image-8182 aligncenter\" src=\"http:\/\/editorapangeia.com.br\/wp-content\/uploads\/2022\/02\/simone-300x300.jpeg\" alt=\"\" width=\"300\" height=\"300\" srcset=\"https:\/\/editorapangeia.com.br\/wp-content\/uploads\/2022\/02\/simone-300x300.jpeg 300w, https:\/\/editorapangeia.com.br\/wp-content\/uploads\/2022\/02\/simone-150x150.jpeg 150w, https:\/\/editorapangeia.com.br\/wp-content\/uploads\/2022\/02\/simone.jpeg 400w, https:\/\/editorapangeia.com.br\/wp-content\/uploads\/2022\/02\/simone-100x100.jpeg 100w, https:\/\/editorapangeia.com.br\/wp-content\/uploads\/2022\/02\/simone-50x50.jpeg 50w\" sizes=\"auto, (max-width: 300px) 100vw, 300px\" \/><\/p>\n","protected":false},"featured_media":8125,"comment_status":"open","ping_status":"closed","template":"","meta":[],"product_brand":[],"product_cat":[4080],"product_tag":[710,712,370,369,5080,594,316,367,709,528,707,111,711,708,371],"class_list":{"0":"post-8181","1":"product","2":"type-product","3":"status-publish","4":"has-post-thumbnail","6":"product_cat-infantojuvenil","7":"product_tag-alexandra-abdala","8":"product_tag-bastidores-editoriais","9":"product_tag-bordados","10":"product_tag-educacao-infantil","11":"product_tag-formacao-antirracista","12":"product_tag-ler-brincar-criar","13":"product_tag-literatura-infantil","14":"product_tag-literatura-infantojuvenil","15":"product_tag-marina-mayumi","16":"product_tag-nima-spigolon","17":"product_tag-piolho","18":"product_tag-poesia","19":"product_tag-processo-criativo","20":"product_tag-simone-gamero","21":"product_tag-tingimento","23":"first","24":"instock","25":"sale","26":"taxable","27":"shipping-taxable","28":"product-type-grouped"},"_links":{"self":[{"href":"https:\/\/editorapangeia.com.br\/pt_br\/wp-json\/wp\/v2\/product\/8181","targetHints":{"allow":["GET"]}}],"collection":[{"href":"https:\/\/editorapangeia.com.br\/pt_br\/wp-json\/wp\/v2\/product"}],"about":[{"href":"https:\/\/editorapangeia.com.br\/pt_br\/wp-json\/wp\/v2\/types\/product"}],"replies":[{"embeddable":true,"href":"https:\/\/editorapangeia.com.br\/pt_br\/wp-json\/wp\/v2\/comments?post=8181"}],"wp:featuredmedia":[{"embeddable":true,"href":"https:\/\/editorapangeia.com.br\/pt_br\/wp-json\/wp\/v2\/media\/8125"}],"wp:attachment":[{"href":"https:\/\/editorapangeia.com.br\/pt_br\/wp-json\/wp\/v2\/media?parent=8181"}],"wp:term":[{"taxonomy":"product_brand","embeddable":true,"href":"https:\/\/editorapangeia.com.br\/pt_br\/wp-json\/wp\/v2\/product_brand?post=8181"},{"taxonomy":"product_cat","embeddable":true,"href":"https:\/\/editorapangeia.com.br\/pt_br\/wp-json\/wp\/v2\/product_cat?post=8181"},{"taxonomy":"product_tag","embeddable":true,"href":"https:\/\/editorapangeia.com.br\/pt_br\/wp-json\/wp\/v2\/product_tag?post=8181"}],"curies":[{"name":"wp","href":"https:\/\/api.w.org\/{rel}","templated":true}]}}