{"id":8172,"date":"2022-04-04T16:06:34","date_gmt":"2022-04-04T16:06:34","guid":{"rendered":"https:\/\/editorapangeia.com.br\/?post_type=product&#038;p=8172"},"modified":"2025-01-16T13:38:04","modified_gmt":"2025-01-16T13:38:04","slug":"a-menina-que-cuspiu-sol-e-lua-2","status":"publish","type":"product","link":"https:\/\/editorapangeia.com.br\/pt_br\/product\/a-menina-que-cuspiu-sol-e-lua-2\/","title":{"rendered":"A menina que cuspiu um sol e uma lua, B\u00e1rbara\u00a0Beraquet"},"content":{"rendered":"<p><em><strong>A menina que cuspiu um sol e uma lua<\/strong><\/em>, de B\u00e1rbara\u00a0Beraquet, com ilustra\u00e7\u00f5es e capa de Willia K\u00e1tia Oliveira.<\/p>\n<p>Para mais informa\u00e7\u00f5es sobre o livro e sobre a autora, clique <a href=\"https:\/\/editorapangeia.com.br\/?s=beraquet\"><strong>AQUI<\/strong><\/a>.<\/p>\n<p>O Grito da Menina &#8211; <span style=\"color: #ff0000;\"><a style=\"color: #ff0000;\" href=\"https:\/\/editorapangeia.com.br\/o-grito-da-menina\/\">AQUI<\/a><\/span>\u00a0\u2013 um debate pedag\u00f3gico.<\/p>\n<blockquote>\n<p style=\"text-align: center;\">indicado para o 2\u00ba ciclo.<\/p>\n<\/blockquote>\n<p><img loading=\"lazy\" decoding=\"async\" class=\"alignnone size-medium wp-image-8133 aligncenter\" src=\"http:\/\/editorapangeia.com.br\/wp-content\/uploads\/2022\/02\/A-menina-q-cuspiu-300x298.png\" alt=\"\" width=\"300\" height=\"298\" srcset=\"https:\/\/editorapangeia.com.br\/wp-content\/uploads\/2022\/02\/A-menina-q-cuspiu-300x298.png 300w, https:\/\/editorapangeia.com.br\/wp-content\/uploads\/2022\/02\/A-menina-q-cuspiu-150x150.png 150w, https:\/\/editorapangeia.com.br\/wp-content\/uploads\/2022\/02\/A-menina-q-cuspiu-100x100.png 100w, https:\/\/editorapangeia.com.br\/wp-content\/uploads\/2022\/02\/A-menina-q-cuspiu-50x50.png 50w, https:\/\/editorapangeia.com.br\/wp-content\/uploads\/2022\/02\/A-menina-q-cuspiu.png 392w\" sizes=\"auto, (max-width: 300px) 100vw, 300px\" \/><\/p>\n","protected":false},"excerpt":{"rendered":"<p><em>de B\u00e1rbara<\/em>\u00a0Beraquet, 16 p., a cores<\/p>\n<p>Numa casa amarela de porta azul, com uma \u00e1rvore de flores roxas na cal\u00e7ada, vive uma menina. Rosa, nem de cor, nem de flor, \u00e9 quieta, de fato, mas muita coisa est\u00e1 acontecendo dentro dela. Um dia, Rosa cuspiu um sol! Que susto! Mas n\u00e3o foi s\u00f3 isso\u2026 Rosa cuspiu uma lua! Vamos, com Rosa, descobrir o que fazer com um universo na barriga?<\/p>\n<p>O livro apresenta ilustra\u00e7\u00f5es e capa de Willia K\u00e1tia Oliveira.<\/p>\n<p><img loading=\"lazy\" decoding=\"async\" class=\"alignnone size-medium wp-image-8173 aligncenter\" src=\"http:\/\/editorapangeia.com.br\/wp-content\/uploads\/2022\/02\/barbara-e-willia-300x300.jpeg\" alt=\"\" width=\"300\" height=\"300\" srcset=\"https:\/\/editorapangeia.com.br\/wp-content\/uploads\/2022\/02\/barbara-e-willia-300x300.jpeg 300w, https:\/\/editorapangeia.com.br\/wp-content\/uploads\/2022\/02\/barbara-e-willia-150x150.jpeg 150w, https:\/\/editorapangeia.com.br\/wp-content\/uploads\/2022\/02\/barbara-e-willia.jpeg 400w, https:\/\/editorapangeia.com.br\/wp-content\/uploads\/2022\/02\/barbara-e-willia-100x100.jpeg 100w, https:\/\/editorapangeia.com.br\/wp-content\/uploads\/2022\/02\/barbara-e-willia-50x50.jpeg 50w\" sizes=\"auto, (max-width: 300px) 100vw, 300px\" \/><\/p>\n","protected":false},"featured_media":8133,"comment_status":"open","ping_status":"closed","template":"","meta":[],"product_brand":[],"product_cat":[4080],"product_tag":[568,567,366,243,156,316,367,310,569,564],"class_list":{"0":"post-8172","1":"product","2":"type-product","3":"status-publish","4":"has-post-thumbnail","6":"product_cat-infantojuvenil","7":"product_tag-adolescencia","8":"product_tag-barbara-beraquet","9":"product_tag-edicoes-sarue","10":"product_tag-escrita-feminina","11":"product_tag-literatura","12":"product_tag-literatura-infantil","13":"product_tag-literatura-infantojuvenil","14":"product_tag-sarue","15":"product_tag-superacao","16":"product_tag-willia-katia-oliveira","18":"first","19":"instock","20":"sale","21":"taxable","22":"shipping-taxable","23":"product-type-grouped"},"_links":{"self":[{"href":"https:\/\/editorapangeia.com.br\/pt_br\/wp-json\/wp\/v2\/product\/8172","targetHints":{"allow":["GET"]}}],"collection":[{"href":"https:\/\/editorapangeia.com.br\/pt_br\/wp-json\/wp\/v2\/product"}],"about":[{"href":"https:\/\/editorapangeia.com.br\/pt_br\/wp-json\/wp\/v2\/types\/product"}],"replies":[{"embeddable":true,"href":"https:\/\/editorapangeia.com.br\/pt_br\/wp-json\/wp\/v2\/comments?post=8172"}],"wp:featuredmedia":[{"embeddable":true,"href":"https:\/\/editorapangeia.com.br\/pt_br\/wp-json\/wp\/v2\/media\/8133"}],"wp:attachment":[{"href":"https:\/\/editorapangeia.com.br\/pt_br\/wp-json\/wp\/v2\/media?parent=8172"}],"wp:term":[{"taxonomy":"product_brand","embeddable":true,"href":"https:\/\/editorapangeia.com.br\/pt_br\/wp-json\/wp\/v2\/product_brand?post=8172"},{"taxonomy":"product_cat","embeddable":true,"href":"https:\/\/editorapangeia.com.br\/pt_br\/wp-json\/wp\/v2\/product_cat?post=8172"},{"taxonomy":"product_tag","embeddable":true,"href":"https:\/\/editorapangeia.com.br\/pt_br\/wp-json\/wp\/v2\/product_tag?post=8172"}],"curies":[{"name":"wp","href":"https:\/\/api.w.org\/{rel}","templated":true}]}}