{"id":8164,"date":"2022-12-09T19:44:11","date_gmt":"2022-12-09T19:44:11","guid":{"rendered":"https:\/\/editorapangeia.com.br\/?post_type=product&#038;p=8164"},"modified":"2025-11-21T11:02:05","modified_gmt":"2025-11-21T11:02:05","slug":"guri-cheio-de-arte-e-baleinha-jubarte","status":"publish","type":"product","link":"https:\/\/editorapangeia.com.br\/pt_br\/product\/guri-cheio-de-arte-e-baleinha-jubarte\/","title":{"rendered":"O Guri cheio de arte e a Baleinha Jubarte, Rauer"},"content":{"rendered":"<blockquote>\n<p style=\"text-align: center;\">\n<\/blockquote>\n<p><em><strong>O Guri cheio de arte e a Baleinha Jubarte<\/strong><\/em>, de Rauer, cont\u00e9m tabuleiro de jogo l\u00fadico com a trajet\u00f3ria da Baleinha at\u00e9 o reencontro com a m\u00e3e. Cont\u00e9m encarte de projetos pedag\u00f3gicos interdisciplinares e gloss\u00e1rio.<\/p>\n<p>Para mais informa\u00e7\u00f5es sobre o autor, clique <a href=\"https:\/\/editorapangeia.com.br\/?s=rauer\"><strong>AQUI<\/strong><\/a>.<\/p>\n<p>Para acessar os projetos interdisciplinares propostos para leitura do livro, clique <a href=\"https:\/\/editorapangeia.com.br\/guri-e-baleinha-projetos-interdisciplinares\/\"><span style=\"color: #ff0000;\"><strong>AQUI<\/strong><\/span><\/a>.<\/p>\n<p>Indicado para o 1\u00ba e 2\u00ba Ciclo, com din\u00e2micas interessantes tamb\u00e9m para o\u00a0 Ensino M\u00e9dio e a EJA. Conhe\u00e7a a proposta de atividades com projetos interdisciplinares que acompanha o livro clicando <a href=\"https:\/\/editorapangeia.com.br\/guri-e-baleinha-projetos-interdisciplinares\/\"><span style=\"color: #ff0000;\"><strong>AQUI<\/strong><\/span><\/a>.<\/p>\n<p><strong><img loading=\"lazy\" decoding=\"async\" class=\"alignnone size-medium wp-image-8143 aligncenter\" src=\"http:\/\/editorapangeia.com.br\/wp-content\/uploads\/2022\/02\/O-Guri-295x300.jpg\" alt=\"\" width=\"295\" height=\"300\" srcset=\"https:\/\/editorapangeia.com.br\/wp-content\/uploads\/2022\/02\/O-Guri-295x300.jpg 295w, https:\/\/editorapangeia.com.br\/wp-content\/uploads\/2022\/02\/O-Guri-50x50.jpg 50w, https:\/\/editorapangeia.com.br\/wp-content\/uploads\/2022\/02\/O-Guri.jpg 303w\" sizes=\"auto, (max-width: 295px) 100vw, 295px\" \/><\/strong><\/p>\n<p style=\"text-align: center;\"><strong>Conhe\u00e7a a Gondwana, a plataforma de pr\u00e9-venda<\/strong><br \/>\n<strong>com financiamento coletivo da<\/strong><br \/>\n<strong>Pangeia Editorial:<\/strong><\/p>\n<p style=\"text-align: center;\"><strong><a href=\"https:\/\/editorapangeia.com.br\/gondwana-2\/\"><span style=\"color: #ff0000;\">AQUI<\/span><\/a>.<\/strong><\/p>\n<p style=\"text-align: center;\"><strong>OUTROS LIVROS DE RAUER NOS SELOS DA PANGEIA EDITORIAL:<\/strong><br \/>\n<strong>Clique nos livros para ter mais informa\u00e7\u00f5es de cada livro<\/strong><\/p>\n<p style=\"text-align: center;\"><strong><a href=\"https:\/\/editorapangeia.com.br\/?s=ab+\u00e1cido\"><img loading=\"lazy\" decoding=\"async\" class=\"alignnone size-medium wp-image-7841\" src=\"http:\/\/editorapangeia.com.br\/wp-content\/uploads\/2022\/01\/IMG_0115-183x300.jpeg\" alt=\"\" width=\"183\" height=\"300\" srcset=\"https:\/\/editorapangeia.com.br\/wp-content\/uploads\/2022\/01\/IMG_0115-183x300.jpeg 183w, https:\/\/editorapangeia.com.br\/wp-content\/uploads\/2022\/01\/IMG_0115-625x1024.jpeg 625w, https:\/\/editorapangeia.com.br\/wp-content\/uploads\/2022\/01\/IMG_0115-768x1258.jpeg 768w, https:\/\/editorapangeia.com.br\/wp-content\/uploads\/2022\/01\/IMG_0115-700x1147.jpeg 700w, https:\/\/editorapangeia.com.br\/wp-content\/uploads\/2022\/01\/IMG_0115-244x400.jpeg 244w, https:\/\/editorapangeia.com.br\/wp-content\/uploads\/2022\/01\/IMG_0115-427x700.jpeg 427w, https:\/\/editorapangeia.com.br\/wp-content\/uploads\/2022\/01\/IMG_0115-793x1300.jpeg 793w, https:\/\/editorapangeia.com.br\/wp-content\/uploads\/2022\/01\/IMG_0115.jpeg 816w\" sizes=\"auto, (max-width: 183px) 100vw, 183px\" \/><\/a><\/strong><br \/>\n<strong><a href=\"https:\/\/editorapangeia.com.br\/?s=ab+\u00e1cido\">Ab \u00e1cido: est\u00f3rias<\/a><\/strong><br \/>\n<strong><a href=\"https:\/\/editorapangeia.com.br\/?s=ab+\u00e1cido\">contos<\/a><\/strong><\/p>\n<p style=\"text-align: center;\"><strong><a href=\"https:\/\/editorapangeia.com.br\/?s=micros-beag\u00e1\"><img loading=\"lazy\" decoding=\"async\" class=\"alignnone size-medium wp-image-7556\" src=\"http:\/\/editorapangeia.com.br\/wp-content\/uploads\/2021\/11\/Capa_M-B_frente-188x300.png\" alt=\"\" width=\"188\" height=\"300\" srcset=\"https:\/\/editorapangeia.com.br\/wp-content\/uploads\/2021\/11\/Capa_M-B_frente-188x300.png 188w, https:\/\/editorapangeia.com.br\/wp-content\/uploads\/2021\/11\/Capa_M-B_frente-250x400.png 250w, https:\/\/editorapangeia.com.br\/wp-content\/uploads\/2021\/11\/Capa_M-B_frente-438x700.png 438w, https:\/\/editorapangeia.com.br\/wp-content\/uploads\/2021\/11\/Capa_M-B_frente.png 600w\" sizes=\"auto, (max-width: 188px) 100vw, 188px\" \/><\/a><\/strong><br \/>\n<strong><a href=\"https:\/\/editorapangeia.com.br\/?s=micros-beag\u00e1\">Micros-Beag\u00e1<\/a><\/strong><br \/>\n<strong><a href=\"https:\/\/editorapangeia.com.br\/?s=micros-beag\u00e1\">Rauer<\/a><br \/>\n<a href=\"https:\/\/editorapangeia.com.br\/?s=micros-beag\u00e1\">(org.)<\/a><br \/>\n<a href=\"https:\/\/editorapangeia.com.br\/?s=qohelet\"><img loading=\"lazy\" decoding=\"async\" class=\"alignnone size-medium wp-image-8228\" src=\"http:\/\/editorapangeia.com.br\/wp-content\/uploads\/2022\/02\/Ilustracao2-183x300.png\" alt=\"\" width=\"183\" height=\"300\" srcset=\"https:\/\/editorapangeia.com.br\/wp-content\/uploads\/2022\/02\/Ilustracao2-183x300.png 183w, https:\/\/editorapangeia.com.br\/wp-content\/uploads\/2022\/02\/Ilustracao2-626x1024.png 626w, https:\/\/editorapangeia.com.br\/wp-content\/uploads\/2022\/02\/Ilustracao2-768x1256.png 768w, https:\/\/editorapangeia.com.br\/wp-content\/uploads\/2022\/02\/Ilustracao2-939x1536.png 939w, https:\/\/editorapangeia.com.br\/wp-content\/uploads\/2022\/02\/Ilustracao2-1252x2048.png 1252w, https:\/\/editorapangeia.com.br\/wp-content\/uploads\/2022\/02\/Ilustracao2-700x1145.png 700w, https:\/\/editorapangeia.com.br\/wp-content\/uploads\/2022\/02\/Ilustracao2-245x400.png 245w, https:\/\/editorapangeia.com.br\/wp-content\/uploads\/2022\/02\/Ilustracao2-428x700.png 428w, https:\/\/editorapangeia.com.br\/wp-content\/uploads\/2022\/02\/Ilustracao2-795x1300.png 795w, https:\/\/editorapangeia.com.br\/wp-content\/uploads\/2022\/02\/Ilustracao2.png 1300w\" sizes=\"auto, (max-width: 183px) 100vw, 183px\" \/><\/a><br \/>\n<a href=\"https:\/\/editorapangeia.com.br\/?s=qohelet\">QOHELET<\/a><br \/>\n<a href=\"https:\/\/editorapangeia.com.br\/?s=qohelet\">narrativa l\u00edrica<\/a><\/strong><\/p>\n<p style=\"text-align: center;\"><strong><a href=\"https:\/\/editorapangeia.com.br\/?s=baleinha\"><img loading=\"lazy\" decoding=\"async\" class=\"alignnone size-medium wp-image-7448\" src=\"http:\/\/editorapangeia.com.br\/wp-content\/uploads\/2021\/11\/10BFF325-F868-46B1-A45F-16D4FE0E95BF-300x300.jpeg\" alt=\"\" width=\"300\" height=\"300\" srcset=\"https:\/\/editorapangeia.com.br\/wp-content\/uploads\/2021\/11\/10BFF325-F868-46B1-A45F-16D4FE0E95BF-300x300.jpeg 300w, https:\/\/editorapangeia.com.br\/wp-content\/uploads\/2021\/11\/10BFF325-F868-46B1-A45F-16D4FE0E95BF-150x150.jpeg 150w, https:\/\/editorapangeia.com.br\/wp-content\/uploads\/2021\/11\/10BFF325-F868-46B1-A45F-16D4FE0E95BF-400x400.jpeg 400w, https:\/\/editorapangeia.com.br\/wp-content\/uploads\/2021\/11\/10BFF325-F868-46B1-A45F-16D4FE0E95BF-100x100.jpeg 100w, https:\/\/editorapangeia.com.br\/wp-content\/uploads\/2021\/11\/10BFF325-F868-46B1-A45F-16D4FE0E95BF-50x50.jpeg 50w, https:\/\/editorapangeia.com.br\/wp-content\/uploads\/2021\/11\/10BFF325-F868-46B1-A45F-16D4FE0E95BF.jpeg 567w\" sizes=\"auto, (max-width: 300px) 100vw, 300px\" \/><\/a><\/strong><br \/>\n<strong><a href=\"https:\/\/editorapangeia.com.br\/?s=baleinha\">A cinematogr\u00e1fica aventura de<\/a><\/strong><br \/>\n<strong><a href=\"https:\/\/editorapangeia.com.br\/?s=baleinha\">uma Baleinha Jubarte no<\/a><\/strong><br \/>\n<strong><a href=\"https:\/\/editorapangeia.com.br\/?s=baleinha\">cora\u00e7\u00e3o do Pantanal<\/a><\/strong><\/p>\n<p style=\"text-align: center;\"><strong><a href=\"https:\/\/editorapangeia.com.br\/?s=Rauer\"><img loading=\"lazy\" decoding=\"async\" class=\"alignnone size-medium wp-image-8214\" src=\"http:\/\/editorapangeia.com.br\/wp-content\/uploads\/2022\/02\/foto-Rauer-300x300.jpeg\" alt=\"\" width=\"300\" height=\"300\" srcset=\"https:\/\/editorapangeia.com.br\/wp-content\/uploads\/2022\/02\/foto-Rauer-300x300.jpeg 300w, https:\/\/editorapangeia.com.br\/wp-content\/uploads\/2022\/02\/foto-Rauer-150x150.jpeg 150w, https:\/\/editorapangeia.com.br\/wp-content\/uploads\/2022\/02\/foto-Rauer-768x765.jpeg 768w, https:\/\/editorapangeia.com.br\/wp-content\/uploads\/2022\/02\/foto-Rauer-400x400.jpeg 400w, https:\/\/editorapangeia.com.br\/wp-content\/uploads\/2022\/02\/foto-Rauer-700x698.jpeg 700w, https:\/\/editorapangeia.com.br\/wp-content\/uploads\/2022\/02\/foto-Rauer-100x100.jpeg 100w, https:\/\/editorapangeia.com.br\/wp-content\/uploads\/2022\/02\/foto-Rauer-50x50.jpeg 50w, https:\/\/editorapangeia.com.br\/wp-content\/uploads\/2022\/02\/foto-Rauer.jpeg 859w\" sizes=\"auto, (max-width: 300px) 100vw, 300px\" \/><\/a><\/strong><br \/>\n<strong><a href=\"https:\/\/editorapangeia.com.br\/?s=Rauer\">Rauer &#8211; informa\u00e7\u00f5es sobre o<\/a><\/strong><br \/>\n<strong><a href=\"https:\/\/editorapangeia.com.br\/?s=Rauer\">escritor e de outros livros<\/a><\/strong><br \/>\n<strong><a href=\"https:\/\/editorapangeia.com.br\/?s=Rauer\">que organizou aqui na<\/a><\/strong><br \/>\n<strong><a href=\"https:\/\/editorapangeia.com.br\/?s=Rauer\">Pangeia Editorial<\/a>\u00a0<\/strong><\/p>\n<p style=\"text-align: center;\">Confira lan\u00e7amentos com financiamento coletivo em pr\u00e9-venda na Plataforma Gondwana da Pangeia Editorial:<\/p>\n<p style=\"text-align: center;\">Clique <a href=\"https:\/\/editorapangeia.com.br\/gondwana-2\/\"><strong>AQUI<\/strong><\/a>.<\/p>\n","protected":false},"excerpt":{"rendered":"<p><strong><em>O Guri cheio de arte e a Baleinha Jubarte<br \/>\n<\/em><\/strong><em>de Rauer<\/em>,<br \/>\nilustrado por Andrea Mendes Preta\u00e7\u00e3o e diagramado por Alexandra Abdala, com<br \/>\n36 p., a cores; cont\u00e9m poema narrativo, encarte de projetos pedag\u00f3gicos interdisciplinares, gloss\u00e1rio, tabuleiro de jogo.<\/p>\n<p>O livro apresenta a cinematogr\u00e1fica aventura de uma Baleinha Jubarte que se perde nos rios do Pantanal e, quase \u00e0 morte, \u00e9 socorrida por uma crian\u00e7a. Conseguir\u00e1 o Guri Cheio de Arte salvar a Jubartinha? Conseguir\u00e1 a Baleinha voltar ao mar e reencontrar sua m\u00e3e? O poema narrativo, de versos po\u00e9ticos, ritmados e rimados, vem acompanhado por jogo de tabuleiro com mapa estilizado do Pantanal. A diagrama\u00e7\u00e3o \u00e9 de Alexandra Abdala, e as ilustra\u00e7\u00f5es do miolo e da capa, assim como a arte final do livro, s\u00e3o de Andrea Mendes Preta\u00e7\u00e3o.<\/p>\n<p style=\"text-align: center;\"><img loading=\"lazy\" decoding=\"async\" class=\"alignnone size-medium wp-image-9054\" src=\"http:\/\/editorapangeia.com.br\/wp-content\/uploads\/2022\/03\/CAPA-VERSO-Baleinha-Jubarte-01-300x300.png\" alt=\"\" width=\"300\" height=\"300\" srcset=\"https:\/\/editorapangeia.com.br\/wp-content\/uploads\/2022\/03\/CAPA-VERSO-Baleinha-Jubarte-01-300x300.png 300w, https:\/\/editorapangeia.com.br\/wp-content\/uploads\/2022\/03\/CAPA-VERSO-Baleinha-Jubarte-01-1024x1024.png 1024w, https:\/\/editorapangeia.com.br\/wp-content\/uploads\/2022\/03\/CAPA-VERSO-Baleinha-Jubarte-01-150x150.png 150w, https:\/\/editorapangeia.com.br\/wp-content\/uploads\/2022\/03\/CAPA-VERSO-Baleinha-Jubarte-01-768x768.png 768w, https:\/\/editorapangeia.com.br\/wp-content\/uploads\/2022\/03\/CAPA-VERSO-Baleinha-Jubarte-01-1536x1536.png 1536w, https:\/\/editorapangeia.com.br\/wp-content\/uploads\/2022\/03\/CAPA-VERSO-Baleinha-Jubarte-01-2048x2048.png 2048w, https:\/\/editorapangeia.com.br\/wp-content\/uploads\/2022\/03\/CAPA-VERSO-Baleinha-Jubarte-01-400x400.png 400w, https:\/\/editorapangeia.com.br\/wp-content\/uploads\/2022\/03\/CAPA-VERSO-Baleinha-Jubarte-01-700x700.png 700w, https:\/\/editorapangeia.com.br\/wp-content\/uploads\/2022\/03\/CAPA-VERSO-Baleinha-Jubarte-01-100x100.png 100w, https:\/\/editorapangeia.com.br\/wp-content\/uploads\/2022\/03\/CAPA-VERSO-Baleinha-Jubarte-01-1300x1300.png 1300w, https:\/\/editorapangeia.com.br\/wp-content\/uploads\/2022\/03\/CAPA-VERSO-Baleinha-Jubarte-01-50x50.png 50w\" sizes=\"auto, (max-width: 300px) 100vw, 300px\" \/><\/p>\n","protected":false},"featured_media":8143,"comment_status":"open","ping_status":"closed","template":"","meta":[],"product_brand":[],"product_cat":[4080,4077],"product_tag":[2152,586,587,588,366,264,5080,589,149,590,591,592,593,594,156,316,553,595,528,596,111,597,112,476,598,599,310],"class_list":{"0":"post-8164","1":"product","2":"type-product","3":"status-publish","4":"has-post-thumbnail","6":"product_cat-infantojuvenil","7":"product_cat-poesia","8":"product_tag-antirracismo","9":"product_tag-atividades-pedagogicas","10":"product_tag-baleinha","11":"product_tag-baleinha-jubarte","12":"product_tag-edicoes-sarue","13":"product_tag-estudos-literarios","14":"product_tag-formacao-antirracista","15":"product_tag-glossario","16":"product_tag-gplv","17":"product_tag-guri","18":"product_tag-guri-cheio-de-arte","19":"product_tag-jogo-ludico","20":"product_tag-jubarte","21":"product_tag-ler-brincar-criar","22":"product_tag-literatura","23":"product_tag-literatura-infantil","24":"product_tag-livro-ilustrado","25":"product_tag-mimese","26":"product_tag-nima-spigolon","27":"product_tag-pantanal","28":"product_tag-poesia","29":"product_tag-projetos-interdisciplinares","30":"product_tag-rauer","31":"product_tag-rauer-ribeiro-rodrigues","32":"product_tag-representacao","33":"product_tag-rio-paraguai","34":"product_tag-sarue","36":"first","37":"instock","38":"sale","39":"taxable","40":"shipping-taxable","41":"product-type-grouped"},"_links":{"self":[{"href":"https:\/\/editorapangeia.com.br\/pt_br\/wp-json\/wp\/v2\/product\/8164","targetHints":{"allow":["GET"]}}],"collection":[{"href":"https:\/\/editorapangeia.com.br\/pt_br\/wp-json\/wp\/v2\/product"}],"about":[{"href":"https:\/\/editorapangeia.com.br\/pt_br\/wp-json\/wp\/v2\/types\/product"}],"replies":[{"embeddable":true,"href":"https:\/\/editorapangeia.com.br\/pt_br\/wp-json\/wp\/v2\/comments?post=8164"}],"wp:featuredmedia":[{"embeddable":true,"href":"https:\/\/editorapangeia.com.br\/pt_br\/wp-json\/wp\/v2\/media\/8143"}],"wp:attachment":[{"href":"https:\/\/editorapangeia.com.br\/pt_br\/wp-json\/wp\/v2\/media?parent=8164"}],"wp:term":[{"taxonomy":"product_brand","embeddable":true,"href":"https:\/\/editorapangeia.com.br\/pt_br\/wp-json\/wp\/v2\/product_brand?post=8164"},{"taxonomy":"product_cat","embeddable":true,"href":"https:\/\/editorapangeia.com.br\/pt_br\/wp-json\/wp\/v2\/product_cat?post=8164"},{"taxonomy":"product_tag","embeddable":true,"href":"https:\/\/editorapangeia.com.br\/pt_br\/wp-json\/wp\/v2\/product_tag?post=8164"}],"curies":[{"name":"wp","href":"https:\/\/api.w.org\/{rel}","templated":true}]}}