{"id":8158,"date":"2022-04-17T20:54:07","date_gmt":"2022-04-17T20:54:07","guid":{"rendered":"https:\/\/editorapangeia.com.br\/?post_type=product&#038;p=8158"},"modified":"2025-01-16T13:12:23","modified_gmt":"2025-01-16T13:12:23","slug":"godofredo-caiu-2","status":"publish","type":"product","link":"https:\/\/editorapangeia.com.br\/pt_br\/product\/godofredo-caiu-2\/","title":{"rendered":"Godofredo Caiu, Sandra Bittencourt"},"content":{"rendered":"<p><strong><em>Godofredo Caiu<\/em><\/strong><\/p>\n<p>Um livro de afeto, cuidado, amizade e companheirismo.<\/p>\n<p style=\"text-align: center;\">Indicado para o Pr\u00e9 e 1\u00ba Ciclo, eventualmente tamb\u00e9m ao 2\u00ba Ciclo, Ensino M\u00e9dio e a EJA.<img loading=\"lazy\" decoding=\"async\" class=\"alignnone size-medium wp-image-8140\" src=\"http:\/\/editorapangeia.com.br\/wp-content\/uploads\/2022\/02\/Godofredo-300x296.png\" alt=\"\" width=\"300\" height=\"296\" srcset=\"https:\/\/editorapangeia.com.br\/wp-content\/uploads\/2022\/02\/Godofredo-300x296.png 300w, https:\/\/editorapangeia.com.br\/wp-content\/uploads\/2022\/02\/Godofredo-100x100.png 100w, https:\/\/editorapangeia.com.br\/wp-content\/uploads\/2022\/02\/Godofredo-400x395.png 400w, https:\/\/editorapangeia.com.br\/wp-content\/uploads\/2022\/02\/Godofredo-50x50.png 50w, https:\/\/editorapangeia.com.br\/wp-content\/uploads\/2022\/02\/Godofredo.png 409w\" sizes=\"auto, (max-width: 300px) 100vw, 300px\" \/><\/p>\n<p style=\"text-align: center;\"><strong>Para mais informa\u00e7\u00f5es,<br \/>\nclique <span style=\"color: #ff0000;\">AQUI<\/span>.<\/strong><\/p>\n","protected":false},"excerpt":{"rendered":"<p><em>de Sandra Bittencourt<\/em>, 16 p., para colorir<\/p>\n<p>&nbsp;<\/p>\n<p>Com um olhar cheio de ternura e esperan\u00e7a, o livro traz o melhor amigo da fam\u00edlia para uma aventura com um brinquedo bem at\u00edpico: o sapo Godofredo! A\u00e7\u00e3o, aventura e emo\u00e7\u00f5es que, atrav\u00e9s das palavras, instigam o imagin\u00e1rio. O livro \u00e9 para colorir, a partir dos tra\u00e7os leves e envolventes da requisitada ilustradora Lana Maciel.<\/p>\n<p>&nbsp;<\/p>\n<p><img loading=\"lazy\" decoding=\"async\" class=\"size-medium wp-image-8159 aligncenter\" src=\"http:\/\/editorapangeia.com.br\/wp-content\/uploads\/2022\/02\/sandre-e-lana-300x300.jpeg\" alt=\"\" width=\"300\" height=\"300\" srcset=\"https:\/\/editorapangeia.com.br\/wp-content\/uploads\/2022\/02\/sandre-e-lana-300x300.jpeg 300w, https:\/\/editorapangeia.com.br\/wp-content\/uploads\/2022\/02\/sandre-e-lana-150x150.jpeg 150w, https:\/\/editorapangeia.com.br\/wp-content\/uploads\/2022\/02\/sandre-e-lana.jpeg 400w, https:\/\/editorapangeia.com.br\/wp-content\/uploads\/2022\/02\/sandre-e-lana-100x100.jpeg 100w, https:\/\/editorapangeia.com.br\/wp-content\/uploads\/2022\/02\/sandre-e-lana-50x50.jpeg 50w\" sizes=\"auto, (max-width: 300px) 100vw, 300px\" \/><\/p>\n","protected":false},"featured_media":8140,"comment_status":"open","ping_status":"closed","template":"","meta":[],"product_brand":[],"product_cat":[4080],"product_tag":[366,718,719,720,563,594,316,721,528,722,723,724,310,725],"class_list":{"0":"post-8158","1":"product","2":"type-product","3":"status-publish","4":"has-post-thumbnail","6":"product_cat-infantojuvenil","7":"product_tag-edicoes-sarue","8":"product_tag-fabula","9":"product_tag-familia-sassaruezim","10":"product_tag-godofredo-caiu","11":"product_tag-lana-maciel","12":"product_tag-ler-brincar-criar","13":"product_tag-literatura-infantil","14":"product_tag-livro-para-colorir","15":"product_tag-nima-spigolon","16":"product_tag-para-colorir","17":"product_tag-quem-salvou-godofredo","18":"product_tag-sandra-bittencourt","19":"product_tag-sarue","20":"product_tag-trupe-maria-farinha","22":"first","23":"instock","24":"taxable","25":"shipping-taxable","26":"product-type-grouped"},"_links":{"self":[{"href":"https:\/\/editorapangeia.com.br\/pt_br\/wp-json\/wp\/v2\/product\/8158","targetHints":{"allow":["GET"]}}],"collection":[{"href":"https:\/\/editorapangeia.com.br\/pt_br\/wp-json\/wp\/v2\/product"}],"about":[{"href":"https:\/\/editorapangeia.com.br\/pt_br\/wp-json\/wp\/v2\/types\/product"}],"replies":[{"embeddable":true,"href":"https:\/\/editorapangeia.com.br\/pt_br\/wp-json\/wp\/v2\/comments?post=8158"}],"wp:featuredmedia":[{"embeddable":true,"href":"https:\/\/editorapangeia.com.br\/pt_br\/wp-json\/wp\/v2\/media\/8140"}],"wp:attachment":[{"href":"https:\/\/editorapangeia.com.br\/pt_br\/wp-json\/wp\/v2\/media?parent=8158"}],"wp:term":[{"taxonomy":"product_brand","embeddable":true,"href":"https:\/\/editorapangeia.com.br\/pt_br\/wp-json\/wp\/v2\/product_brand?post=8158"},{"taxonomy":"product_cat","embeddable":true,"href":"https:\/\/editorapangeia.com.br\/pt_br\/wp-json\/wp\/v2\/product_cat?post=8158"},{"taxonomy":"product_tag","embeddable":true,"href":"https:\/\/editorapangeia.com.br\/pt_br\/wp-json\/wp\/v2\/product_tag?post=8158"}],"curies":[{"name":"wp","href":"https:\/\/api.w.org\/{rel}","templated":true}]}}