{"id":8147,"date":"2022-04-06T02:24:47","date_gmt":"2022-04-06T02:24:47","guid":{"rendered":"https:\/\/editorapangeia.com.br\/?post_type=product&#038;p=8147"},"modified":"2025-01-16T13:32:33","modified_gmt":"2025-01-16T13:32:33","slug":"o-gambazinho-sarue-pdf-e-livro","status":"publish","type":"product","link":"https:\/\/editorapangeia.com.br\/pt_br\/product\/o-gambazinho-sarue-pdf-e-livro\/","title":{"rendered":"O Gambazinho Saru\u00ea, Nima Spigolon"},"content":{"rendered":"<p style=\"text-align: center;\"><em><strong>O Gambazinho Saru\u00ea<\/strong><\/em>, de Nima Spigolon,<br \/>\ncom ilustra\u00e7\u00f5es a tra\u00e7os, para colorir.<\/p>\n<p>Dispon\u00edvel Caderno Pedag\u00f3gico para o professor, <span style=\"color: #ff0000;\"><strong>AQUI<\/strong><\/span>, com atividades interdisciplinares propostas por Rauer Ribeiro Rodrigues, professor de literatura brasileira na UFMS e escritor (conhe\u00e7a <a href=\"https:\/\/editorapangeia.com.br\/?s=Rauer\">AQUI<\/a> os livros dele).<\/p>\n<p>Livro destinado ao pr\u00e9 e ao primeiro ciclo. Devido a variedade de formas po\u00e9ticas, obt\u00e9m bom rendimento de aprendizagem tamb\u00e9m no segundo ciclo, no EJA e no Ensino M\u00e9dio.<\/p>\n<p style=\"text-align: center;\"><img loading=\"lazy\" decoding=\"async\" class=\"alignnone wp-image-9207\" src=\"http:\/\/editorapangeia.com.br\/wp-content\/uploads\/2022\/04\/IMG_1757-300x300.jpeg\" alt=\"\" width=\"332\" height=\"332\" srcset=\"https:\/\/editorapangeia.com.br\/wp-content\/uploads\/2022\/04\/IMG_1757-300x300.jpeg 300w, https:\/\/editorapangeia.com.br\/wp-content\/uploads\/2022\/04\/IMG_1757-1024x1024.jpeg 1024w, https:\/\/editorapangeia.com.br\/wp-content\/uploads\/2022\/04\/IMG_1757-150x150.jpeg 150w, https:\/\/editorapangeia.com.br\/wp-content\/uploads\/2022\/04\/IMG_1757-768x767.jpeg 768w, https:\/\/editorapangeia.com.br\/wp-content\/uploads\/2022\/04\/IMG_1757-12x12.jpeg 12w, https:\/\/editorapangeia.com.br\/wp-content\/uploads\/2022\/04\/IMG_1757-400x400.jpeg 400w, https:\/\/editorapangeia.com.br\/wp-content\/uploads\/2022\/04\/IMG_1757-700x700.jpeg 700w, https:\/\/editorapangeia.com.br\/wp-content\/uploads\/2022\/04\/IMG_1757-100x100.jpeg 100w, https:\/\/editorapangeia.com.br\/wp-content\/uploads\/2022\/04\/IMG_1757-50x50.jpeg 50w, https:\/\/editorapangeia.com.br\/wp-content\/uploads\/2022\/04\/IMG_1757.jpeg 1125w\" sizes=\"auto, (max-width: 332px) 100vw, 332px\" \/><br \/>\n<em>Nima, a autora de\u00a0<strong>O Gambazinho Saru\u00ea<\/strong><\/em><\/p>\n<p>Com desenhos para colorir, Nima Spigolon apresenta diversos g\u00eaneros da poesia (soneto, quadra, haicai, acalanto, poemas de versos livres, etc.), \u00e9 excelente para trabalho l\u00fadico em casa e em sala de aula, com leitura e aprendizado das diversas formas po\u00e9ticas.<\/p>\n","protected":false},"excerpt":{"rendered":"<p><span style=\"color: #000000; font-family: georgia, serif;\"><em>de Nima Spigolon<\/em>, 16 p., para colorir<\/span><\/p>\n<p><span style=\"color: #000000; font-family: georgia, serif;\">Livro de poemas de linguagem cotidiana, que exalam musicalidade, e no qual cada p\u00e1gina traz um novo g\u00eanero liter\u00e1rio: as crian\u00e7as v\u00e3o adorar, v\u00e3o decorar, v\u00e3o pedir nova releitura a cada noite. A proposta de trazer g\u00eaneros da poesia apresenta soneto, quadra, haicai, acalanto, poemas de versos livres, etc., e \u00e9 excelente para trabalho l\u00fadico em casa e em sala de aula, com leitura e aprendizado das diversas formas po\u00e9ticas. <\/span><\/p>\n<p><span style=\"color: #000000; font-family: georgia, serif;\">O livro \u00e9 para colorir, a partir de ilustra\u00e7\u00f5es de <em>Lana Maciel<\/em>.\u00a0<\/span><\/p>\n<p>&nbsp;<\/p>\n<p><img loading=\"lazy\" decoding=\"async\" class=\"size-medium wp-image-7945 aligncenter\" src=\"http:\/\/editorapangeia.com.br\/wp-content\/uploads\/2022\/01\/saruezinho-300x300.jpeg\" alt=\"\" width=\"300\" height=\"300\" srcset=\"https:\/\/editorapangeia.com.br\/wp-content\/uploads\/2022\/01\/saruezinho-300x300.jpeg 300w, https:\/\/editorapangeia.com.br\/wp-content\/uploads\/2022\/01\/saruezinho-150x150.jpeg 150w, https:\/\/editorapangeia.com.br\/wp-content\/uploads\/2022\/01\/saruezinho.jpeg 400w, https:\/\/editorapangeia.com.br\/wp-content\/uploads\/2022\/01\/saruezinho-100x100.jpeg 100w, https:\/\/editorapangeia.com.br\/wp-content\/uploads\/2022\/01\/saruezinho-50x50.jpeg 50w\" sizes=\"auto, (max-width: 300px) 100vw, 300px\" \/><\/p>\n","protected":false},"featured_media":8129,"comment_status":"open","ping_status":"closed","template":"","meta":[],"product_brand":[],"product_cat":[4080],"product_tag":[345,317,563,316,560,528,111,310,562],"class_list":{"0":"post-8147","1":"product","2":"type-product","3":"status-publish","4":"has-post-thumbnail","6":"product_cat-infantojuvenil","7":"product_tag-formas-poeticas","8":"product_tag-infantojuvenil","9":"product_tag-lana-maciel","10":"product_tag-literatura-infantil","11":"product_tag-meio-ambiente","12":"product_tag-nima-spigolon","13":"product_tag-poesia","14":"product_tag-sarue","15":"product_tag-subgeneros-de-poesia","17":"first","18":"instock","19":"taxable","20":"shipping-taxable","21":"product-type-grouped"},"_links":{"self":[{"href":"https:\/\/editorapangeia.com.br\/pt_br\/wp-json\/wp\/v2\/product\/8147","targetHints":{"allow":["GET"]}}],"collection":[{"href":"https:\/\/editorapangeia.com.br\/pt_br\/wp-json\/wp\/v2\/product"}],"about":[{"href":"https:\/\/editorapangeia.com.br\/pt_br\/wp-json\/wp\/v2\/types\/product"}],"replies":[{"embeddable":true,"href":"https:\/\/editorapangeia.com.br\/pt_br\/wp-json\/wp\/v2\/comments?post=8147"}],"wp:featuredmedia":[{"embeddable":true,"href":"https:\/\/editorapangeia.com.br\/pt_br\/wp-json\/wp\/v2\/media\/8129"}],"wp:attachment":[{"href":"https:\/\/editorapangeia.com.br\/pt_br\/wp-json\/wp\/v2\/media?parent=8147"}],"wp:term":[{"taxonomy":"product_brand","embeddable":true,"href":"https:\/\/editorapangeia.com.br\/pt_br\/wp-json\/wp\/v2\/product_brand?post=8147"},{"taxonomy":"product_cat","embeddable":true,"href":"https:\/\/editorapangeia.com.br\/pt_br\/wp-json\/wp\/v2\/product_cat?post=8147"},{"taxonomy":"product_tag","embeddable":true,"href":"https:\/\/editorapangeia.com.br\/pt_br\/wp-json\/wp\/v2\/product_tag?post=8147"}],"curies":[{"name":"wp","href":"https:\/\/api.w.org\/{rel}","templated":true}]}}