{"id":8085,"date":"2023-05-09T04:00:10","date_gmt":"2023-05-09T04:00:10","guid":{"rendered":"https:\/\/editorapangeia.com.br\/?post_type=product&#038;p=8085"},"modified":"2025-01-09T17:59:33","modified_gmt":"2025-01-09T17:59:33","slug":"micros-beaga","status":"publish","type":"product","link":"https:\/\/editorapangeia.com.br\/pt_br\/product\/micros-beaga\/","title":{"rendered":"Micros-Beag\u00e1"},"content":{"rendered":"<p style=\"text-align: left;\">Organizada por estudioso do microconto entre os mais respeitados do Brasil, a colet\u00e2nea-antologia <em><strong>Micros-Beag\u00e1<\/strong><\/em> traz alguns dos melhores e mais consagrados autores mineiros da atualidade, convidados para o livro, e apresenta revela\u00e7\u00f5es de alt\u00edssima qualidade, selecionados em concurso aberto a ampla participa\u00e7\u00e3o.<\/p>\n<p>Eis a Apresenta\u00e7\u00e3o que abre o livro:<\/p>\n<p style=\"padding-left: 40px;\">O ETHOS DA MINEIRIDADE<\/p>\n<p style=\"padding-left: 40px;\"><strong><em>Micros-Beag\u00e1<\/em><\/strong>, tendo no t\u00edtulo a abreviada e carinhosa forma com que a capital dos belos horizontes \u00e9 tratada, \u00e9 uma s\u00famula das Minas Gerais. Re\u00fane alguns(mas) dos(as) mais reconhecidos(as) escritores(as) mineiros(as) da atualidade, convidados(as) para o livro, e apresenta revela\u00e7\u00f5es de alt\u00edssima qualidade, selecionadas em concurso aberto a ampla participa\u00e7\u00e3o. Mostra o vigor da literatura produzida em Minas Gerais. Tanto que a Editora Pangeia acolheu nossa sugest\u00e3o e anunciou para o pr\u00f3ximo ano o lan\u00e7amento do <a href=\"https:\/\/editorapangeia.com.br\/micros-uai-edital\/\"><strong><em>Micros-Uai!<\/em><\/strong><\/a><\/p>\n<p style=\"padding-left: 40px;\">A diversidade \u00e9 a marca deste volume: dos temas \u00e0s propostas liter\u00e1rias, da riqueza de diferentes gera\u00e7\u00f5es \u00e0 variada realiza\u00e7\u00e3o est\u00e9tica, da reflex\u00e3o \u00e0 den\u00fancia, do intimismo \u00e0 cena dialogada, das m\u00faltiplas e instigantes propostas liter\u00e1rias \u00e0 riqueza das diversas vis\u00f5es de mundo. Sempre presente, o esp\u00edrito inquieto, dubitativo, questionador e interrogativo dos Sert\u00f5es, das Alterosas, da Mata, das Minas, dos Geraes, da Caatinga, da Minera\u00e7\u00e3o e do Cerrado. S\u00e3o 54 autores, com suas minibiografias. A literatura mineira, com esta sele\u00e7\u00e3o, mostra a for\u00e7a, a pujan\u00e7a, a grandeza e a diversidade de seu <em>ethos<\/em>: a mineiridade se des-vela e se re-vela nestes 270 microcontos.<\/p>\n<p style=\"text-align: center;\">Em s\u00edntese,<\/p>\n<p style=\"text-align: center;\">Nas Minas e nas Geraes,<br \/>\no microconto se faz.<\/p>\n<p style=\"text-align: center;\"><em>Rauer Ribeiro Rodrigues (org.)<\/em><\/p>\n<p>Eis os autores que comp\u00f5em a obra, conforme o \u00edndice que consta no sum\u00e1rio do livro:<\/p>\n<p style=\"text-align: center;\">Alciene Ribeiro Leite <strong>10<br \/>\n<\/strong>Alexandre Brand\u00e3o <strong>16<br \/>\n<\/strong>Alexandre Marino <strong>22<br \/>\n<\/strong>Alice Serra <strong>28<br \/>\n<\/strong>Ana Muniz <strong>34<br \/>\n<\/strong>Angela Leite <strong>40<br \/>\n<\/strong>Antonio Barreto <strong>46<br \/>\n<\/strong>Aurelio Oliveira <strong>52<br \/>\n<\/strong>Bento Cordis <strong>58<br \/>\n<\/strong>Branca Maria de Paula <strong>64<br \/>\n<\/strong>Caio Junqueira Maciel <strong>70<br \/>\n<\/strong>Cristina Agostinho <strong>76<br \/>\n<\/strong>Cristina Baracat <strong>82<br \/>\n<\/strong>Cunha de Leiradella <strong>88<br \/>\n<\/strong>Denise Nascimento <strong>94<br \/>\n<\/strong>Edgar Franco Ciberpaj\u00e9 <strong>100<br \/>\n<\/strong>Elt\u00e2nia Andr\u00e9 <strong>106<br \/>\n<\/strong>Evandro Barbosa <strong>112<br \/>\n<\/strong>Ferrucio <strong>118<br \/>\n<\/strong>Gustavo Mello <strong>124<br \/>\n<\/strong>Jair Humberto Rosa <strong>130<br \/>\n<\/strong>Jo\u00e3o Batista de Andrade <strong>136<br \/>\n<\/strong>Jo\u00e3o Batista Melo <strong>142<br \/>\n<\/strong>Jorge Fernando dos Santos <strong>148<br \/>\n<\/strong>Larissa Valdier <strong>154<br \/>\n<\/strong>Leo Cunha <strong>160<br \/>\n<\/strong>Lino de Albergaria <strong>166<br \/>\n<\/strong>Lou Bertoni <strong>172<br \/>\n<\/strong>L\u00facia Serra <strong>178<br \/>\n<\/strong>Lu\u00eds Giffoni<strong> 184<br \/>\n<\/strong>Madu Brand\u00e3o <strong>190<br \/>\n<\/strong>Malluh Praxedes <strong>196<br \/>\n<\/strong>Marcelo Aparecido <strong>202<br \/>\n<\/strong>Marcelo Luis <strong>208<br \/>\n<\/strong>Maria Pia Monda <strong>214<br \/>\n<\/strong>Neusa Sorrenti <strong>220<br \/>\n<\/strong>Nima Spigolon <strong>226<br \/>\n<\/strong>P.J. Ribeiro <strong>232<br \/>\n<\/strong>Rafael Sette C\u00e2mara <strong>238<br \/>\n<\/strong>Rita Espeschit <strong>244<br \/>\n<\/strong>R\u00edzio Macedo <strong>250<br \/>\n<\/strong>Ronald Claver <strong>256<br \/>\n<\/strong>Ronaldo Cagiano <strong>262<br \/>\n<\/strong>Ronaldo Guimar\u00e3es <strong>268<br \/>\n<\/strong>Roni Marques <strong>274<br \/>\n<\/strong>Rubem Filho <strong>280<br \/>\n<\/strong>S\u00edlvio Reis <strong>286<br \/>\n<\/strong>Silvio Vinhal <strong>292<br \/>\n<\/strong>Tatianny Cristina Gosuen de Souza <strong>298<br \/>\n<\/strong>Thalles do Nascimento Castro <strong>304<br \/>\n<\/strong>Tida Carvalho <strong>310<br \/>\n<\/strong>Weverson Campos de Oliveira <strong>316<br \/>\n<\/strong>Whisner Fraga <strong>322<br \/>\n<\/strong>Yueh <strong>328<\/strong><\/p>\n<p style=\"text-align: left;\">O organizador do\u00a0<em><strong>Micros-Beag\u00e1<\/strong><\/em>, Prof. Rauer Ribeiro Rodrigues (UFMS), se dedica ao microconto como escritor e como pesquisador. Licenciado em Hist\u00f3ria, tendo passado por outros cursos (Filosofia, na USP, e Estudos Sociais e Letras em Ituiutaba, MG, sua cidade natal), fez Especializa\u00e7\u00e3o em Literatura na Universidade Federal de Uberl\u00e2ndia, Doutorado em Estudos Liter\u00e1rios na UNESP de Araraquara e P\u00f3s-Doutorado em Literatura Comparada na UERJ. Seus &#8220;29 aforismos sobre o microconto&#8221;,\u00a0<strong><a href=\"https:\/\/editorapangeia.com.br\/a-arte-de-escrever-5-29-aforismos-sobre-o-microconto\/\">AQUI<\/a>\u00a0<\/strong>no Blog da Pangeia, \u00e9 um texto seminal, provocante, e que a cada m\u00eas est\u00e1 sempre entre os mais lidos do nosso Portal. Como autor de microcontos, publicou o\u00a0<em><strong>minimus &amp;<\/strong><\/em><strong> brev\u00edssimos<\/strong>, volume que dividiu com a escritora Alciene Ribeiro Leite \u2013 confira <a href=\"https:\/\/editorapangeia.com.br\/?s=brev%C3%ADssimos\"><strong>AQUI<\/strong><\/a>. Destaque no volume para os microcontos metapo\u00e9ticos, que apresentam defini\u00e7\u00f5es sucessivas, densas, fortes, el\u00edpticas e impactantes.<\/p>\n<p>Sobre o\u00a0<em><strong>Micros-Beag\u00e1<\/strong><\/em>, Rauer afirmou:<\/p>\n<p style=\"padding-left: 40px;\">&#8220;O trabalho de sele\u00e7\u00e3o foi \u00e1rduo, pois a alta qualidade dos concorrentes, em certo momento, nos obrigou a excluir conjuntos de microcontos que poderiam constar no livro, n\u00e3o fosse a delimita\u00e7\u00e3o num\u00e9rica estabelecida para a tarefa. De tal modo que o livro, como se apresenta agora, faz uma amostra do melhor da literatura de Minas Gerais do momento, com microcontos de muitos de seus autores mais representativos,\u00a0confirma a for\u00e7a de autores, novos ou de meia idade, que j\u00e1 se lan\u00e7aram, e, ao mesmo tempo,\u00a0apresenta escritores at\u00e9 agora inteiramente desconhecidos, valores revelados e que passam a integrar o sistema liter\u00e1rio das Minas Gerais. Sinto orgulho deste livro, e espero que ele delicie os leitores, como a n\u00f3s que selecionamos os microcontos, e que seja estudado, n\u00e3o s\u00f3 por ser a amostra que \u00e9 do momento liter\u00e1rio brasileiro a partir de Minas Gerais, mas por ser um livro de alt\u00edssima qualidade liter\u00e1ria.&#8221;<\/p>\n<p>Para saber mais sobre o processo de sele\u00e7\u00e3o e detalhes da publica\u00e7\u00e3o do livro, clique <a href=\"https:\/\/editorapangeia.com.br\/?s=beag\u00e1\"><strong>AQUI<\/strong><\/a>.<\/p>\n","protected":false},"excerpt":{"rendered":"<p>N\u00fameros mai\u00fasculos em uma obra \u00edmpar marcam este\u00a0<em><strong>Micros-Beag\u00e1<\/strong><\/em><em>:<\/em><\/p>\n<p style=\"padding-left: 40px;\">270 microcontos<br \/>\n54 autores, com fotos e biografias<br \/>\nMicro-Apresenta\u00e7\u00e3o e Mini-bibliografia<br \/>\nAo menos 15 revela\u00e7\u00f5es<br \/>\nCerca de 20 autores amplamente consagrados<br \/>\nEm torno de outros 15 autores\u00a0j\u00e1 reconhecidos por cr\u00edtica e p\u00fablico<br \/>\nO organizador \u00e9 um dos maiores especialistas em microconto do pa\u00eds<\/p>\n<p><em><strong>Micros-Beag\u00e1<\/strong><\/em>, sem d\u00favida, \u00e9 um marco editorial e uma refer\u00eancia no \u00e2mbito da literatura brasileira de nossos dias.<\/p>\n","protected":false},"featured_media":8112,"comment_status":"open","ping_status":"closed","template":"","meta":[],"product_brand":[],"product_cat":[4092],"product_tag":[207,149,187,360,362,361,112],"class_list":{"0":"post-8085","1":"product","2":"type-product","3":"status-publish","4":"has-post-thumbnail","6":"product_cat-microcontos","7":"product_tag-dionysius","8":"product_tag-gplv","9":"product_tag-literatura-brasileira-contemporanea","10":"product_tag-microconto","11":"product_tag-microminimus","12":"product_tag-micros-beaga","13":"product_tag-rauer","14":"product_shipping_class-normal","16":"first","17":"instock","18":"taxable","19":"shipping-taxable","20":"purchasable","21":"product-type-simple"},"_links":{"self":[{"href":"https:\/\/editorapangeia.com.br\/pt_br\/wp-json\/wp\/v2\/product\/8085","targetHints":{"allow":["GET"]}}],"collection":[{"href":"https:\/\/editorapangeia.com.br\/pt_br\/wp-json\/wp\/v2\/product"}],"about":[{"href":"https:\/\/editorapangeia.com.br\/pt_br\/wp-json\/wp\/v2\/types\/product"}],"replies":[{"embeddable":true,"href":"https:\/\/editorapangeia.com.br\/pt_br\/wp-json\/wp\/v2\/comments?post=8085"}],"wp:featuredmedia":[{"embeddable":true,"href":"https:\/\/editorapangeia.com.br\/pt_br\/wp-json\/wp\/v2\/media\/8112"}],"wp:attachment":[{"href":"https:\/\/editorapangeia.com.br\/pt_br\/wp-json\/wp\/v2\/media?parent=8085"}],"wp:term":[{"taxonomy":"product_brand","embeddable":true,"href":"https:\/\/editorapangeia.com.br\/pt_br\/wp-json\/wp\/v2\/product_brand?post=8085"},{"taxonomy":"product_cat","embeddable":true,"href":"https:\/\/editorapangeia.com.br\/pt_br\/wp-json\/wp\/v2\/product_cat?post=8085"},{"taxonomy":"product_tag","embeddable":true,"href":"https:\/\/editorapangeia.com.br\/pt_br\/wp-json\/wp\/v2\/product_tag?post=8085"}],"curies":[{"name":"wp","href":"https:\/\/api.w.org\/{rel}","templated":true}]}}