{"id":8027,"date":"2022-02-02T12:38:56","date_gmt":"2022-02-02T12:38:56","guid":{"rendered":"https:\/\/editorapangeia.com.br\/?post_type=product&#038;p=8027"},"modified":"2025-01-16T14:20:40","modified_gmt":"2025-01-16T14:20:40","slug":"gabriel-me-disse-uma-vez-pdf-e-livro","status":"publish","type":"product","link":"https:\/\/editorapangeia.com.br\/pt_br\/product\/gabriel-me-disse-uma-vez-pdf-e-livro\/","title":{"rendered":"Gabriel Me Disse Uma Vez&#8230;, Helo\u00edsa Matos Lins"},"content":{"rendered":"<p>Helo\u00edsa Matos Lins escreveu esse livro de mem\u00f3rias dos ensinamentos e pensamentos de seu filho Gabriel, coisas de quando ele tinha entre 4 e 8 anos.<\/p>\n<p>Na apresenta\u00e7\u00e3o do livro a autora j\u00e1 nos diz que podemos aprender muito ouvindo a vis\u00e3o de mundo, de gente, dos animais e das coisas que as crian\u00e7as t\u00eam.<\/p>\n<p>A constru\u00e7\u00e3o de regras e a vis\u00e3o de si mesmo comp\u00f5em esse agrad\u00e1vel livro infantil para todas as idades.<\/p>\n","protected":false},"excerpt":{"rendered":"<p><span style=\"font-weight: 400;\">Dos 4 aos 8 anos de vida do Gabriel, Helo\u00edsa Matos Lins, sua m\u00e3e e autora desse livro, registrou pensamentos e ensinamentos dele sobre si, sobre as outras crian\u00e7as e sobre muitas coisas do mundo, como ela nos diz na apresenta\u00e7\u00e3o de <em>Gabriel Me Disse Uma Vez&#8230;<\/em>\u00a0<\/span><\/p>\n<p>No livro, \u00e0 sabedoria infantil de Gabriel, se soma as sens\u00edveis ilustra\u00e7\u00f5es de Felipe Tognoli e a diagrama\u00e7\u00e3o que valoriza texto e imagem de Willia K\u00e1tia Oliveira.<\/p>\n<p>Este \u00e9 um livro em que aprendemos muito, com surpresas a cada nova p\u00e1gina.<\/p>\n","protected":false},"featured_media":7884,"comment_status":"open","ping_status":"closed","template":"","meta":[],"product_brand":[],"product_cat":[4080],"product_tag":[312,313,317,316,314,310],"class_list":{"0":"post-8027","1":"product","2":"type-product","3":"status-publish","4":"has-post-thumbnail","6":"product_cat-infantojuvenil","7":"product_tag-frases-infantis","8":"product_tag-infancia","9":"product_tag-infantojuvenil","10":"product_tag-literatura-infantil","11":"product_tag-memoria","12":"product_tag-sarue","13":"product_shipping_class-normal","15":"first","16":"instock","17":"taxable","18":"shipping-taxable","19":"product-type-grouped"},"_links":{"self":[{"href":"https:\/\/editorapangeia.com.br\/pt_br\/wp-json\/wp\/v2\/product\/8027","targetHints":{"allow":["GET"]}}],"collection":[{"href":"https:\/\/editorapangeia.com.br\/pt_br\/wp-json\/wp\/v2\/product"}],"about":[{"href":"https:\/\/editorapangeia.com.br\/pt_br\/wp-json\/wp\/v2\/types\/product"}],"replies":[{"embeddable":true,"href":"https:\/\/editorapangeia.com.br\/pt_br\/wp-json\/wp\/v2\/comments?post=8027"}],"wp:featuredmedia":[{"embeddable":true,"href":"https:\/\/editorapangeia.com.br\/pt_br\/wp-json\/wp\/v2\/media\/7884"}],"wp:attachment":[{"href":"https:\/\/editorapangeia.com.br\/pt_br\/wp-json\/wp\/v2\/media?parent=8027"}],"wp:term":[{"taxonomy":"product_brand","embeddable":true,"href":"https:\/\/editorapangeia.com.br\/pt_br\/wp-json\/wp\/v2\/product_brand?post=8027"},{"taxonomy":"product_cat","embeddable":true,"href":"https:\/\/editorapangeia.com.br\/pt_br\/wp-json\/wp\/v2\/product_cat?post=8027"},{"taxonomy":"product_tag","embeddable":true,"href":"https:\/\/editorapangeia.com.br\/pt_br\/wp-json\/wp\/v2\/product_tag?post=8027"}],"curies":[{"name":"wp","href":"https:\/\/api.w.org\/{rel}","templated":true}]}}