{"id":7977,"date":"2022-12-12T23:53:25","date_gmt":"2022-12-12T23:53:25","guid":{"rendered":"https:\/\/editorapangeia.com.br\/?post_type=product&#038;p=7977"},"modified":"2025-11-21T10:58:19","modified_gmt":"2025-11-21T10:58:19","slug":"lua-preta","status":"publish","type":"product","link":"https:\/\/editorapangeia.com.br\/pt_br\/product\/lua-preta\/","title":{"rendered":"Lua Preta, Madu Brand\u00e3o"},"content":{"rendered":"<p><em><strong>Lua Preta<\/strong><\/em>\u00a0narra a viagem de Tonz\u00e9, um menino que admira e ama seu pai, sua m\u00e3e e sua pequena irm\u00e3zinha, e que, num passeio de escola com a turma descobre a import\u00e2ncia do povo preto na constitui\u00e7\u00e3o de riquezas materiais e culturais em nosso pa\u00eds.<\/p>\n<p>Madu Brand\u00e3o \u00e9 professora aposentada. Professor \u00e9 profiss\u00e3o, forma de ser, de ver o mundo, de estabelecer rela\u00e7\u00f5es na vida. Com essa for\u00e7a, Madu nos traz <strong><em>Lua Preta<\/em><\/strong>, uma narrativa sens\u00edvel, em um livro com sugest\u00f5es e discuss\u00f5es de como podemos lidar com <em>bullying,<\/em> racismo e gordofobia.<\/p>\n<blockquote>\n<p style=\"text-align: center;\" align=\"center\"><strong>Madu diz gostar muito de ser escritora, pois esse seu lado lhe<br \/>\npermite &#8220;inventar moda&#8221;:<\/strong>\u00a0<strong>e que o <em>Lua Preta<\/em> crie moda,<br \/>\ncrie postura, crie olhares emp\u00e1ticos!<\/strong><\/p>\n<\/blockquote>\n<p>Com mais de tr\u00eas dezenas de livros publicados, Madu Brand\u00e3o, com <strong><em>Lua Preta<\/em><\/strong>, uma narrativa de epifanias, catarse e\u00a0reden\u00e7\u00e3o, atinge o \u00e1pice de sua cria\u00e7\u00e3o liter\u00e1ria, ao mesmo tempo sens\u00edvel e densa, forte, corajosa e de ampla empatia.<\/p>\n<p style=\"text-align: center;\"><img loading=\"lazy\" decoding=\"async\" class=\" wp-image-9325 aligncenter\" src=\"http:\/\/editorapangeia.com.br\/wp-content\/uploads\/2022\/04\/image-300x292.jpg\" alt=\"\" width=\"377\" height=\"367\" srcset=\"https:\/\/editorapangeia.com.br\/wp-content\/uploads\/2022\/04\/image-300x292.jpg 300w, https:\/\/editorapangeia.com.br\/wp-content\/uploads\/2022\/04\/image-12x12.jpg 12w, https:\/\/editorapangeia.com.br\/wp-content\/uploads\/2022\/04\/image-400x389.jpg 400w, https:\/\/editorapangeia.com.br\/wp-content\/uploads\/2022\/04\/image-50x50.jpg 50w, https:\/\/editorapangeia.com.br\/wp-content\/uploads\/2022\/04\/image.jpg 424w\" sizes=\"auto, (max-width: 377px) 100vw, 377px\" \/><em>Madu Brand\u00e3o lan\u00e7a\u00a0<strong>Lua Preta<\/strong>, sua obra-prima<\/em><\/p>\n<p>O texto honesto e real de Madu Brand\u00e3o abre o caminho para a reflex\u00e3o que as ilustra\u00e7\u00f5es da Duda potencializam, e que o projeto pedag\u00f3gico para trabalhar com o livro nas salas de aula deve estimular. N\u00e3o se acaba com um problema evitando discuti-lo: antes, a luz chocante da realidade \u00e9 o melhor meio para desinfetar preconceitos, racismos, persegui\u00e7\u00f5es, censuras, discrimina\u00e7\u00f5es e \u00f3dio raciais.<\/p>\n<p style=\"text-align: center;\">Para conferir depoimentos, coment\u00e1rios, leituras e<br \/>\nresenhas\u00a0sobre o livro, <a href=\"https:\/\/editorapangeia.com.br\/?s=lua+preta\"><strong>CLIQUE AQUI!<\/strong><\/a><\/p>\n<p style=\"text-align: center;\">Para adquirir o seu <em><strong>Lua Preta\u00a0<\/strong><\/em>e participar<br \/>\ndesse debate,<strong> CLIQUE <\/strong><a href=\"https:\/\/editorapangeia.com.br\/product\/lua-preta\/\"><span style=\"color: #ff0000;\"><strong>AQUI!<\/strong><\/span><\/a><\/p>\n<h3 style=\"text-align: center;\">O livro de Madu exp\u00f5e&#8230;<br \/>\n\u2013 confira clicando <a href=\"https:\/\/editorapangeia.com.br\/lua-preta-de-madu-brandao\/\"><span style=\"color: #ff0000;\">AQUI!!!!<\/span><\/a><\/h3>\n","protected":false},"excerpt":{"rendered":"<p>Em\u00a0<em><strong>Lua Preta<\/strong><\/em>, um conto mai\u00fasculo e impactante, Madu Brand\u00e3o retoma o papel de professora, aquela que descortina novos horizontes aos alunos, e, com pleno dom\u00ednio do of\u00edcio de escritora, nos lega uma obra indel\u00e9vel, emocionante, que pode ser lida e deve ser lida por estudantes e professores de todo o Brasil.<\/p>\n<p><em><strong>LUA PRETA<\/strong><\/em>,<br \/>\nde Madu Brand\u00e3o<br \/>\n<a href=\"https:\/\/editorapangeia.com.br\/product\/lua-preta\/\">editorapangeia.com.br\/shop\/<\/a><\/p>\n<p style=\"padding-left: 240px;\">\n<p>Madu Brand\u00e3o \u00e9 escritora de estirpe e seu pai, Ildeu Brand\u00e3o, foi um dos muitos mestres da literatura que Minas Gerais legou ao Brasil no S\u00e9culo XX. A filha ombreia-se ao pai no trato da linguagem, na capacidade inventiva, na emo\u00e7\u00e3o que seus textos despertam.<\/p>\n<p><em><strong>Lua Preta<\/strong><\/em> \u00e9 a obra-prima de Madu Brand\u00e3o, autora de tr\u00eas dezenas de livros, publicados nas \u00faltimas d\u00e9cadas.<\/p>\n","protected":false},"featured_media":10978,"comment_status":"open","ping_status":"closed","template":"","meta":[],"product_brand":[],"product_cat":[4080],"product_tag":[2152,739,740,741,487,1170,1001,366,351,350,5080,452,485,450,367,742,743,744,1002,745,746,2153,747,748,749,484,310,750,751,752],"class_list":{"0":"post-7977","1":"product","2":"type-product","3":"status-publish","4":"has-post-thumbnail","6":"product_cat-infantojuvenil","7":"product_tag-antirracismo","8":"product_tag-aprendizado","9":"product_tag-beaga","10":"product_tag-belo-horizonte","11":"product_tag-bulliyng","12":"product_tag-cidadao-sociedade","13":"product_tag-dia-da-crianca","14":"product_tag-edicoes-sarue","15":"product_tag-ensino","16":"product_tag-escola","17":"product_tag-formacao-antirracista","18":"product_tag-gondwana","19":"product_tag-gordofobia","20":"product_tag-inclusao","21":"product_tag-literatura-infantojuvenil","22":"product_tag-literatura-mineira","23":"product_tag-literatura-para-jovens","24":"product_tag-madu-brandao","25":"product_tag-marcador-de-pagina-ecologico","26":"product_tag-maria-do-carmo-brandao","27":"product_tag-minas-gerais","28":"product_tag-nao-ao-racismo","29":"product_tag-ouro-preto","30":"product_tag-plataforma-gondwana","31":"product_tag-pre-venda","32":"product_tag-racismo","33":"product_tag-sarue","34":"product_tag-sassaruezim","35":"product_tag-turismo","36":"product_tag-viagem","37":"product_shipping_class-normal","39":"first","40":"instock","41":"taxable","42":"shipping-taxable","43":"purchasable","44":"product-type-simple"},"_links":{"self":[{"href":"https:\/\/editorapangeia.com.br\/pt_br\/wp-json\/wp\/v2\/product\/7977","targetHints":{"allow":["GET"]}}],"collection":[{"href":"https:\/\/editorapangeia.com.br\/pt_br\/wp-json\/wp\/v2\/product"}],"about":[{"href":"https:\/\/editorapangeia.com.br\/pt_br\/wp-json\/wp\/v2\/types\/product"}],"replies":[{"embeddable":true,"href":"https:\/\/editorapangeia.com.br\/pt_br\/wp-json\/wp\/v2\/comments?post=7977"}],"wp:featuredmedia":[{"embeddable":true,"href":"https:\/\/editorapangeia.com.br\/pt_br\/wp-json\/wp\/v2\/media\/10978"}],"wp:attachment":[{"href":"https:\/\/editorapangeia.com.br\/pt_br\/wp-json\/wp\/v2\/media?parent=7977"}],"wp:term":[{"taxonomy":"product_brand","embeddable":true,"href":"https:\/\/editorapangeia.com.br\/pt_br\/wp-json\/wp\/v2\/product_brand?post=7977"},{"taxonomy":"product_cat","embeddable":true,"href":"https:\/\/editorapangeia.com.br\/pt_br\/wp-json\/wp\/v2\/product_cat?post=7977"},{"taxonomy":"product_tag","embeddable":true,"href":"https:\/\/editorapangeia.com.br\/pt_br\/wp-json\/wp\/v2\/product_tag?post=7977"}],"curies":[{"name":"wp","href":"https:\/\/api.w.org\/{rel}","templated":true}]}}