{"id":7885,"date":"2022-01-25T18:45:03","date_gmt":"2022-01-25T18:45:03","guid":{"rendered":"https:\/\/editorapangeia.com.br\/?post_type=product&#038;p=7885"},"modified":"2025-04-24T16:46:53","modified_gmt":"2025-04-24T16:46:53","slug":"o-silencio-e-o-sagrado","status":"publish","type":"product","link":"https:\/\/editorapangeia.com.br\/pt_br\/product\/o-silencio-e-o-sagrado\/","title":{"rendered":"O Sil\u00eancio e o Sagrado &#8211; PDF"},"content":{"rendered":"<div class=\"page\" title=\"Page 14\">\n<div class=\"layoutArea\">\n<div class=\"column\">\n<p>Os professores de teoria litera\u0301ria chegam a se curvar a\u0300 onda assaz contagiante das apreciac\u0327o\u0303es impressionistas. Talvez, seja mesmo a u\u0301nica sai\u0301da. Ora, optar por deixar que a leitura mergulhe nas emoc\u0327o\u0303es sem palavras ou nos pareceres interpretativos da intuic\u0327a\u0303o parece mais produtivo aos nossos leitores, no processo de amadurecimento cienti\u0301fico, cuja sensibilidade birrenta podera\u0301 se paralisar a\u0300 Medusa da metalinguagem ou mesmo da teoria. Na\u0303o ha\u0301 du\u0301vida que aquela primeira impressa\u0303o do texto deve ser guardada, tambe\u0301m, no pro\u0301prio processo anali\u0301tico.<\/p>\n<p>Elcione Ferreira Silva, no entanto, na\u0303o choveu no molhado, e argumento neste sentido pela proposta do seu trabalho, sustentada por rigorosa observac\u0327a\u0303o e ana\u0301lise. O movimento dialo\u0301gico, no caso das opc\u0327o\u0303es verifica\u0301veis (o sile\u0302ncio e o sagrado) e\u0301 bastante delicado e percebe\u0302-lo so\u0301 mesmo por meio da abordagem anali\u0301tica. Seu foco foi o sile\u0302ncio, ta\u0303o ja\u0301 identificado nas narrativas de Ricardo Ramos, mas cuidou a pesquisadora de rastrear cuidadosamente o texto para ilumina\u0301-lo adequadamente, bem como sua inevita\u0301vel aproximac\u0327a\u0303o ao sagrado, o lugar escolhido de produtividade.<\/p>\n<p>O terceiro capi\u0301tulo, em que se investiu analiticamente com rigor, foi sub-dividido em quinze partes, sugestivamente titulados, em que o imbricamento do choque de interesses e sentimentos modulou o discurso da narrativa \u2013 e podemos constatar como o sile\u0302ncio infunde dialeticamente a ac\u0327a\u0303o. Por um lado, o sil\u00eancio pode ser conquistado pelo uso das palavras que, avolumadas, ou politicamente direcionadas, tendem a promover o esmaecimento ou embrutecimento da nossa conscie\u0302ncia e sensibilidade; por outro, a ause\u0302ncia de palavras nos condena ao sile\u0302ncio, notadamente, pela nossa condic\u0327a\u0303o grega\u0301ria em que valorizamos o verbo. Tensa\u0303o tra\u0301gica.<\/p>\n<p>No entanto, a diale\u0301tica sile\u0302ncio versus palavra diz pouco sobre a abordagem que a Elcione Ferreira Silva promove. O sile\u0302ncio se anuncia em todas as possibilidades: se negando, se complementando, se revelando e se anunciando sempre na tensa\u0303o imanente da realidade contradito\u0301ria: mataram a Santa e a remissa\u0303o do crime requer uma construc\u0327a\u0303o discursiva adequada que, inevitavelmente, nunca se efetiva, por mais que seja adaptada a\u0300 contradic\u0327a\u0303o que emerge.<\/p>\n<p>Da leitura desse estudo de Elcione, que mergulha de modo proficiente nas p\u00e1ginas da narrativa de Ricardo Ramos, ressuma um Brasil arcaico que teima em continuar presente.<\/p>\n<\/div>\n<\/div>\n<\/div>\n","protected":false},"excerpt":{"rendered":"<p>Neste livro s\u00e3o discutidos aspectos est\u00e9ticos da novela <em>Os caminhantes de Santa Luzia <\/em>(1959), de Ricardo Ramos, tendo por fulcro os conceitos de sil\u00eancio e de sagrado e a interrela\u00e7\u00e3o dos dois conceitos.<\/p>\n<p>O primeiro cap\u00edtulo mostra o percurso diacr\u00f4nico da cr\u00edtica liter\u00e1ria e universit\u00e1ria sobre as obras de Ricardo Ramos. O levantamento pormenoriza mostra alguns pontos cruciais da est\u00e9tica de Ricardo Ramos, principalmente no que tange ao sil\u00eancio.<\/p>\n<p>No segundo cap\u00edtulo, s\u00e3o tratadas quest\u00f5es est\u00e9ticas tendo por refer\u00eancia as propostas de Italo Calvino (1990) para o 3\u00ba mil\u00eanio: \u201cleveza\u201d, \u201crapidez\u201d, \u201cvisibilidade\u201d e \u201cmultiplicidade\u201d.<\/p>\n<p>O terceiro cap\u00edtulo \u00e9 subdividido em 15 subcap\u00edtulos anal\u00edticos, apontando as possibilidades de sil\u00eancio\u00a0na novela de Ricardo Ramos.<\/p>\n<p>No quarto cap\u00edtulo as ferramentas operacionais de exegese s\u00e3o a dial\u00e9tica (movimento da consci\u00eancia e dos acontecimentos) e o dialogismo; desse modo, estuda-se a inser\u00e7\u00e3o da protagonista na realidade, o modo em que a personagem Luzia \u00e9 absorvida pelo meio e a maneira com que ela ser\u00e1 usada utilitariamente para fins pol\u00edticos. Evidencia-se tamb\u00e9m a tentativa de anula\u00e7\u00e3o da beata e toda a metaf\u00edsica que a envolve, por conta de um olhar profano \u00e0 mulher na dimens\u00e3o f\u00edsica de sua beleza. Assim se acentua a tens\u00e3o entre o sagrado e o profano.<\/p>\n<p>A fundamenta\u00e7\u00e3o te\u00f3rica em torno do sil\u00eancio se valeu de\u00a0<em>As formas do sil\u00eancio<\/em>, de Eni Orlandi, e\u00a0<em>C\u00e2mera clara,<\/em> de Roland Barthes; o sagrado teve por ponto de partida, principalmente, os estudos de Mircea Eliade em <em>O<\/em> <em>sagrado e o profano<\/em>. Por fim, no sentido de dar conta dos elementos pr\u00f3prios da escrita de Ricardo Ramos, foi utilizado as teses de <em>Seis propostas para o pr\u00f3ximo mil\u00eanio<\/em>, de Italo Calvino.<\/p>\n","protected":false},"featured_media":18951,"comment_status":"open","ping_status":"closed","template":"","meta":[],"product_brand":[],"product_cat":[4081],"product_tag":[1170,192,122,200,149,800,157,164],"class_list":{"0":"post-7885","1":"product","2":"type-product","3":"status-publish","4":"has-post-thumbnail","6":"product_cat-estudosliterarios","7":"product_tag-cidadao-sociedade","8":"product_tag-critica-literaria","9":"product_tag-ebook","10":"product_tag-editora-pangeia","11":"product_tag-gplv","12":"product_tag-grupo-de-pesquisa-literatura-e-vida","13":"product_tag-literatura-brasileira","14":"product_tag-ufms","15":"product_shipping_class-normal","17":"first","18":"instock","19":"downloadable","20":"virtual","21":"taxable","22":"purchasable","23":"product-type-simple"},"_links":{"self":[{"href":"https:\/\/editorapangeia.com.br\/pt_br\/wp-json\/wp\/v2\/product\/7885","targetHints":{"allow":["GET"]}}],"collection":[{"href":"https:\/\/editorapangeia.com.br\/pt_br\/wp-json\/wp\/v2\/product"}],"about":[{"href":"https:\/\/editorapangeia.com.br\/pt_br\/wp-json\/wp\/v2\/types\/product"}],"replies":[{"embeddable":true,"href":"https:\/\/editorapangeia.com.br\/pt_br\/wp-json\/wp\/v2\/comments?post=7885"}],"wp:featuredmedia":[{"embeddable":true,"href":"https:\/\/editorapangeia.com.br\/pt_br\/wp-json\/wp\/v2\/media\/18951"}],"wp:attachment":[{"href":"https:\/\/editorapangeia.com.br\/pt_br\/wp-json\/wp\/v2\/media?parent=7885"}],"wp:term":[{"taxonomy":"product_brand","embeddable":true,"href":"https:\/\/editorapangeia.com.br\/pt_br\/wp-json\/wp\/v2\/product_brand?post=7885"},{"taxonomy":"product_cat","embeddable":true,"href":"https:\/\/editorapangeia.com.br\/pt_br\/wp-json\/wp\/v2\/product_cat?post=7885"},{"taxonomy":"product_tag","embeddable":true,"href":"https:\/\/editorapangeia.com.br\/pt_br\/wp-json\/wp\/v2\/product_tag?post=7885"}],"curies":[{"name":"wp","href":"https:\/\/api.w.org\/{rel}","templated":true}]}}