{"id":7847,"date":"2022-12-08T11:59:26","date_gmt":"2022-12-08T11:59:26","guid":{"rendered":"https:\/\/editorapangeia.com.br\/?post_type=product&#038;p=7847"},"modified":"2025-11-21T11:02:20","modified_gmt":"2025-11-21T11:02:20","slug":"ab-acido-estorias-livro-e-pdf","status":"publish","type":"product","link":"https:\/\/editorapangeia.com.br\/pt_br\/product\/ab-acido-estorias-livro-e-pdf\/","title":{"rendered":"AB \u00c1CIDO: EST\u00d3RIAS, Rauer"},"content":{"rendered":"<blockquote>\n<p style=\"text-align: center;\"><em><strong>Ab \u00e1cido: est\u00f3rias<\/strong><\/em>,<br \/>\nde Rauer<\/p>\n<p>Uma literatura rascante e selvagem, pat\u00e9tica e rebelde, consolidada em alta voltagem. Est\u00f3rias alexandrinistas que bem definem o nosso tempo, em narrativas que mesclam as li\u00e7\u00f5es dos grandes mestres da literatura brasileira e universal ao novo, ao inventivo e ao inesperado.<\/p>\n<p>Volume com entrevista in\u00e9dita do autor, t\u00e1boa biobibliogr\u00e1fica e treze contos in\u00e9ditos.<\/p>\n<p>Conhe\u00e7a o mais novo lan\u00e7amento de Rauer, com ilustra\u00e7\u00f5es de Willia Katia Oliveira, a 3a. edi\u00e7\u00e3o do\u00a0<em><strong>Qohelet<\/strong><\/em> \u2013 um livro sapiencial, um poema de amor, uma hist\u00f3ria conformada no erotismo e na sabedoria hauridos no C\u00e2ntico dos C\u00e2nticos e no Eclesiastes, livros b\u00edblicos fundadores da civiliza\u00e7\u00e3o ocidental.<\/p>\n<blockquote><p>Confira <span style=\"color: #ff0000;\"><a style=\"color: #ff0000;\" href=\"https:\/\/editorapangeia.com.br\/product\/pre-venda-qohelet\/\"><strong>AQUI<\/strong> <\/a><\/span>!<\/p><\/blockquote>\n<p>Para mais informa\u00e7\u00f5es sobre o livro, clique <a href=\"https:\/\/editorapangeia.com.br\/ab-acido-estorias-de-rauer\/\"><b><strong>AQUI<\/strong><\/b><\/a>.<\/p><\/blockquote>\n<p>Em\u00a0<em><strong>Ab \u00e1cido: est\u00f3rias<\/strong><\/em>, ao realizar uma literatura rascante e selvagem, pat\u00eamica e rebelde, consolidada em alt\u00edssima voltagem, Rauer traz est\u00f3rias alexandrinistas que bem definem o nosso tempo, em narrativas que mesclam as li\u00e7\u00f5es dos grandes mestres da literatura brasileira e universal ao novo, ao inventivo e ao inesperado. Para o escritor, antes de serem met\u00e1foras, seu mais novo livro \u00e9 &#8220;linguagem que evoca o mundo em que estamos [, e que] carrega em si inven\u00e7\u00e3o, utopia, esperan\u00e7a&#8221;.<\/p>\n<p><em><strong>Ab \u00e1cido: est\u00f3rias\u00a0<\/strong><\/em>cont\u00e9m treze narrativas, divididas em tr\u00eas blocos: &#8220;Abran\u00fancio&#8221;, com tr\u00eas contos; &#8220;Veredas&#8221;, com cinco contos; e &#8220;Som e f\u00faria&#8221;, com outros cinco contos. Cada uma dessas partes \u00e9 precedida por ep\u00edgrafes, que se assemelham a microcontos (as surpreendentes autorias de cada ep\u00edgrafe est\u00e1 \u00e0 parte, no final do volume). O livro conta ainda com uma entrevista in\u00e9dita do autor e uma t\u00e1boa cronol\u00f3gica que indica o ano em que foram publicadas cada uma das duas dezenas de obras de Rauer at\u00e9 o momento, tanto as acad\u00eamicas quanto as ficcionais e as po\u00e9ticas.<\/p>\n<p>In\u00e9ditos at\u00e9 o momento, eis os t\u00edtulos dos contos que comp\u00f5em a colet\u00e2nea: na primeira parte, <em>Abran\u00fancio<\/em>,\u00a0&#8220;Um c\u00e1lice&#8221;, &#8220;Aisa&#8221; e &#8220;Tortolindo&#8221;; na segunda parte, <em>Veredas<\/em>,\u00a0&#8220;Ap\u00f3crifos&#8221;, &#8220;Na fronha do travesseiro&#8221;, &#8220;E o homem pisou na lua&#8221;, &#8220;Protofania&#8221; e &#8220;Testamento&#8221;; na terceira parte, <em>Som e f\u00faria<\/em>,\u00a0&#8220;Kratos&#8221;, &#8220;<em>Ah\u00edm\u00e8!<\/em>&#8220;, &#8220;Alma morta&#8221;, &#8220;O trato e o distrato&#8221; e &#8220;No teatro&#8221;.<\/p>\n<p style=\"text-align: center;\">Mais informa\u00e7\u00f5es sobre o autor:<br \/>\n<a href=\"https:\/\/editorapangeia.com.br\/?s=RAUER\"><span style=\"color: #0000ff;\"><strong>AQUI!<\/strong><\/span><\/a><\/p>\n<p style=\"text-align: center;\">Para mais informa\u00e7\u00f5es sobre o livro,<br \/>\n<a href=\"https:\/\/editorapangeia.com.br\/?s=ab+\u00e1cido\"><span style=\"color: #ff0000;\"><strong>clique AQUI!<\/strong><\/span><\/a><\/p>\n","protected":false},"excerpt":{"rendered":"<p>Ao comentar este livro, em seu canal no Youtube, Whisner Fraga afirmou que Rauer &#8220;\u00e9 um escritor que precisa e merece ser lido&#8221; (confira a resenha em &lt;\u00a0<a href=\"https:\/\/youtu.be\/nHvMDlAVTVk\">https:\/\/youtu.be\/nHvMDlAVTVk<\/a> &gt;). Por seu lado, Willia K\u00e1tia Oliveira, ap\u00f3s anotar a originalidade estrutural dos contos do livro, a criatividade lingu\u00edstica e a diferente for\u00e7a po\u00e9tica que exala de cada narrativa de\u00a0<em><strong>Ab \u00e1cido:<\/strong><\/em><strong> est\u00f3rias<\/strong>, conclui: &#8220;Rauer revela o real de mundos &#8216;desconhecidos&#8217; [&#8230;] que latejam nas entranhas do Brasil e da decadente civiliza\u00e7\u00e3o ocidental&#8221; (resenha dispon\u00edvel em &lt; <a href=\"https:\/\/editorapangeia.com.br\/ab-acido-estorias-de-rauer\/\">https:\/\/editorapangeia.com.br\/ab-acido-estorias-de-rauer\/<\/a> &gt;).<\/p>\n<p>A vers\u00e3o em PDF reproduz integralmente a edi\u00e7\u00e3o f\u00edsica do livro.<\/p>\n<p>A vers\u00e3o em ePub cont\u00e9m somente o miolo do livro.<\/p>\n","protected":false},"featured_media":18489,"comment_status":"open","ping_status":"closed","template":"","meta":[],"product_brand":[],"product_cat":[4076],"product_tag":[1170,176,880,1366,5080,149,380,187,112,199],"class_list":{"0":"post-7847","1":"product","2":"type-product","3":"status-publish","4":"has-post-thumbnail","6":"product_cat-contos","7":"product_tag-cidadao-sociedade","8":"product_tag-erotismo","9":"product_tag-escrita-criativa","10":"product_tag-ficcao-brasileira","11":"product_tag-formacao-antirracista","12":"product_tag-gplv","13":"product_tag-historia","14":"product_tag-literatura-brasileira-contemporanea","15":"product_tag-rauer","16":"product_tag-sociedade","18":"first","19":"instock","20":"sale","21":"featured","22":"taxable","23":"shipping-taxable","24":"product-type-grouped"},"_links":{"self":[{"href":"https:\/\/editorapangeia.com.br\/pt_br\/wp-json\/wp\/v2\/product\/7847","targetHints":{"allow":["GET"]}}],"collection":[{"href":"https:\/\/editorapangeia.com.br\/pt_br\/wp-json\/wp\/v2\/product"}],"about":[{"href":"https:\/\/editorapangeia.com.br\/pt_br\/wp-json\/wp\/v2\/types\/product"}],"replies":[{"embeddable":true,"href":"https:\/\/editorapangeia.com.br\/pt_br\/wp-json\/wp\/v2\/comments?post=7847"}],"wp:featuredmedia":[{"embeddable":true,"href":"https:\/\/editorapangeia.com.br\/pt_br\/wp-json\/wp\/v2\/media\/18489"}],"wp:attachment":[{"href":"https:\/\/editorapangeia.com.br\/pt_br\/wp-json\/wp\/v2\/media?parent=7847"}],"wp:term":[{"taxonomy":"product_brand","embeddable":true,"href":"https:\/\/editorapangeia.com.br\/pt_br\/wp-json\/wp\/v2\/product_brand?post=7847"},{"taxonomy":"product_cat","embeddable":true,"href":"https:\/\/editorapangeia.com.br\/pt_br\/wp-json\/wp\/v2\/product_cat?post=7847"},{"taxonomy":"product_tag","embeddable":true,"href":"https:\/\/editorapangeia.com.br\/pt_br\/wp-json\/wp\/v2\/product_tag?post=7847"}],"curies":[{"name":"wp","href":"https:\/\/api.w.org\/{rel}","templated":true}]}}