{"id":7432,"date":"2020-12-17T16:00:01","date_gmt":"2020-12-17T16:00:01","guid":{"rendered":"https:\/\/editorapangeia.com.br\/?post_type=product&#038;p=7432"},"modified":"2025-01-17T12:46:27","modified_gmt":"2025-01-17T12:46:27","slug":"desmortes-2","status":"publish","type":"product","link":"https:\/\/editorapangeia.com.br\/pt_br\/product\/desmortes-2\/","title":{"rendered":"De(s)Morte(s), Nima Spigolon"},"content":{"rendered":"<p><em><strong>De(s)Morte(s)<\/strong><\/em>\u00a0\u2013 neste t\u00edtulo que se desmonta e se desfaz e se refaz em m\u00faltiplos significados a partir do n\u00facleo original da vida que chega ao fim, para falar de morte, para negar a morte, para amplificar em registro macabro as milhares de mortes, para se solidarizar com v\u00edtimas e vivenciar ampla compaix\u00e3o com os que ficam, \u00f3rf\u00e3os de mortes evit\u00e1veis, e ao indicar que para al\u00e9m do que chamamos de morte h\u00e1 uma nega\u00e7\u00e3o da morte tal como a vivenciamos, o livro inaugural de <strong>Nima Spigolon<\/strong> traz a for\u00e7a emergente de uma poeta dona dos meios expressivos, s\u00f3lida na \u00e9tica da defesa da vida, sens\u00edvel com as trag\u00e9dias humanas, as min\u00fasculas, vivenciadas nas exist\u00eancias an\u00f4nimas, e as coletivas, que nos irmana a todos como membros de uma \u00fanica fam\u00edlia planet\u00e1ria. Em tempos t\u00e3o duros, t\u00e3o sem alma, t\u00e3o pouco acolhedores, essa \u00e9tica se faz <em>ethos<\/em> em poesia marcante, cuja est\u00e9tica traz em si a marca indel\u00e9vel dos poetas que nos fazem ver um outro mundo poss\u00edvel.<\/p>\n<p style=\"text-align: right;\"><strong>Rauer<\/strong><em><br \/>\nescritor,<br \/>\nprofessor,<br \/>\nem travessia<\/em><\/p>\n<p>&nbsp;<\/p>\n<p>Conheci Nima adolescente na minha\/dela cidade, no Tri\u00e2ngulo Mineiro. Ent\u00e3o j\u00e1 produzia sonetos em cadernos escolares, e era leitora ass\u00eddua de poesia, na Biblioteca P\u00fablica e na biblioteca da escola em que estudava.<br \/>\nAquela leitora ressurge, agora, na pele de uma poeta forte, madura, de versos impactantes, sens\u00edveis.<br \/>\nEste livro me surpreendeu. Nima, de quem nunca me perdi, foi uma surpresa po\u00e9tica. Mistura da acolhida mineira aos respingos da garoa paulistana na Campinas que a adotou de papel passado.<br \/>\nOs poemas da juventude, rom\u00e2nticos e doloridos, ganham vivacidade e expressam, em versos livres, uma mulher erotizada, emancipada. Sua po\u00e9tica pede bis de leitura para captar a pluralidade de nuances entrelinhas. Autoral por excel\u00eancia, a escrita me repercute a voz da poeta ao vivo, e transporta aos saraus, com tempero de viola caipira, no quintal da casa na Avenida 33, Ituiutaba, MG.<br \/>\n<strong><em>De(s)morte(s)<\/em><\/strong> \u00e9 um livro feminino, musical, esperan\u00e7oso, l\u00facido e cheio de energia. Eu o chamaria &#8211; <em><strong>Vida!<\/strong><\/em><\/p>\n<p style=\"text-align: right;\"><strong>Alciene Ribeiro<\/strong><br \/>\n<em>Escritora<\/em><\/p>\n<p style=\"text-align: center;\"><strong style=\"text-align: center;\">Para ado\u00e7\u00f5es em escolas, nos contacte.<\/strong><\/p>\n<p style=\"text-align: center;\">Sobre Nima Spigolon,<br \/>\n<span style=\"color: #0000ff;\"><a href=\"https:\/\/editorapangeia.com.br\/?s=Spigolon\"><strong>Clique AQUI!!!<\/strong><\/a><br \/>\n<\/span><\/p>\n<blockquote>\n<p style=\"text-align: center;\">Sobre <em><strong>De(s)Morte(s)<\/strong><\/em>,<br \/>\n<a href=\"https:\/\/editorapangeia.com.br\/?s=De%28s%29Morte%28s%29\"><span style=\"color: #ff0000;\"><strong>Clique AQUI!!!<\/strong><\/span><\/a><\/p>\n<\/blockquote>\n<p style=\"text-align: center;\"><img loading=\"lazy\" decoding=\"async\" class=\"alignnone size-medium wp-image-7179\" src=\"http:\/\/editorapangeia.com.br\/wp-content\/uploads\/2021\/09\/Nima_Parada_Bike-225x300.jpeg\" alt=\"\" width=\"225\" height=\"300\" srcset=\"https:\/\/editorapangeia.com.br\/wp-content\/uploads\/2021\/09\/Nima_Parada_Bike-225x300.jpeg 225w, https:\/\/editorapangeia.com.br\/wp-content\/uploads\/2021\/09\/Nima_Parada_Bike.jpeg 279w\" sizes=\"auto, (max-width: 225px) 100vw, 225px\" \/><br \/>\n<em>Nima, durante a pandemia<\/em><\/p>\n","protected":false},"excerpt":{"rendered":"<p><strong><em>De(s)morte(s)<\/em><\/strong>\u00a0foi escrito sob o signo da chegada do Sars-CoV-2 e traz as cicatrizes da pandemia da Covid-19. Pulsam nos poemas de dores coletivas a pequenas alegrias cotidianas e latejam nos versos de lancinantes dores individuais a esperan\u00e7as e utopias coletivas.\u00a0<strong><em>De(s)morte(s)<\/em>\u00a0<\/strong>\u00e9 grito e \u00e9 choro, \u00e9 s\u00faplica e \u00e9 aguilh\u00e3o, \u00e9 poesia, \u00e9 canto, \u00e9 evoca\u00e7\u00e3o. Em cada verbo ressoa o humano que em n\u00f3s habita, em cada substantivo pulsa o sangue que est\u00e1 nas veias de cada um de n\u00f3s. \u00c9 um livro brasileiro que cont\u00e9m homens e mulheres de todos os quadrantes e de todos os tempos. \u00c9 uma l\u00edrica feroz na den\u00fancia e de suave amor no acolhimento.\u00a0<strong><em>De(s)morte(s)<\/em><\/strong>\u00a0\u00e9 urro de resist\u00eancia no luto, pois se edifica na vida, \u00e9 poesia com o verbo e a a\u00e7\u00e3o da esperan\u00e7a, pois cr\u00ea no humano, \u00e9 luz nas trevas sem obscurecer a treva obscura do humano.<\/p>\n<p><strong><em>De(s)morte(s)\u00a0<\/em><\/strong>\u00e9 a estreia mai\u00fascula de uma poeta que surge madura, pronta para voos maiores na poesia brasileira.<\/p>\n<p>* Ao adquirir o\u00a0<b>De(s)morte(s)<\/b>, o e-book ou o livro f\u00edsico ou ambos, todo o valor arrecadado ser\u00e1 revertido para projetos editoriais com a publica\u00e7\u00e3o de\u00a0livros de novos autores de poesia\u00a0nas Edi\u00e7\u00f5es Dionysius \u2013 o selo de literatura da Pangeia Editorial.<\/p>\n","protected":false},"featured_media":6964,"comment_status":"open","ping_status":"closed","template":"","meta":[],"product_brand":[],"product_cat":[4077],"product_tag":[1351,1007,1644,1170,1646,1652,1546,1643,303,200,243,528,206,1642,897,208,1291,111,112,476,1645,1651],"class_list":{"0":"post-7432","1":"product","2":"type-product","3":"status-publish","4":"has-post-thumbnail","6":"product_cat-poesia","7":"product_tag-brazil-2020","8":"product_tag-bruna-campos","9":"product_tag-bruno-lemos","10":"product_tag-cidadao-sociedade","11":"product_tag-colecao-nos-tempos-do-corona","12":"product_tag-corona","13":"product_tag-covid-19","14":"product_tag-crispim-campos","15":"product_tag-edicoes-dionysius","16":"product_tag-editora-pangeia","17":"product_tag-escrita-feminina","18":"product_tag-nima-spigolon","19":"product_tag-nos-tempos-do-corona","20":"product_tag-ntdc","21":"product_tag-pandemia","22":"product_tag-pandemim","23":"product_tag-pangeia-editorial","24":"product_tag-poesia","25":"product_tag-rauer","26":"product_tag-rauer-ribeiro-rodrigues","27":"product_tag-sars-cov-2","28":"product_tag-virus","30":"first","31":"instock","32":"sale","33":"featured","34":"taxable","35":"shipping-taxable","36":"product-type-grouped"},"_links":{"self":[{"href":"https:\/\/editorapangeia.com.br\/pt_br\/wp-json\/wp\/v2\/product\/7432","targetHints":{"allow":["GET"]}}],"collection":[{"href":"https:\/\/editorapangeia.com.br\/pt_br\/wp-json\/wp\/v2\/product"}],"about":[{"href":"https:\/\/editorapangeia.com.br\/pt_br\/wp-json\/wp\/v2\/types\/product"}],"replies":[{"embeddable":true,"href":"https:\/\/editorapangeia.com.br\/pt_br\/wp-json\/wp\/v2\/comments?post=7432"}],"wp:featuredmedia":[{"embeddable":true,"href":"https:\/\/editorapangeia.com.br\/pt_br\/wp-json\/wp\/v2\/media\/6964"}],"wp:attachment":[{"href":"https:\/\/editorapangeia.com.br\/pt_br\/wp-json\/wp\/v2\/media?parent=7432"}],"wp:term":[{"taxonomy":"product_brand","embeddable":true,"href":"https:\/\/editorapangeia.com.br\/pt_br\/wp-json\/wp\/v2\/product_brand?post=7432"},{"taxonomy":"product_cat","embeddable":true,"href":"https:\/\/editorapangeia.com.br\/pt_br\/wp-json\/wp\/v2\/product_cat?post=7432"},{"taxonomy":"product_tag","embeddable":true,"href":"https:\/\/editorapangeia.com.br\/pt_br\/wp-json\/wp\/v2\/product_tag?post=7432"}],"curies":[{"name":"wp","href":"https:\/\/api.w.org\/{rel}","templated":true}]}}