{"id":7020,"date":"2021-06-23T17:22:09","date_gmt":"2021-06-23T17:22:09","guid":{"rendered":"https:\/\/editorapangeia.com.br\/?post_type=product&#038;p=7020"},"modified":"2025-09-15T13:35:00","modified_gmt":"2025-09-15T13:35:00","slug":"ruinas-da-modernidade","status":"publish","type":"product","link":"https:\/\/editorapangeia.com.br\/pt_br\/product\/ruinas-da-modernidade\/","title":{"rendered":"Ru\u00ednas da modernidade, Marcos Rog\u00e9rio Heck Dorneles"},"content":{"rendered":"<p>Marcos Rog\u00e9rio Heck Dorneles \u00e9 Professor Adjunto da Universidade Federal do Mato Grosso do Sul, doutor em Estudos Liter\u00e1rios pela UFMS\/PPGLetras e l\u00edder do Grupo de Pesquisa Literatura e Estudos Interdisciplinares. No \u00e2mbito da cr\u00edtica liter\u00e1ria tamb\u00e9m publicou o livro <em>O voo da palavra<\/em> em Novolume, de Torres Filho.<\/p>\n","protected":false},"excerpt":{"rendered":"<div class=\"page\" title=\"Page 15\">\n<div class=\"layoutArea\">\n<div class=\"column\">\n<p><em>Rui\u0301nas da modernidade<\/em> e\u0301 a tese de doutoramento do professor Marcos Roge\u0301rio Heck Dorneles, trabalho que examina a presenc\u0327a da poe\u0301tica dos escombros na criac\u0327a\u0303o e na recepc\u0327a\u0303o cri\u0301tica de dois escritores contempora\u0302neos: o brasileiro Luiz Vilela e o portugue\u0302s Anto\u0301nio Bracinha Vieira. Formado em Filosofia, o primeira estreia na literatura em 1967, com o livro de contos Tremor de Terra, obra inauguradora de uma vasta produc\u0327a\u0303o, que abarca romances, novelas e contos, sendo este u\u0301ltimo o ge\u0302nero no qual o escritor atingiu maior notoriedade. O segundo, ainda desconhecido da maioria dos leitores brasileiros, formou-se em Medicina, atuou, na de\u0301cada de 1970, como me\u0301dico junto ao Exe\u0301rcito Portugue\u0302s durante a Guerra Colonial (1961- 1974), foi professor universita\u0301rio e deu-se a conhecer como escritor de literatura em 1991, com a publicac\u0327a\u0303o do romance Doutor Fausto, a que se seguiram romances, contos, um drama e um livro de poemas.<\/p>\n<p>Embora revelem maneiras distintas de constru\u00e7\u00e3o do objeto liter\u00e1rio \u2013 a linguagem de Vilela \u00e9 direta e enxuta, ao passo que o estilo de Vieira \u00e9 denso e aleg\u00f3rico; na tessitura ficcional vileliana destacam-se os di\u00e1logos, enquanto na vieirense adquire relevo a fun\u00e7\u00e3o do narrador \u2013, o fazer art\u00edstico de ambos se aproxima atrav\u00e9s da oscila\u00e7\u00e3o da esfera criativa entre ironia, irris\u00e3o, gracejo e escarnecimento na composi\u00e7\u00e3o das tramas e das personagens; \u201catrav\u00e9s ambi\u00eancia de express\u00e3o angustiosa, nost\u00e1lgica e\/ou melanc\u00f3lica do decl\u00ednio dos anseios dos protagonistas e por interm\u00e9dio da corporifica\u00e7\u00e3o da po\u00e9tica dos escombros\u201d. Al\u00e9m disso, como demonstra Dorneles, o ceticismo perpassa a obra de ambos.<\/p>\n<p>Com acuidade e rigor te\u00f3rico, o Professor Doutor Marcos Rog\u00e9rio Heck Dorneles constr\u00f3i <em>Ru\u00ednas da modernidade<\/em>, livro que vem juntar-se aos estudos j\u00e1 existentes sobre as obras de Luiz Vilela e Ant\u00f4nio Bracinha Vieira, seguramente, para ocupar um lugar de destaque. Ao guiar-se pelos princ\u00edpios da cont\u00ednua inquieta\u00e7\u00e3o, que gera toda pesquisa cient\u00edfica, o professor se coloca nas ant\u00edpodas do obscurantismo, das convic\u00e7\u00f5es inquestion\u00e1veis e do negacionismo. Resultado de uma trajet\u00f3ria dedicada \u00e0 pesquisa e ao ensino na universidade p\u00fablica, a tese deslinda o horizonte das ru\u00ednas na literatura do brasileiro e do portugu\u00eas, mas, fazendo eco \u00e0s palavras de Fl\u00e1vio Kothe, \u201c\u00e9 n\u00e3o-ru\u00edna por excel\u00eancia\u201d, porque n\u00e3o se molda (n\u00e3o se curva) aos escombros que nos cercam nesta hora sombria.<\/p>\n<p>&nbsp;<\/p>\n<p><strong>Carina Marques Duarte<\/strong><br \/>\nProfessora Adjunta na Universidade<br \/>\nFederal de Mato Grosso do Sul<\/p>\n<\/div>\n<\/div>\n<\/div>\n","protected":false},"featured_media":7022,"comment_status":"open","ping_status":"closed","template":"","meta":[],"product_brand":[],"product_cat":[4081,4828],"product_tag":[2151,192,200,264,149,140,800,156,261,263,260,262],"class_list":{"0":"post-7020","1":"product","2":"type-product","3":"status-publish","4":"has-post-thumbnail","6":"product_cat-estudosliterarios","7":"product_cat-livrosgratis","8":"product_tag-capes","9":"product_tag-critica-literaria","10":"product_tag-editora-pangeia","11":"product_tag-estudos-literarios","12":"product_tag-gplv","13":"product_tag-gratuito","14":"product_tag-grupo-de-pesquisa-literatura-e-vida","15":"product_tag-literatura","16":"product_tag-marcos-rogerio-heck-dorneles","17":"product_tag-professor","18":"product_tag-ruinas-da-modernidade","19":"product_tag-tese-de-doutorado","21":"first","22":"instock","23":"sale","24":"downloadable","25":"virtual","26":"taxable","27":"purchasable","28":"product-type-simple"},"_links":{"self":[{"href":"https:\/\/editorapangeia.com.br\/pt_br\/wp-json\/wp\/v2\/product\/7020","targetHints":{"allow":["GET"]}}],"collection":[{"href":"https:\/\/editorapangeia.com.br\/pt_br\/wp-json\/wp\/v2\/product"}],"about":[{"href":"https:\/\/editorapangeia.com.br\/pt_br\/wp-json\/wp\/v2\/types\/product"}],"replies":[{"embeddable":true,"href":"https:\/\/editorapangeia.com.br\/pt_br\/wp-json\/wp\/v2\/comments?post=7020"}],"wp:featuredmedia":[{"embeddable":true,"href":"https:\/\/editorapangeia.com.br\/pt_br\/wp-json\/wp\/v2\/media\/7022"}],"wp:attachment":[{"href":"https:\/\/editorapangeia.com.br\/pt_br\/wp-json\/wp\/v2\/media?parent=7020"}],"wp:term":[{"taxonomy":"product_brand","embeddable":true,"href":"https:\/\/editorapangeia.com.br\/pt_br\/wp-json\/wp\/v2\/product_brand?post=7020"},{"taxonomy":"product_cat","embeddable":true,"href":"https:\/\/editorapangeia.com.br\/pt_br\/wp-json\/wp\/v2\/product_cat?post=7020"},{"taxonomy":"product_tag","embeddable":true,"href":"https:\/\/editorapangeia.com.br\/pt_br\/wp-json\/wp\/v2\/product_tag?post=7020"}],"curies":[{"name":"wp","href":"https:\/\/api.w.org\/{rel}","templated":true}]}}