{"id":6963,"date":"2020-12-17T16:00:35","date_gmt":"2020-12-17T16:00:35","guid":{"rendered":"https:\/\/editorapangeia.com.br\/?post_type=product&#038;p=6963"},"modified":"2025-01-17T12:43:35","modified_gmt":"2025-01-17T12:43:35","slug":"desmortes-ebook","status":"publish","type":"product","link":"https:\/\/editorapangeia.com.br\/pt_br\/product\/desmortes-ebook\/","title":{"rendered":"De(s)morte(s) &#8211; ePub"},"content":{"rendered":"<p>&nbsp;<\/p>\n<p>\u201cConheci Nima adolescente na minha\/dela cidade, no Tri\u00e2ngulo Mineiro. Ent\u00e3o j\u00e1 produzia sonetos em cadernos escolares, e era leitora ass\u00eddua de poesia, na Biblioteca P\u00fablica e na biblioteca da escola em que estudava.<\/p>\n<p>Aquela leitora ressurge, agora, na pele de uma poeta forte, madura, de versos impactantes, sens\u00edveis.<\/p>\n<p>Este livro me surpreendeu. Nima, de quem nunca me perdi, foi uma surpresa po\u00e9tica. Mistura da acolhida mineira aos respingos da garoa paulistana na Campinas que a adotou de papel passado.<\/p>\n<p>Os poemas da juventude, rom\u00e2nticos e doloridos, ganham vivacidade e expressam, em versos livres, uma mulher erotizada, emancipada. Sua po\u00e9tica pede bis de leitura para captar a pluralidade de nuances entrelinhas. Autoral por excel\u00eancia, a escrita me repercute a voz da poeta ao vivo, e transporta aos saraus, com tempero de viola caipira, no quintal da casa na Avenida 33, Ituiutaba, MG.<\/p>\n<p><strong><em>De(s)morte(s)<\/em><\/strong> \u00e9 um livro feminino, musical, esperan\u00e7oso, l\u00facido e cheio de energia. Eu o chamaria &#8211; <strong>Vida!<\/strong>\u201d<\/p>\n<p>Alciene Ribeiro<\/p>\n<p>Escritora<\/p>\n","protected":false},"excerpt":{"rendered":"<p><strong><em>De(s)morte(s)<\/em><\/strong> foi escrito sob o signo da chegada do Sars-CoV-2 e traz as cicatrizes da pandemia da Covid-19. Pulsam nos poemas de dores coletivas a pequenas alegrias cotidianas e latejam nos versos de lancinantes dores individuais a esperan\u00e7as e utopias coletivas. <strong><em>De(s)morte(s)<\/em> <\/strong>\u00e9 grito e \u00e9 choro, \u00e9 s\u00faplica e \u00e9 aguilh\u00e3o, \u00e9 poesia, \u00e9 canto, \u00e9 evoca\u00e7\u00e3o. Em cada verbo ressoa o humano que em n\u00f3s habita, em cada substantivo pulsa o sangue que est\u00e1 nas veias de cada um de n\u00f3s. \u00c9 um livro brasileiro que cont\u00e9m homens e mulheres de todos os quadrantes e de todos os tempos. \u00c9 uma l\u00edrica feroz na den\u00fancia e de suave amor no acolhimento. <strong><em>De(s)morte(s)<\/em><\/strong> \u00e9 urro de resist\u00eancia no luto, pois se edifica na vida, \u00e9 poesia com o verbo e a a\u00e7\u00e3o da esperan\u00e7a, pois cr\u00ea no humano, \u00e9 luz nas trevas sem obscurecer a treva obscura do humano. <strong><em>De(s)morte(s) <\/em><\/strong>\u00e9 a estreia mai\u00fascula de uma poeta que surge madura, pronta para voos maiores na poesia brasileira.<\/p>\n<p>* Ao adquirir o <b>De(s)morte(s)<\/b> Ebook e livro f\u00edsico, todo valor arrecadado ser\u00e1 revertido para projetos editoriais com a publica\u00e7\u00e3o, nas Edi\u00e7\u00f5es Dionysius &#8211; Um selo da Editora Pangeia, de\u00a0livros de novos autores de poesia.<\/p>\n","protected":false},"featured_media":6964,"comment_status":"open","ping_status":"closed","template":"","meta":[],"product_brand":[],"product_cat":[4077],"product_tag":[1652,200,243,1642,897,111,1651],"class_list":{"0":"post-6963","1":"product","2":"type-product","3":"status-publish","4":"has-post-thumbnail","6":"product_cat-poesia","7":"product_tag-corona","8":"product_tag-editora-pangeia","9":"product_tag-escrita-feminina","10":"product_tag-ntdc","11":"product_tag-pandemia","12":"product_tag-poesia","13":"product_tag-virus","15":"first","16":"instock","17":"sale","18":"downloadable","19":"virtual","20":"taxable","21":"purchasable","22":"product-type-simple"},"_links":{"self":[{"href":"https:\/\/editorapangeia.com.br\/pt_br\/wp-json\/wp\/v2\/product\/6963","targetHints":{"allow":["GET"]}}],"collection":[{"href":"https:\/\/editorapangeia.com.br\/pt_br\/wp-json\/wp\/v2\/product"}],"about":[{"href":"https:\/\/editorapangeia.com.br\/pt_br\/wp-json\/wp\/v2\/types\/product"}],"replies":[{"embeddable":true,"href":"https:\/\/editorapangeia.com.br\/pt_br\/wp-json\/wp\/v2\/comments?post=6963"}],"wp:featuredmedia":[{"embeddable":true,"href":"https:\/\/editorapangeia.com.br\/pt_br\/wp-json\/wp\/v2\/media\/6964"}],"wp:attachment":[{"href":"https:\/\/editorapangeia.com.br\/pt_br\/wp-json\/wp\/v2\/media?parent=6963"}],"wp:term":[{"taxonomy":"product_brand","embeddable":true,"href":"https:\/\/editorapangeia.com.br\/pt_br\/wp-json\/wp\/v2\/product_brand?post=6963"},{"taxonomy":"product_cat","embeddable":true,"href":"https:\/\/editorapangeia.com.br\/pt_br\/wp-json\/wp\/v2\/product_cat?post=6963"},{"taxonomy":"product_tag","embeddable":true,"href":"https:\/\/editorapangeia.com.br\/pt_br\/wp-json\/wp\/v2\/product_tag?post=6963"}],"curies":[{"name":"wp","href":"https:\/\/api.w.org\/{rel}","templated":true}]}}