{"id":6878,"date":"2021-03-11T20:00:01","date_gmt":"2021-03-11T20:00:01","guid":{"rendered":"http:\/\/editorapangeia.com.br\/?post_type=product&#038;p=6878"},"modified":"2025-05-19T11:54:35","modified_gmt":"2025-05-19T11:54:35","slug":"escritoras-brasileiras-e-a-literatura-juvenil-tensoes-e-representacoes-de-genero-1979-1984","status":"publish","type":"product","link":"https:\/\/editorapangeia.com.br\/pt_br\/product\/escritoras-brasileiras-e-a-literatura-juvenil-tensoes-e-representacoes-de-genero-1979-1984\/","title":{"rendered":"Escritoras brasileiras e a literatura juvenil: Tens\u00f5es e representa\u00e7\u00f5es de g\u00eanero (1979 &#8211; 1984), Maisa Barbosa da Silva Cordeiro, PDF"},"content":{"rendered":"<div class=\"page\" title=\"Page 1\">\n<div class=\"section\">\n<div class=\"layoutArea\">\n<div class=\"column\">\n<p>Maisa Barbosa da Silva Cordeiro e\u0301 Doutora em Estudos liter\u00e1rios pela Universidade Federal de Mato Grosso do Sul, Mestre em Letras &#8220;Literatura e Pr\u00e1ticas Culturais&#8221; pela Universidade Federal da Grande Dourados e Professora no Centro Universit\u00e1rio da Grande Dourados. Realizou pesquisas tem\u00e1ticas relacionadas a\u0300 cri\u0301tica litera\u0301ria feminista, cri\u0301tica litera\u0301ria juvenil e poli\u0301ticas pu\u0301blicas de formac\u0327a\u0303o de leitores. Integra o GPLV &#8211; Grupo de Pesquisa Literatura e Vida da Universidade Federal do Mato Grosso do Sul.<\/p>\n<\/div>\n<\/div>\n<\/div>\n<\/div>\n","protected":false},"excerpt":{"rendered":"<p>O crescimento da cr\u00edtica liter\u00e1ria feminista no Brasil, desde a d\u00e9cada de 1980, vem desvelando os modos distintos de representar as rela\u00e7\u00f5es assim\u00e9tricas de g\u00eanero, mas, tamb\u00e9m, as diferentes estrat\u00e9gias de resist\u00eancia, manipula\u00e7\u00e3o da obedi\u00eancia e enfrentamento \u00e0 voz do patriarcado presentes na literatura escrita por mulheres.<\/p>\n<p>O fortalecimento da cr\u00edtica feminista, assim, no campo liter\u00e1rio, verticaliza a compreens\u00e3o acerca dos recursos dos quais se valem as escritoras para denunciar, na literatura, a exist\u00eancia de uma viol\u00eancia estruturada em rela\u00e7\u00e3o \u00e0 mulher e atos de tens\u00e3o em rela\u00e7\u00e3o a essa viol\u00eancia.<\/p>\n<p>Acreditamos, como aponta Toril Moi (1988), que o prop\u00f3sito central da cr\u00edtica feminista \u00e9 pol\u00edtico: expor as pr\u00e1ticas machistas e patriarcais para erradic\u00e1-las.<\/p>\n","protected":false},"featured_media":6879,"comment_status":"open","ping_status":"closed","template":"","meta":[],"product_brand":[],"product_cat":[4081],"product_tag":[3171,2151,1170,192,200,186,231,175,149,140,800,229],"class_list":{"0":"post-6878","1":"product","2":"type-product","3":"status-publish","4":"has-post-thumbnail","6":"product_cat-estudosliterarios","7":"product_tag-cadernos-de-docencia","8":"product_tag-capes","9":"product_tag-cidadao-sociedade","10":"product_tag-critica-literaria","11":"product_tag-editora-pangeia","12":"product_tag-feminismo","13":"product_tag-filosofia","14":"product_tag-genero","15":"product_tag-gplv","16":"product_tag-gratuito","17":"product_tag-grupo-de-pesquisa-literatura-e-vida","18":"product_tag-psicologia","20":"first","21":"outofstock","22":"downloadable","23":"virtual","24":"taxable","25":"purchasable","26":"product-type-simple"},"_links":{"self":[{"href":"https:\/\/editorapangeia.com.br\/pt_br\/wp-json\/wp\/v2\/product\/6878","targetHints":{"allow":["GET"]}}],"collection":[{"href":"https:\/\/editorapangeia.com.br\/pt_br\/wp-json\/wp\/v2\/product"}],"about":[{"href":"https:\/\/editorapangeia.com.br\/pt_br\/wp-json\/wp\/v2\/types\/product"}],"replies":[{"embeddable":true,"href":"https:\/\/editorapangeia.com.br\/pt_br\/wp-json\/wp\/v2\/comments?post=6878"}],"wp:featuredmedia":[{"embeddable":true,"href":"https:\/\/editorapangeia.com.br\/pt_br\/wp-json\/wp\/v2\/media\/6879"}],"wp:attachment":[{"href":"https:\/\/editorapangeia.com.br\/pt_br\/wp-json\/wp\/v2\/media?parent=6878"}],"wp:term":[{"taxonomy":"product_brand","embeddable":true,"href":"https:\/\/editorapangeia.com.br\/pt_br\/wp-json\/wp\/v2\/product_brand?post=6878"},{"taxonomy":"product_cat","embeddable":true,"href":"https:\/\/editorapangeia.com.br\/pt_br\/wp-json\/wp\/v2\/product_cat?post=6878"},{"taxonomy":"product_tag","embeddable":true,"href":"https:\/\/editorapangeia.com.br\/pt_br\/wp-json\/wp\/v2\/product_tag?post=6878"}],"curies":[{"name":"wp","href":"https:\/\/api.w.org\/{rel}","templated":true}]}}