{"id":6874,"date":"2021-03-10T20:00:25","date_gmt":"2021-03-10T20:00:25","guid":{"rendered":"http:\/\/editorapangeia.com.br\/?post_type=product&#038;p=6874"},"modified":"2025-05-19T12:10:27","modified_gmt":"2025-05-19T12:10:27","slug":"feminismo-e-genero-encontros-e-articulacoes-em-psicologia","status":"publish","type":"product","link":"https:\/\/editorapangeia.com.br\/pt_br\/product\/feminismo-e-genero-encontros-e-articulacoes-em-psicologia\/","title":{"rendered":"Feminismo e g\u00eanero: Encontros e articula\u00e7\u00f5es em psicologia, Maisa Barbosa da Silva Cordeiro (Org.), PDF"},"content":{"rendered":"<p>&nbsp;<\/p>\n<p><strong>Organizadora:<\/strong><\/p>\n<p>Maisa Barbosa da Silva Cordeiro<\/p>\n<p><strong>Autores:<\/strong><\/p>\n<p>Arielen Perez Dias<\/p>\n<p>Caren Renata Gamarra<\/p>\n<p>Dayane Valiente Gon\u00e7alves<\/p>\n<p>Ewerson Andr\u00e1 Silva<\/p>\n<p>Isabelle da Silva Golfeto<\/p>\n<p>Karolaine Santos Deleprani Silveira<\/p>\n<p>Leandro Silvestre de Pinho<\/p>\n<p>Maisa Barbosa da Silva Cordeiro<\/p>\n<p>Vit\u00f3ria Brand\u00e3o de Almeida Costa<\/p>\n<p>Tifany Soares<\/p>\n","protected":false},"excerpt":{"rendered":"<p>Este \u00e9 um livro que pode agradar a quem se interessa pelas ci\u00eancias humanas e pelo sujeito humano.<\/p>\n<p>As constru\u00e7\u00f5es e interlocu\u00e7\u00f5es que s\u00e3o tecidas ao longo do percurso por autoras e autores convidam o leitor a passear por diversas \u00e1reas das ci\u00eancias humanas, tais como a filosofia, a sociologia e a antropologia, n\u00e3o ficando circunscrito a discuss\u00f5es no campo da psicologia.<\/p>\n","protected":false},"featured_media":6875,"comment_status":"open","ping_status":"closed","template":"","meta":[],"product_brand":[],"product_cat":[4084],"product_tag":[230,2151,232,200,186,231,175,149,140,800,229],"class_list":{"0":"post-6874","1":"product","2":"type-product","3":"status-publish","4":"has-post-thumbnail","6":"product_cat-sociologia","7":"product_tag-antropologia","8":"product_tag-capes","9":"product_tag-ciencias-sociais","10":"product_tag-editora-pangeia","11":"product_tag-feminismo","12":"product_tag-filosofia","13":"product_tag-genero","14":"product_tag-gplv","15":"product_tag-gratuito","16":"product_tag-grupo-de-pesquisa-literatura-e-vida","17":"product_tag-psicologia","19":"first","20":"instock","21":"downloadable","22":"virtual","23":"taxable","24":"purchasable","25":"product-type-simple"},"_links":{"self":[{"href":"https:\/\/editorapangeia.com.br\/pt_br\/wp-json\/wp\/v2\/product\/6874","targetHints":{"allow":["GET"]}}],"collection":[{"href":"https:\/\/editorapangeia.com.br\/pt_br\/wp-json\/wp\/v2\/product"}],"about":[{"href":"https:\/\/editorapangeia.com.br\/pt_br\/wp-json\/wp\/v2\/types\/product"}],"replies":[{"embeddable":true,"href":"https:\/\/editorapangeia.com.br\/pt_br\/wp-json\/wp\/v2\/comments?post=6874"}],"wp:featuredmedia":[{"embeddable":true,"href":"https:\/\/editorapangeia.com.br\/pt_br\/wp-json\/wp\/v2\/media\/6875"}],"wp:attachment":[{"href":"https:\/\/editorapangeia.com.br\/pt_br\/wp-json\/wp\/v2\/media?parent=6874"}],"wp:term":[{"taxonomy":"product_brand","embeddable":true,"href":"https:\/\/editorapangeia.com.br\/pt_br\/wp-json\/wp\/v2\/product_brand?post=6874"},{"taxonomy":"product_cat","embeddable":true,"href":"https:\/\/editorapangeia.com.br\/pt_br\/wp-json\/wp\/v2\/product_cat?post=6874"},{"taxonomy":"product_tag","embeddable":true,"href":"https:\/\/editorapangeia.com.br\/pt_br\/wp-json\/wp\/v2\/product_tag?post=6874"}],"curies":[{"name":"wp","href":"https:\/\/api.w.org\/{rel}","templated":true}]}}