{"id":6861,"date":"2023-05-09T03:00:08","date_gmt":"2023-05-09T03:00:08","guid":{"rendered":"http:\/\/editorapangeia.com.br\/?post_type=product&#038;p=6861"},"modified":"2025-04-24T17:50:07","modified_gmt":"2025-04-24T17:50:07","slug":"minimusbrevissimos","status":"publish","type":"product","link":"https:\/\/editorapangeia.com.br\/pt_br\/product\/minimusbrevissimos\/","title":{"rendered":"minimus &#038; brev\u00edssimos, Alciene Ribeiro, Rauer"},"content":{"rendered":"<p>A Cole\u00e7\u00e3o Microm\u00ednimus, lan\u00e7a, com <strong><em>minimus &amp; brev\u00edssimos<\/em><\/strong> seu volume inaugural.<\/p>\n<p>A s\u00e9rie publica volumes de micronarrativas, microfic\u00e7\u00f5es, microrrelatos, nanocontos, contos curtos, microcontos, e tamb\u00e9m haikais, tankas, quadras e poemas similares.<\/p>\n<p>Independente de nomenclaturas te\u00f3ricas ou tipologias escolares, a Cole\u00e7\u00e3o tem por objetivo divulgar a nova narrativa e a nova poesia que buscam a concis\u00e3o absoluta, a s\u00edntese, o flagrante em flashes r\u00e1pidos, o registro el\u00edptico, que se realiza em poucas linhas, configurando o m\u00e1ximo de expressividade, de representa\u00e7\u00e3o e de poesia.<\/p>\n<p>Para n\u00f3s a vida \u00e9 sempre ampla e universal &#8211; e quando plasmada e cristalizada em poucos caracteres, \u00e9 <em>Microm\u00ednimus<\/em>.<\/p>\n","protected":false},"excerpt":{"rendered":"<p><strong><em>minimus &amp; brev\u00edssimos<\/em><\/strong> apresenta uma nova faceta da literatura de dois autores conscientes do of\u00edcio de escrever, que est\u00e3o no auge da for\u00e7a criadora e t\u00eam pleno dom\u00ednio da arte do microconto.<\/p>\n<p>Alciene nos deleita com 135 microcontos divididos em 07 grandes temas.<\/p>\n<p>Rauer nos agracia com 137 micronarrativas percorrendo 08 momentos.<\/p>\n<p><strong><em>minimus &amp; brev\u00edssimos<\/em><\/strong> \u00e9 um livro denso e de forte significa\u00e7\u00e3o, de narrativas simples, concisas, impactantes.<\/p>\n","protected":false},"featured_media":6862,"comment_status":"open","ping_status":"closed","template":"","meta":[],"product_brand":[],"product_cat":[4092],"product_tag":[134,224,149,225,157,210,222,221,223,206,227,111,112,226],"class_list":{"0":"post-6861","1":"product","2":"type-product","3":"status-publish","4":"has-post-thumbnail","6":"product_cat-microcontos","7":"product_tag-alciene-ribeiro","8":"product_tag-contos-curtos","9":"product_tag-gplv","10":"product_tag-haikai","11":"product_tag-literatura-brasileira","12":"product_tag-microcontos","13":"product_tag-microficcoes","14":"product_tag-micronarrativas","15":"product_tag-nanocontos","16":"product_tag-nos-tempos-do-corona","17":"product_tag-poema","18":"product_tag-poesia","19":"product_tag-rauer","20":"product_tag-tanka","21":"product_shipping_class-normal","23":"first","24":"instock","25":"product-type-external"},"_links":{"self":[{"href":"https:\/\/editorapangeia.com.br\/pt_br\/wp-json\/wp\/v2\/product\/6861","targetHints":{"allow":["GET"]}}],"collection":[{"href":"https:\/\/editorapangeia.com.br\/pt_br\/wp-json\/wp\/v2\/product"}],"about":[{"href":"https:\/\/editorapangeia.com.br\/pt_br\/wp-json\/wp\/v2\/types\/product"}],"replies":[{"embeddable":true,"href":"https:\/\/editorapangeia.com.br\/pt_br\/wp-json\/wp\/v2\/comments?post=6861"}],"wp:featuredmedia":[{"embeddable":true,"href":"https:\/\/editorapangeia.com.br\/pt_br\/wp-json\/wp\/v2\/media\/6862"}],"wp:attachment":[{"href":"https:\/\/editorapangeia.com.br\/pt_br\/wp-json\/wp\/v2\/media?parent=6861"}],"wp:term":[{"taxonomy":"product_brand","embeddable":true,"href":"https:\/\/editorapangeia.com.br\/pt_br\/wp-json\/wp\/v2\/product_brand?post=6861"},{"taxonomy":"product_cat","embeddable":true,"href":"https:\/\/editorapangeia.com.br\/pt_br\/wp-json\/wp\/v2\/product_cat?post=6861"},{"taxonomy":"product_tag","embeddable":true,"href":"https:\/\/editorapangeia.com.br\/pt_br\/wp-json\/wp\/v2\/product_tag?post=6861"}],"curies":[{"name":"wp","href":"https:\/\/api.w.org\/{rel}","templated":true}]}}