{"id":6764,"date":"2020-12-17T16:20:32","date_gmt":"2020-12-17T16:20:32","guid":{"rendered":"http:\/\/editorapangeia.com.br\/?post_type=product&#038;p=6764"},"modified":"2025-04-24T16:50:31","modified_gmt":"2025-04-24T16:50:31","slug":"pandemim","status":"publish","type":"product","link":"https:\/\/editorapangeia.com.br\/pt_br\/product\/pandemim\/","title":{"rendered":"Pandemim, Nima Spigolon"},"content":{"rendered":"<blockquote>\n<p style=\"text-align: center;\"><strong>Para ado\u00e7\u00f5es em escolas, nos contacte.<\/strong><\/p>\n<\/blockquote>\n<p>PANDEMIM \u00e9 uma antologia liter\u00e1ria feminina escrita por 20 mulheres autoras &#8211; estudantes, pesquisadoras, intelectuais, artistas, poetisas, chefs, donas de casa, escritoras, fot\u00f3grafas, etc. &#8211; nascida de uma articula\u00e7\u00e3o coletiva feminina no enfrentamento das adversidades desse ano marcado por um pandemia que tirou o planeta dos eixos e virou de ponta cabe\u00e7a a vida de todos.<\/p>\n<p>Ele vem para uma reflex\u00e3o sens\u00edvel e cr\u00edtica da necessidade e capacidade humana de se reinventar a cada dia, mesmo diante das maiores adversidades.<\/p>\n<p style=\"text-align: center;\">Sobre Nima Spigolon,<br \/>\n<a href=\"https:\/\/editorapangeia.com.br\/?s=Spigolon\"><strong>Clique AQUI!!!<\/strong><\/a><\/p>\n<blockquote>\n<p style=\"text-align: center;\">Sobre <em><strong>De(s)Morte(s)<\/strong><\/em>,<br \/>\n<a href=\"https:\/\/editorapangeia.com.br\/?s=De%28s%29Morte%28s%29\"><strong>Clique AQUI!!!<\/strong><\/a><\/p>\n<p style=\"text-align: center;\"><img loading=\"lazy\" decoding=\"async\" class=\"alignnone wp-image-7178\" src=\"http:\/\/editorapangeia.com.br\/wp-content\/uploads\/2021\/09\/Nima_Neruda-169x300.jpeg\" alt=\"\" width=\"266\" height=\"472\" srcset=\"https:\/\/editorapangeia.com.br\/wp-content\/uploads\/2021\/09\/Nima_Neruda-169x300.jpeg 169w, https:\/\/editorapangeia.com.br\/wp-content\/uploads\/2021\/09\/Nima_Neruda-225x400.jpeg 225w, https:\/\/editorapangeia.com.br\/wp-content\/uploads\/2021\/09\/Nima_Neruda.jpeg 241w\" sizes=\"auto, (max-width: 266px) 100vw, 266px\" \/><br \/>\n<em>Nima, pouco antes da pandemia<\/em><\/p>\n<\/blockquote>\n","protected":false},"excerpt":{"rendered":"<p>&#8220;O PANDEMIM, uma antologia liter\u00e1ria feminina, \u00e9 um livro que expressa leveza, do\u00e7ura, cr\u00edtica e for\u00e7a da mulher na peleja durante a adversidade.<\/p>\n<p>A Covid-19 chegou no Brasil, encontrando um governo federal negligente e assolando uma popula\u00e7\u00e3o j\u00e1 t\u00e3o sofrida. Milh\u00f5es de casos confirmados e milhares de vidas perdidas. Desemprego e fome. Choramos, impotentes! Como atravessar este momento t\u00e3o sombrio e angustiante? Como n\u00e3o perder a esperan\u00e7a? Como aliviar o sofrimento de nossa gente? A\u00e7\u00f5es solid\u00e1rias e de apoio mostraram qualidades especiais do ser humano: a empatia e o amor ao pr\u00f3ximo.<\/p>\n<p>No auge de uma pandemia, uma crise humanit\u00e1ria de propor\u00e7\u00e3o planet\u00e1ria, surgiu o PANDEMIM, uma cria\u00e7\u00e3o que re\u00fane mulheres sens\u00edveis, de tempos e lugares diferentes, unidas pelos sentimentos de esperan\u00e7a, vida e amor.&#8221;<\/p>\n<p><em>Simone Lucas Gon\u00e7alves de Oliveira<\/em><br \/>\n<em>Diretora da Biblioteca Prof. Joel Martins da Unicamp<\/em><\/p>\n","protected":false},"featured_media":6766,"comment_status":"open","ping_status":"closed","template":"","meta":[],"product_brand":[],"product_cat":[4077],"product_tag":[1170,135,1652,1546,122,156,157,1642,897,208,111,1651],"class_list":{"0":"post-6764","1":"product","2":"type-product","3":"status-publish","4":"has-post-thumbnail","6":"product_cat-poesia","7":"product_tag-cidadao-sociedade","8":"product_tag-contos","9":"product_tag-corona","10":"product_tag-covid-19","11":"product_tag-ebook","12":"product_tag-literatura","13":"product_tag-literatura-brasileira","14":"product_tag-ntdc","15":"product_tag-pandemia","16":"product_tag-pandemim","17":"product_tag-poesia","18":"product_tag-virus","20":"first","21":"instock","22":"product-type-external"},"_links":{"self":[{"href":"https:\/\/editorapangeia.com.br\/pt_br\/wp-json\/wp\/v2\/product\/6764","targetHints":{"allow":["GET"]}}],"collection":[{"href":"https:\/\/editorapangeia.com.br\/pt_br\/wp-json\/wp\/v2\/product"}],"about":[{"href":"https:\/\/editorapangeia.com.br\/pt_br\/wp-json\/wp\/v2\/types\/product"}],"replies":[{"embeddable":true,"href":"https:\/\/editorapangeia.com.br\/pt_br\/wp-json\/wp\/v2\/comments?post=6764"}],"wp:featuredmedia":[{"embeddable":true,"href":"https:\/\/editorapangeia.com.br\/pt_br\/wp-json\/wp\/v2\/media\/6766"}],"wp:attachment":[{"href":"https:\/\/editorapangeia.com.br\/pt_br\/wp-json\/wp\/v2\/media?parent=6764"}],"wp:term":[{"taxonomy":"product_brand","embeddable":true,"href":"https:\/\/editorapangeia.com.br\/pt_br\/wp-json\/wp\/v2\/product_brand?post=6764"},{"taxonomy":"product_cat","embeddable":true,"href":"https:\/\/editorapangeia.com.br\/pt_br\/wp-json\/wp\/v2\/product_cat?post=6764"},{"taxonomy":"product_tag","embeddable":true,"href":"https:\/\/editorapangeia.com.br\/pt_br\/wp-json\/wp\/v2\/product_tag?post=6764"}],"curies":[{"name":"wp","href":"https:\/\/api.w.org\/{rel}","templated":true}]}}