{"id":6731,"date":"2020-11-10T17:07:58","date_gmt":"2020-11-10T17:07:58","guid":{"rendered":"http:\/\/editorapangeia.com.br\/?post_type=product&#038;p=6731"},"modified":"2025-02-20T14:13:52","modified_gmt":"2025-02-20T14:13:52","slug":"brazil-2020","status":"publish","type":"product","link":"https:\/\/editorapangeia.com.br\/pt_br\/product\/brazil-2020\/","title":{"rendered":"Brazil 2020, Rauer"},"content":{"rendered":"<p><i><b>Brazil 2020<\/b><\/i> \u00e9 o livro inaugural da S\u00e9rie &#8220;Nos Tempos do Corona&#8221;, que reunir\u00e1 autores contempor\u00e2neos tratando da epidemia causada pelo v\u00edrus Sars-Cov-2 ao lado de autores de outras \u00e9pocas que escrevem sobre epidemias de outros per\u00edodos. Traz reflex\u00f5es sobre a Covid-19 ao lado de reflex\u00f5es sobre a peste negra, a c\u00f3lera, a var\u00edola, a gripe espanhola, a H1N1, entre outras endemias.<br \/>\nSair\u00e3o, em e-book individuais, gratuitos, contos, depoimentos, narrativas hist\u00f3ricas, microcontos e poemas. Os livros programados t\u00eam na capa uma colagem anal\u00f3gica da artista gr\u00e1fica Renata Sieiro Fernandes. Em <i><b>Brazil<\/b><b> 2020<\/b><\/i>, a colagem, com o t\u00edtulo &#8220;estrondo&#8221;, est\u00e1 replicada na p\u00e1gina interna que separa os contos de Alciene e Rauer.<br \/>\nO volume inicial da S\u00e9rie tem arte-final da Capa de Bruna Campos, e fotos dos arquivos pessoais de Alciene e de Rauer, ambas de 2019.<br \/>\nAlciene e Rauer tem outros livros pela Editora Pangeia: Alciene lan\u00e7ou <i><b>Mulher expl\u00edcita<\/b><\/i>, uma suma de seus contos, dos anos 1970 at\u00e9 2019; tamb\u00e9m em 2019, Rauer lan\u00e7ou a 2a. edi\u00e7\u00e3o da narrativa l\u00edrica <i><b>Qohelet<\/b><\/i>. Os dois preparam para 2021 novos projetos, individuais e coletivos.<\/p>\n","protected":false},"excerpt":{"rendered":"<div class=\"gmail_default\">Em <i><b>Brazil<\/b><b> 2020<\/b><\/i> latejam for\u00e7a e f\u00faria. \u00c9 um livro de contos pungentes, escritos com cr\u00edtica refinada e inteligente. Re\u00fane narrativas que refletem o pa\u00eds tomado pelo medo e pela disrup\u00e7\u00e3o. Um pa\u00eds sufocado por milhares de mortes, pela viol\u00eancia pol\u00edtica, pela viol\u00eancia urbana e pela viol\u00eancia no tr\u00e2nsito. Um pa\u00eds asfixiado pelo autoritarismo socialmente disseminado e pela desertifica\u00e7\u00e3o de seus biomas. Um pa\u00eds atordoado pela saudade dos parentes que se foram e pelo horror diante da pandemia inclemente.<\/div>\n<div class=\"gmail_default\"><i><b>Brazil 2020<\/b><\/i> tamb\u00e9m apresenta tr\u00e1gicas e sombrias hist\u00f3rias de amor, marcadas pela sensualidade, pela vingan\u00e7a, pela solid\u00e3o e pelo cuidado com os animais.<br \/>\nAlciene Ribeiro e Rauer, autores com dezenas de livros lan\u00e7ados e donos de estilos peculiares, que rompem com o \u00f3bvio, testam em <i><b>Brazil 2020<\/b><\/i> os limites expressivos da l\u00edngua e obt\u00e9m, por meio de instigantes met\u00e1foras, efeitos criativos de alta densidade po\u00e9tica. As narrativas se apresentam claras, fluentes, em enredos criativos, de personagens ao mesmo tempo muito conhecidas e completamente estranhas.<\/div>\n<div class=\"gmail_default\">Cada conto representa, a seu modo e em seu tom espec\u00edfico, a ang\u00fastia do nosso tempo, sentimento que entranha de modo crescente as f\u00e1bulas, at\u00e9 o cl\u00edmax surpreendente.<br \/>\nAs narrativas do livro desvelam um pa\u00eds doente, necrosado, tem\u00e1tica que se expressa de modo vigoroso, em linguagem ao mesmo tempo coloquial e diferenciada, pouco convencional.<br \/>\nOs contos s\u00e3o plasmados com humanismo, ainda que alguns deles sejam encenados por figuras grotescas, inquietantemente abjetas, asquerosas ao \u00faltimo grau da mis\u00e9ria moral e f\u00edsica. Esse humanismo que conduz a escrita de Alciene Ribeiro e de Rauer salva da s\u00e1tira o universo que as p\u00e1ginas de <i><b>Brazil 2020<\/b><\/i> desvela.<\/div>\n","protected":false},"featured_media":18490,"comment_status":"open","ping_status":"closed","template":"","meta":[],"product_brand":[],"product_cat":[4077],"product_tag":[134,1170,135,1652,207,149,156,157,206,1642,897,112,1651],"class_list":{"0":"post-6731","1":"product","2":"type-product","3":"status-publish","4":"has-post-thumbnail","6":"product_cat-poesia","7":"product_tag-alciene-ribeiro","8":"product_tag-cidadao-sociedade","9":"product_tag-contos","10":"product_tag-corona","11":"product_tag-dionysius","12":"product_tag-gplv","13":"product_tag-literatura","14":"product_tag-literatura-brasileira","15":"product_tag-nos-tempos-do-corona","16":"product_tag-ntdc","17":"product_tag-pandemia","18":"product_tag-rauer","19":"product_tag-virus","20":"product_shipping_class-normal","22":"first","23":"instock","24":"featured","25":"taxable","26":"shipping-taxable","27":"purchasable","28":"product-type-simple"},"_links":{"self":[{"href":"https:\/\/editorapangeia.com.br\/pt_br\/wp-json\/wp\/v2\/product\/6731","targetHints":{"allow":["GET"]}}],"collection":[{"href":"https:\/\/editorapangeia.com.br\/pt_br\/wp-json\/wp\/v2\/product"}],"about":[{"href":"https:\/\/editorapangeia.com.br\/pt_br\/wp-json\/wp\/v2\/types\/product"}],"replies":[{"embeddable":true,"href":"https:\/\/editorapangeia.com.br\/pt_br\/wp-json\/wp\/v2\/comments?post=6731"}],"wp:featuredmedia":[{"embeddable":true,"href":"https:\/\/editorapangeia.com.br\/pt_br\/wp-json\/wp\/v2\/media\/18490"}],"wp:attachment":[{"href":"https:\/\/editorapangeia.com.br\/pt_br\/wp-json\/wp\/v2\/media?parent=6731"}],"wp:term":[{"taxonomy":"product_brand","embeddable":true,"href":"https:\/\/editorapangeia.com.br\/pt_br\/wp-json\/wp\/v2\/product_brand?post=6731"},{"taxonomy":"product_cat","embeddable":true,"href":"https:\/\/editorapangeia.com.br\/pt_br\/wp-json\/wp\/v2\/product_cat?post=6731"},{"taxonomy":"product_tag","embeddable":true,"href":"https:\/\/editorapangeia.com.br\/pt_br\/wp-json\/wp\/v2\/product_tag?post=6731"}],"curies":[{"name":"wp","href":"https:\/\/api.w.org\/{rel}","templated":true}]}}