{"id":6707,"date":"2020-07-04T16:21:25","date_gmt":"2020-07-04T16:21:25","guid":{"rendered":"http:\/\/editorapangeia.com.br\/?post_type=product&#038;p=6707"},"modified":"2025-09-16T00:07:13","modified_gmt":"2025-09-16T00:07:13","slug":"prefeito-atribuicoes-e-responsabilidades","status":"publish","type":"product","link":"https:\/\/editorapangeia.com.br\/pt_br\/product\/prefeito-atribuicoes-e-responsabilidades\/","title":{"rendered":"Prefeito: Atribui\u00e7\u00f5es e Responsabilidades, Rizio Macedo"},"content":{"rendered":"","protected":false},"excerpt":{"rendered":"<p><strong>A Cole\u00e7\u00e3o Cidad\u00e3o &amp; Sociedade busca ajudar a conscientizar cada cidad\u00e3o do seu papel na sociedade.<\/strong><\/p>\n<hr \/>\n<p>&#8220;Este livro possui car\u00e1ter exclusivamente informativo, n\u00e3o havendo qualquer liga\u00e7\u00e3o com partido pol\u00edtico, governante eleito ou candidato a elei\u00e7\u00e3o.<\/p>\n<p>Foi escrito utilizando a Constitui\u00e7\u00e3o Federal de 1988 e pesquisas em leis vigentes, manuais e cartilhas distribu\u00eddos pelo Senado Federal e outras entidades competentes, sempre com os devidos cr\u00e9ditos e refer\u00eancias.<\/p>\n<p>O autor <strong>n\u00e3o<\/strong> inseriu opini\u00f5es pr\u00f3prias de nenhuma natureza, tampouco sobre a estrutura da democracia brasileira ou atua\u00e7\u00e3o de qualquer autarquia ou governante em vigor.<\/p>\n<p>Boa leitura!&#8221;<\/p>\n<p><em>Rizio Macedo <\/em><br \/>\nP\u00f3s Graduado em Economia pela Universidade Federal de Uberl\u00e2ndia.<\/p>\n<p>Baixe o eBook agora, inteiramente <strong>GR\u00c1TIS<\/strong>.<\/p>\n","protected":false},"featured_media":6708,"comment_status":"open","ping_status":"closed","template":"","meta":[],"product_brand":[],"product_cat":[4084,4828],"product_tag":[198,1170,197,196,201,200,204,203,199],"class_list":{"0":"post-6707","1":"product","2":"type-product","3":"status-publish","4":"has-post-thumbnail","6":"product_cat-sociologia","7":"product_cat-livrosgratis","8":"product_tag-cidadao","9":"product_tag-cidadao-sociedade","10":"product_tag-constituicao-federal","11":"product_tag-democracia","12":"product_tag-direito-constitucional","13":"product_tag-editora-pangeia","14":"product_tag-executivo-municipal","15":"product_tag-prefeito","16":"product_tag-sociedade","18":"first","19":"instock","20":"downloadable","21":"virtual","22":"taxable","23":"purchasable","24":"product-type-simple"},"_links":{"self":[{"href":"https:\/\/editorapangeia.com.br\/pt_br\/wp-json\/wp\/v2\/product\/6707","targetHints":{"allow":["GET"]}}],"collection":[{"href":"https:\/\/editorapangeia.com.br\/pt_br\/wp-json\/wp\/v2\/product"}],"about":[{"href":"https:\/\/editorapangeia.com.br\/pt_br\/wp-json\/wp\/v2\/types\/product"}],"replies":[{"embeddable":true,"href":"https:\/\/editorapangeia.com.br\/pt_br\/wp-json\/wp\/v2\/comments?post=6707"}],"wp:featuredmedia":[{"embeddable":true,"href":"https:\/\/editorapangeia.com.br\/pt_br\/wp-json\/wp\/v2\/media\/6708"}],"wp:attachment":[{"href":"https:\/\/editorapangeia.com.br\/pt_br\/wp-json\/wp\/v2\/media?parent=6707"}],"wp:term":[{"taxonomy":"product_brand","embeddable":true,"href":"https:\/\/editorapangeia.com.br\/pt_br\/wp-json\/wp\/v2\/product_brand?post=6707"},{"taxonomy":"product_cat","embeddable":true,"href":"https:\/\/editorapangeia.com.br\/pt_br\/wp-json\/wp\/v2\/product_cat?post=6707"},{"taxonomy":"product_tag","embeddable":true,"href":"https:\/\/editorapangeia.com.br\/pt_br\/wp-json\/wp\/v2\/product_tag?post=6707"}],"curies":[{"name":"wp","href":"https:\/\/api.w.org\/{rel}","templated":true}]}}