{"id":6475,"date":"2022-05-21T01:12:06","date_gmt":"2022-05-21T01:12:06","guid":{"rendered":"http:\/\/editorapangeia.com.br\/?post_type=product&#038;p=6475"},"modified":"2025-01-15T14:07:36","modified_gmt":"2025-01-15T14:07:36","slug":"colecao-literatura-vida","status":"publish","type":"product","link":"https:\/\/editorapangeia.com.br\/pt_br\/product\/colecao-literatura-vida\/","title":{"rendered":"Cole\u00e7\u00e3o Literatura &#038; Vida, GPLV &#8211; 5 livros"},"content":{"rendered":"<blockquote>\n<p style=\"text-align: center;\"><strong>Baixe os livros em PDF, individualmente.<\/strong><\/p>\n<\/blockquote>\n<p style=\"text-align: center;\">Downloads ilimitados a partir de link cujo prazo de validade \u00e9 sem restri\u00e7\u00e3o.<\/p>\n<p style=\"text-align: center;\">Para conhecer mais livros do GPLV ou de seus autores, clique <a href=\"https:\/\/editorapangeia.com.br\/?s=gplv\"><strong>AQUI<\/strong><\/a>.<\/p>\n<p><span style=\"color: #ff0000;\"><a style=\"color: #ff0000;\" href=\"https:\/\/editorapangeia.com.br\/product\/colecao-literatura-vida\/\"><strong>COLE\u00c7\u00c3O LITERATURA E VIDA<\/strong><\/a><\/span><\/p>\n<p><a href=\"https:\/\/editorapangeia.com.br\/product\/e-agora-jose-livro-pdf\/\"><strong>E AGORA, JOSE\u0301?<\/strong><\/a><br \/>\nLiteratura e Vida 1<br \/>\nOrganizadores:<br \/>\nRauer Ribeiro Rodrigues (UFMS)<br \/>\nRita de Ca\u0301ssia Silva Dioni\u0301sio Santos (Unimontes)<br \/>\nEunice Prudenciano de Souza (IFSP)<\/p>\n<p><a href=\"https:\/\/editorapangeia.com.br\/product\/alciene-ribeiro-livro-pdf\/\"><strong>ALCIENE RIBEIRO<\/strong><\/a><br \/>\nLiteratura e Vida 2<br \/>\nOrganizadores:<br \/>\nRauer Ribeiro Rodrigues (UFMS)<br \/>\nAurora Cardoso de Quadros (Unimontes)<br \/>\nMaisa Barbosa (UNIGRAN)<\/p>\n<p><a href=\"https:\/\/editorapangeia.com.br\/product\/luiz-vilela-livro-e-pdf\/\"><strong>LUIZ <\/strong><strong>VILELA<\/strong><\/a><br \/>\nLiteratura e Vida 3<br \/>\nOrganizadores:<br \/>\nRauer Ribeiro Rodrigues (UFMS)<br \/>\nEunice Prudenciano de Souza (IFSP)<br \/>\nRonaldo Vinagre Franjotti (SED\/MS)<\/p>\n<p><a href=\"https:\/\/editorapangeia.com.br\/product\/materia-vertente-verbo-e-discurso\/\"><strong>MATE\u0301RIA VERTENTE: VERBO E DISCURSO<\/strong><\/a><br \/>\nLiteratura e Vida 4<br \/>\nOrganizadores:<br \/>\nRauer Ribeiro Rodrigues (GPLV)<br \/>\nNata\u0301lia Tano Portela (CPTL\/UFMS)<br \/>\nAndre\u0301 Dias (UFF)<\/p>\n<p><a href=\"https:\/\/editorapangeia.com.br\/product\/mulher-genero-erotismo\/\"><strong>MULHER, GE\u0302NERO, EROTISMO<\/strong><\/a><br \/>\nLiteratura e Vida 5<br \/>\nOrganizadores:<br \/>\nRauer Ribeiro Rodrigues (CPAN\/UFMS)<br \/>\nMai\u0301sa Barbosa (UNIGRAN)<br \/>\nNata\u0301lia Tano Portela (CPTL\/UFMS)<\/p>\n<p>Confira o sum\u00e1rio e outras informa\u00e7\u00f5es de cada volume acessando os livros nesta loja, clicando nos t\u00edtulos acima.<\/p>\n","protected":false},"excerpt":{"rendered":"<p>&#8220;Literatura e Vida&#8221;, cole\u00e7\u00e3o em cinco volumes do GPLV, Grupo de Pesquisa Literatura e Vida, em parte publicada com apoio da CAPES, re\u00fane 50 artigos sobre os temas que s\u00e3o os mais constantes na trajet\u00f3ria do grupo, que completa formalmente dez anos em 2021, mas cujas atividades v\u00eam de antes, com as orienta\u00e7\u00f5es que o l\u00edder do Grupo, prof. Rauer, desenvolveu &#8211; desde 2006, na UFMS &#8211; em projetos de inicia\u00e7\u00e3o cient\u00edfica na gradua\u00e7\u00e3o e em pesquisa de p\u00f3s-gradua\u00e7\u00e3o nos mestrados em Estudos Fronteiri\u00e7os e em Estudos de Linguagens e no mestrado e no doutorado de Letras\/Estudos Liter\u00e1rios do C\u00e2mpus de Tr\u00eas Lagoas da UFMS.<\/p>\n<p>A Cole\u00e7\u00e3o contempla, cada um com um volume, os dois escritores mais estudados por integrantes do Grupo, e os motivos sempre retomados pelos pesquisadores do GPLV, assim como o di\u00e1logo que, para tanto, em Semin\u00e1rios, em eventos, em bancas e em outras atividades, foi estabelecido com estudiosos de outras institui\u00e7\u00f5es, no Brasil e no exterior.<\/p>\n<p>O primeiro volume parte da angustiosa indaga\u00e7\u00e3o do c\u00e9lebre poema de Drummond, &#8220;E agora, Jos\u00e9?&#8221;, como marca das d\u00favidas e das ang\u00fastias da exist\u00eancia humana literariamente representadas, e a essas aporias apresenta diferentes e instigantes respostas, inclusive na \u00e1rea de ensino.<\/p>\n<p>O segundo volume se volta para o estudo da obra vigorosa, pungente, de elabora\u00e7\u00e3o lingu\u00edstica refinada e alta fatura liter\u00e1ria da escritora Alciene Ribeiro, em estudos que iniciam uma primeira visada cr\u00edtica sobre a ficcionista mineira.<\/p>\n<p>O mesmo faz o terceiro volume, voltando-se para os romances, as novelas e a cont\u00edstica de Luiz Vilela, em dez estudos que mapeiam os principais leitmotiv da obra do escritor.<\/p>\n<p>O quarto volume re\u00fane textos que nortearam alguns dos debates do 12. Semin\u00e1rio do GPLV, que ocorreu em maio de 2019 na UFF, em Niter\u00f3i, RJ. Sob o topos da literatura como mat\u00e9ria vertente, inspirado em Guimar\u00e3es Rosa, os artigos abordam fic\u00e7\u00e3o, poesia e teatro, jornalismo e teoria liter\u00e1ria, buscando a inter-rela\u00e7\u00e3o entre verbo e discurso, enuncia\u00e7\u00e3o e enunciado, mimese e contexto.<\/p>\n<p>Tamb\u00e9m uma recolha do evento de Niter\u00f3i, evento que contou com apoio da CAPES, o quinto e \u00faltimo volume re\u00fane estudos sob a \u00e9gide dos estudos do erotismo, da escrita feminina e de g\u00eanero, trazendo artigos sobre autores de v\u00e1rias nacionalidades e na interface com outras semioses.<\/p>\n<p>No conjunto, a cole\u00e7\u00e3o re\u00fane estudos produzidos por cerca de sessenta estudiosos, oriundos de mais de trinta diferentes institui\u00e7\u00f5es, no Brasil e no exterior, reunindo nomes como Arnaldo Saraiva, Roberto Ac\u00edzelo, Rosane Gazzola, Andr\u00e9 Dias, Pauliane Amaral, Gil Negreiros, Mariana Percovich, Pedro Brum, Ariovaldo Vidal e L\u00edgia Chiappini, para mencionar somente alguns.<\/p>\n<p>&#8220;Literatura e Vida&#8221; \u00e9 uma demonstra\u00e7\u00e3o da for\u00e7a da pesquisa em Estudos Liter\u00e1rios e da atua\u00e7\u00e3o de grupos de pesquisa na \u00e1rea de Letras e Literatura, demonstrando mais uma vez a import\u00e2ncia da literatura para compreendermos e superarmos as fric\u00e7\u00f5es da atual conjuntura hist\u00f3rica.<\/p>\n","protected":false},"featured_media":6715,"comment_status":"open","ping_status":"closed","template":"","meta":[],"product_brand":[],"product_cat":[4081],"product_tag":[134,160,158,171,3171,2151,1170,155,170,149,800,166,156,157,118,150,151,161,152,154,162,112,169,159,172,167,163,164,165,168,153],"class_list":{"0":"post-6475","1":"product","2":"type-product","3":"status-publish","4":"has-post-thumbnail","6":"product_cat-estudosliterarios","7":"product_tag-alciene-ribeiro","8":"product_tag-andre-dias","9":"product_tag-arnaldo-saraiva","10":"product_tag-aurora-cardoso","11":"product_tag-cadernos-de-docencia","12":"product_tag-capes","13":"product_tag-cidadao-sociedade","14":"product_tag-e-agora-jose","15":"product_tag-eunice-prudenciano","16":"product_tag-gplv","17":"product_tag-grupo-de-pesquisa-literatura-e-vida","18":"product_tag-ifsp","19":"product_tag-literatura","20":"product_tag-literatura-brasileira","21":"product_tag-literatura-e-erotismo","22":"product_tag-literatura-e-vida","23":"product_tag-luiz-vilela","24":"product_tag-maisa-barbosa","25":"product_tag-materia-vertente","26":"product_tag-mulher-genero-erotismo","27":"product_tag-natalia-tano-portela","28":"product_tag-rauer","29":"product_tag-rita-de-cassia-santos","30":"product_tag-roberto-acizelo","31":"product_tag-ronaldo-franjotti","32":"product_tag-sed","33":"product_tag-uff","34":"product_tag-ufms","35":"product_tag-unigran","36":"product_tag-unimontes","37":"product_tag-verbo-e-discurso","38":"product_shipping_class-normal","40":"first","41":"outofstock","42":"taxable","43":"shipping-taxable","44":"purchasable","45":"product-type-simple"},"_links":{"self":[{"href":"https:\/\/editorapangeia.com.br\/pt_br\/wp-json\/wp\/v2\/product\/6475","targetHints":{"allow":["GET"]}}],"collection":[{"href":"https:\/\/editorapangeia.com.br\/pt_br\/wp-json\/wp\/v2\/product"}],"about":[{"href":"https:\/\/editorapangeia.com.br\/pt_br\/wp-json\/wp\/v2\/types\/product"}],"replies":[{"embeddable":true,"href":"https:\/\/editorapangeia.com.br\/pt_br\/wp-json\/wp\/v2\/comments?post=6475"}],"wp:featuredmedia":[{"embeddable":true,"href":"https:\/\/editorapangeia.com.br\/pt_br\/wp-json\/wp\/v2\/media\/6715"}],"wp:attachment":[{"href":"https:\/\/editorapangeia.com.br\/pt_br\/wp-json\/wp\/v2\/media?parent=6475"}],"wp:term":[{"taxonomy":"product_brand","embeddable":true,"href":"https:\/\/editorapangeia.com.br\/pt_br\/wp-json\/wp\/v2\/product_brand?post=6475"},{"taxonomy":"product_cat","embeddable":true,"href":"https:\/\/editorapangeia.com.br\/pt_br\/wp-json\/wp\/v2\/product_cat?post=6475"},{"taxonomy":"product_tag","embeddable":true,"href":"https:\/\/editorapangeia.com.br\/pt_br\/wp-json\/wp\/v2\/product_tag?post=6475"}],"curies":[{"name":"wp","href":"https:\/\/api.w.org\/{rel}","templated":true}]}}