{"id":6471,"date":"2020-07-08T19:15:06","date_gmt":"2020-07-08T19:15:06","guid":{"rendered":"http:\/\/editorapangeia.com.br\/?post_type=product&#038;p=6471"},"modified":"2025-04-24T14:46:52","modified_gmt":"2025-04-24T14:46:52","slug":"materia-vertente-verbo-e-discurso","status":"publish","type":"product","link":"https:\/\/editorapangeia.com.br\/pt_br\/product\/materia-vertente-verbo-e-discurso\/","title":{"rendered":"Mat\u00e9ria vertente: Verbo e discurso &#8211; Livro"},"content":{"rendered":"<p><strong>MATE\u0301RIA VERTENTE: VERBO E DISCURSO<\/strong><br \/>\nLiteratura e Vida 4<\/p>\n<p>Organizadores:<br \/>\nRauer Ribeiro Rodrigues (GPLV)<br \/>\nNata\u0301lia Tano Portela (CPTL\/UFMS)<br \/>\nAndre\u0301 Dias (UFF)<\/p>\n<p>&nbsp;<\/p>\n<p>Mat\u00e9ria Vertente: Verbo e Discurso. \/ Organiza\u00e7\u00e3o de Rauer Ribeiro Rodrigues, Nat\u00e1lia Tano Portela, Andr\u00e9 Dias.\u00a0\u2500\u00a0Uberl\u00e2ndia, MG: Editora Pangeia ; Tr\u00eas Lagoas, MS: GPLV, 2019. Apoio: PAEX \/ CAPES. (Cole\u00e7\u00e3o Literatura e Vida \u2013 volume 4).<\/p>\n<p>ISBN:\u00a0978-65-80910-04-5<\/p>\n<p>Apresenta\u00e7\u00e3o, por Rauer Ribeiro Rodrigues, GPLV \/ UFMS<\/p>\n<ol>\n<li>Roberto Ac\u00edzelo Quelha de Souza, UERJ, \u201cTeoria da Literatura: Fragmenta\u00e7\u00e3o, Limites, Possibilidades\u201d<\/li>\n<li>Aurora Cardoso de Quadros, UNIMONTES, \u201cLiteratura e Jornalismo: Verdade e Fic\u00e7\u00e3o\u201d<\/li>\n<li>Ronaldo Vinagre Franjotti, UFMS; Ta\u00eds Tura\u00e7a Arantes, UERJ, \u201cLiteratura, exclus\u00e3o e marginalidade do Rio de Janeiro\u201d<\/li>\n<li>Andr\u00e9 Dias, UFF; Frederico van Erven Cabala, UFF, \u201cNelson Rodrigues e o teatro da vida ordin\u00e1ria\u201d<\/li>\n<li>Victor Hugo Adler Pereira, UERJ, \u201c<strong><em>O Rei da Vela<\/em><\/strong>: as montagens teatrais como di\u00e1logo com sua \u00e9poca\u201d<\/li>\n<li>Stefania Chiarelli, UFF, \u201cTem gente demais nesses navios\u201d<\/li>\n<li>Felipe Dartagan Maropo Teixeira de Castro, UFMS, \u201cA condi\u00e7\u00e3o migrante em \u2018O escritor, sua mulher e o gato\u2019, de Adriana Lisboa\u201d<\/li>\n<li>Claudete Daflon, UFF, \u201cUma ro\u00e7a decolonial: a po\u00e9tica de Josely Vianna Baptista\u201d<\/li>\n<li>Maria Fernanda G\u00e1rbero, UFRRJ \/ UFMG, \u201cRecep\u00e7\u00e3o dos cl\u00e1ssicos e processos tradut\u00f3rios em\u00a0<strong><em>Jocasta. Uma trag\u00e9dia<\/em><\/strong>, de Mariana Percovich\u201d<\/li>\n<li>Mariana Percovich, Dramaturga, Uruguai,\u00a0<strong><em>Yocasta Una Tragedia<\/em><\/strong><\/li>\n<\/ol>\n","protected":false},"excerpt":{"rendered":"<p>A teoria da literatura, como disciplina acade\u0302mica institucionalizada, constitui-se originariamente como um projeto de unificac\u0327a\u0303o. Assim, considera-se como seu marco inaugural o tratado que lhe conferiu o nome \u2013 Teoria da literatura \u2013, de Rene\u0301 Wellek (1903-1995) e Austin Warren (1889-1986), publicado em 1949.<\/p>\n<p>Neste volume, o quarto da se\u0301rie, Mate\u0301ria Vertente: Verbo e Discurso, temos dez capi\u0301tulos, oriundos de palestras e confere\u0302ncias ocorridas no 11o Semina\u0301rio do GPLV, realizado em maio de 2019 no Ca\u0302mpus Gragoata\u0301 da Universidade Federal Fluminense, em Nitero\u0301i, com apoio da CAPES. Sa\u0303o doze autores, de oito diferentes instituic\u0327o\u0303es.<\/p>\n","protected":false},"featured_media":6472,"comment_status":"open","ping_status":"closed","template":"","meta":[],"product_brand":[],"product_cat":[4081],"product_tag":[160,147,149,800,156,157,150,152,162,112,163,164,153],"class_list":{"0":"post-6471","1":"product","2":"type-product","3":"status-publish","4":"has-post-thumbnail","6":"product_cat-estudosliterarios","7":"product_tag-andre-dias","8":"product_tag-estudos-linguisticos","9":"product_tag-gplv","10":"product_tag-grupo-de-pesquisa-literatura-e-vida","11":"product_tag-literatura","12":"product_tag-literatura-brasileira","13":"product_tag-literatura-e-vida","14":"product_tag-materia-vertente","15":"product_tag-natalia-tano-portela","16":"product_tag-rauer","17":"product_tag-uff","18":"product_tag-ufms","19":"product_tag-verbo-e-discurso","20":"product_shipping_class-normal","22":"first","23":"instock","24":"taxable","25":"shipping-taxable","26":"product-type-external"},"_links":{"self":[{"href":"https:\/\/editorapangeia.com.br\/pt_br\/wp-json\/wp\/v2\/product\/6471","targetHints":{"allow":["GET"]}}],"collection":[{"href":"https:\/\/editorapangeia.com.br\/pt_br\/wp-json\/wp\/v2\/product"}],"about":[{"href":"https:\/\/editorapangeia.com.br\/pt_br\/wp-json\/wp\/v2\/types\/product"}],"replies":[{"embeddable":true,"href":"https:\/\/editorapangeia.com.br\/pt_br\/wp-json\/wp\/v2\/comments?post=6471"}],"wp:featuredmedia":[{"embeddable":true,"href":"https:\/\/editorapangeia.com.br\/pt_br\/wp-json\/wp\/v2\/media\/6472"}],"wp:attachment":[{"href":"https:\/\/editorapangeia.com.br\/pt_br\/wp-json\/wp\/v2\/media?parent=6471"}],"wp:term":[{"taxonomy":"product_brand","embeddable":true,"href":"https:\/\/editorapangeia.com.br\/pt_br\/wp-json\/wp\/v2\/product_brand?post=6471"},{"taxonomy":"product_cat","embeddable":true,"href":"https:\/\/editorapangeia.com.br\/pt_br\/wp-json\/wp\/v2\/product_cat?post=6471"},{"taxonomy":"product_tag","embeddable":true,"href":"https:\/\/editorapangeia.com.br\/pt_br\/wp-json\/wp\/v2\/product_tag?post=6471"}],"curies":[{"name":"wp","href":"https:\/\/api.w.org\/{rel}","templated":true}]}}