{"id":5794,"date":"2019-12-23T20:30:24","date_gmt":"2019-12-23T20:30:24","guid":{"rendered":"http:\/\/editorapangeia.com.br\/?post_type=product&#038;p=5794"},"modified":"2025-11-20T17:31:40","modified_gmt":"2025-11-20T17:31:40","slug":"estudos-sobre-o-portugues-em-uso","status":"publish","type":"product","link":"https:\/\/editorapangeia.com.br\/pt_br\/product\/estudos-sobre-o-portugues-em-uso\/","title":{"rendered":"Estudos sobre o portugu\u00eas em uso"},"content":{"rendered":"<p>Esta obra se comp\u00f5e por cinco unidades que re\u00fanem trabalhos com abordagens e linhas te\u00f3ricas afins.<\/p>\n<p>A Unidade I, <strong>Lingu\u00edstica cognitiva: o portugu\u00eas em estudo<\/strong>, \u00e9 composta por cinco trabalhos.<\/p>\n<ul>\n<li>O artigo de Lilian Ferrari dedicado ao estudo das <em>Constru\u00e7\u00f5es gramaticais, met\u00e1fora e mesclagem: a comunica\u00e7\u00e3o verbal como atividade de Corte e Costura.<\/em><\/li>\n<li>O texto de Melina Souza e Jussara Abra\u00e7ado intitula-se <em>A proje\u00e7\u00e3o do tempo futuro em Frames de Finalidade<\/em>.<\/li>\n<li><em>Reflex\u00f5es sobre g\u00eanero, tabu e preconceito na conceptualiza\u00e7\u00e3o de nomes para a vulva<\/em>, de Patr\u00edcia Oliveira de Freitas.<\/li>\n<li>Marcilene da Silva Nascimento Cavalcante, em seu trabalho, aborda os <em>Usos e fun\u00e7\u00f5es de \u201cmesmo\u201d no portugu\u00eas amazonense sob a perspectiva da lingu\u00edstica cognitiva<\/em>.<\/li>\n<li>O artigo de Vanessa Maria Ramos Lopes Paiva e Tiago Timponi Torrent dedica-se ao estudo da <em>Classifica\u00e7\u00e3o de atra\u00e7\u00f5es tur\u00edsticas atrav\u00e9s dos frames: uma an\u00e1lise sem\u00e2ntica de coment\u00e1rios de usu\u00e1rios de plataformas colaborativas.<\/em><\/li>\n<\/ul>\n<p>&nbsp;<\/p>\n<p>A Unidade II, <strong>Abordagens funcionalistas da l\u00edngua em uso<\/strong>, re\u00fane dez trabalhos.<\/p>\n<ul>\n<li>De autoria de Mariangela Rios de Oliveira, o texto <em>Bases cognitivas do Funcionalismo e abordagem construcional da gram\u00e1tica.<\/em><\/li>\n<li>Ivo da Costa do Ros\u00e1rio trata das <em>Constru\u00e7\u00f5es aditivas na perspectiva da LFCU: entre coordena\u00e7\u00e3o, hipotaxe e correla\u00e7\u00e3o.<\/em><\/li>\n<li>Jocineia Andrade Ramos Ara\u00fajo e Nilza Barrozo Dias abordam <em>As constru\u00e7\u00f5es subjetivas epist\u00eamicas com \u201c\u00f3bvio\u201d, \u201cclaro\u201d e \u201cevidente\u201d no portugu\u00eas do Brasil<\/em>.<\/li>\n<li>Nuciene Caroline Amphil\u00f3phio Fumaux, Gabrielle de Figueira do Nascimento, Karen Sampaio Braga Alonso e Diego Leite de Oliveira dedicam-se ao estudo das <em>Constru\u00e7\u00f5es quantificadoras em perspectiva construcionista: uma an\u00e1lise colostrucional<\/em>.<\/li>\n<li><em>A construcionaliza\u00e7\u00e3o do \u201cque nem\u201d: uma abordagem centrado no uso<\/em>, de Caio Aguiar Vieira e Val\u00e9ria Viana Sousa.<\/li>\n<li>O texto de Camila Gabriele da Cruz Clemente aborda <em>A n\u00e3o assertividade nas ora\u00e7\u00f5es condicionais: um olhar constructional.<\/em><\/li>\n<li>Monclar Guimar\u00e3es Lopes, apresenta trabalho intitulado <em>De mono a biargumental: varia\u00e7\u00e3o de transitividade nos verbos \u201ccessar\u201d e \u201cexplodir\u201d no Portugu\u00eas Brasileiro.<\/em><\/li>\n<li>Em <em>Constru\u00e7\u00f5es com \u201c{[super] + [verbo]}\u201d na l\u00edngua portuguesa \u2013 uma an\u00e1lise a partir da Lingu\u00edstica Funcional Centrada no Uso<\/em>, das autoras Lauri\u00ea Ferreira Martins Dall\u2019Orto e Patr\u00edcia Fabiane Amaral da Cunha Lacerda.<\/li>\n<li>Bruna das Gra\u00e7as Soares e Maria Maura Cezario dedicam-se ao estudo da <em>Construcionaliza\u00e7\u00e3o de \u201ca gente\u201d.<\/em><\/li>\n<li>O artigo <em>Os tipos de contexto da microconstru\u00e7\u00e3o \u201cacontece que\u201d no portugu\u00eas contempor\u00e2neo <\/em>de Priscilla Hoelz Pacheco.<\/li>\n<\/ul>\n<p>&nbsp;<\/p>\n<p>Na unidade III, <strong>Varia\u00e7\u00e3o e mudan\u00e7a lingu\u00edstica<\/strong>, est\u00e3o reunidos cinco trabalhos.<\/p>\n<ul>\n<li><em>A escrita na Web e varia\u00e7\u00e3o lingu\u00edstica: sujeito, objeto direto, blogs e WhatsApp<\/em>, de Vera L\u00facia Paredes Silva e Andrei Ferreira de Carvalhaes Pinheiro.<\/li>\n<li>Geovane Melo Em\u00eddio Sousa e Maria Eug\u00eania Lammoglia Duarte, em <em>Formas de indetermina\u00e7\u00e3o em competi\u00e7\u00e3o na fala brasileira e portuguesa no Projeto \u201cConcord\u00e2ncia\u201d.<\/em><\/li>\n<li><em>\u201cContinua\u201d de oralidade-letramento e de monitora\u00e7\u00e3o estil\u00edstica das estrat\u00e9gias de retomada do acusativo de terceira pessoa<\/em>, de Monique D\u00e9bora Alves de Oliveira Lima, Karen, Cristina da Silva Pissurno e Juliana Magalh\u00e3es Catta Preta de Santana.<\/li>\n<li><em>Predicadores verbais impessoais \u201cter\u201d e \u201chaver\u201d no continuum fala-escrita: uma an\u00e1lise variacionista de seus usos em representa\u00e7\u00f5es da norma culta<\/em>, de Deyse Edberg Ribeiro Silva Gama, Eneile Santos Saraiva e Mait\u00ea Lopes de Almeida.<\/li>\n<li>O texto <em>O sujeito de refer\u00eancia definida e o deslocamento \u00e0 esquerda: uma an\u00e1lise contrastiva entre PE e PB na amostra Concord\u00e2ncia<\/em>, de Eduardo Patrick Rezende dos Reis e de Maria Eug\u00eania Lammoglia Duarte.<\/li>\n<\/ul>\n<p>&nbsp;<\/p>\n<p>A unidade IV, <strong>Estudos de texto, intera\u00e7\u00e3o, cultura de cogni\u00e7\u00e3o<\/strong>, que \u00e9 composta por seis trabalhos.<\/p>\n<ul>\n<li>O texto de Maria C\u00e9lia Lima-Hernandes, intitulado <em>Percep\u00e7\u00e3o e consci\u00eancia lingu\u00edstica: m\u00e9todos de apreens\u00e3o.<\/em><\/li>\n<li><em>Instru\u00e7\u00f5es semi\u00f3ticas para a compreens\u00e3o de textos<\/em>, de Darcilia Sim\u00f5es.<\/li>\n<li>Clarice de Matos Oliveira, em <em>As estrat\u00e9gias utilizadas para legitimar o discurso na not\u00edcia.<\/em><\/li>\n<li><em>As coordenadas d\u00eaiticas na organiza\u00e7\u00e3o do texto narrativo<\/em>, de Fernanda Gon\u00e7alves de Laia.<\/li>\n<li><em>A constru\u00e7\u00e3o de sentido pelo ser \u201ccarioca\u201d no discurso de idosos em perspectiva sociocognitiva<\/em>, de Yasmin Cibelle Soares da Silva Alves.<\/li>\n<li>Naira Velozo e Sandra Bernardo, em <em>Espa\u00e7os mentais, (inter)subjetividade e argumenta\u00e7\u00e3o: usos do \u201cmas (cl\u00e1usula)\u201d na media\u00e7\u00e3o familiar.<\/em><\/li>\n<\/ul>\n<p>&nbsp;<\/p>\n<p>A unidade V, <strong>Abordagens de fen\u00f4menos morfol\u00f3gicos e sint\u00e1tico-discursivos<\/strong>, \u00e9 composta por seis trabalhos.<\/p>\n<ul>\n<li>O texto <em>H\u00e1 fronteiras definidas entre os processos de forma\u00e7\u00e3o de palavras complexas? <\/em>de Katia Emmerick Andrade e Roberto Botelho Rondinini.<\/li>\n<li><em>Shippagem: um uso morfol\u00f3gico do cruzamento vocabular<\/em>, de Vit\u00f3ria Benfica da Silva.<\/li>\n<li><em>\u201cFoto-\u201d e \u201ctele-\u201d: uma recomposi\u00e7\u00e3o de n\u00edvel cultural<\/em>, de Patr\u00edcia Affonso de Oliveira.<\/li>\n<li>\u201c<em>Dizer\u201d, \u201calegar\u201d e \u201cinformar\u201d: as diferentes formas de elocu\u00e7\u00e3o em textos jornal\u00edsticos<\/em>, de Carmelita Minelio da Silva Amorim e L\u00facia Helena Peyroton da Rocha.<\/li>\n<li>Let\u00edcia de Almeida Barbosa e Solange de Carvalho Fortilli abordam em seu estudo <em>As constru\u00e7\u00f5es parent\u00e9ticas epist\u00eamicas de base verbal no portugu\u00eas<\/em>.<\/li>\n<\/ul>\n<p>O texto de Priscila Bezerra de Menezes, <em>Ensino dos argumentos verbais associado a estrat\u00e9gias metacognitivas de leitura: um relato de experi\u00eancia.<\/em><\/p>\n","protected":false},"excerpt":{"rendered":"<p>Nesta obra, voc\u00ea encontra pesquisas sobre o Portugu\u00eas Brasileiro em uso sob diferentes dom\u00ednios e perspectivas te\u00f3ricas, com uma vasta gama de fen\u00f4menos, de m\u00e9todos de an\u00e1lise e de resultados de pesquisas recentes sobre o portugu\u00eas.<\/p>\n<p>S\u00e3o tratados fen\u00f4menos de natureza fonol\u00f3gica, sint\u00e1tica, sem\u00e2ntica e discursiva, analisados sob a perspectiva da Lingu\u00edstica Cognitiva, da Lingu\u00edstica Funcional, da Teoria da Varia\u00e7\u00e3o e Mudan\u00e7a e, ainda, privilegiando abordagens voltadas para quest\u00f5es relacionadas ao texto, discurso e intera\u00e7\u00e3o.<\/p>\n<p>Baixe o eBook agora, inteiramente <strong>GR\u00c1TIS<\/strong>.<\/p>\n","protected":false},"featured_media":5799,"comment_status":"open","ping_status":"closed","template":"","meta":[],"product_brand":[],"product_cat":[4082,4828],"product_tag":[2152,3171,2151,147,264,2692,348,4117,148,493],"class_list":{"0":"post-5794","1":"product","2":"type-product","3":"status-publish","4":"has-post-thumbnail","6":"product_cat-estudoslinguisticos","7":"product_cat-livrosgratis","8":"product_tag-antirracismo","9":"product_tag-cadernos-de-docencia","10":"product_tag-capes","11":"product_tag-estudos-linguisticos","12":"product_tag-estudos-literarios","13":"product_tag-formacao-de-leitor","14":"product_tag-formacao-docente","15":"product_tag-gratis","16":"product_tag-portugues","17":"product_tag-uff-universidade-federal-fluminense","19":"first","20":"instock","21":"downloadable","22":"virtual","23":"taxable","24":"purchasable","25":"product-type-simple"},"_links":{"self":[{"href":"https:\/\/editorapangeia.com.br\/pt_br\/wp-json\/wp\/v2\/product\/5794","targetHints":{"allow":["GET"]}}],"collection":[{"href":"https:\/\/editorapangeia.com.br\/pt_br\/wp-json\/wp\/v2\/product"}],"about":[{"href":"https:\/\/editorapangeia.com.br\/pt_br\/wp-json\/wp\/v2\/types\/product"}],"replies":[{"embeddable":true,"href":"https:\/\/editorapangeia.com.br\/pt_br\/wp-json\/wp\/v2\/comments?post=5794"}],"wp:featuredmedia":[{"embeddable":true,"href":"https:\/\/editorapangeia.com.br\/pt_br\/wp-json\/wp\/v2\/media\/5799"}],"wp:attachment":[{"href":"https:\/\/editorapangeia.com.br\/pt_br\/wp-json\/wp\/v2\/media?parent=5794"}],"wp:term":[{"taxonomy":"product_brand","embeddable":true,"href":"https:\/\/editorapangeia.com.br\/pt_br\/wp-json\/wp\/v2\/product_brand?post=5794"},{"taxonomy":"product_cat","embeddable":true,"href":"https:\/\/editorapangeia.com.br\/pt_br\/wp-json\/wp\/v2\/product_cat?post=5794"},{"taxonomy":"product_tag","embeddable":true,"href":"https:\/\/editorapangeia.com.br\/pt_br\/wp-json\/wp\/v2\/product_tag?post=5794"}],"curies":[{"name":"wp","href":"https:\/\/api.w.org\/{rel}","templated":true}]}}