{"id":2996,"date":"2019-12-23T14:39:31","date_gmt":"2019-12-23T14:39:31","guid":{"rendered":"http:\/\/editorapangeia.com.br\/?post_type=product&#038;p=2996"},"modified":"2025-04-08T18:38:18","modified_gmt":"2025-04-08T18:38:18","slug":"e-natal","status":"publish","type":"product","link":"https:\/\/editorapangeia.com.br\/pt_br\/product\/e-natal\/","title":{"rendered":"\u00c9 Natal!"},"content":{"rendered":"<p>O conto <em>Lagarta Gente Boa<\/em> \u00e9 de Alciene Ribeiro, escritora brasileira, nascida em Ituiutaba, Minas Gerais, nos pren\u00fancios da Segunda Guerra Mundial. H\u00e1 cerca de quarenta anos, radicou-se em Belo Horizonte, onde reside. Este conto tamb\u00e9m integra seu mais recente livro, <strong><em>Mulher expl\u00edcita<\/em><\/strong>, lan\u00e7ado neste ano de 2019 pela Editora Pangeia.<\/p>\n<p>O haikai, in\u00e9dito, foi escrito por Rauer Ribeiro Rodrigues, escritor brasileiro e professor de literatura, nascido em Ituiutaba, Minas Gerais, em 16 de maio de 1958. Pela Editora Pangeia, publicou, em 2019, o poema <strong><em>Qohelet<\/em><\/strong>, livremente inspirado nos livros b\u00edblicos \u201cEclesiastes\u201d e \u201cC\u00e2ntico dos c\u00e2nticos\u201d.<\/p>\n<p>O conto <em>O suave milagre<\/em> foi escrito por Jos\u00e9 Maria E\u00e7a de Queiroz, escritor portugu\u00eas, nascido em P\u00f3voa de Varzim em 25 de novembro de 1845 e faleceu a 16 de agosto de 1900 em Paris. Estudou no Porto e em Coimbra. De suas in\u00fameras e inesquec\u00edveis obras, a Editora Pangeia lan\u00e7ar\u00e1 em 2020, em edi\u00e7\u00e3o especial para vestibulandos, o romance <strong><em>A rel\u00edquia<\/em><\/strong>, de 1887.<\/p>\n","protected":false},"excerpt":{"rendered":"<p>Para celebrar o Natal e presentear voc\u00ea, disponibilizamos inteiramente gr\u00e1tis o nosso livreto de contos natalinos <strong><em>\u00c9 Natal!<\/em><\/strong><\/p>\n<p>Baixe agora esse eBook com contos de Alciene Ribeiro e E\u00e7a de Queir\u00f3s e um haikai de Rauer.<\/p>\n<p>Desejamos a todos um FELIZ NATAL, \u00f3timas festas e deliciosos momentos em fam\u00edlia.<\/p>\n","protected":false},"featured_media":3008,"comment_status":"open","ping_status":"closed","template":"","meta":[],"product_brand":[],"product_cat":[4076],"product_tag":[134,754,135,139,122,133,136,111,138,112],"class_list":{"0":"post-2996","1":"product","2":"type-product","3":"status-publish","4":"has-post-thumbnail","6":"product_cat-contos","7":"product_tag-alciene-ribeiro","8":"product_tag-conto","9":"product_tag-contos","10":"product_tag-e-natal","11":"product_tag-ebook","12":"product_tag-eca-de-queiros","13":"product_tag-natal","14":"product_tag-poesia","15":"product_tag-presente","16":"product_tag-rauer","18":"first","19":"instock","20":"sale","21":"downloadable","22":"virtual","23":"purchasable","24":"product-type-simple"},"_links":{"self":[{"href":"https:\/\/editorapangeia.com.br\/pt_br\/wp-json\/wp\/v2\/product\/2996","targetHints":{"allow":["GET"]}}],"collection":[{"href":"https:\/\/editorapangeia.com.br\/pt_br\/wp-json\/wp\/v2\/product"}],"about":[{"href":"https:\/\/editorapangeia.com.br\/pt_br\/wp-json\/wp\/v2\/types\/product"}],"replies":[{"embeddable":true,"href":"https:\/\/editorapangeia.com.br\/pt_br\/wp-json\/wp\/v2\/comments?post=2996"}],"wp:featuredmedia":[{"embeddable":true,"href":"https:\/\/editorapangeia.com.br\/pt_br\/wp-json\/wp\/v2\/media\/3008"}],"wp:attachment":[{"href":"https:\/\/editorapangeia.com.br\/pt_br\/wp-json\/wp\/v2\/media?parent=2996"}],"wp:term":[{"taxonomy":"product_brand","embeddable":true,"href":"https:\/\/editorapangeia.com.br\/pt_br\/wp-json\/wp\/v2\/product_brand?post=2996"},{"taxonomy":"product_cat","embeddable":true,"href":"https:\/\/editorapangeia.com.br\/pt_br\/wp-json\/wp\/v2\/product_cat?post=2996"},{"taxonomy":"product_tag","embeddable":true,"href":"https:\/\/editorapangeia.com.br\/pt_br\/wp-json\/wp\/v2\/product_tag?post=2996"}],"curies":[{"name":"wp","href":"https:\/\/api.w.org\/{rel}","templated":true}]}}