{"id":22002,"date":"2026-05-10T18:22:07","date_gmt":"2026-05-10T18:22:07","guid":{"rendered":"https:\/\/editorapangeia.com.br\/?post_type=product&#038;p=22002"},"modified":"2026-05-10T19:07:48","modified_gmt":"2026-05-10T19:07:48","slug":"amado-gato-rauer","status":"publish","type":"product","link":"https:\/\/editorapangeia.com.br\/pt_br\/product\/amado-gato-rauer\/","title":{"rendered":"Amado Gato, Rauer"},"content":{"rendered":"<p>Rauer, o autor de\u00a0<em><strong>Amado Gato<\/strong><\/em>, \u00e9 editor da Pangeia e definiu o lan\u00e7amento da pr\u00e9-venda do livro para o Dia das M\u00e3es: &#8220;Uma esp\u00e9cie de homenagem, uma lembran\u00e7a, um gesto amoroso que est\u00e1 no enredo, com a tutora do gato que narra sua hist\u00f3ria, e est\u00e1 na entrevista ao BLOG DA PANGEIA, na qual cito o amor universal que move minha companheira, a Profa. Nima&#8221;.<\/p>\n<p><em><strong>Amado Gato<\/strong><\/em> traz ilustra\u00e7\u00f5es de Liev Rodrigues em 20 p\u00e1ginas a cores, apresenta resenhas de Jacke PP e de Maisa Cristina Santos, reproduz a entrevista de Rauer que est\u00e1 no BLOG DA PANGEIA e tem entrevista exclusiva com <a href=\"http:\/\/@liev_ilustrador\"><span style=\"color: #800080;\">@liev_ilustrador<\/span><\/a>. O projeto gr\u00e1fico, a diagrama\u00e7\u00e3o e a arte-final \u00e9 do R\u00edzio Macedo.<\/p>\n<p style=\"text-align: center;\"><strong>Detalhes sobre a pr\u00e9-venda:<\/strong><br \/>\n<a href=\"https:\/\/editorapangeia.com.br\/gondwana\"><strong>CLIQUE AQUI !!!<\/strong><\/a><\/p>\n","protected":false},"excerpt":{"rendered":"<p>Um gato conta a sua vida, com alguns momentos marcantes, e a rotina em sua casa, com a sua tutora, o seu quintal, o muro do qual observa a rua. Ele fala de uma viagem a Paris, do namorado da tutora, de um poema, um haikai, que lhe \u00e9 dedicado, e de seu \u201ctrabalho\u201d: cuidar da &#8220;sua&#8221; rua, esfor\u00e7o que \u00e0s vezes lhe custa alguns arranh\u00f5es.<\/p>\n<p>O livro tem artes de miolo e da capa do <a href=\"http:\/\/@liev_ilustrador\">@liev_ilustrador<\/a> e projeto gr\u00e1fico, diagrama\u00e7\u00e3o e arte-final do R\u00edzio Macedo.<\/p>\n<p>Rauer comenta sobre o livro: &#8220;<strong><em>Amado Gato<\/em><\/strong> est\u00e1 muito bonito e espero que os pequenos leitores, as crian\u00e7as de todas as idades e em especial as gatinhas e os gatinhos do mundo gostem do livro&#8221;.<\/p>\n<p>Em promo\u00e7\u00e3o na pr\u00e9-venda com desconto especial.<\/p>\n","protected":false},"featured_media":21989,"comment_status":"open","ping_status":"closed","template":"","meta":[],"product_brand":[],"product_cat":[4815,4080],"product_tag":[5525,5526,366,5527,5069,317,5528,5126,5529,1530,1016,528,112,2535],"class_list":{"0":"post-22002","1":"product","2":"type-product","3":"status-publish","4":"has-post-thumbnail","6":"product_cat-pre-venda","7":"product_cat-infantojuvenil","8":"product_tag-liev_ilustrador","9":"product_tag-amado-gato","10":"product_tag-edicoes-sarue","11":"product_tag-gatos","12":"product_tag-infantil","13":"product_tag-infantojuvenil","14":"product_tag-jacke-pp","15":"product_tag-liev","16":"product_tag-liev-gracia-rodrigues","17":"product_tag-liev-rodrigues","18":"product_tag-maisa-cristina-santos","19":"product_tag-nima-spigolon","20":"product_tag-rauer","21":"product_tag-rizio-macedo","22":"product_shipping_class-normal","24":"first","25":"onbackorder","26":"sale","27":"shipping-taxable","28":"purchasable","29":"product-type-simple"},"_links":{"self":[{"href":"https:\/\/editorapangeia.com.br\/pt_br\/wp-json\/wp\/v2\/product\/22002","targetHints":{"allow":["GET"]}}],"collection":[{"href":"https:\/\/editorapangeia.com.br\/pt_br\/wp-json\/wp\/v2\/product"}],"about":[{"href":"https:\/\/editorapangeia.com.br\/pt_br\/wp-json\/wp\/v2\/types\/product"}],"replies":[{"embeddable":true,"href":"https:\/\/editorapangeia.com.br\/pt_br\/wp-json\/wp\/v2\/comments?post=22002"}],"wp:featuredmedia":[{"embeddable":true,"href":"https:\/\/editorapangeia.com.br\/pt_br\/wp-json\/wp\/v2\/media\/21989"}],"wp:attachment":[{"href":"https:\/\/editorapangeia.com.br\/pt_br\/wp-json\/wp\/v2\/media?parent=22002"}],"wp:term":[{"taxonomy":"product_brand","embeddable":true,"href":"https:\/\/editorapangeia.com.br\/pt_br\/wp-json\/wp\/v2\/product_brand?post=22002"},{"taxonomy":"product_cat","embeddable":true,"href":"https:\/\/editorapangeia.com.br\/pt_br\/wp-json\/wp\/v2\/product_cat?post=22002"},{"taxonomy":"product_tag","embeddable":true,"href":"https:\/\/editorapangeia.com.br\/pt_br\/wp-json\/wp\/v2\/product_tag?post=22002"}],"curies":[{"name":"wp","href":"https:\/\/api.w.org\/{rel}","templated":true}]}}