{"id":21871,"date":"2026-05-06T11:00:40","date_gmt":"2026-05-06T11:00:40","guid":{"rendered":"https:\/\/editorapangeia.com.br\/?post_type=product&#038;p=21871"},"modified":"2026-05-06T15:51:52","modified_gmt":"2026-05-06T15:51:52","slug":"sobre-a-palavra-conversas-com-quem-escreve-stefania-chiarelle-mireille-garcia-andre-dias","status":"publish","type":"product","link":"https:\/\/editorapangeia.com.br\/pt_br\/product\/sobre-a-palavra-conversas-com-quem-escreve-stefania-chiarelle-mireille-garcia-andre-dias\/","title":{"rendered":"Sobre a palavra: conversas com quem escreve; Stefania Chiarelli, Mireille Garcia, Andr\u00e9 Dias"},"content":{"rendered":"<p class=\"p1\">ENTREVISTA \u2013 A OUTRA VOZ APROPRIADA PARA QUEM QUISER FALAR<\/p>\n<p class=\"p1\"><em><strong>Sobre a palavra \u2013 conversas com quem escreve<\/strong><\/em><span class=\"s1\">, se com<\/span>p\u00f5e de uma s\u00e9rie de entrevistas com escritores e escritoras da literatura brasileira contempor\u00e2nea. A partir da reflex\u00e3o de autores e autoras experientes, e tamb\u00e9m de ficcionistas estreantes, as trocas delineiam um panorama da prosa atual, em suas diversas linhagens e vertentes.<\/p>\n<p class=\"p1\">Do consagrado escritor Milton Hatoum a autores estreantes como Odorico Leal, de premiadas escritoras como Micheliny Verunschk a jovens autoras como Elisabeth Cardoso, o painel apresentado abarca vozes distintas e trajet\u00f3rias muito diversas. A uni-las, o gesto de escrever e publicar prosa no Brasil do tempo presente.<\/p>\n<p class=\"p2\">Iniciado em agosto de 2024 e conclu\u00eddo no ano seguinte, <em><strong>Sobre a palavra \u2013 conversas com quem escreve<\/strong><\/em><span class=\"s1\"> nasceu, an<\/span>tes de tudo, dos afetos. Afeto pela literatura, mas afeto tamb\u00e9m entre colegas professores que, ao longo dos anos, foram se tornando amigos e parceiros. Do encontro e das conversas nasceram outras possibilidades de troca e projetos em torno do campo liter\u00e1rio como um todo.<\/p>\n<p class=\"p2\" style=\"text-align: center;\"><strong>Da Apresenta\u00e7\u00e3o dos Organizadores:<\/strong><br \/>\n<strong>para ler na \u00edntegra a esse texto\u00a0<\/strong><br \/>\n<a href=\"https:\/\/editorapangeia.com.br\/product\/sobre-a-palavra-conversas-com-quem-escreve-stefania-chiarelli-mireille-garcia-andre-dias\"><strong><span style=\"color: #ff0000;\">Baixe gratuitamente o PDF<\/span><\/strong><\/a><br \/>\n<strong>ou acesse <a href=\"https:\/\/editorapangeia.com.br\/semeando-entrevistas-com-escritores\"><span style=\"color: #000080;\">AQUI<\/span><\/a> o Blog<\/strong><\/p>\n<p>&nbsp;<\/p>\n","protected":false},"excerpt":{"rendered":"<p><strong>Baixe gratuitamente<\/strong> este livro, nos qual as professoras Stefania Chiarelli (UFF) e Mireille Garcia (Sorbonne) e o professor Andr\u00e9 Dias (UFF) entrevistam as escritoras\u00a0 Adriana Lisboa, Adriana Lunardi, Elizabeth Cardoso, Micheliny Verunschk, Patr\u00edcia Melo e Paulliny Tort e os escritores Edimilson de Almeida Pereira, Jo\u00e3o Almino, Luiz Ruffato, Milton Hatoum, Odorico Leal e Rodrigo Santos.<\/p>\n<p>Entre outros aspectos da carreira de cada autora e de cda autor e sobre suas percep\u00e7\u00f5es do campo liter\u00e1rio atual da literatura brasileira e da literatura em outros pa\u00edses, as entrevistas tamb\u00e9m abordam o processo de cria\u00e7\u00e3o, com \u00eanfase no modo pelo qual cada ficcionista se relaciona com a pr\u00f3pria escrita, quais s\u00e3o seus procedimentos, preocupa\u00e7\u00f5es formais, influ\u00eancias e gestos est\u00e9ticos fundamentais.<\/p>\n<p>Baixe o livro gratuitamente e confira cada uma das entrevistas.<\/p>\n","protected":false},"featured_media":21877,"comment_status":"open","ping_status":"closed","template":"","meta":[],"product_brand":[],"product_cat":[4081],"product_tag":[435,5478,160,5476,5475,5493,2151,5479,3572,5480,2593,5477,140,5481,157,4887,161,3566,5482,5487,5483,5490,5484,5485,3105,5489,5492,2535,5486,5488,4650,5491,163],"class_list":{"0":"post-21871","1":"product","2":"type-product","3":"status-publish","4":"has-post-thumbnail","6":"product_cat-estudosliterarios","7":"product_tag-adriana-lisboa","8":"product_tag-adriana-lunardi","9":"product_tag-andre-dias","10":"product_tag-autoras-brasileiras","11":"product_tag-autores-brasileiros","12":"product_tag-baixe-gratis","13":"product_tag-capes","14":"product_tag-edimilson-de-almeida-pereira","15":"product_tag-eduff","16":"product_tag-elizabeth-cardoso","17":"product_tag-entrevistas","18":"product_tag-escritores","19":"product_tag-gratuito","20":"product_tag-joao-almino","21":"product_tag-literatura-brasileira","22":"product_tag-luiz-ruffato","23":"product_tag-maisa-barbosa","24":"product_tag-micheliny-verunschk","25":"product_tag-milton-hatoum","26":"product_tag-mireille-garcia","27":"product_tag-odorico-leal","28":"product_tag-pangeia-eduff","29":"product_tag-patricia-melo","30":"product_tag-paulliny-tort","31":"product_tag-poslit-uff","32":"product_tag-proex-capes","33":"product_tag-ricardo-maia-vidal","34":"product_tag-rizio-macedo","35":"product_tag-rodrigo-santos","36":"product_tag-sorbonne","37":"product_tag-stefania-chiarelli","38":"product_tag-trama-literaria","39":"product_tag-uff","40":"product_shipping_class-normal","42":"first","43":"instock","44":"downloadable","45":"virtual","46":"purchasable","47":"product-type-simple"},"_links":{"self":[{"href":"https:\/\/editorapangeia.com.br\/pt_br\/wp-json\/wp\/v2\/product\/21871","targetHints":{"allow":["GET"]}}],"collection":[{"href":"https:\/\/editorapangeia.com.br\/pt_br\/wp-json\/wp\/v2\/product"}],"about":[{"href":"https:\/\/editorapangeia.com.br\/pt_br\/wp-json\/wp\/v2\/types\/product"}],"replies":[{"embeddable":true,"href":"https:\/\/editorapangeia.com.br\/pt_br\/wp-json\/wp\/v2\/comments?post=21871"}],"wp:featuredmedia":[{"embeddable":true,"href":"https:\/\/editorapangeia.com.br\/pt_br\/wp-json\/wp\/v2\/media\/21877"}],"wp:attachment":[{"href":"https:\/\/editorapangeia.com.br\/pt_br\/wp-json\/wp\/v2\/media?parent=21871"}],"wp:term":[{"taxonomy":"product_brand","embeddable":true,"href":"https:\/\/editorapangeia.com.br\/pt_br\/wp-json\/wp\/v2\/product_brand?post=21871"},{"taxonomy":"product_cat","embeddable":true,"href":"https:\/\/editorapangeia.com.br\/pt_br\/wp-json\/wp\/v2\/product_cat?post=21871"},{"taxonomy":"product_tag","embeddable":true,"href":"https:\/\/editorapangeia.com.br\/pt_br\/wp-json\/wp\/v2\/product_tag?post=21871"}],"curies":[{"name":"wp","href":"https:\/\/api.w.org\/{rel}","templated":true}]}}