{"id":21713,"date":"2026-04-12T15:00:45","date_gmt":"2026-04-12T15:00:45","guid":{"rendered":"https:\/\/editorapangeia.com.br\/?post_type=product&#038;p=21713"},"modified":"2026-04-12T18:01:36","modified_gmt":"2026-04-12T18:01:36","slug":"circulos-de-pesquisa-vol-1-narrativas-da-vida","status":"publish","type":"product","link":"https:\/\/editorapangeia.com.br\/pt_br\/product\/circulos-de-pesquisa-vol-1-narrativas-da-vida\/","title":{"rendered":"C\u00edrculos de Pesquisa &#8211; Vol. 1: Narrativas da Vida"},"content":{"rendered":"<p>O primeiro volume da cole\u00e7\u00e3o <em><strong>C\u00edrculos de Pesquisa<\/strong><\/em> foi organizado sob o signo do Sars-CoV-2 em meio \u00e0 pandemia da Covid-19 e do centen\u00e1rio de Paulo Freire. Em suas p\u00e1ginas constam estudos e reflex\u00f5es sobre a Educa\u00e7\u00e3o Brasileira, cuja caracteriza\u00e7\u00e3o se d\u00e1 nos di\u00e1logos interculturais e interdisciplinares numa perspectiva humanizadora e emancipat\u00f3ria, tendo ancoragem te\u00f3rica e metodol\u00f3gica no pensamento pol\u00edtico-pedag\u00f3gico de Elza Freire e Paulo Freire, e de outros autores e autoras que embasam tais enunciados.<\/p>\n<p>Os artigos aqui publicizados refletem a viv\u00eancia, a diversidade e a constitui\u00e7\u00e3o dos pesquisadores dentro de um amplo espectro de pesquisa: pr\u00e1xis, amorosidade, tradi\u00e7\u00e3o, mem\u00f3ria, religiosidade, forma\u00e7\u00e3o continuada, rela\u00e7\u00f5es profissionais, racismo, opress\u00e3o, pautas pol\u00edticas e pedag\u00f3gicas que epistemologicamente re\u00fanem passado, presente e futuro.<\/p>\n<p>As viv\u00eancias educacionais relatadas neste livro s\u00e3o uma evid\u00eancia intr\u00ednseca da import\u00e2ncia da educa\u00e7\u00e3o, das experi\u00eancias, do vigor das narrativas e da atua\u00e7\u00e3o pedag\u00f3gica transmutada em vozes e conhecimento.<\/p>\n<p><img loading=\"lazy\" decoding=\"async\" class=\"alignnone wp-image-15772 aligncenter\" src=\"http:\/\/editorapangeia.com.br\/wp-content\/uploads\/2024\/07\/Imagem-31-07-2024-as-16.30-200x300.jpg\" alt=\"\" width=\"389\" height=\"584\" srcset=\"https:\/\/editorapangeia.com.br\/wp-content\/uploads\/2024\/07\/Imagem-31-07-2024-as-16.30-200x300.jpg 200w, https:\/\/editorapangeia.com.br\/wp-content\/uploads\/2024\/07\/Imagem-31-07-2024-as-16.30-683x1024.jpg 683w, https:\/\/editorapangeia.com.br\/wp-content\/uploads\/2024\/07\/Imagem-31-07-2024-as-16.30-768x1151.jpg 768w, https:\/\/editorapangeia.com.br\/wp-content\/uploads\/2024\/07\/Imagem-31-07-2024-as-16.30-700x1049.jpg 700w, https:\/\/editorapangeia.com.br\/wp-content\/uploads\/2024\/07\/Imagem-31-07-2024-as-16.30-267x400.jpg 267w, https:\/\/editorapangeia.com.br\/wp-content\/uploads\/2024\/07\/Imagem-31-07-2024-as-16.30-467x700.jpg 467w, https:\/\/editorapangeia.com.br\/wp-content\/uploads\/2024\/07\/Imagem-31-07-2024-as-16.30.jpg 804w\" sizes=\"auto, (max-width: 389px) 100vw, 389px\" \/><\/p>\n<blockquote>\n<p style=\"text-align: center;\">Para outros detalhes sobre o livro,<br \/>\n<a href=\"https:\/\/editorapangeia.com.br\/lancado-o-primeiro-volume-do-livro-circulos-de-pesquisa\/\"><span style=\"color: #ff0000;\"><strong>CLIQUE AQUI!!!<\/strong><\/span><\/a><\/p>\n<\/blockquote>\n","protected":false},"excerpt":{"rendered":"<p>A partir de relatos, narrativas e reflex\u00f5es sobre viv\u00eancias educacionais no per\u00edodo da pandemia, este livro retira do ch\u00e3o virtual da sala de aula a pot\u00eancia da amorosidade no conv\u00edvio em meios eletr\u00f4nicos, buscando no espa\u00e7o das lembran\u00e7as a busca do conv\u00edvio que antes havia, para constituir documentos memor\u00e1veis de vida e de articula\u00e7\u00f5es te\u00f3ricas para um in\u00e9dito vi\u00e1vel em resgate \u00e0s li\u00e7\u00f5es deixadas por Paulo Freire e, na <span style=\"color: #993300;\"><strong><em>Pedagogia da Conviv\u00eancia<\/em><\/strong><\/span>, por Elza Freire.<\/p>\n<p>Dos organizadores (Nima Spigolon, Bruna Campos, Max Mesquita, Luci Chrispim e C\u00e9sar Ferreira) \u00e0 apresenta\u00e7\u00e3o do volume, do \u00a0Prof. Crispim Ant\u00f4nio Campos e aos autores dos cap\u00edtulos (Amanda Stefani Rossi Raphael, Crispim Ant\u00f4nio Campos, Cristina Kovalski, Helena Cristina Velardi dos Santos, Laura Ruiz Freitas, Jos\u00e9 Luiz de Castro, Maria Eduarda Berton dos Santos, Sandra Milena Camargo Mendoza e Ros\u00e2ngela Cristina Gon\u00e7alves) temos, a cada linha do livro, a certeza de que a Educa\u00e7\u00e3o, de que o Ensino, de que a atua\u00e7\u00e3o dos professores na sala de aula \u00e9 que podem conduzir a Escola a um tempo de supera\u00e7\u00e3o dos grandes e perenes desafios que temos vivido.<\/p>\n","protected":false},"featured_media":15771,"comment_status":"open","ping_status":"closed","template":"","meta":[],"product_brand":[],"product_cat":[4083],"product_tag":[2021,3465,3466,2152,4398,4405,544,1007,3171,910,2406,3467,3468,3469,3470,3471,1643,3472,3473,4401,453,369,4400,4397,3004,1216,351,231,5080,2137,3474,3475,3476,4396,3477,3478,3479,3480,3481,4407,3482,3483,1594,528,3995,3484,1223,4408,4399,4411,4410,1224,4412,3485,2345,4406,3486,3487,3488,3489,3490,4409,3491,3492,3493,4402,3494,530,3994,3996,4404,4403],"class_list":{"0":"post-21713","1":"product","2":"type-product","3":"status-publish","4":"has-post-thumbnail","6":"product_cat-educacaoensino","7":"product_tag-elzafreirelegado","8":"product_tag-aluno-negro","9":"product_tag-amanda-stefani-rossi-raphael","10":"product_tag-antirracismo","11":"product_tag-aprender-e-ensinar","12":"product_tag-biobibliografia-de-paulo-freire","13":"product_tag-biografia","14":"product_tag-bruna-campos","15":"product_tag-cadernos-de-docencia","16":"product_tag-campinas","17":"product_tag-campinas-sp","18":"product_tag-casamentos","19":"product_tag-cesar-ferreira","20":"product_tag-cesinha","21":"product_tag-circulo-de-cultura","22":"product_tag-corporacion-universitaria-iberoamericana-colombia","23":"product_tag-crispim-campos","24":"product_tag-cristina-kovalski","25":"product_tag-dedic-unicamp","26":"product_tag-depoimentos-sobre-paulo-freire","27":"product_tag-educacao","28":"product_tag-educacao-infantil","29":"product_tag-educador-do-brasil","30":"product_tag-educador-paulo-freire","31":"product_tag-eja-educacao-de-jovens-e-adultos","32":"product_tag-elza-freire","33":"product_tag-ensino","34":"product_tag-filosofia","35":"product_tag-formacao-antirracista","36":"product_tag-gepeja","37":"product_tag-gestao-pedagogica","38":"product_tag-guarulhos","39":"product_tag-helena-cristina-velaardi-dos-santos","40":"product_tag-historia-de-vida-uma-historia-de-vida","41":"product_tag-humanizacao","42":"product_tag-impa","43":"product_tag-itapira","44":"product_tag-jose-luiz-de-castro","45":"product_tag-laura-freitas","46":"product_tag-legado-de-paulo-freire","47":"product_tag-luci-chrispim","48":"product_tag-maria-eduarda-berton-dos-santos","49":"product_tag-max-mesquita","50":"product_tag-nima-spigolon","51":"product_tag-obra","52":"product_tag-pes-fe-unicamp","53":"product_tag-paulo-freire","54":"product_tag-paulo-freire-prisao-exilio-universidade","55":"product_tag-paulo-freire-presente","56":"product_tag-pedagogia-da-amorosidade","57":"product_tag-pedagogia-da-autonomia","58":"product_tag-pedagogia-da-convivencia","59":"product_tag-pedagogia-do-esperancar","60":"product_tag-pirenopolis","61":"product_tag-pos-graduacao","62":"product_tag-pratica-docente-de-paulo-freire","63":"product_tag-pratica-liberadoras","64":"product_tag-puc-go","65":"product_tag-rede-estadual-de-sao-paulo","66":"product_tag-roda-de-conversa","67":"product_tag-rosangela-cristina-goncalves","68":"product_tag-saber-e-fazer-em-paulo-freire","69":"product_tag-sandra-milena-camargo-mendoza","70":"product_tag-secretaria-da-educacao-do-estado-de-sao-paulo","71":"product_tag-seduc-sp","72":"product_tag-testemunhos-sobre-paulo-freire","73":"product_tag-ufscar","74":"product_tag-unicamp","75":"product_tag-vida","76":"product_tag-vida-e-obra","77":"product_tag-vida-e-obra-de-paulo-freire","78":"product_tag-vida-e-praxis-de-paulo-freire","79":"product_shipping_class-normal","81":"first","82":"instock","83":"sale","84":"shipping-taxable","85":"product-type-grouped"},"_links":{"self":[{"href":"https:\/\/editorapangeia.com.br\/pt_br\/wp-json\/wp\/v2\/product\/21713","targetHints":{"allow":["GET"]}}],"collection":[{"href":"https:\/\/editorapangeia.com.br\/pt_br\/wp-json\/wp\/v2\/product"}],"about":[{"href":"https:\/\/editorapangeia.com.br\/pt_br\/wp-json\/wp\/v2\/types\/product"}],"replies":[{"embeddable":true,"href":"https:\/\/editorapangeia.com.br\/pt_br\/wp-json\/wp\/v2\/comments?post=21713"}],"wp:featuredmedia":[{"embeddable":true,"href":"https:\/\/editorapangeia.com.br\/pt_br\/wp-json\/wp\/v2\/media\/15771"}],"wp:attachment":[{"href":"https:\/\/editorapangeia.com.br\/pt_br\/wp-json\/wp\/v2\/media?parent=21713"}],"wp:term":[{"taxonomy":"product_brand","embeddable":true,"href":"https:\/\/editorapangeia.com.br\/pt_br\/wp-json\/wp\/v2\/product_brand?post=21713"},{"taxonomy":"product_cat","embeddable":true,"href":"https:\/\/editorapangeia.com.br\/pt_br\/wp-json\/wp\/v2\/product_cat?post=21713"},{"taxonomy":"product_tag","embeddable":true,"href":"https:\/\/editorapangeia.com.br\/pt_br\/wp-json\/wp\/v2\/product_tag?post=21713"}],"curies":[{"name":"wp","href":"https:\/\/api.w.org\/{rel}","templated":true}]}}